{"id":149,"date":"2021-11-29T13:44:58","date_gmt":"2021-11-29T16:44:58","guid":{"rendered":"https:\/\/wp.ufpel.edu.br\/paineldoturismo\/?page_id=149"},"modified":"2024-01-16T06:01:14","modified_gmt":"2024-01-16T09:01:14","slug":"servicos-de-alimentacao","status":"publish","type":"page","link":"https:\/\/wp.ufpel.edu.br\/paineldoturismo\/atlas_do_turismo_rs\/empregos-em-acts\/servicos-de-alimentacao\/","title":{"rendered":"Servi\u00e7os de Alimenta\u00e7\u00e3o"},"content":{"rendered":"<h2><b>Servi\u00e7os de Alimenta\u00e7\u00e3o\u00a0<\/b><\/h2>\n<p>Os servi\u00e7os de alimenta\u00e7\u00e3o, em geral, s\u00e3o as ACTs com maior estoque de v\u00ednculos. Embora boa parte desses tenahm v\u00ednculo direto com o turismo, pois devem-se \u00e0 demanda de residentes. Na CNAE 2.0,\u00a0 tais atividades correspondem aos c\u00f3digos : 5611-2 Restaurantes e outros estabelecimentos de servi\u00e7os de alimenta\u00e7\u00e3o e bebidas; 5612-1 Servi\u00e7os ambulantes de alimenta\u00e7\u00e3o.<\/p>\n<ul>\n<li><a href=\"https:\/\/wp.ufpel.edu.br\/paineldoturismo\/2023\/12\/05\/empregos-em-servicos-de-alimentacao-2021\/\">Servi\u00e7os de alimenta\u00e7\u00e3o. 2020 a 2021 (RAIS)<\/a><\/li>\n<li><a href=\"https:\/\/wp.ufpel.edu.br\/paineldoturismo\/2021\/12\/27\/empregos-em-servicos-de-alimentacao-periodo-pre-pandemia-2009-a-2019\/\">Servi\u00e7os de alimenta\u00e7\u00e3o, 2009 a 2019 (RAIS)<\/a><\/li>\n<\/ul>\n<p>.<\/p>\n<div hidden=\"\">\n<p>Para acessar os resultados da pesquisa,\u00a0<a href=\"https:\/\/drive.google.com\/file\/d\/1TSUhmeRcGOL5gRMQ8q1fpiO_VGFyX5-f\/view?usp=sharing\">clique aqui.<\/a><\/p>\n<\/div>\n","protected":false},"excerpt":{"rendered":"<p>Servi\u00e7os de Alimenta\u00e7\u00e3o\u00a0 Os servi\u00e7os de alimenta\u00e7\u00e3o, em geral, s\u00e3o as ACTs com maior estoque de v\u00ednculos. Embora boa parte desses tenahm v\u00ednculo direto com o turismo, pois devem-se \u00e0 demanda de residentes. Na CNAE 2.0,\u00a0 tais atividades correspondem aos c\u00f3digos : 5611-2 Restaurantes e outros estabelecimentos de servi\u00e7os de alimenta\u00e7\u00e3o e bebidas; 5612-1 Servi\u00e7os&hellip;<\/p>\n","protected":false},"author":1174,"featured_media":0,"parent":49,"menu_order":0,"comment_status":"closed","ping_status":"closed","template":"","meta":{"footnotes":""},"class_list":["post-149","page","type-page","status-publish","hentry"],"yoast_head":"<!-- This site is optimized with the Yoast SEO plugin v26.7 - https:\/\/yoast.com\/wordpress\/plugins\/seo\/ -->\n<title>Servi\u00e7os de Alimenta\u00e7\u00e3o - Painel do Turismo<\/title>\n<meta name=\"description\" content=\"No turismo, os servi\u00e7os de alimenta\u00e7\u00e3o correspondem aos c\u00f3digos : 5611-2 Restaurantes e outros estabelecimentos de servi\u00e7os de alimenta\u00e7\u00e3o e bebidas; 5612-1 Servi\u00e7os ambulantes de alimenta\u00e7\u00e3o.\" \/>\n<meta name=\"robots\" content=\"index, follow, max-snippet:-1, max-image-preview:large, max-video-preview:-1\" \/>\n<link rel=\"canonical\" href=\"https:\/\/wp.ufpel.edu.br\/paineldoturismo\/atlas_do_turismo_rs\/empregos-em-acts\/servicos-de-alimentacao\/\" \/>\n<meta property=\"og:locale\" content=\"pt_BR\" \/>\n<meta property=\"og:type\" content=\"article\" \/>\n<meta property=\"og:title\" content=\"Servi\u00e7os de Alimenta\u00e7\u00e3o - Painel do Turismo\" \/>\n<meta property=\"og:description\" content=\"No turismo, os servi\u00e7os de alimenta\u00e7\u00e3o correspondem aos c\u00f3digos : 5611-2 Restaurantes e outros estabelecimentos de servi\u00e7os de alimenta\u00e7\u00e3o e bebidas; 5612-1 Servi\u00e7os ambulantes de alimenta\u00e7\u00e3o.\" \/>\n<meta property=\"og:url\" content=\"https:\/\/wp.ufpel.edu.br\/paineldoturismo\/atlas_do_turismo_rs\/empregos-em-acts\/servicos-de-alimentacao\/\" \/>\n<meta property=\"og:site_name\" content=\"Painel do Turismo\" \/>\n<meta property=\"article:modified_time\" content=\"2024-01-16T09:01:14+00:00\" \/>\n<meta name=\"twitter:card\" content=\"summary_large_image\" \/>\n<meta name=\"twitter:label1\" content=\"Est. tempo de leitura\" \/>\n\t<meta name=\"twitter:data1\" content=\"1 minuto\" \/>\n<script type=\"application\/ld+json\" class=\"yoast-schema-graph\">{\"@context\":\"https:\/\/schema.org\",\"@graph\":[{\"@type\":\"WebPage\",\"@id\":\"https:\/\/wp.ufpel.edu.br\/paineldoturismo\/atlas_do_turismo_rs\/empregos-em-acts\/servicos-de-alimentacao\/\",\"url\":\"https:\/\/wp.ufpel.edu.br\/paineldoturismo\/atlas_do_turismo_rs\/empregos-em-acts\/servicos-de-alimentacao\/\",\"name\":\"Servi\u00e7os de Alimenta\u00e7\u00e3o - Painel do Turismo\",\"isPartOf\":{\"@id\":\"https:\/\/wp.ufpel.edu.br\/paineldoturismo\/#website\"},\"datePublished\":\"2021-11-29T16:44:58+00:00\",\"dateModified\":\"2024-01-16T09:01:14+00:00\",\"description\":\"No turismo, os servi\u00e7os de alimenta\u00e7\u00e3o correspondem aos c\u00f3digos : 5611-2 Restaurantes e outros estabelecimentos de servi\u00e7os de alimenta\u00e7\u00e3o e bebidas; 5612-1 Servi\u00e7os ambulantes de alimenta\u00e7\u00e3o.\",\"breadcrumb\":{\"@id\":\"https:\/\/wp.ufpel.edu.br\/paineldoturismo\/atlas_do_turismo_rs\/empregos-em-acts\/servicos-de-alimentacao\/#breadcrumb\"},\"inLanguage\":\"pt-BR\",\"potentialAction\":[{\"@type\":\"ReadAction\",\"target\":[\"https:\/\/wp.ufpel.edu.br\/paineldoturismo\/atlas_do_turismo_rs\/empregos-em-acts\/servicos-de-alimentacao\/\"]}]},{\"@type\":\"BreadcrumbList\",\"@id\":\"https:\/\/wp.ufpel.edu.br\/paineldoturismo\/atlas_do_turismo_rs\/empregos-em-acts\/servicos-de-alimentacao\/#breadcrumb\",\"itemListElement\":[{\"@type\":\"ListItem\",\"position\":1,\"name\":\"In\u00edcio\",\"item\":\"https:\/\/wp.ufpel.edu.br\/paineldoturismo\/\"},{\"@type\":\"ListItem\",\"position\":2,\"name\":\"Atlas do Turismo RS\",\"item\":\"https:\/\/wp.ufpel.edu.br\/paineldoturismo\/atlas_do_turismo_rs\/\"},{\"@type\":\"ListItem\",\"position\":3,\"name\":\"O que s\u00e3o ACTs?\",\"item\":\"https:\/\/wp.ufpel.edu.br\/paineldoturismo\/atlas_do_turismo_rs\/empregos-em-acts\/\"},{\"@type\":\"ListItem\",\"position\":4,\"name\":\"Servi\u00e7os de Alimenta\u00e7\u00e3o\"}]},{\"@type\":\"WebSite\",\"@id\":\"https:\/\/wp.ufpel.edu.br\/paineldoturismo\/#website\",\"url\":\"https:\/\/wp.ufpel.edu.br\/paineldoturismo\/\",\"name\":\"Painel do Turismo\",\"description\":\"um projeto dedicado a entender as din\u00e2micas do turismo a partir de dados abertos\",\"potentialAction\":[{\"@type\":\"SearchAction\",\"target\":{\"@type\":\"EntryPoint\",\"urlTemplate\":\"https:\/\/wp.ufpel.edu.br\/paineldoturismo\/?s={search_term_string}\"},\"query-input\":{\"@type\":\"PropertyValueSpecification\",\"valueRequired\":true,\"valueName\":\"search_term_string\"}}],\"inLanguage\":\"pt-BR\"}]}<\/script>\n<!-- \/ Yoast SEO plugin. -->","yoast_head_json":{"title":"Servi\u00e7os de Alimenta\u00e7\u00e3o - Painel do Turismo","description":"No turismo, os servi\u00e7os de alimenta\u00e7\u00e3o correspondem aos c\u00f3digos : 5611-2 Restaurantes e outros estabelecimentos de servi\u00e7os de alimenta\u00e7\u00e3o e bebidas; 5612-1 Servi\u00e7os ambulantes de alimenta\u00e7\u00e3o.","robots":{"index":"index","follow":"follow","max-snippet":"max-snippet:-1","max-image-preview":"max-image-preview:large","max-video-preview":"max-video-preview:-1"},"canonical":"https:\/\/wp.ufpel.edu.br\/paineldoturismo\/atlas_do_turismo_rs\/empregos-em-acts\/servicos-de-alimentacao\/","og_locale":"pt_BR","og_type":"article","og_title":"Servi\u00e7os de Alimenta\u00e7\u00e3o - Painel do Turismo","og_description":"No turismo, os servi\u00e7os de alimenta\u00e7\u00e3o correspondem aos c\u00f3digos : 5611-2 Restaurantes e outros estabelecimentos de servi\u00e7os de alimenta\u00e7\u00e3o e bebidas; 5612-1 Servi\u00e7os ambulantes de alimenta\u00e7\u00e3o.","og_url":"https:\/\/wp.ufpel.edu.br\/paineldoturismo\/atlas_do_turismo_rs\/empregos-em-acts\/servicos-de-alimentacao\/","og_site_name":"Painel do Turismo","article_modified_time":"2024-01-16T09:01:14+00:00","twitter_card":"summary_large_image","twitter_misc":{"Est. tempo de leitura":"1 minuto"},"schema":{"@context":"https:\/\/schema.org","@graph":[{"@type":"WebPage","@id":"https:\/\/wp.ufpel.edu.br\/paineldoturismo\/atlas_do_turismo_rs\/empregos-em-acts\/servicos-de-alimentacao\/","url":"https:\/\/wp.ufpel.edu.br\/paineldoturismo\/atlas_do_turismo_rs\/empregos-em-acts\/servicos-de-alimentacao\/","name":"Servi\u00e7os de Alimenta\u00e7\u00e3o - Painel do Turismo","isPartOf":{"@id":"https:\/\/wp.ufpel.edu.br\/paineldoturismo\/#website"},"datePublished":"2021-11-29T16:44:58+00:00","dateModified":"2024-01-16T09:01:14+00:00","description":"No turismo, os servi\u00e7os de alimenta\u00e7\u00e3o correspondem aos c\u00f3digos : 5611-2 Restaurantes e outros estabelecimentos de servi\u00e7os de alimenta\u00e7\u00e3o e bebidas; 5612-1 Servi\u00e7os ambulantes de alimenta\u00e7\u00e3o.","breadcrumb":{"@id":"https:\/\/wp.ufpel.edu.br\/paineldoturismo\/atlas_do_turismo_rs\/empregos-em-acts\/servicos-de-alimentacao\/#breadcrumb"},"inLanguage":"pt-BR","potentialAction":[{"@type":"ReadAction","target":["https:\/\/wp.ufpel.edu.br\/paineldoturismo\/atlas_do_turismo_rs\/empregos-em-acts\/servicos-de-alimentacao\/"]}]},{"@type":"BreadcrumbList","@id":"https:\/\/wp.ufpel.edu.br\/paineldoturismo\/atlas_do_turismo_rs\/empregos-em-acts\/servicos-de-alimentacao\/#breadcrumb","itemListElement":[{"@type":"ListItem","position":1,"name":"In\u00edcio","item":"https:\/\/wp.ufpel.edu.br\/paineldoturismo\/"},{"@type":"ListItem","position":2,"name":"Atlas do Turismo RS","item":"https:\/\/wp.ufpel.edu.br\/paineldoturismo\/atlas_do_turismo_rs\/"},{"@type":"ListItem","position":3,"name":"O que s\u00e3o ACTs?","item":"https:\/\/wp.ufpel.edu.br\/paineldoturismo\/atlas_do_turismo_rs\/empregos-em-acts\/"},{"@type":"ListItem","position":4,"name":"Servi\u00e7os de Alimenta\u00e7\u00e3o"}]},{"@type":"WebSite","@id":"https:\/\/wp.ufpel.edu.br\/paineldoturismo\/#website","url":"https:\/\/wp.ufpel.edu.br\/paineldoturismo\/","name":"Painel do Turismo","description":"um projeto dedicado a entender as din\u00e2micas do turismo a partir de dados abertos","potentialAction":[{"@type":"SearchAction","target":{"@type":"EntryPoint","urlTemplate":"https:\/\/wp.ufpel.edu.br\/paineldoturismo\/?s={search_term_string}"},"query-input":{"@type":"PropertyValueSpecification","valueRequired":true,"valueName":"search_term_string"}}],"inLanguage":"pt-BR"}]}},"jetpack_sharing_enabled":true,"_links":{"self":[{"href":"https:\/\/wp.ufpel.edu.br\/paineldoturismo\/wp-json\/wp\/v2\/pages\/149","targetHints":{"allow":["GET"]}}],"collection":[{"href":"https:\/\/wp.ufpel.edu.br\/paineldoturismo\/wp-json\/wp\/v2\/pages"}],"about":[{"href":"https:\/\/wp.ufpel.edu.br\/paineldoturismo\/wp-json\/wp\/v2\/types\/page"}],"author":[{"embeddable":true,"href":"https:\/\/wp.ufpel.edu.br\/paineldoturismo\/wp-json\/wp\/v2\/users\/1174"}],"replies":[{"embeddable":true,"href":"https:\/\/wp.ufpel.edu.br\/paineldoturismo\/wp-json\/wp\/v2\/comments?post=149"}],"version-history":[{"count":7,"href":"https:\/\/wp.ufpel.edu.br\/paineldoturismo\/wp-json\/wp\/v2\/pages\/149\/revisions"}],"predecessor-version":[{"id":896,"href":"https:\/\/wp.ufpel.edu.br\/paineldoturismo\/wp-json\/wp\/v2\/pages\/149\/revisions\/896"}],"up":[{"embeddable":true,"href":"https:\/\/wp.ufpel.edu.br\/paineldoturismo\/wp-json\/wp\/v2\/pages\/49"}],"wp:attachment":[{"href":"https:\/\/wp.ufpel.edu.br\/paineldoturismo\/wp-json\/wp\/v2\/media?parent=149"}],"curies":[{"name":"wp","href":"https:\/\/api.w.org\/{rel}","templated":true}]}}