{"id":9,"date":"2017-06-09T17:22:26","date_gmt":"2017-06-09T20:22:26","guid":{"rendered":"https:\/\/wp.ufpel.edu.br\/paame\/?page_id=9"},"modified":"2018-04-26T16:02:29","modified_gmt":"2018-04-26T19:02:29","slug":"quem-somos","status":"publish","type":"page","link":"https:\/\/wp.ufpel.edu.br\/paame\/","title":{"rendered":"Introdu\u00e7\u00e3o"},"content":{"rendered":"<p>Esse Projeto \u00e9 desenvolvido pelo Instituto de F\u00edsica e Matem\u00e1tica (IFM) atrav\u00e9s de seu Departamento de Matem\u00e1tica e Estat\u00edstica (DME) e tem por objetivo principal a melhoria do processo de ensino e aprendizagem atrav\u00e9s da atividade de monitoria.\u00a0 A escolha dessa atividade, que \u00e9 antiga na gradua\u00e7\u00e3o acad\u00eamica, se deve a sua inquestion\u00e1vel relev\u00e2ncia, que basicamente reside em sua tr\u00edplice a\u00e7\u00e3o como ferramenta facilitadora do ensino para o Professor; da aprendizagem para o Aluno atendido e do aprofundamento e cristaliza\u00e7\u00e3o da aprendizagem para o Aluno Monitor, o que termina por propiciar uma melhor integra\u00e7\u00e3o e avalia\u00e7\u00e3o do processo, al\u00e9m de poder servir de base a outras atividades acad\u00eamicas tais como os primeiros passos \u00e0 pr\u00e1tica docente e \u00e0 inicia\u00e7\u00e3o cient\u00edfica.<\/p>\n<p>&nbsp;<\/p>\n<p>&nbsp;<\/p>\n","protected":false},"excerpt":{"rendered":"<p>Esse Projeto \u00e9 desenvolvido pelo Instituto de F\u00edsica e Matem\u00e1tica (IFM) atrav\u00e9s de seu Departamento de Matem\u00e1tica e Estat\u00edstica (DME) e tem por objetivo principal a melhoria do processo de ensino e aprendizagem atrav\u00e9s da atividade de monitoria.\u00a0 A escolha dessa atividade, que \u00e9 antiga na gradua\u00e7\u00e3o acad\u00eamica, se deve a sua inquestion\u00e1vel relev\u00e2ncia, que [&hellip;]<\/p>\n","protected":false},"author":762,"featured_media":0,"parent":0,"menu_order":0,"comment_status":"closed","ping_status":"closed","template":"","meta":{"footnotes":""},"class_list":["post-9","page","type-page","status-publish","hentry"],"_links":{"self":[{"href":"https:\/\/wp.ufpel.edu.br\/paame\/wp-json\/wp\/v2\/pages\/9","targetHints":{"allow":["GET"]}}],"collection":[{"href":"https:\/\/wp.ufpel.edu.br\/paame\/wp-json\/wp\/v2\/pages"}],"about":[{"href":"https:\/\/wp.ufpel.edu.br\/paame\/wp-json\/wp\/v2\/types\/page"}],"author":[{"embeddable":true,"href":"https:\/\/wp.ufpel.edu.br\/paame\/wp-json\/wp\/v2\/users\/762"}],"replies":[{"embeddable":true,"href":"https:\/\/wp.ufpel.edu.br\/paame\/wp-json\/wp\/v2\/comments?post=9"}],"version-history":[{"count":7,"href":"https:\/\/wp.ufpel.edu.br\/paame\/wp-json\/wp\/v2\/pages\/9\/revisions"}],"predecessor-version":[{"id":144,"href":"https:\/\/wp.ufpel.edu.br\/paame\/wp-json\/wp\/v2\/pages\/9\/revisions\/144"}],"wp:attachment":[{"href":"https:\/\/wp.ufpel.edu.br\/paame\/wp-json\/wp\/v2\/media?parent=9"}],"curies":[{"name":"wp","href":"https:\/\/api.w.org\/{rel}","templated":true}]}}