{"id":22,"date":"2017-06-13T13:47:26","date_gmt":"2017-06-13T16:47:26","guid":{"rendered":"https:\/\/wp.ufpel.edu.br\/paame\/?page_id=22"},"modified":"2018-12-17T10:45:54","modified_gmt":"2018-12-17T12:45:54","slug":"horario-monitoria","status":"publish","type":"page","link":"https:\/\/wp.ufpel.edu.br\/paame\/horario-monitoria\/","title":{"rendered":"Hor\u00e1rio Monitorias"},"content":{"rendered":"<h4><\/h4>\n<h4 style=\"text-align: left\">H<a href=\"https:\/\/wp.ufpel.edu.br\/paame\/files\/2018\/09\/Hor\u00e1rio-\u00c1lgebra-Linear-e-Geometria-Anal\u00edtica_-Monitor-1.pdf\">or\u00e1rio \u00c1lgebra Linear e Geometria Anal\u00edtica_ Monitor 1\u00a0<\/a><\/h4>\n<h4 style=\"text-align: left\"><a href=\"https:\/\/wp.ufpel.edu.br\/paame\/files\/2018\/09\/Hor\u00e1rio-\u00c1lgebra-Linear-e-Geometria-Anal\u00edtica_-Monitor-2.pdf\">Hor\u00e1rio \u00c1lgebra Linear e Geometria Anal\u00edtica_ Monitor 2<\/a><\/h4>\n<h4 style=\"text-align: left\"><a href=\"https:\/\/wp.ufpel.edu.br\/paame\/files\/2018\/09\/Horario-Geometria-Espacial.pdf\">Hor\u00e1rio Geometria Espacial<\/a><\/h4>\n<h4><a href=\"https:\/\/wp.ufpel.edu.br\/paame\/files\/2018\/10\/Hor\u00e1rio-C\u00e1lculo-2_II-_-Monitor-1.pdf\">Hor\u00e1rio C\u00e1lculo 2_II _ Monitor 1<\/a><\/h4>\n<h4 style=\"text-align: left\"><a href=\"https:\/\/wp.ufpel.edu.br\/paame\/files\/2018\/09\/Hor\u00e1rio-C\u00e1lculo-2_II-_-Monitor-2.pdf\">Hor\u00e1rio C\u00e1lculo 2_II _ Monitor 2<\/a><\/h4>\n<h4 style=\"text-align: left\"><a href=\"https:\/\/wp.ufpel.edu.br\/paame\/files\/2018\/09\/Hor\u00e1rio-Equa\u00e7\u00f5es-Diferenciais-e-C\u00e1lculo-3.pdf\">Hor\u00e1rio Equa\u00e7\u00f5es Diferenciais e C\u00e1lculo 3<\/a><\/h4>\n<h4 style=\"text-align: left\"><a href=\"https:\/\/wp.ufpel.edu.br\/paame\/files\/2018\/12\/Hor\u00e1rio-Estat\u00edstica_Monitor-2_per\u00edodo-de-exames.pdf\">Hor\u00e1rio Estat\u00edstica_Monitor 2_per\u00edodo de exames<\/a><\/h4>\n<h4 style=\"text-align: left\"><a href=\"https:\/\/wp.ufpel.edu.br\/paame\/files\/2018\/12\/Hor\u00e1rio-Estat\u00edstica_Monitor-3_per\u00edodo_de-_exames.pdf\">Hor\u00e1rio Estat\u00edstica_Monitor 3_per\u00edodo_de _exames<\/a><\/h4>\n<h4 style=\"text-align: left\"><a href=\"https:\/\/wp.ufpel.edu.br\/paame\/files\/2018\/09\/Hor\u00e1rio-Pr\u00e9-c\u00e1lculo.pdf\">Hor\u00e1rio Pr\u00e9-c\u00e1lculo<\/a><\/h4>\n<h4 style=\"text-align: left\"><\/h4>\n","protected":false},"excerpt":{"rendered":"<p>Hor\u00e1rio \u00c1lgebra Linear e Geometria Anal\u00edtica_ Monitor 1\u00a0 Hor\u00e1rio \u00c1lgebra Linear e Geometria Anal\u00edtica_ Monitor 2 Hor\u00e1rio Geometria Espacial Hor\u00e1rio C\u00e1lculo 2_II _ Monitor 1 Hor\u00e1rio C\u00e1lculo 2_II _ Monitor 2 Hor\u00e1rio Equa\u00e7\u00f5es Diferenciais e C\u00e1lculo 3 Hor\u00e1rio Estat\u00edstica_Monitor 2_per\u00edodo de exames Hor\u00e1rio Estat\u00edstica_Monitor 3_per\u00edodo_de _exames Hor\u00e1rio Pr\u00e9-c\u00e1lculo<\/p>\n","protected":false},"author":762,"featured_media":0,"parent":0,"menu_order":0,"comment_status":"closed","ping_status":"closed","template":"","meta":{"footnotes":""},"class_list":["post-22","page","type-page","status-publish","hentry"],"_links":{"self":[{"href":"https:\/\/wp.ufpel.edu.br\/paame\/wp-json\/wp\/v2\/pages\/22","targetHints":{"allow":["GET"]}}],"collection":[{"href":"https:\/\/wp.ufpel.edu.br\/paame\/wp-json\/wp\/v2\/pages"}],"about":[{"href":"https:\/\/wp.ufpel.edu.br\/paame\/wp-json\/wp\/v2\/types\/page"}],"author":[{"embeddable":true,"href":"https:\/\/wp.ufpel.edu.br\/paame\/wp-json\/wp\/v2\/users\/762"}],"replies":[{"embeddable":true,"href":"https:\/\/wp.ufpel.edu.br\/paame\/wp-json\/wp\/v2\/comments?post=22"}],"version-history":[{"count":80,"href":"https:\/\/wp.ufpel.edu.br\/paame\/wp-json\/wp\/v2\/pages\/22\/revisions"}],"predecessor-version":[{"id":274,"href":"https:\/\/wp.ufpel.edu.br\/paame\/wp-json\/wp\/v2\/pages\/22\/revisions\/274"}],"wp:attachment":[{"href":"https:\/\/wp.ufpel.edu.br\/paame\/wp-json\/wp\/v2\/media?parent=22"}],"curies":[{"name":"wp","href":"https:\/\/api.w.org\/{rel}","templated":true}]}}