{"id":129,"date":"2017-10-20T14:35:39","date_gmt":"2017-10-20T16:35:39","guid":{"rendered":"https:\/\/wp.ufpel.edu.br\/paame\/?page_id=129"},"modified":"2018-08-21T11:12:52","modified_gmt":"2018-08-21T14:12:52","slug":"selecao-monitores","status":"publish","type":"page","link":"https:\/\/wp.ufpel.edu.br\/paame\/selecao-monitores\/","title":{"rendered":"Sele\u00e7\u00e3o monitores"},"content":{"rendered":"<p>Est\u00e3o abertas as inscri\u00e7\u00f5es de monitor bolsista\u00a0 para as disciplinas:<\/p>\n<p>&#8211; Estat\u00edstica B\u00e1sica (100226), Bioestat\u00edstica (0100265), Estat\u00edstica Descritiva (100228)<br \/>\n&#8211; Equa\u00e7\u00f5es Diferenciais Ordin\u00e1rias (100257) e Equa\u00e7\u00f5es Diferenciais (100269) ou\u00a0\u00a0C\u00e1lculos 3 (100303) e C\u00e1lculo III (100018)<\/p>\n<p>Per\u00edodo de inscri\u00e7\u00f5es: 21\/08\/2018 a\u00a0 23\/08\/2018 via formul\u00e1rio eletr\u00f4nico dispon\u00edvel em:\u00a0\u00a0https:\/\/goo.gl\/forms\/bx27atKJ4ZQEkEde2<\/p>\n<p>Mais informa\u00e7\u00f5es no\u00a0<a href=\"https:\/\/wp.ufpel.edu.br\/paame\/files\/2018\/08\/Edital_Monitorias_2_DME_2018.pdf\">Edital_Monitorias_2_DME_2018<\/a><\/p>\n","protected":false},"excerpt":{"rendered":"<p>Est\u00e3o abertas as inscri\u00e7\u00f5es de monitor bolsista\u00a0 para as disciplinas: &#8211; Estat\u00edstica B\u00e1sica (100226), Bioestat\u00edstica (0100265), Estat\u00edstica Descritiva (100228) &#8211; Equa\u00e7\u00f5es Diferenciais Ordin\u00e1rias (100257) e Equa\u00e7\u00f5es Diferenciais (100269) ou\u00a0\u00a0C\u00e1lculos 3 (100303) e C\u00e1lculo III (100018) Per\u00edodo de inscri\u00e7\u00f5es: 21\/08\/2018 a\u00a0 23\/08\/2018 via formul\u00e1rio eletr\u00f4nico dispon\u00edvel em:\u00a0\u00a0https:\/\/goo.gl\/forms\/bx27atKJ4ZQEkEde2 Mais informa\u00e7\u00f5es no\u00a0Edital_Monitorias_2_DME_2018<\/p>\n","protected":false},"author":762,"featured_media":0,"parent":0,"menu_order":0,"comment_status":"closed","ping_status":"closed","template":"","meta":{"footnotes":""},"class_list":["post-129","page","type-page","status-publish","hentry"],"_links":{"self":[{"href":"https:\/\/wp.ufpel.edu.br\/paame\/wp-json\/wp\/v2\/pages\/129","targetHints":{"allow":["GET"]}}],"collection":[{"href":"https:\/\/wp.ufpel.edu.br\/paame\/wp-json\/wp\/v2\/pages"}],"about":[{"href":"https:\/\/wp.ufpel.edu.br\/paame\/wp-json\/wp\/v2\/types\/page"}],"author":[{"embeddable":true,"href":"https:\/\/wp.ufpel.edu.br\/paame\/wp-json\/wp\/v2\/users\/762"}],"replies":[{"embeddable":true,"href":"https:\/\/wp.ufpel.edu.br\/paame\/wp-json\/wp\/v2\/comments?post=129"}],"version-history":[{"count":10,"href":"https:\/\/wp.ufpel.edu.br\/paame\/wp-json\/wp\/v2\/pages\/129\/revisions"}],"predecessor-version":[{"id":210,"href":"https:\/\/wp.ufpel.edu.br\/paame\/wp-json\/wp\/v2\/pages\/129\/revisions\/210"}],"wp:attachment":[{"href":"https:\/\/wp.ufpel.edu.br\/paame\/wp-json\/wp\/v2\/media?parent=129"}],"curies":[{"name":"wp","href":"https:\/\/api.w.org\/{rel}","templated":true}]}}