{"id":98,"date":"2023-07-11T18:00:59","date_gmt":"2023-07-11T21:00:59","guid":{"rendered":"https:\/\/wp.ufpel.edu.br\/ovejanegra\/?page_id=98"},"modified":"2024-09-20T16:52:32","modified_gmt":"2024-09-20T19:52:32","slug":"ovelha-literaria","status":"publish","type":"page","link":"https:\/\/wp.ufpel.edu.br\/ovejanegra\/ovelha-literaria\/","title":{"rendered":"Ovelha liter\u00e1ria"},"content":{"rendered":"<p>Nesta se\u00e7\u00e3o publicaremos textos da literatura que tenham conex\u00e3o com a nossa tem\u00e1tica. Para come\u00e7ar, um pequeno grande conto de Augusto Monterroso: <a href=\"https:\/\/ciudadseva.com\/texto\/la-oveja-negra\/\">https:\/\/ciudadseva.com\/texto\/la-oveja-negra\/<\/a><\/p>\n<p>+\u00a0 O que os peixes sabem? Venha ver: <a href=\"https:\/\/wp.ufpel.edu.br\/ovejanegra\/files\/2023\/08\/The-man-thinks.pdf\">The man thinks<\/a><\/p>\n<p>+\u00a0 Carlos Drummond de Andrade, poeta brasileiro, nos conta sobre o caminho:<\/p>\n<p><img decoding=\"async\" src=\"https:\/\/cdn.pensador.com\/img\/imagens\/7p\/ed\/7_pedra_no_caminho.jpg?auto_optimize=low&amp;width=655\" alt=\"No meio do caminho\" \/><\/p>\n<p><img loading=\"lazy\" decoding=\"async\" class=\"alignnone wp-image-626\" src=\"https:\/\/wp.ufpel.edu.br\/ovejanegra\/files\/2024\/09\/Comercial-Oveja-Negra-4.1-283x400.png\" alt=\"\" width=\"458\" height=\"647\" srcset=\"https:\/\/wp.ufpel.edu.br\/ovejanegra\/files\/2024\/09\/Comercial-Oveja-Negra-4.1-283x400.png 283w, https:\/\/wp.ufpel.edu.br\/ovejanegra\/files\/2024\/09\/Comercial-Oveja-Negra-4.1-724x1024.png 724w, https:\/\/wp.ufpel.edu.br\/ovejanegra\/files\/2024\/09\/Comercial-Oveja-Negra-4.1-768x1086.png 768w, https:\/\/wp.ufpel.edu.br\/ovejanegra\/files\/2024\/09\/Comercial-Oveja-Negra-4.1-1086x1536.png 1086w, https:\/\/wp.ufpel.edu.br\/ovejanegra\/files\/2024\/09\/Comercial-Oveja-Negra-4.1-600x849.png 600w, https:\/\/wp.ufpel.edu.br\/ovejanegra\/files\/2024\/09\/Comercial-Oveja-Negra-4.1-945x1337.png 945w, https:\/\/wp.ufpel.edu.br\/ovejanegra\/files\/2024\/09\/Comercial-Oveja-Negra-4.1.png 1414w\" sizes=\"auto, (max-width: 458px) 100vw, 458px\" \/><\/p>\n","protected":false},"excerpt":{"rendered":"<p>Nesta se\u00e7\u00e3o publicaremos textos da literatura que tenham conex\u00e3o com a nossa tem\u00e1tica. Para come\u00e7ar, um pequeno grande conto de Augusto Monterroso: https:\/\/ciudadseva.com\/texto\/la-oveja-negra\/ +\u00a0 O que os peixes sabem? Venha ver: The man thinks +\u00a0 Carlos Drummond de Andrade, poeta&#8230; <a class=\"more-link\" href=\"https:\/\/wp.ufpel.edu.br\/ovejanegra\/ovelha-literaria\/\">Continue lendo &rarr;<\/a><\/p>\n","protected":false},"author":1240,"featured_media":0,"parent":0,"menu_order":3,"comment_status":"closed","ping_status":"closed","template":"","meta":{"footnotes":""},"class_list":["post-98","page","type-page","status-publish","hentry"],"jetpack-related-posts":[],"jetpack_sharing_enabled":true,"_links":{"self":[{"href":"https:\/\/wp.ufpel.edu.br\/ovejanegra\/wp-json\/wp\/v2\/pages\/98","targetHints":{"allow":["GET"]}}],"collection":[{"href":"https:\/\/wp.ufpel.edu.br\/ovejanegra\/wp-json\/wp\/v2\/pages"}],"about":[{"href":"https:\/\/wp.ufpel.edu.br\/ovejanegra\/wp-json\/wp\/v2\/types\/page"}],"author":[{"embeddable":true,"href":"https:\/\/wp.ufpel.edu.br\/ovejanegra\/wp-json\/wp\/v2\/users\/1240"}],"replies":[{"embeddable":true,"href":"https:\/\/wp.ufpel.edu.br\/ovejanegra\/wp-json\/wp\/v2\/comments?post=98"}],"version-history":[{"count":5,"href":"https:\/\/wp.ufpel.edu.br\/ovejanegra\/wp-json\/wp\/v2\/pages\/98\/revisions"}],"predecessor-version":[{"id":629,"href":"https:\/\/wp.ufpel.edu.br\/ovejanegra\/wp-json\/wp\/v2\/pages\/98\/revisions\/629"}],"wp:attachment":[{"href":"https:\/\/wp.ufpel.edu.br\/ovejanegra\/wp-json\/wp\/v2\/media?parent=98"}],"curies":[{"name":"wp","href":"https:\/\/api.w.org\/{rel}","templated":true}]}}