{"id":94,"date":"2023-07-11T17:59:10","date_gmt":"2023-07-11T20:59:10","guid":{"rendered":"https:\/\/wp.ufpel.edu.br\/ovejanegra\/?page_id=94"},"modified":"2024-09-20T16:50:59","modified_gmt":"2024-09-20T19:50:59","slug":"oveja-literaria","status":"publish","type":"page","link":"https:\/\/wp.ufpel.edu.br\/ovejanegra\/es\/oveja-literaria\/","title":{"rendered":"Oveja literaria"},"content":{"rendered":"<p>En esta secci\u00f3n publicaremos textos de la literatura que tengan conexi\u00f3n con nuestra tem\u00e1tica. Para empezar, un gran peque\u00f1o cuento de Augusto Monterroso:\u00a0<a href=\"https:\/\/ciudadseva.com\/texto\/la-oveja-negra\/\">https:\/\/ciudadseva.com\/texto\/la-oveja-negra\/<\/a><\/p>\n<p>Lo que sabe el pez: <a href=\"https:\/\/wp.ufpel.edu.br\/ovejanegra\/files\/2023\/08\/The-man-thinks-1.pdf\">The man thinks<\/a><\/p>\n<p>Carlos Drummond de Andrade, poeta brasile\u00f1o, nos cuenta sobre el camino:<\/p>\n<p><img decoding=\"async\" src=\"https:\/\/cdn.pensador.com\/img\/imagens\/7p\/ed\/7_pedra_no_caminho.jpg?auto_optimize=low&amp;width=655\" alt=\"No meio do caminho\" \/><\/p>\n<p><img loading=\"lazy\" decoding=\"async\" class=\"alignnone wp-image-626\" src=\"https:\/\/wp.ufpel.edu.br\/ovejanegra\/files\/2024\/09\/Comercial-Oveja-Negra-4.1-283x400.png\" alt=\"\" width=\"458\" height=\"647\" srcset=\"https:\/\/wp.ufpel.edu.br\/ovejanegra\/files\/2024\/09\/Comercial-Oveja-Negra-4.1-283x400.png 283w, https:\/\/wp.ufpel.edu.br\/ovejanegra\/files\/2024\/09\/Comercial-Oveja-Negra-4.1-724x1024.png 724w, https:\/\/wp.ufpel.edu.br\/ovejanegra\/files\/2024\/09\/Comercial-Oveja-Negra-4.1-768x1086.png 768w, https:\/\/wp.ufpel.edu.br\/ovejanegra\/files\/2024\/09\/Comercial-Oveja-Negra-4.1-1086x1536.png 1086w, https:\/\/wp.ufpel.edu.br\/ovejanegra\/files\/2024\/09\/Comercial-Oveja-Negra-4.1-600x849.png 600w, https:\/\/wp.ufpel.edu.br\/ovejanegra\/files\/2024\/09\/Comercial-Oveja-Negra-4.1-945x1337.png 945w, https:\/\/wp.ufpel.edu.br\/ovejanegra\/files\/2024\/09\/Comercial-Oveja-Negra-4.1.png 1414w\" sizes=\"auto, (max-width: 458px) 100vw, 458px\" \/><\/p>\n","protected":false},"excerpt":{"rendered":"<p>En esta secci\u00f3n publicaremos textos de la literatura que tengan conexi\u00f3n con nuestra tem\u00e1tica. Para empezar, un gran peque\u00f1o cuento de Augusto Monterroso:\u00a0https:\/\/ciudadseva.com\/texto\/la-oveja-negra\/ Lo que sabe el pez: The man thinks Carlos Drummond de Andrade, poeta brasile\u00f1o, nos cuenta sobre&#8230; <a class=\"more-link\" href=\"https:\/\/wp.ufpel.edu.br\/ovejanegra\/es\/oveja-literaria\/\">Continue lendo &rarr;<\/a><\/p>\n","protected":false},"author":1240,"featured_media":0,"parent":0,"menu_order":3,"comment_status":"closed","ping_status":"closed","template":"","meta":{"footnotes":""},"class_list":["post-94","page","type-page","status-publish","hentry"],"jetpack-related-posts":[],"jetpack_sharing_enabled":true,"_links":{"self":[{"href":"https:\/\/wp.ufpel.edu.br\/ovejanegra\/wp-json\/wp\/v2\/pages\/94","targetHints":{"allow":["GET"]}}],"collection":[{"href":"https:\/\/wp.ufpel.edu.br\/ovejanegra\/wp-json\/wp\/v2\/pages"}],"about":[{"href":"https:\/\/wp.ufpel.edu.br\/ovejanegra\/wp-json\/wp\/v2\/types\/page"}],"author":[{"embeddable":true,"href":"https:\/\/wp.ufpel.edu.br\/ovejanegra\/wp-json\/wp\/v2\/users\/1240"}],"replies":[{"embeddable":true,"href":"https:\/\/wp.ufpel.edu.br\/ovejanegra\/wp-json\/wp\/v2\/comments?post=94"}],"version-history":[{"count":7,"href":"https:\/\/wp.ufpel.edu.br\/ovejanegra\/wp-json\/wp\/v2\/pages\/94\/revisions"}],"predecessor-version":[{"id":628,"href":"https:\/\/wp.ufpel.edu.br\/ovejanegra\/wp-json\/wp\/v2\/pages\/94\/revisions\/628"}],"wp:attachment":[{"href":"https:\/\/wp.ufpel.edu.br\/ovejanegra\/wp-json\/wp\/v2\/media?parent=94"}],"curies":[{"name":"wp","href":"https:\/\/api.w.org\/{rel}","templated":true}]}}