{"id":90,"date":"2023-07-11T15:46:21","date_gmt":"2023-07-11T18:46:21","guid":{"rendered":"https:\/\/wp.ufpel.edu.br\/ovejanegra\/?page_id=90"},"modified":"2023-10-20T15:43:03","modified_gmt":"2023-10-20T18:43:03","slug":"quienes-somos","status":"publish","type":"page","link":"https:\/\/wp.ufpel.edu.br\/ovejanegra\/es\/quienes-somos\/","title":{"rendered":"Qui\u00e9nes somos!"},"content":{"rendered":"<p>Somos estudiantes, profesores y profesionales de salud que act\u00faan en los servicios de atenci\u00f3n primaria y salud mental en pa\u00edses latinoamericanos y nuestro encuentro result\u00f3 en un acuerdo entre dos universidades, la Universidade Federal de Pelotas, en la ciudad de mismo nombre en el Sur de Brasil y la Universidad Pedag\u00f3gica y Tecnol\u00f3gica de Colombia, en Tunja, capital del Departamento de Boyac\u00e1,\u00a0 regi\u00f3n central de Colombia.<\/p>\n<p>La oveja negra es nuestra mascota,\u00a0 pero tambi\u00e9n significa el prop\u00f3sito de que la salud mental sea inclusiva, para todos los tipos de ovejas! La inspiraci\u00f3n viene tambi\u00e9n desde nuestros territorios, la pampa gaucha e los vales andinos donde viven tranquilas las nuestras mascotas.<\/p>\n<p>Nuestras \u00e1reas de inter\u00e9s son la salud mental y la salud colectiva, en sus varias expresiones, sean ellas acad\u00e9micas o populares. Reconocemos nuestras semejanzas y diversidades, como latinoamericanos que trabajan en las universidades e conviven con nuestra gente por las calles y campos del continente.<\/p>\n<p>Somos un peque\u00f1o colectivo en expansi\u00f3n, venga con nosotros!<\/p>\n","protected":false},"excerpt":{"rendered":"<p>Somos estudiantes, profesores y profesionales de salud que act\u00faan en los servicios de atenci\u00f3n primaria y salud mental en pa\u00edses latinoamericanos y nuestro encuentro result\u00f3 en un acuerdo entre dos universidades, la Universidade Federal de Pelotas, en la ciudad de&#8230; <a class=\"more-link\" href=\"https:\/\/wp.ufpel.edu.br\/ovejanegra\/es\/quienes-somos\/\">Continue lendo &rarr;<\/a><\/p>\n","protected":false},"author":1240,"featured_media":0,"parent":0,"menu_order":0,"comment_status":"closed","ping_status":"closed","template":"","meta":{"footnotes":""},"class_list":["post-90","page","type-page","status-publish","hentry"],"jetpack-related-posts":[],"jetpack_sharing_enabled":true,"_links":{"self":[{"href":"https:\/\/wp.ufpel.edu.br\/ovejanegra\/wp-json\/wp\/v2\/pages\/90","targetHints":{"allow":["GET"]}}],"collection":[{"href":"https:\/\/wp.ufpel.edu.br\/ovejanegra\/wp-json\/wp\/v2\/pages"}],"about":[{"href":"https:\/\/wp.ufpel.edu.br\/ovejanegra\/wp-json\/wp\/v2\/types\/page"}],"author":[{"embeddable":true,"href":"https:\/\/wp.ufpel.edu.br\/ovejanegra\/wp-json\/wp\/v2\/users\/1240"}],"replies":[{"embeddable":true,"href":"https:\/\/wp.ufpel.edu.br\/ovejanegra\/wp-json\/wp\/v2\/comments?post=90"}],"version-history":[{"count":4,"href":"https:\/\/wp.ufpel.edu.br\/ovejanegra\/wp-json\/wp\/v2\/pages\/90\/revisions"}],"predecessor-version":[{"id":362,"href":"https:\/\/wp.ufpel.edu.br\/ovejanegra\/wp-json\/wp\/v2\/pages\/90\/revisions\/362"}],"wp:attachment":[{"href":"https:\/\/wp.ufpel.edu.br\/ovejanegra\/wp-json\/wp\/v2\/media?parent=90"}],"curies":[{"name":"wp","href":"https:\/\/api.w.org\/{rel}","templated":true}]}}