{"id":75,"date":"2023-07-04T16:39:55","date_gmt":"2023-07-04T19:39:55","guid":{"rendered":"https:\/\/wp.ufpel.edu.br\/ovejanegra\/?page_id=75"},"modified":"2023-07-11T19:08:38","modified_gmt":"2023-07-11T22:08:38","slug":"intervencoes","status":"publish","type":"page","link":"https:\/\/wp.ufpel.edu.br\/ovejanegra\/intervencoes\/","title":{"rendered":"Interven\u00e7\u00f5es"},"content":{"rendered":"<p>Aqui voc\u00ea encontrar\u00e1 v\u00e1rias interven\u00e7\u00f5es psicossociais que podem ser aplicadas na aten\u00e7\u00e3o prim\u00e1ria:\u00a0<a href=\"https:\/\/wp.ufpel.edu.br\/ipab\/\">https:\/\/wp.ufpel.edu.br\/ipab\/<\/a><\/p>\n<p>Contribua com o nosso reposit\u00f3rio de interven\u00e7\u00f5es enviando sua sugest\u00e3o atrav\u00e9s do &#8220;contato&#8221; dispon\u00edvel no menu principal.<\/p>\n","protected":false},"excerpt":{"rendered":"<p>Aqui voc\u00ea encontrar\u00e1 v\u00e1rias interven\u00e7\u00f5es psicossociais que podem ser aplicadas na aten\u00e7\u00e3o prim\u00e1ria:\u00a0https:\/\/wp.ufpel.edu.br\/ipab\/ Contribua com o nosso reposit\u00f3rio de interven\u00e7\u00f5es enviando sua sugest\u00e3o atrav\u00e9s do &#8220;contato&#8221; dispon\u00edvel no menu principal.<\/p>\n","protected":false},"author":1240,"featured_media":0,"parent":0,"menu_order":4,"comment_status":"closed","ping_status":"closed","template":"","meta":{"footnotes":""},"class_list":["post-75","page","type-page","status-publish","hentry"],"jetpack-related-posts":[],"jetpack_sharing_enabled":true,"_links":{"self":[{"href":"https:\/\/wp.ufpel.edu.br\/ovejanegra\/wp-json\/wp\/v2\/pages\/75","targetHints":{"allow":["GET"]}}],"collection":[{"href":"https:\/\/wp.ufpel.edu.br\/ovejanegra\/wp-json\/wp\/v2\/pages"}],"about":[{"href":"https:\/\/wp.ufpel.edu.br\/ovejanegra\/wp-json\/wp\/v2\/types\/page"}],"author":[{"embeddable":true,"href":"https:\/\/wp.ufpel.edu.br\/ovejanegra\/wp-json\/wp\/v2\/users\/1240"}],"replies":[{"embeddable":true,"href":"https:\/\/wp.ufpel.edu.br\/ovejanegra\/wp-json\/wp\/v2\/comments?post=75"}],"version-history":[{"count":1,"href":"https:\/\/wp.ufpel.edu.br\/ovejanegra\/wp-json\/wp\/v2\/pages\/75\/revisions"}],"predecessor-version":[{"id":77,"href":"https:\/\/wp.ufpel.edu.br\/ovejanegra\/wp-json\/wp\/v2\/pages\/75\/revisions\/77"}],"wp:attachment":[{"href":"https:\/\/wp.ufpel.edu.br\/ovejanegra\/wp-json\/wp\/v2\/media?parent=75"}],"curies":[{"name":"wp","href":"https:\/\/api.w.org\/{rel}","templated":true}]}}