{"id":714,"date":"2025-04-07T17:54:05","date_gmt":"2025-04-07T20:54:05","guid":{"rendered":"https:\/\/wp.ufpel.edu.br\/ovejanegra\/?page_id=714"},"modified":"2025-08-21T19:13:07","modified_gmt":"2025-08-21T22:13:07","slug":"resenas-2","status":"publish","type":"page","link":"https:\/\/wp.ufpel.edu.br\/ovejanegra\/es\/resenas-2\/","title":{"rendered":"Rese\u00f1as"},"content":{"rendered":"<p><strong>Esta es una nueva secci\u00f3n de nuestra web, donde encontrar\u00e1s rese\u00f1as de publicaciones relacionadas con nuestras actividades ovejeras.<\/strong><\/p>\n<p>\u00a1Para empezar, veamos ideas que nos inspiran desde Bolivia!<\/p>\n<ol>\n<li><strong>Silvia Rivera Cusicanqui<\/strong> es una activista, soci\u00f3loga e historiadora boliviana, nacida en La Paz en 1949, de origen aymara, profesora em\u00e9rita de la Universidad Mayor de San Andr\u00e9s. Fue profesora invitada en las universidades de Columbia y Austin (Estados Unidos), Jujuy (Argentina) y en la Universidad Andina Sim\u00f3n Bol\u00edvar de Quito (Ecuador). Fund\u00f3 el <em>Taller de Historia Oral Andina<\/em> y es cofundadora de la <em>Colectiva Ch&#8217;ixi<\/em>. Es autora de numerosos t\u00edtulos, entre ellos el que presentamos aqu\u00ed: Un mundo <em>ch&#8217;ixi<\/em> es posible &#8211; ensayos sobre un presente en crisis, publicado en Brasil por Editora Elefante.<\/li>\n<\/ol>\n<p>Al describir la sociedad boliviana como una combinaci\u00f3n de elementos desiguales y contradictorios, propone la idea del <em>ch\u2019ixi<\/em>, originaria del mundo ind\u00edgena, como clave para comprender una sociedad latinoamericana contempor\u00e1nea inmersa en crisis. En aymara, la palabra <em>ch&#8217;ixi<\/em> designa un tipo de tonalidad gris. Un gris mixto que, como una marca de tela o de cuerpo, distingue ciertas figuras o entidades, como la serpiente, en la que se manifiesta el poder de cruzar fronteras y encarnar polos opuestos de manera reverberante. Seg\u00fan la autora: \u00abLa vida comunitaria, la vida callejera, la vida barrial, las redes de apoyo mutuo y organizaci\u00f3n para resistir el avance del poder y las crisis del mercado pueden ser inaudibles e invisibles, pero alcanzan a la opini\u00f3n p\u00fablica global. Producto de pr\u00e1cticas multifac\u00e9ticas, como lombrices que producen tierra fertilizante, desencadena pensamientos y palabras a\u00fan indescriptibles, que buscan confrontar los discursos macro, reemplazando la grandilocuencia por el rid\u00edculo, la solemnidad por la celebraci\u00f3n y la pol\u00edtica por el trabajo, sumergi\u00e9ndonos en la magia de la realidad viva para escapar de la magia de las palabras\u00bb. En otro momento, nos dice que \u201cen el tiempo de las peque\u00f1as cosas, quiz\u00e1s sea el momento de dirigir nuestra atenci\u00f3n a las minucias de los detalles de la existencia, para encontrar en ellos las pautas de comportamiento que nos ayuden a afrontar los desaf\u00edos de este momento de crisis\u201d.<\/p>\n<hr \/>\n<p><strong>2. Elogio de la locura<\/strong><\/p>\n<p>Con una escritura inteligente, cautivante y, a veces, mordaz, <strong>Erasmo de Rotterdam<\/strong> nos entrega <em>Elogio de la locura<\/em>, un libro que, a pesar de haber sido escrito en el siglo XVI, parece estar hoy en d\u00eda m\u00e1s vigente que nunca.<\/p>\n<p>En sus p\u00e1ginas, es la propia locura \u2014sin\u00f3nimo de estulticia, necedad y estupidez\u2014 quien nos cuenta con habilidad y orgullo c\u00f3mo ella est\u00e1 al orden del d\u00eda en las relaciones humanas y las sostiene. Erasmo nos plantea, incluso a la paradoja de pensar c\u00f3mo la vida misma se debe mucho a la necedad de los hombres y mujeres.<\/p>\n<p>A partir de sus palabras el\/la lector\/a puede incluso verse enfrentado a la encrucijada de decidir si quiere entrar en la locura o sostener la raz\u00f3n, aunque esto tenga su costo.<\/p>\n<p><em>Elogio de la locura<\/em> puede ser una buena opci\u00f3n, una br\u00fajula singular, para quienes a veces no saben qu\u00e9 camino tomar ni c\u00f3mo analizar este mundo moderno, en el que no se sabe si es mejor estar loco o estar cuerdo. Es un buen libro, una generosa compa\u00f1\u00eda, para quienes ahora mismo se encuentran confrontados confundidos, desconcertados e incluso solos, en una \u00e9poca que pareciera responder cada vez con menos sensatez, con menos humildad y con menos amor por la vida.<\/p>\n<p><strong><em>\u201cLa peor locura es, sin duda, <\/em><\/strong><strong><em>fingir cordura en un mundo de locos.\u201d<\/em><\/strong><\/p>\n<p><strong><em>Erasmo de R\u00f3terdam en \u201cElogio de la locura\u201d<\/em><\/strong><\/p>\n","protected":false},"excerpt":{"rendered":"<p>Esta es una nueva secci\u00f3n de nuestra web, donde encontrar\u00e1s rese\u00f1as de publicaciones relacionadas con nuestras actividades ovejeras. \u00a1Para empezar, veamos ideas que nos inspiran desde Bolivia! Silvia Rivera Cusicanqui es una activista, soci\u00f3loga e historiadora boliviana, nacida en La&#8230; <a class=\"more-link\" href=\"https:\/\/wp.ufpel.edu.br\/ovejanegra\/es\/resenas-2\/\">Continue lendo &rarr;<\/a><\/p>\n","protected":false},"author":1240,"featured_media":0,"parent":0,"menu_order":0,"comment_status":"closed","ping_status":"closed","template":"","meta":{"footnotes":""},"class_list":["post-714","page","type-page","status-publish","hentry"],"jetpack-related-posts":[],"jetpack_sharing_enabled":true,"_links":{"self":[{"href":"https:\/\/wp.ufpel.edu.br\/ovejanegra\/wp-json\/wp\/v2\/pages\/714","targetHints":{"allow":["GET"]}}],"collection":[{"href":"https:\/\/wp.ufpel.edu.br\/ovejanegra\/wp-json\/wp\/v2\/pages"}],"about":[{"href":"https:\/\/wp.ufpel.edu.br\/ovejanegra\/wp-json\/wp\/v2\/types\/page"}],"author":[{"embeddable":true,"href":"https:\/\/wp.ufpel.edu.br\/ovejanegra\/wp-json\/wp\/v2\/users\/1240"}],"replies":[{"embeddable":true,"href":"https:\/\/wp.ufpel.edu.br\/ovejanegra\/wp-json\/wp\/v2\/comments?post=714"}],"version-history":[{"count":3,"href":"https:\/\/wp.ufpel.edu.br\/ovejanegra\/wp-json\/wp\/v2\/pages\/714\/revisions"}],"predecessor-version":[{"id":850,"href":"https:\/\/wp.ufpel.edu.br\/ovejanegra\/wp-json\/wp\/v2\/pages\/714\/revisions\/850"}],"wp:attachment":[{"href":"https:\/\/wp.ufpel.edu.br\/ovejanegra\/wp-json\/wp\/v2\/media?parent=714"}],"curies":[{"name":"wp","href":"https:\/\/api.w.org\/{rel}","templated":true}]}}