{"id":47,"date":"2023-06-30T10:53:34","date_gmt":"2023-06-30T13:53:34","guid":{"rendered":"https:\/\/wp.ufpel.edu.br\/ovejanegra\/?page_id=47"},"modified":"2023-07-11T10:33:14","modified_gmt":"2023-07-11T13:33:14","slug":"quem-somos","status":"publish","type":"page","link":"https:\/\/wp.ufpel.edu.br\/ovejanegra\/quem-somos\/","title":{"rendered":"Quem somos"},"content":{"rendered":"<p>Somos estudantes, professores e profissionais de sa\u00fade que atuam nos servi\u00e7os de aten\u00e7\u00e3o prim\u00e1ria e sa\u00fade mental em pa\u00edses latino-americanos e o nosso encontro resultou num conv\u00eanio entre duas universidades, a Universidade Federal de Pelotas, na cidade do mesmo nome ao Sul do Brasil, e a Universidad Pedag\u00f3gica y Tecnol\u00f3gica de Colombia, situada na cidade de Tunja, capital do Departamento de Boyac\u00e1, na regi\u00e3o central da Col\u00f4mbia.<\/p>\n<p>A ovelha negra \u00e9 nossa mascote, mas tamb\u00e9m significa o prop\u00f3sito de que a sa\u00fade mental seja inclusiva, para todos os tipos de ovelhas! A inspira\u00e7\u00e3o vem tamb\u00e9m dos nossos territ\u00f3rios, o pampa ga\u00facho e os vales andinos onde vivem tranquilas as nossas mascotes.<\/p>\n<p>Nossas \u00e1reas de interesse s\u00e3o a sa\u00fade mental e a sa\u00fade coletiva, nas suas v\u00e1rias express\u00f5es, sejam elas acad\u00eamicas ou populares. Reconhecemos nossas semelhan\u00e7as e diversidades, enquanto latino-americanos que trabalham nas universidades e convivem com a nossa gente pelas ruas e campos do continente.<\/p>\n<p>Somos um pequeno coletivo em expans\u00e3o, junte-se a n\u00f3s!<\/p>\n","protected":false},"excerpt":{"rendered":"<p>Somos estudantes, professores e profissionais de sa\u00fade que atuam nos servi\u00e7os de aten\u00e7\u00e3o prim\u00e1ria e sa\u00fade mental em pa\u00edses latino-americanos e o nosso encontro resultou num conv\u00eanio entre duas universidades, a Universidade Federal de Pelotas, na cidade do mesmo nome&#8230; <a class=\"more-link\" href=\"https:\/\/wp.ufpel.edu.br\/ovejanegra\/quem-somos\/\">Continue lendo &rarr;<\/a><\/p>\n","protected":false},"author":1240,"featured_media":0,"parent":0,"menu_order":0,"comment_status":"closed","ping_status":"closed","template":"","meta":{"footnotes":""},"class_list":["post-47","page","type-page","status-publish","hentry"],"jetpack-related-posts":[],"jetpack_sharing_enabled":true,"_links":{"self":[{"href":"https:\/\/wp.ufpel.edu.br\/ovejanegra\/wp-json\/wp\/v2\/pages\/47","targetHints":{"allow":["GET"]}}],"collection":[{"href":"https:\/\/wp.ufpel.edu.br\/ovejanegra\/wp-json\/wp\/v2\/pages"}],"about":[{"href":"https:\/\/wp.ufpel.edu.br\/ovejanegra\/wp-json\/wp\/v2\/types\/page"}],"author":[{"embeddable":true,"href":"https:\/\/wp.ufpel.edu.br\/ovejanegra\/wp-json\/wp\/v2\/users\/1240"}],"replies":[{"embeddable":true,"href":"https:\/\/wp.ufpel.edu.br\/ovejanegra\/wp-json\/wp\/v2\/comments?post=47"}],"version-history":[{"count":11,"href":"https:\/\/wp.ufpel.edu.br\/ovejanegra\/wp-json\/wp\/v2\/pages\/47\/revisions"}],"predecessor-version":[{"id":89,"href":"https:\/\/wp.ufpel.edu.br\/ovejanegra\/wp-json\/wp\/v2\/pages\/47\/revisions\/89"}],"wp:attachment":[{"href":"https:\/\/wp.ufpel.edu.br\/ovejanegra\/wp-json\/wp\/v2\/media?parent=47"}],"curies":[{"name":"wp","href":"https:\/\/api.w.org\/{rel}","templated":true}]}}