{"id":306,"date":"2023-09-14T11:16:02","date_gmt":"2023-09-14T14:16:02","guid":{"rendered":"https:\/\/wp.ufpel.edu.br\/ovejanegra\/?page_id=306"},"modified":"2025-10-13T15:23:45","modified_gmt":"2025-10-13T18:23:45","slug":"charlas-ovejeras-2","status":"publish","type":"page","link":"https:\/\/wp.ufpel.edu.br\/ovejanegra\/es\/charlas-ovejeras-2\/","title":{"rendered":"Charlas Ovejeras"},"content":{"rendered":"<p>Desde el d\u00eda 12 de septiembre de 2023 vamos nos encontrar en conversatorios virtuales sobre temas de salud mental comunitaria, las nuestras <em><strong>Charlas Ovejeras<\/strong><\/em>.<\/p>\n<p><em><strong>Asista a la primera<\/strong><\/em>, con la conferencia inaugural del Prof. Abel Mart\u00ednez, de UPTC, y las presentaciones sobre salud mental y trabajo por los estudiantes de Medicina de UPTC, concluyendo con la Associa\u00e7\u00e3o de Usu\u00e1rios de Sa\u00fade Mental de Pelotas &#8211; Brasil, que nos habla de sus 21 a\u00f1os de luchas por la salud mental de todos nosotros: <a href=\"https:\/\/www.youtube.com\/watch?v=BMY5V4JbDzQ\">https:\/\/www.youtube.com\/watch?v=BMY5V4JbDzQ<\/a><\/p>\n<hr \/>\n<p>Est\u00e1 disponible el v\u00eddeo de la nuestra <strong>segunda <\/strong><em><strong>Charla Ovejera<\/strong><\/em>, realizada en 30 de noviembre de 2023, con dos presentaciones: el Dr. Mart\u00edn Vergara, m\u00e9dico de SOLIVIDA, Colombia, nos habl\u00f3 sobre &#8220;Articulaciones entre espacios de vida y espacios de atenci\u00f3n: conceptos y pr\u00e1cticas para el trabajo comunitario en salud mental; desde Brasil, fu\u00e9 presentado el proyecto &#8220;Salud mental en cena&#8221;, una iniciativa de educaci\u00f3n en salud mental para estudiantes de la ense\u00f1anza fundamental en la ciudad de Pelotas.<\/p>\n<p>Acceso en: <a href=\"https:\/\/youtu.be\/SAA1jnLZSjc\">https:\/\/youtu.be\/SAA1jnLZSjc<\/a><\/p>\n<hr \/>\n<p>Vea la grabaci\u00f3n de la <strong>tercera <em>Charla Ovejera\u00a0<\/em><\/strong>que ocurri\u00f3 en 18 de abril de 2024, teniendo como invitadas la Dra. Nathalia Jaime Martinez (UPTC) y la Profa. \u00c2ngela Vit\u00f3ria (UFPEL), que hablan sobre las pr\u00e1cticas de los m\u00e9dicos de familia en Colombia y Brasil, con introducciones sobre los sistemas de salud en eses pa\u00edses por la Profa. Angela Guerra (UPTC) y el Prof. Dinarte Ballester (UFPEL).<\/p>\n<p>Acceso en: <a href=\"https:\/\/youtu.be\/hkqms6iXuuk\">https:\/\/youtu.be\/hkqms6iXuuk<\/a><\/p>\n<hr \/>\n<p>La <strong>cuarta <em>Charla Ovejera<\/em><\/strong> fu\u00e9 realizada en 29\/08\/2024, teniendo como tema &#8220;La Medicina Familiar: cuestiones de trabajo, formaci\u00f3n y salud mental&#8221;, con presentaciones de las colegas Lu\u00edsa Teixeira &#8211; m\u00e9dica residente en MFC na UERJ, Karen Munoz-Chamorro &#8211; m\u00e9dica de familia y docente, miembro de la SOCMEF e Maria Fernanda Castellanos &#8211; m\u00e9dica de familia y fundadora del Sindicato Colombiano.<\/p>\n<div>\n<p>Acceso en: <a href=\"https:\/\/youtu.be\/KoS-yWCeD64\">https:\/\/youtu.be\/KoS-yWCeD64<\/a><\/p>\n<hr \/>\n<p>La <strong>quinta edici\u00f3n de las Charlas Ovejeras<\/strong> ocurri\u00f3 en el d\u00eda 17 de octubre de 2024, con una edici\u00f3n especial sobre el tema \u201cSalud Mental y Democracia: el sost\u00e9n del com\u00fan frente al avance de las l\u00f3gicas de la crueldad\u201d, en preparaci\u00f3n a la IV Conferencia Regional de Salud Mental y el Congreso Desaf\u00edos de la Psicolog\u00eda, realizados en Colombia.<\/p>\n<p>Acceso en:<\/p>\n<hr \/>\n<p>Vea la <strong>sexta Charla Ovejera<\/strong>, realizada en 23 de abril de 2025, con el tema &#8220;Experiencias patag\u00f3nicas en salud mental<br \/>\ncomunitaria: una construcci\u00f3n interdisciplinaria y de luchas&#8221;,\u00a0 por medio de las experiencias de Lucia Fern\u00e1ndez &#8211; Licenciada en Psicolog\u00eda e Tania Shtefec Kusmiruk &#8211; Licenciada en Trabajo Social, Residentes de tercer a\u00f1o de la Residencia Interdisciplinaria en Salud Mental Comunitaria; Provincia de Chubut &#8211; Argentina.<\/p>\n<p>Acceso en: <a href=\"https:\/\/drive.google.com\/file\/d\/1jsXX_5-fChhexbDPOxZ1RcDr9RUdvm6I\/view\">https:\/\/drive.google.com\/file\/d\/1jsXX_5-fChhexbDPOxZ1RcDr9RUdvm6I\/view<\/a><\/p>\n<hr \/>\n<p>En la <strong>s\u00e9ptima edici\u00f3n<\/strong>, la <strong>Charla Ovejera<\/strong> del d\u00eda 23 de septiembre de 2025 fu\u00e9 realizada en colaboraci\u00f3n con la Disciplina de Literacia en Salud: origem y e conceptos, del Programa de Posgrado en Comunicaci\u00f3n y Informaci\u00f3n en Salud de la Funda\u00e7\u00e3o Oswaldo Cruz &#8211; Brasil, teniendo c\u00f3mo tema &#8220;Di\u00e1logos Sur-Sur: comunicaci\u00f3n, participaci\u00f3n comunitaria y literacia en salud&#8221;, con la participaci\u00f3n de las Profesoras Angela Maria Guerra Cordero (UPTC), P\u00e2mela Ara\u00fajo Pinto e Ana Luiza Pav\u00e3o (PPGICS\/Icict\/Fiocruz). Conozca m\u00e1s sobre la experiencia colombiana em: <a href=\"https:\/\/enelcorazondenuestrobarrio.blogspot.com\/\">https:\/\/enelcorazondenuestrobarrio.blogspot.com\/<\/a><\/p>\n<p>Acceso al v\u00eddeo de la Charla en: <a href=\"https:\/\/www.youtube.com\/live\/jTUl9h-8QDY\">https:\/\/www.youtube.com\/live\/jTUl9h-8QDY<\/a><\/p>\n<hr \/>\n<p>&nbsp;<\/p>\n<p>&nbsp;<\/p>\n<\/div>\n","protected":false},"excerpt":{"rendered":"<p>Desde el d\u00eda 12 de septiembre de 2023 vamos nos encontrar en conversatorios virtuales sobre temas de salud mental comunitaria, las nuestras Charlas Ovejeras. Asista a la primera, con la conferencia inaugural del Prof. Abel Mart\u00ednez, de UPTC, y las&#8230; <a class=\"more-link\" href=\"https:\/\/wp.ufpel.edu.br\/ovejanegra\/es\/charlas-ovejeras-2\/\">Continue lendo &rarr;<\/a><\/p>\n","protected":false},"author":1240,"featured_media":0,"parent":0,"menu_order":6,"comment_status":"closed","ping_status":"closed","template":"","meta":{"footnotes":""},"class_list":["post-306","page","type-page","status-publish","hentry"],"jetpack-related-posts":[],"jetpack_sharing_enabled":true,"_links":{"self":[{"href":"https:\/\/wp.ufpel.edu.br\/ovejanegra\/wp-json\/wp\/v2\/pages\/306","targetHints":{"allow":["GET"]}}],"collection":[{"href":"https:\/\/wp.ufpel.edu.br\/ovejanegra\/wp-json\/wp\/v2\/pages"}],"about":[{"href":"https:\/\/wp.ufpel.edu.br\/ovejanegra\/wp-json\/wp\/v2\/types\/page"}],"author":[{"embeddable":true,"href":"https:\/\/wp.ufpel.edu.br\/ovejanegra\/wp-json\/wp\/v2\/users\/1240"}],"replies":[{"embeddable":true,"href":"https:\/\/wp.ufpel.edu.br\/ovejanegra\/wp-json\/wp\/v2\/comments?post=306"}],"version-history":[{"count":3,"href":"https:\/\/wp.ufpel.edu.br\/ovejanegra\/wp-json\/wp\/v2\/pages\/306\/revisions"}],"predecessor-version":[{"id":895,"href":"https:\/\/wp.ufpel.edu.br\/ovejanegra\/wp-json\/wp\/v2\/pages\/306\/revisions\/895"}],"wp:attachment":[{"href":"https:\/\/wp.ufpel.edu.br\/ovejanegra\/wp-json\/wp\/v2\/media?parent=306"}],"curies":[{"name":"wp","href":"https:\/\/api.w.org\/{rel}","templated":true}]}}