{"id":303,"date":"2023-09-14T11:07:32","date_gmt":"2023-09-14T14:07:32","guid":{"rendered":"https:\/\/wp.ufpel.edu.br\/ovejanegra\/?page_id=303"},"modified":"2025-10-13T15:26:06","modified_gmt":"2025-10-13T18:26:06","slug":"charlas-ovejeras","status":"publish","type":"page","link":"https:\/\/wp.ufpel.edu.br\/ovejanegra\/charlas-ovejeras\/","title":{"rendered":"Charlas Ovejeras"},"content":{"rendered":"<p>A partir do dia 12 de setembro de 2023 vamos nos encontrar em rodas de conversa virtuais sobre temas de sa\u00fade mental comunit\u00e1ria, as nossas <strong><em>Charlas Ovejeras<\/em><\/strong>.<\/p>\n<p><em><strong>Assista a primeira<\/strong><\/em> delas, com a confer\u00eancia inaugural do Prof. Abel Mart\u00ednez, da UPTC, e as apresenta\u00e7\u00f5es sobre sa\u00fade mental e trabalho pelos estudantes de Medicina da UPTC, finalizando com a Associa\u00e7\u00e3o de Usu\u00e1rios de Sa\u00fade Mental de Pelotas, que nos fala sobre seus 21 anos de lutas pela sa\u00fade mental de todos n\u00f3s:\u00a0<a href=\"https:\/\/www.youtube.com\/watch?v=BMY5V4JbDzQ\">https:\/\/www.youtube.com\/watch?v=BMY5V4JbDzQ<\/a><\/p>\n<hr \/>\n<p>J\u00e1 est\u00e1 dispon\u00edvel o v\u00eddeo da nossa <strong>segunda <\/strong><em><strong>Charla Ovejera<\/strong><\/em>, realizada em 30 de novembro de 2023, com duas apresenta\u00e7\u00f5es: o Dr. Mart\u00edn Vergara, m\u00e9dico do projeto SOLIVIDA, da Col\u00f4mbia, nos falou sobre &#8220;Articula\u00e7\u00f5es entre espa\u00e7os de vida e espa\u00e7os de aten\u00e7\u00e3o: conceitos e pr\u00e1ticas para o trabalho comunit\u00e1rio em sa\u00fade mental&#8221;; do Brasil, foi apresentado o projeto &#8220;Sa\u00fade mental em cena&#8221;, uma iniciativa de educa\u00e7\u00e3o em sa\u00fade mental para estudantes do ensino fundamental na cidade de Pelotas.<\/p>\n<p>Acesse em: <a href=\"https:\/\/youtu.be\/SAA1jnLZSjc\">https:\/\/youtu.be\/SAA1jnLZSjc<\/a><\/p>\n<hr \/>\n<p>Veja a grava\u00e7\u00e3o da <strong>terceira <em>Charla Ovejera\u00a0<\/em><\/strong>que aconteceu em 18 de abril de 2024, tendo como convidadas a Dra. Nathalia Jaime Martinez (UPTC) e a Profa. \u00c2ngela Vit\u00f3ria (UFPEL), que falam sobre as pr\u00e1ticas dos m\u00e9dicos de fam\u00edlia na Col\u00f4mbia e no Brasil, com introdu\u00e7\u00f5es sobre os sistemas de sa\u00fade nesses pa\u00edses pela Profa. Angela Guerra (UPTC) e o Prof. Dinarte Ballester (UFPEL).<\/p>\n<p>Acesse em: <a href=\"https:\/\/youtu.be\/hkqms6iXuuk\">https:\/\/youtu.be\/hkqms6iXuuk<\/a><\/p>\n<hr \/>\n<p>A <strong>quarta <em>Charla Ovejera<\/em><\/strong> foi realizada em 29\/08\/2024, tendo como tema &#8220;A Medicina Familiar: quest\u00f5es de trabalho, forma\u00e7\u00e3o e sa\u00fade mental&#8221;, com apresenta\u00e7\u00f5es das colegas Lu\u00edsa Teixeira &#8211; m\u00e9dica residente em MFC na UERJ, Karen Munoz-Chamorro &#8211; m\u00e9dica de fam\u00edlia e docente, membra da SOCMEF e Maria Fernanda Castellanos &#8211; m\u00e9dica de fam\u00edlia e fundadora do Sindicato Colombiano.<\/p>\n<p>Acesse em: <a href=\"https:\/\/youtu.be\/KoS-yWCeD64\">https:\/\/youtu.be\/KoS-yWCeD64<\/a><\/p>\n<hr \/>\n<p>A <strong>quinta edi\u00e7\u00e3o das Charlas Ovejeras<\/strong> ocorreu no dia 17 de outubro de 2024, com uma edi\u00e7\u00e3o especial sobre o tema \u201cSa\u00fade Mental e Democracia: a sustenta\u00e7\u00e3o do comum frente ao avan\u00e7o das l\u00f3gicas da crueldade\u201d, em prepara\u00e7\u00e3o \u00e0 IV Confer\u00eancia Regional de Sa\u00fade Mental e ao Congresso Desafios da Psicologia, a serem realizados na Col\u00f4mbia.<\/p>\n<p>Acesse em:<\/p>\n<hr \/>\n<p>Veja a <strong>sexta Charla Ovejera<\/strong>, realizada em 23 de abril de 2025, com o tema &#8220;Experi\u00eancias patag\u00f4nicas em sa\u00fade mental<br \/>\ncomunit\u00e1ria: uma constru\u00e7\u00e3o interdisciplinar e de lutas&#8221;, com os relatos de Lucia Fern\u00e1ndez &#8211; Licenciada em Psicologia e Tania Shtefec Kusmiruk &#8211; Licenciada em Servi\u00e7o Social, Residentes de terceiro ano da Resid\u00eancia Interdisciplinar em Sa\u00fade Mental Comunit\u00e1ria; Prov\u00edncia de Chubut &#8211; Argentina.<\/p>\n<p>Acesse em:\u00a0<a href=\"https:\/\/drive.google.com\/file\/d\/1jsXX_5-fChhexbDPOxZ1RcDr9RUdvm6I\/view\">https:\/\/drive.google.com\/file\/d\/1jsXX_5-fChhexbDPOxZ1RcDr9RUdvm6I\/view<\/a><\/p>\n<hr \/>\n<p>Em sua <strong>s\u00e9tima edi\u00e7\u00e3o<\/strong>, a <strong>Charla Ovejera<\/strong> do dia 23 de setembro de 2025 foi realizada em parceria com a Disciplina de Literacia em Sa\u00fade: origens e conceitos, do Programa de P\u00f3s-Gradua\u00e7\u00e3o em Comunica\u00e7\u00e3o e Informa\u00e7\u00e3o em Sa\u00fade da Funda\u00e7\u00e3o Oswaldo Cruz, tendo como tema &#8220;Di\u00e1logos Sul-Sul: comunica\u00e7\u00e3o, participa\u00e7\u00e3o comunit\u00e1ria e literacia em sa\u00fade&#8221;, com a participa\u00e7\u00e3o das Professoras Angela Maria Guerra Cordero (UPTC), P\u00e2mela Ara\u00fajo Pinto e Ana Luiza Pav\u00e3o (PPGICS\/Icict\/Fiocruz). Saiba mais sobre a experi\u00eancia colombiana em:\u00a0<a href=\"https:\/\/enelcorazondenuestrobarrio.blogspot.com\/\">https:\/\/enelcorazondenuestrobarrio.blogspot.com\/<\/a><\/p>\n<p>Acesso o v\u00eddeo da Charla em: <a href=\"https:\/\/www.youtube.com\/live\/jTUl9h-8QDY\">https:\/\/www.youtube.com\/live\/jTUl9h-8QDY<\/a><\/p>\n<hr \/>\n<p>&nbsp;<\/p>\n","protected":false},"excerpt":{"rendered":"<p>A partir do dia 12 de setembro de 2023 vamos nos encontrar em rodas de conversa virtuais sobre temas de sa\u00fade mental comunit\u00e1ria, as nossas Charlas Ovejeras. Assista a primeira delas, com a confer\u00eancia inaugural do Prof. Abel Mart\u00ednez, da&#8230; <a class=\"more-link\" href=\"https:\/\/wp.ufpel.edu.br\/ovejanegra\/charlas-ovejeras\/\">Continue lendo &rarr;<\/a><\/p>\n","protected":false},"author":1240,"featured_media":0,"parent":0,"menu_order":6,"comment_status":"closed","ping_status":"closed","template":"","meta":{"footnotes":""},"class_list":["post-303","page","type-page","status-publish","hentry"],"jetpack-related-posts":[],"jetpack_sharing_enabled":true,"_links":{"self":[{"href":"https:\/\/wp.ufpel.edu.br\/ovejanegra\/wp-json\/wp\/v2\/pages\/303","targetHints":{"allow":["GET"]}}],"collection":[{"href":"https:\/\/wp.ufpel.edu.br\/ovejanegra\/wp-json\/wp\/v2\/pages"}],"about":[{"href":"https:\/\/wp.ufpel.edu.br\/ovejanegra\/wp-json\/wp\/v2\/types\/page"}],"author":[{"embeddable":true,"href":"https:\/\/wp.ufpel.edu.br\/ovejanegra\/wp-json\/wp\/v2\/users\/1240"}],"replies":[{"embeddable":true,"href":"https:\/\/wp.ufpel.edu.br\/ovejanegra\/wp-json\/wp\/v2\/comments?post=303"}],"version-history":[{"count":4,"href":"https:\/\/wp.ufpel.edu.br\/ovejanegra\/wp-json\/wp\/v2\/pages\/303\/revisions"}],"predecessor-version":[{"id":896,"href":"https:\/\/wp.ufpel.edu.br\/ovejanegra\/wp-json\/wp\/v2\/pages\/303\/revisions\/896"}],"wp:attachment":[{"href":"https:\/\/wp.ufpel.edu.br\/ovejanegra\/wp-json\/wp\/v2\/media?parent=303"}],"curies":[{"name":"wp","href":"https:\/\/api.w.org\/{rel}","templated":true}]}}