{"id":182,"date":"2023-07-27T19:21:41","date_gmt":"2023-07-27T22:21:41","guid":{"rendered":"https:\/\/wp.ufpel.edu.br\/ovejanegra\/?page_id=182"},"modified":"2024-09-20T16:46:30","modified_gmt":"2024-09-20T19:46:30","slug":"oveja-musical","status":"publish","type":"page","link":"https:\/\/wp.ufpel.edu.br\/ovejanegra\/es\/oveja-musical\/","title":{"rendered":"Oveja musical"},"content":{"rendered":"<p><strong>M\u00fasica para los o\u00eddos ovejeros<\/strong>&#8230; empezando por una que bien podr\u00eda ser um himno: <a href=\"https:\/\/www.youtube.com\/watch?v=SVafebQkC_k&amp;ab_channel=MacacoOficialVEVO\">https:\/\/www.youtube.com\/watch?v=SVafebQkC_k&amp;ab_channel=MacacoOficialVEVO<\/a><\/p>\n<p>O con el classico de <strong>Rita Lee<\/strong>: <a href=\"https:\/\/www.youtube.com\/watch?v=XyveLQfO9XA\">https:\/\/www.youtube.com\/watch?v=XyveLQfO9XA<\/a><\/p>\n<p>&#8220;<strong>Somos Sur<\/strong>&#8221; habla de una Patria que se pone siempre m\u00e1s Grande, en el video la cantante chilena Ana Tijoux y la rapper palestina Shadia Mansour: <a href=\"https:\/\/www.youtube.com\/watch?v=EKGUJXzxNqc\">https:\/\/www.youtube.com\/watch?v=EKGUJXzxNqc<\/a><\/p>\n<p><strong>Salud mental no existe sin paz<\/strong>, interior, con los otros y el ambiente; escuchemos Le\u00f3n Gieco, cantando con el Alma Sufi Ensamble y Gast\u00f3n Saied, en espa\u00f1ol, \u00e1rabe y hebreo, la canci\u00f3n &#8220;S\u00f3lo le pido a Dios&#8221;: <a href=\"https:\/\/cdn.jwplayer.com\/previews\/DRPf4y1b\">https:\/\/cdn.jwplayer.com\/previews\/DRPf4y1b<\/a><\/p>\n<p><strong>Las mujeres tambor<\/strong> &#8211; Tocar el tambor por una mujer es marcar un hito importante al romper paradigmas en la cultura latinoamericana y del mundo; es una revoluci\u00f3n que coadyuva a la exaltaci\u00f3n del ser mujer con todo lo que se les atraviesa:\u00a0<a href=\"https:\/\/www.telesurtv.net\/telesuragenda\/mujeres-tambor-mundo-20240102-0043.html?utm_source=planisys&amp;utm_medium=NewsletterEspa%C3%B1ol&amp;utm_campaign=NewsletterEspa%C3%B1ol&amp;utm_content=27\">https:\/\/www.telesurtv.net\/telesuragenda\/mujeres-tambor-mundo-20240102-0043.html?utm_source=planisys&amp;utm_medium=NewsletterEspa%C3%B1ol&amp;utm_campaign=NewsletterEspa%C3%B1ol&amp;utm_content=27<\/a><\/p>\n<p><strong>MPB4 + Kleiton e Kledir<\/strong> &#8211; La m\u00fasica popular brasile\u00f1a\u00a0 canta para apoyar las personas que est\u00e1n sufriendo perdidas por las inundaciones en Rio Grande do Sul: <a href=\"https:\/\/youtu.be\/YRKmTbJb54U?si=AEJxF3KD6YDhRcVE\">https:\/\/youtu.be\/YRKmTbJb54U?si=AEJxF3KD6YDhRcVE<\/a><\/p>\n<p><strong>Sonidos de Colombia<\/strong><\/p>\n<p>\u201cDuena de mi historia\u201d &#8211; Los Rolling Duanas:\u00a0<a href=\"https:\/\/www.youtube.com\/watch?v=LujD8y4zi8g&amp;pp=ygUVZHVlw7FhIGRlIG1pIGhpc3Rvcmlh\">https:\/\/www.youtube.com\/watch?v=LujD8y4zi8g&amp;pp=ygUVZHVlw7FhIGRlIG1pIGhpc3Rvcmlh<\/a><\/p>\n<p>&#8220;Manos de Mujeres&#8221; &#8211; Marta G\u00f3mez (Feat: Martirio, Andrea Echeverry &amp; Anat Cohen):\u00a0<a href=\"https:\/\/youtu.be\/jMhViWjq-_U?si=Dszu4vYnkiDo2jPY\">https:\/\/youtu.be\/jMhViWjq-_U?si=Dszu4vYnkiDo2jPY<\/a><\/p>\n<p>\u201cEl orgullo de mi patria\u201d &#8211; Carlos Vives:\u00a0<a href=\"https:\/\/www.youtube.com\/watch?v=Yq79ibIx2sc&amp;pp=ygUXZWwgb3JndWxsbyBkZSBtaSBwYXRyaWE%3D\">https:\/\/www.youtube.com\/watch?v=Yq79ibIx2sc&amp;pp=ygUXZWwgb3JndWxsbyBkZSBtaSBwYXRyaWE%3D<\/a><\/p>\n<p>&nbsp;<\/p>\n","protected":false},"excerpt":{"rendered":"<p>M\u00fasica para los o\u00eddos ovejeros&#8230; empezando por una que bien podr\u00eda ser um himno: https:\/\/www.youtube.com\/watch?v=SVafebQkC_k&amp;ab_channel=MacacoOficialVEVO O con el classico de Rita Lee: https:\/\/www.youtube.com\/watch?v=XyveLQfO9XA &#8220;Somos Sur&#8221; habla de una Patria que se pone siempre m\u00e1s Grande, en el video la cantante&#8230; <a class=\"more-link\" href=\"https:\/\/wp.ufpel.edu.br\/ovejanegra\/es\/oveja-musical\/\">Continue lendo &rarr;<\/a><\/p>\n","protected":false},"author":1240,"featured_media":0,"parent":0,"menu_order":3,"comment_status":"closed","ping_status":"closed","template":"","meta":{"footnotes":""},"class_list":["post-182","page","type-page","status-publish","hentry"],"jetpack-related-posts":[],"jetpack_sharing_enabled":true,"_links":{"self":[{"href":"https:\/\/wp.ufpel.edu.br\/ovejanegra\/wp-json\/wp\/v2\/pages\/182","targetHints":{"allow":["GET"]}}],"collection":[{"href":"https:\/\/wp.ufpel.edu.br\/ovejanegra\/wp-json\/wp\/v2\/pages"}],"about":[{"href":"https:\/\/wp.ufpel.edu.br\/ovejanegra\/wp-json\/wp\/v2\/types\/page"}],"author":[{"embeddable":true,"href":"https:\/\/wp.ufpel.edu.br\/ovejanegra\/wp-json\/wp\/v2\/users\/1240"}],"replies":[{"embeddable":true,"href":"https:\/\/wp.ufpel.edu.br\/ovejanegra\/wp-json\/wp\/v2\/comments?post=182"}],"version-history":[{"count":14,"href":"https:\/\/wp.ufpel.edu.br\/ovejanegra\/wp-json\/wp\/v2\/pages\/182\/revisions"}],"predecessor-version":[{"id":625,"href":"https:\/\/wp.ufpel.edu.br\/ovejanegra\/wp-json\/wp\/v2\/pages\/182\/revisions\/625"}],"wp:attachment":[{"href":"https:\/\/wp.ufpel.edu.br\/ovejanegra\/wp-json\/wp\/v2\/media?parent=182"}],"curies":[{"name":"wp","href":"https:\/\/api.w.org\/{rel}","templated":true}]}}