{"id":179,"date":"2023-07-27T19:20:00","date_gmt":"2023-07-27T22:20:00","guid":{"rendered":"https:\/\/wp.ufpel.edu.br\/ovejanegra\/?page_id=179"},"modified":"2024-09-20T16:44:48","modified_gmt":"2024-09-20T19:44:48","slug":"ovelha-musical","status":"publish","type":"page","link":"https:\/\/wp.ufpel.edu.br\/ovejanegra\/ovelha-musical\/","title":{"rendered":"Ovelha musical"},"content":{"rendered":"<p><strong>M\u00fasica para os ouvidos ovelheiros<\/strong>&#8230; come\u00e7ando por uma que poderia ser um hino:\u00a0<a href=\"https:\/\/www.youtube.com\/watch?v=SVafebQkC_k&amp;ab_channel=MacacoOficialVEVO\">https:\/\/www.youtube.com\/watch?v=SVafebQkC_k&amp;ab_channel=MacacoOficialVEVO<\/a><\/p>\n<p>Ou com o cl\u00e1ssico de <strong>Rita Lee<\/strong>:\u00a0<a href=\"https:\/\/www.youtube.com\/watch?v=XyveLQfO9XA\">https:\/\/www.youtube.com\/watch?v=XyveLQfO9XA<\/a><\/p>\n<p>&#8220;<strong>Somos Sur<\/strong>&#8221; nos fala de uma <em>Patria Grande<\/em> cada vez maior, no v\u00eddeo com a cantora chilena Ana Tijoux e a rapper palestina Shadia Mansour:\u00a0<a href=\"https:\/\/www.youtube.com\/watch?v=EKGUJXzxNqc\">https:\/\/www.youtube.com\/watch?v=EKGUJXzxNqc<\/a><\/p>\n<p><strong>Sa\u00fade mental n\u00e3o existe sem paz<\/strong>, interior, com os outros e o ambiente; escutemos Le\u00f3n Gieco, cantando com o Alma Sufi Ensamble e Gast\u00f3n Saied, em espanhol, \u00e1rabe e hebreu, a can\u00e7\u00e3o &#8220;S\u00f3lo le pido a Dios&#8221;:\u00a0<a href=\"https:\/\/cdn.jwplayer.com\/previews\/DRPf4y1b\">https:\/\/cdn.jwplayer.com\/previews\/DRPf4y1b<\/a><\/p>\n<p><strong>As mulheres tambor<\/strong> &#8211; O tambor tocado por uma mulher rompe paradigmas na cultura latino-americana e do mundo; \u00e9 uma revolu\u00e7\u00e3o que comporta a exalta\u00e7\u00e3o do ser mulher com tudo que as atravessa: <a href=\"https:\/\/www.telesurtv.net\/telesuragenda\/mujeres-tambor-mundo-20240102-0043.html?utm_source=planisys&amp;utm_medium=NewsletterEspa%C3%B1ol&amp;utm_campaign=NewsletterEspa%C3%B1ol&amp;utm_content=27\">https:\/\/www.telesurtv.net\/telesuragenda\/mujeres-tambor-mundo-20240102-0043.html?utm_source=planisys&amp;utm_medium=NewsletterEspa%C3%B1ol&amp;utm_campaign=NewsletterEspa%C3%B1ol&amp;utm_content=27<\/a><\/p>\n<p><strong>MPB4 + Kleiton e Kledir<\/strong> &#8211; A m\u00fasica popular brasileira se une para contribuir no apoio \u00e0s pessoas atingidas pelas enchentes no Rio Grande do Sul:\u00a0<a href=\"https:\/\/youtu.be\/YRKmTbJb54U?si=AEJxF3KD6YDhRcVE\">https:\/\/youtu.be\/YRKmTbJb54U?si=AEJxF3KD6YDhRcVE<\/a><\/p>\n<p><strong>Sons da Col\u00f4mbia<\/strong><\/p>\n<p>\u201cDuena de mi historia\u201d &#8211; Los Rolling Duanas:\u00a0<a href=\"https:\/\/www.youtube.com\/watch?v=LujD8y4zi8g&amp;pp=ygUVZHVlw7FhIGRlIG1pIGhpc3Rvcmlh\">https:\/\/www.youtube.com\/watch?v=LujD8y4zi8g&amp;pp=ygUVZHVlw7FhIGRlIG1pIGhpc3Rvcmlh<\/a><\/p>\n<p>&#8220;Manos de Mujeres&#8221; &#8211; Marta G\u00f3mez (Feat: Martirio, Andrea Echeverry &amp; Anat Cohen):\u00a0<a href=\"https:\/\/youtu.be\/jMhViWjq-_U?si=Dszu4vYnkiDo2jPY\">https:\/\/youtu.be\/jMhViWjq-_U?si=Dszu4vYnkiDo2jPY<\/a><\/p>\n<p>\u201cEl orgullo de mi patria\u201d &#8211; Carlos Vives:\u00a0<a href=\"https:\/\/www.youtube.com\/watch?v=Yq79ibIx2sc&amp;pp=ygUXZWwgb3JndWxsbyBkZSBtaSBwYXRyaWE%3D\">https:\/\/www.youtube.com\/watch?v=Yq79ibIx2sc&amp;pp=ygUXZWwgb3JndWxsbyBkZSBtaSBwYXRyaWE%3D<\/a><\/p>\n<p>&nbsp;<\/p>\n","protected":false},"excerpt":{"rendered":"<p>M\u00fasica para os ouvidos ovelheiros&#8230; come\u00e7ando por uma que poderia ser um hino:\u00a0https:\/\/www.youtube.com\/watch?v=SVafebQkC_k&amp;ab_channel=MacacoOficialVEVO Ou com o cl\u00e1ssico de Rita Lee:\u00a0https:\/\/www.youtube.com\/watch?v=XyveLQfO9XA &#8220;Somos Sur&#8221; nos fala de uma Patria Grande cada vez maior, no v\u00eddeo com a cantora chilena Ana Tijoux e&#8230; <a class=\"more-link\" href=\"https:\/\/wp.ufpel.edu.br\/ovejanegra\/ovelha-musical\/\">Continue lendo &rarr;<\/a><\/p>\n","protected":false},"author":1240,"featured_media":0,"parent":0,"menu_order":3,"comment_status":"closed","ping_status":"closed","template":"","meta":{"footnotes":""},"class_list":["post-179","page","type-page","status-publish","hentry"],"jetpack-related-posts":[],"jetpack_sharing_enabled":true,"_links":{"self":[{"href":"https:\/\/wp.ufpel.edu.br\/ovejanegra\/wp-json\/wp\/v2\/pages\/179","targetHints":{"allow":["GET"]}}],"collection":[{"href":"https:\/\/wp.ufpel.edu.br\/ovejanegra\/wp-json\/wp\/v2\/pages"}],"about":[{"href":"https:\/\/wp.ufpel.edu.br\/ovejanegra\/wp-json\/wp\/v2\/types\/page"}],"author":[{"embeddable":true,"href":"https:\/\/wp.ufpel.edu.br\/ovejanegra\/wp-json\/wp\/v2\/users\/1240"}],"replies":[{"embeddable":true,"href":"https:\/\/wp.ufpel.edu.br\/ovejanegra\/wp-json\/wp\/v2\/comments?post=179"}],"version-history":[{"count":12,"href":"https:\/\/wp.ufpel.edu.br\/ovejanegra\/wp-json\/wp\/v2\/pages\/179\/revisions"}],"predecessor-version":[{"id":624,"href":"https:\/\/wp.ufpel.edu.br\/ovejanegra\/wp-json\/wp\/v2\/pages\/179\/revisions\/624"}],"wp:attachment":[{"href":"https:\/\/wp.ufpel.edu.br\/ovejanegra\/wp-json\/wp\/v2\/media?parent=179"}],"curies":[{"name":"wp","href":"https:\/\/api.w.org\/{rel}","templated":true}]}}