{"id":146,"date":"2023-07-12T12:18:38","date_gmt":"2023-07-12T15:18:38","guid":{"rendered":"https:\/\/wp.ufpel.edu.br\/ovejanegra\/?page_id=146"},"modified":"2023-07-28T09:47:36","modified_gmt":"2023-07-28T12:47:36","slug":"bicharada-fraterna","status":"publish","type":"page","link":"https:\/\/wp.ufpel.edu.br\/ovejanegra\/bicharada-fraterna\/","title":{"rendered":"Bicharada fraterna"},"content":{"rendered":"<p>As iniciativas da sa\u00fade mental comunit\u00e1ria e afins s\u00e3o muitas, espalhadas por todo o mundo, seguem algumas:<\/p>\n<p>Red Marist\u00e1n &#8211; rede de universidades latino-americanas e europeias: <a href=\"https:\/\/redmaristan.org\/\">https:\/\/redmaristan.org\/<\/a><\/p>\n<p>Alianza de Salud Comunitaria &#8211; plataforma de organizaciones e instituciones que trabajan por la promoci\u00f3n de la salud de las comunidades:\u00a0<a href=\"http:\/\/www.alianzasaludcomunitaria.org\/\">http:\/\/www.alianzasaludcomunitaria.org\/<\/a><\/p>\n<p>Salud Comunitaria &#8211; blog de Rafa Cofi\u00f1o, Observatorio de Salud de Asturias &#8211; Espanha:\u00a0<a href=\"https:\/\/saludcomunitaria.wordpress.com\/\">https:\/\/saludcomunitaria.wordpress.com\/<\/a><\/p>\n<p>Ember Mental Health &#8211; apoio a iniciativas locais:\u00a0<a href=\"http:\/\/embermentalhealth.org\">http:\/\/embermentalhealth.org<\/a><\/p>\n<p>Mental Health Innovation Network &#8211; rede de inova\u00e7\u00f5es em sa\u00fade mental vinculada \u00e0 OMS e London School of Hygiene and Tropical Medicine:\u00a0<a href=\"https:\/\/www.mhinnovation.net\/\">https:\/\/www.mhinnovation.net\/<\/a><\/p>\n","protected":false},"excerpt":{"rendered":"<p>As iniciativas da sa\u00fade mental comunit\u00e1ria e afins s\u00e3o muitas, espalhadas por todo o mundo, seguem algumas: Red Marist\u00e1n &#8211; rede de universidades latino-americanas e europeias: https:\/\/redmaristan.org\/ Alianza de Salud Comunitaria &#8211; plataforma de organizaciones e instituciones que trabajan por&#8230; <a class=\"more-link\" href=\"https:\/\/wp.ufpel.edu.br\/ovejanegra\/bicharada-fraterna\/\">Continue lendo &rarr;<\/a><\/p>\n","protected":false},"author":1240,"featured_media":0,"parent":0,"menu_order":5,"comment_status":"closed","ping_status":"closed","template":"","meta":{"footnotes":""},"class_list":["post-146","page","type-page","status-publish","hentry"],"jetpack-related-posts":[],"jetpack_sharing_enabled":true,"_links":{"self":[{"href":"https:\/\/wp.ufpel.edu.br\/ovejanegra\/wp-json\/wp\/v2\/pages\/146","targetHints":{"allow":["GET"]}}],"collection":[{"href":"https:\/\/wp.ufpel.edu.br\/ovejanegra\/wp-json\/wp\/v2\/pages"}],"about":[{"href":"https:\/\/wp.ufpel.edu.br\/ovejanegra\/wp-json\/wp\/v2\/types\/page"}],"author":[{"embeddable":true,"href":"https:\/\/wp.ufpel.edu.br\/ovejanegra\/wp-json\/wp\/v2\/users\/1240"}],"replies":[{"embeddable":true,"href":"https:\/\/wp.ufpel.edu.br\/ovejanegra\/wp-json\/wp\/v2\/comments?post=146"}],"version-history":[{"count":4,"href":"https:\/\/wp.ufpel.edu.br\/ovejanegra\/wp-json\/wp\/v2\/pages\/146\/revisions"}],"predecessor-version":[{"id":193,"href":"https:\/\/wp.ufpel.edu.br\/ovejanegra\/wp-json\/wp\/v2\/pages\/146\/revisions\/193"}],"wp:attachment":[{"href":"https:\/\/wp.ufpel.edu.br\/ovejanegra\/wp-json\/wp\/v2\/media?parent=146"}],"curies":[{"name":"wp","href":"https:\/\/api.w.org\/{rel}","templated":true}]}}