{"id":119,"date":"2023-07-11T18:38:13","date_gmt":"2023-07-11T21:38:13","guid":{"rendered":"https:\/\/wp.ufpel.edu.br\/ovejanegra\/?page_id=119"},"modified":"2023-07-11T18:58:22","modified_gmt":"2023-07-11T21:58:22","slug":"intervenciones","status":"publish","type":"page","link":"https:\/\/wp.ufpel.edu.br\/ovejanegra\/es\/intervenciones\/","title":{"rendered":"Intervenciones"},"content":{"rendered":"<p>Aqu\u00ed puedes encontrar varias intervenciones psicosociales aplicables en atenci\u00f3n primaria: <a href=\"https:\/\/wp.ufpel.edu.br\/ipab\/\">https:\/\/wp.ufpel.edu.br\/ipab\/<\/a><\/p>\n<p>Contribuye con nuestro repositorio de intervenciones enviando tu sugesti\u00f3n a trav\u00e9s del &#8220;contacto&#8221; disponible en el men\u00fa principal.<\/p>\n","protected":false},"excerpt":{"rendered":"<p>Aqu\u00ed puedes encontrar varias intervenciones psicosociales aplicables en atenci\u00f3n primaria: https:\/\/wp.ufpel.edu.br\/ipab\/ Contribuye con nuestro repositorio de intervenciones enviando tu sugesti\u00f3n a trav\u00e9s del &#8220;contacto&#8221; disponible en el men\u00fa principal.<\/p>\n","protected":false},"author":1240,"featured_media":0,"parent":0,"menu_order":4,"comment_status":"closed","ping_status":"closed","template":"","meta":{"footnotes":""},"class_list":["post-119","page","type-page","status-publish","hentry"],"jetpack-related-posts":[],"jetpack_sharing_enabled":true,"_links":{"self":[{"href":"https:\/\/wp.ufpel.edu.br\/ovejanegra\/wp-json\/wp\/v2\/pages\/119","targetHints":{"allow":["GET"]}}],"collection":[{"href":"https:\/\/wp.ufpel.edu.br\/ovejanegra\/wp-json\/wp\/v2\/pages"}],"about":[{"href":"https:\/\/wp.ufpel.edu.br\/ovejanegra\/wp-json\/wp\/v2\/types\/page"}],"author":[{"embeddable":true,"href":"https:\/\/wp.ufpel.edu.br\/ovejanegra\/wp-json\/wp\/v2\/users\/1240"}],"replies":[{"embeddable":true,"href":"https:\/\/wp.ufpel.edu.br\/ovejanegra\/wp-json\/wp\/v2\/comments?post=119"}],"version-history":[{"count":3,"href":"https:\/\/wp.ufpel.edu.br\/ovejanegra\/wp-json\/wp\/v2\/pages\/119\/revisions"}],"predecessor-version":[{"id":124,"href":"https:\/\/wp.ufpel.edu.br\/ovejanegra\/wp-json\/wp\/v2\/pages\/119\/revisions\/124"}],"wp:attachment":[{"href":"https:\/\/wp.ufpel.edu.br\/ovejanegra\/wp-json\/wp\/v2\/media?parent=119"}],"curies":[{"name":"wp","href":"https:\/\/api.w.org\/{rel}","templated":true}]}}