{"id":110,"date":"2023-07-11T18:30:40","date_gmt":"2023-07-11T21:30:40","guid":{"rendered":"https:\/\/wp.ufpel.edu.br\/ovejanegra\/?page_id=110"},"modified":"2025-04-08T11:27:18","modified_gmt":"2025-04-08T14:27:18","slug":"ovejas-universales","status":"publish","type":"page","link":"https:\/\/wp.ufpel.edu.br\/ovejanegra\/es\/ovejas-universales\/","title":{"rendered":"Ovejas universales"},"content":{"rendered":"<p>Las culturas locales tienen su potencial de generar salud con sus modos de vida, sus tradiciones, su producci\u00f3n material y simb\u00f3lica. En esta secci\u00f3n la palabra est\u00e1 con las comunidades:<\/p>\n<ol>\n<li><strong>Calendario 2023<\/strong> &#8211; Iniciativas de autonom\u00eda alimentaria del Barrio Los Patriotas &#8211; Tunja &#8211; Colombia: <a href=\"https:\/\/wp.ufpel.edu.br\/ovejanegra\/files\/2023\/07\/calendario.2023.pdf\">calendario.2023<\/a><\/li>\n<li><strong>Las huertas de nuestro barrio saludable<\/strong> &#8211; Los Patriotas &#8211; Tunja &#8211; Colombia: <a href=\"https:\/\/wp.ufpel.edu.br\/ovejanegra\/files\/2023\/07\/Las-huertas-de-nuestro-barrio-saludable.pdf\">Las huertas de nuestro barrio saludable<\/a><\/li>\n<li><strong>Canal de Judy Robb<\/strong>e, desde Belo Horizonte &#8211; Brasil, con informaciones sobre el cuidado de personas que sufren demencias:\u00a0<a href=\"https:\/\/youtu.be\/oy9tWWoLIfA\">https:\/\/youtu.be\/oy9tWWoLIfA<\/a><\/li>\n<li><strong>D\u00eda de la Pachamama<\/strong>: vea m\u00e1s en la materia publicada en el s\u00edtio BdF (en portugu\u00e9s): <a href=\"https:\/\/www.brasildefato.com.br\/2023\/08\/01\/dia-da-pachamama-saiba-mais-sobre-ritual-que-chama-as-pessoas-a-se-reconciliarem-com-a-mae-de-todos?s=03\">https:\/\/www.brasildefato.com.br\/2023\/08\/01\/dia-da-pachamama-saiba-mais-sobre-ritual-que-chama-as-pessoas-a-se-reconciliarem-com-a-mae-de-todos?s=03<\/a><\/li>\n<li><strong>Maternidad ind\u00edgena en la c\u00e1rcel<\/strong>: Esa cartilla tiene como objetivo informar y colaborar para la comprensi\u00f3n y la propagaci\u00f3n de los derechos asegurados en relaci\u00f3n a las mujeres privadas de libertad que son ind\u00edgenas y madres. Las informaciones\u00a0 parten de la premisa de que el derecho social de protecci\u00f3n a la maternidad y a la infancia, a\u00fan que este prevista en el sistema normativo, en la pr\u00e1ctica no es garantizada a las mujeres que son madres y se encuentran privadas de libertad. Acceso en: <a href=\"https:\/\/wp.ufpel.edu.br\/ovejanegra\/files\/2024\/04\/Cartilha-Dissertac\u0327a\u0303o-Taina\u0301-Viana-1.pdf\">Cartilha Dissertac\u0327a\u0303o Taina\u0301 Viana (1)<\/a><\/li>\n<li><strong>Vivir en Libertad: Retratos de la Reforma Psiqui\u00e1trica Brasile\u00f1a<\/strong> es un acto de resistencia que re\u00fane ciencia y arte en un trabajo abierto que rescata narrativas de vida de la atenci\u00f3n humanizada a la Salud Mental. Vea m\u00e1s en el enlace: <a href=\"https:\/\/www.moraremliberdade-educa.art.br\/\">https:\/\/www.moraremliberdade-educa.art.br\/<\/a><\/li>\n<\/ol>\n","protected":false},"excerpt":{"rendered":"<p>Las culturas locales tienen su potencial de generar salud con sus modos de vida, sus tradiciones, su producci\u00f3n material y simb\u00f3lica. En esta secci\u00f3n la palabra est\u00e1 con las comunidades: Calendario 2023 &#8211; Iniciativas de autonom\u00eda alimentaria del Barrio Los&#8230; <a class=\"more-link\" href=\"https:\/\/wp.ufpel.edu.br\/ovejanegra\/es\/ovejas-universales\/\">Continue lendo &rarr;<\/a><\/p>\n","protected":false},"author":1240,"featured_media":0,"parent":0,"menu_order":2,"comment_status":"closed","ping_status":"closed","template":"","meta":{"footnotes":""},"class_list":["post-110","page","type-page","status-publish","hentry"],"jetpack-related-posts":[],"jetpack_sharing_enabled":true,"_links":{"self":[{"href":"https:\/\/wp.ufpel.edu.br\/ovejanegra\/wp-json\/wp\/v2\/pages\/110","targetHints":{"allow":["GET"]}}],"collection":[{"href":"https:\/\/wp.ufpel.edu.br\/ovejanegra\/wp-json\/wp\/v2\/pages"}],"about":[{"href":"https:\/\/wp.ufpel.edu.br\/ovejanegra\/wp-json\/wp\/v2\/types\/page"}],"author":[{"embeddable":true,"href":"https:\/\/wp.ufpel.edu.br\/ovejanegra\/wp-json\/wp\/v2\/users\/1240"}],"replies":[{"embeddable":true,"href":"https:\/\/wp.ufpel.edu.br\/ovejanegra\/wp-json\/wp\/v2\/comments?post=110"}],"version-history":[{"count":7,"href":"https:\/\/wp.ufpel.edu.br\/ovejanegra\/wp-json\/wp\/v2\/pages\/110\/revisions"}],"predecessor-version":[{"id":719,"href":"https:\/\/wp.ufpel.edu.br\/ovejanegra\/wp-json\/wp\/v2\/pages\/110\/revisions\/719"}],"wp:attachment":[{"href":"https:\/\/wp.ufpel.edu.br\/ovejanegra\/wp-json\/wp\/v2\/media?parent=110"}],"curies":[{"name":"wp","href":"https:\/\/api.w.org\/{rel}","templated":true}]}}