{"id":107,"date":"2023-07-11T18:24:52","date_gmt":"2023-07-11T21:24:52","guid":{"rendered":"https:\/\/wp.ufpel.edu.br\/ovejanegra\/?page_id=107"},"modified":"2024-09-24T12:17:22","modified_gmt":"2024-09-24T15:17:22","slug":"ciencias-ovelheiras","status":"publish","type":"page","link":"https:\/\/wp.ufpel.edu.br\/ovejanegra\/ciencias-ovelheiras\/","title":{"rendered":"Ci\u00eancias ovelheiras"},"content":{"rendered":"<p><strong>Aqui tamb\u00e9m se faz ci\u00eancia de boa qualidade, veja<\/strong>:<\/p>\n<p>1.\u00a0 Angela Mar\u00eda Guerra Cordero, Nora Edith Rodr\u00edguez Puerto, \u00d3scar Andr\u00e9s Virg\u00fcez Ramos,<br \/>\nIniciativas de autonom\u00eda alimentaria como escenarios para la acci\u00f3n comunitaria en salud basada en activos, Gaceta Sanitaria, Volume 37, 2023, 102317, ISSN 0213-9111, https:\/\/doi.org\/10.1016\/j.gaceta.2023.102317.<br \/>\n(https:\/\/www.sciencedirect.com\/science\/article\/pii\/S0213911123000316)<\/p>\n<p>Acessivel em: <a href=\"https:\/\/wp.ufpel.edu.br\/ovejanegra\/files\/2023\/07\/iniciativas-de-autonomia-alimentaria.pdf\">iniciativas de autonomia alimentaria<\/a><\/p>\n<p>Resumo: Apresenta-se o desenvolvimento de um processo territorial de a\u00e7\u00e3o comunit\u00e1ria para a sa\u00fade embasada em ativos, que teve como objetivo a gera\u00e7\u00e3o de estrat\u00e9gias concretas para combater a fome e a desnutri\u00e7\u00e3o em um bairro popular da cidade de Tunja (Col\u00f4mbia) com alta desigualdade econ\u00f4mica e fragmenta\u00e7\u00e3o social. A partir da identifica\u00e7\u00e3o e dinamiza\u00e7\u00e3o de diversas iniciativas de experi\u00eancias alimentares aut\u00f4nomas foi criada uma rede comunit\u00e1ria que facilitou a utiliza\u00e7\u00e3o coletiva de recursos, saberes e pr\u00e1ticas pr\u00f3prias no processo agroalimentar. Com isso se promoveu o acesso a alimentos saud\u00e1veis e culturalmente leg\u00edtimos, uma vez que foi configurado um espa\u00e7o de v\u00ednculos aut\u00f4nomos, organiza\u00e7\u00e3o, participa\u00e7\u00e3o e coopera\u00e7\u00e3o solid\u00e1ria entre vizinhos. Isso demonstra a potencialidade da produ\u00e7\u00e3o de sa\u00fade das a\u00e7\u00f5es locais, abordando a alimenta\u00e7\u00e3o de modo participativo, sendo uma proposta pol\u00edtico-popular e acad\u00eamica para a promo\u00e7\u00e3o da sa\u00fade coletiva.<\/p>\n<p>Resumen: Se expone el desarrollo de un proceso territorial de acci\u00f3n comunitaria para la salud basada en activos, que tuvo como objetivo generar estrategias concretas para combatir el hambre y la malnutrici\u00f3n en un barrio popular de la ciudad de Tunja (Colombia) con altas brechas de desigualdad econ\u00f3mica y fragmentaci\u00f3n social. A partir de la identificaci\u00f3n y la dinamizaci\u00f3n de diversas iniciativas de autonom\u00edas alimentarias se gener\u00f3 una red comunitaria que facilit\u00f3 la utilizaci\u00f3n colectiva de recursos, saberes y pr\u00e1cticas propias alrededor del proceso agroalimentario. Con ello se promovi\u00f3 la accesibilidad a alimentos saludables y culturalmente leg\u00edtimos, a la vez que se configur\u00f3 un espacio vincular de autonom\u00eda, organizaci\u00f3n, participaci\u00f3n y cooperaci\u00f3n solidaria entre vecinos. Esto demuestra la potencialidad salutog\u00e9nica de las acciones locales en salud y de abordar la alimentaci\u00f3n de manera participativa, hecho que se\u00f1alamos como una propuesta pol\u00edtico-popular y acad\u00e9mica para la promoci\u00f3n de la salud colectiva.<\/p>\n<p>Abstract: This paper presents the development of a territorial process of community action for health based on assets. Its objective was to generate concrete strategies to combat hunger and malnutrition in a working-class neighbourhood of the Colombian city of Tunja where there are significant gaps in terms of economic inequality and social fragmentation. Through the identification and dynamization of diverse initiatives of food autonomy, a community network was created which facilitated the collective use of their own resources, knowledge, and practices around the agri-food process. This promoted access to healthy and culturally accepted foods and a space where autonomy, organisation, participation, and cooperation among neighbours converged. The above shows the salutogenic potentiality of local actions in health and of approaching food in a participative way, something that we point out as a political-popular and academic proposal for the promotion of collective health.<\/p>\n<hr \/>\n<p>2. Pr\u00e1cticas de cuidado de la salud mental juvenil: experiencias desde Porto Alegre, Brasil y Medell\u00edn, Colombia; Jos\u00e9 Camilo Botero Suaza; dispon\u00edvel em: <a href=\"https:\/\/lume.ufrgs.br\/handle\/10183\/211419\">https:\/\/lume.ufrgs.br\/handle\/10183\/211419<\/a><\/p>\n<p><strong><em>Resumen<\/em><\/strong><\/p>\n<p>La presente disertaci\u00f3n reflexion\u00f3 sobre las violencias y la exclusi\u00f3n social que viven los j\u00f3venes en Am\u00e9rica Latina y las maneras como responden a ellas, a partir de los dispositivos de cuidado de la salud mental. El objetivo fue comprender como se configuran las pr\u00e1cticas de cuidado de la salud mental juvenil en los escenarios de las ciudades de Medell\u00edn (Colombia) y Porto Alegre (Brasil).<\/p>\n<p><strong><em>Resumo<\/em><\/strong><\/p>\n<p>A disserta\u00e7\u00e3o refletiu sobre as viol\u00eancias e a exclus\u00e3o social que vivem os jovens na Am\u00e9rica Latina e as maneiras como respondem a elas a partir de dispositivos de cuidado da sa\u00fade mental. O objetivo foi compreender como se configuram as pr\u00e1ticas de cuidado da sa\u00fade mental juvenil nos cen\u00e1rios das cidades de Medell\u00edn (Colombia) e Porto Alegre (Brasil).<\/p>\n<hr \/>\n<p>3. Filosofia das emo\u00e7\u00f5es; livro organizado pelos professores Felipe Nogueira de Carvalho e<br \/>\nFl\u00e1vio Williges, do Departamento de Filosofia da UFPEL: <a href=\"https:\/\/wp.ufpel.edu.br\/ovejanegra\/files\/2023\/08\/Filosofia-das-emocoes.pdf\">Filosofia das emo\u00e7\u00f5es<\/a><\/p>\n<hr \/>\n<p>4. La raz\u00f3n de la locura y la locura de la raz\u00f3n; confer\u00eancia do Prof. Abel Martinez, sobre a experi\u00eancia do Hospital Psiqui\u00e1trico de Boyac\u00e1 &#8211; Col\u00f4mbia, o primeiro hospital de portas abertas na Am\u00e9rica Latina (v\u00eddeo em espanhol, 58 min.): <a href=\"https:\/\/drive.google.com\/file\/d\/1zU7RY24snocpX1W0dTsoNThXc7Y-mYXL\/view\">https:\/\/drive.google.com\/file\/d\/1zU7RY24snocpX1W0dTsoNThXc7Y-mYXL\/view<\/a><\/p>\n<hr \/>\n<p>5. Goncalves, M., Jaldo, R., Gim\u00e9nez, L., Ballester, D., Gadea, S., Garc\u00e9s, A., Vel\u00e1zquez, T., Moreno, A. y Alvarado, R. (2023). Salud mental y g\u00e9nero en el personal sanitario durante la pandemia COVID-19 en Latinoam\u00e9rica. Intervenci\u00f3n, 13(1), 34-50.<\/p>\n<p><em><strong>Resumo<\/strong><\/em><\/p>\n<p>A emerg\u00eancia sanit\u00e1ria que resultou da pandemia da COVID-19 afetou a sa\u00fade mental da popula\u00e7\u00e3o em geral e especialmente o pessoal da Sa\u00fade. Este estudo tem como base um levantamento realizado junto aos profissionais da Sa\u00fade de cinco pa\u00edses (Argentina, Brasil, Chile, Per\u00fa e Uruguai). A amostra foi de 9.820 participantes, sendo 79,6% mulheres. Foram constru\u00eddos modelos de regress\u00e3o log\u00edstica m\u00faltipla para homens e mulheres de cada pa\u00eds, identificando os fatores associados ao preju\u00edzo da sua sa\u00fade mental. As mulheres manifestaram maior preju\u00edzo \u00e0 sua sa\u00fade mental e um perfil diferente de fatores associados. Estes achados se relacionam com os pap\u00e9is tradicionais segundo o g\u00eanero, onde as mulheres tem uma maior sobrecarga de cuidados para outros e valorizam os aspectos relacionais sobre seu pr\u00f3prio cuidado. Ressalta-se a import\u00e2ncia de incluir o enfoque de g\u00eanero no planejamento de pol\u00edticas para o pessoal da Sa\u00fade, especialmente no cuidado \u00e0 sua sa\u00fade mental.<\/p>\n<p>Dispon\u00edvel em: <a href=\"https:\/\/wp.ufpel.edu.br\/ovejanegra\/files\/2023\/10\/salud-mental-y-genero.pdf\">salud mental y g\u00e9nero<\/a><\/p>\n<hr \/>\n<p>6. Guerra Cordero, Angela Mar\u00eda. Foto &#8211; relatos para la acci\u00f3n comunitaria en salud: Una experiencia alrededor de la alimentaci\u00f3n, las comidas y las comensalidades. Ediciones Salud P\u00fablica y otras dudas (http:\/\/saludpublicayotrasdudas.wordpress.com\/). Tunja, Colombia 2023.<\/p>\n<p>Resumo: Relato de uma experi\u00eancia de participa\u00e7\u00e3o comunit\u00e1ria para a sa\u00fade em uma \u00e1rea urbana popular, a partir da compila\u00e7\u00e3o e an\u00e1lise coletiva dos saberes tradicionais e populares de um grupo de idosas sobre os alimentos, as comidas e suas comensalidades.<\/p>\n<p>Veja mais no Blog &#8220;Salud P\u00fablica y otras dudas&#8221;:\u00a0<a href=\"https:\/\/saludpublicayotrasdudas.wordpress.com\/2023\/10\/28\/foto-relatos-para-la-accion-comunitaria-en-salud-una-experiencia-alrededor-de-la-alimentacion-las-comidas-y-las-comensalidades-libro-de-descarga-gratuita\/\">https:\/\/saludpublicayotrasdudas.wordpress.com\/2023\/10\/28\/foto-relatos-para-la-accion-comunitaria-en-salud-una-experiencia-alrededor-de-la-alimentacion-las-comidas-y-las-comensalidades-libro-de-descarga-gratuita\/<\/a><\/p>\n<p>Texto dispon\u00edvel em: <a href=\"https:\/\/wp.ufpel.edu.br\/ovejanegra\/files\/2023\/10\/fotorelatos-para-la-acs-alimentacion-comidas-y-comensalidades-angela-guerra-1.pdf\">fotorelatos-para-la-acs-alimentacion-comidas-y-comensalidades-angela-guerra (1)<\/a><\/p>\n<hr \/>\n<p>7. Amanda Silva Magalh\u00e3es, Amanda Cristina de Souza Andrade, Bruno de Souza Moreira, Adalberto Aparecido dos Santos Lopes, Waleska Teixeira Caiaffa. Desordem f\u00edsica e social da vizinhan\u00e7a em cidades da Am\u00e9rica Latina: revis\u00e3o de escopo. Cad. Sa\u00fade P\u00fablica 39 (9), 2023. https:\/\/doi.org\/10.1590\/0102-311XPT038423<\/p>\n<p>Resumo: A desordem da vizinhan\u00e7a \u00e9 um importante aspecto que pode impactar a sa\u00fade de residentes em \u00e1reas urbanas. Os objetivos desta pesquisa foram mapear e sistematizar os m\u00e9todos de mensura\u00e7\u00e3o da desordem f\u00edsica e social na vizinhan\u00e7a em estudos realizados em cidades da Am\u00e9rica Latina. Por meio de revis\u00e3o de escopo, foram mapeados artigos publicados a partir do ano 2000 em ingl\u00eas, espanhol e portugu\u00eas com os seguintes descritores: vizinhan\u00e7a, desordem f\u00edsica e desordem social. As buscas foram realizadas no MEDLINE (PubMed), LILACS (Biblioteca Virtual em Sa\u00fade), Scopus, Web of Science e Biblioteca Cochrane. Foram extra\u00eddas informa\u00e7\u00f5es sobre autoria, ano, tipo de estudo, local, fonte de dados, popula\u00e7\u00e3o-alvo, desfecho, dom\u00ednio, indicador, m\u00e9todo, unidade geogr\u00e1fica e unidade de an\u00e1lise. As vari\u00e1veis dos estudos relacionadas \u00e0 desordem foram extra\u00eddas e agrupadas pela similaridade dos conte\u00fados e temas. Foram identificados 22 artigos, publicados entre 2012 e 2022, sendo a maioria do Brasil (n = 16). A percep\u00e7\u00e3o do indiv\u00edduo foi o m\u00e9todo mais utilizado. O tema mais frequentemente abordado no dom\u00ednio da desordem f\u00edsica foi vias p\u00fablicas (n = 20), enquanto no dom\u00ednio social foi seguran\u00e7a (n = 15). Detectou-se aus\u00eancia de consenso na literatura quanto \u00e0s vari\u00e1veis utilizadas para aferir a desordem f\u00edsica e social da vizinhan\u00e7a em cidades da Am\u00e9rica Latina. Al\u00e9m da necessidade de padroniza\u00e7\u00e3o do tema, recomendam-se estudos que verifiquem a sustentabilidade de m\u00e9todos de mensura\u00e7\u00e3o propostos, relevantes para classificar e comparar, de forma din\u00e2mica, vizinhan\u00e7as urbanas e os impactos na sa\u00fade com base nos n\u00edveis de exposi\u00e7\u00e3o \u00e0 desordem f\u00edsica e social.<\/p>\n<p>Dispon\u00edvel em: <a href=\"https:\/\/wp.ufpel.edu.br\/ovejanegra\/files\/2023\/11\/desordem-fisica-e-social-em-cidades-da-AL.pdf\">desordem f\u00edsica e social em cidades da AL<\/a><\/p>\n<hr \/>\n<p>8. Manual de avalia\u00e7\u00e3o multidimensional da pessoa idosa para a aten\u00e7\u00e3o prim\u00e1ria \u00e0 sa\u00fade [livro eletr\u00f4nico] : aplica\u00e7\u00f5es do IVCF-20 e do ICOPE \u2013 Linha de cuidado: sa\u00fade da pessoa idosa \/ Edgar Nunes de Moraes, Priscila R.<br \/>\nRabelo Lopes. \u2013 Bras\u00edlia, DF: Conselho Nacional de Secret\u00e1rios de Sa\u00fade, 2023.<\/p>\n<p>Resumo: O\u00a0<strong><a href=\"https:\/\/www.conass.org.br\/biblioteca\/manual-de-avaliacao-multidimensional-da-pessoa-idosa-para-a-atencao-primaria-a-saude\/\">Manual de Avalia\u00e7\u00e3o Multidimensional da Pessoa Idosa para a Aten\u00e7\u00e3o Prim\u00e1ria \u00e0 Sa\u00fade<\/a><\/strong> \u00e9 fruto da parceria entre o Conass, o Conasems, a Sociedade Brasileira de Medicina de Fam\u00edlia e Comunidade (SBMFC) e Sociedade Brasileira de Geriatria e Gerontologia (SBGG), com colabora\u00e7\u00e3o da Coordena\u00e7\u00e3o de Sa\u00fade da Pessoa Idosa na Atenc\u0327a\u0303o Prim\u00e1ria \u00e0 Sa\u00fade do Ministe\u0301rio da Sau\u0301de. Tem como objetivo de fortalecer a APS no reconhecimento das particularidades da pessoa idosa, com \u00eanfase na estratifica\u00e7\u00e3o de risco atrav\u00e9s da aplica\u00e7\u00e3o de instrumentos espec\u00edficos como o \u00cdndice de Vulnerabilidade Cl\u00ednico Funcional-20 (IVCF-20) e as ferramentas sugeridas pelo Programa de Aten\u00e7\u00e3o Integrada para a Pessoa Idosa (ICOPE<em>\u00a0\u2013\u00a0<\/em>OMS). Al\u00e9m da estratifica\u00e7\u00e3o de risco, o manual prop\u00f5e estrat\u00e9gias direcionadas \u00e0 Linha de Cuidado da Pessoa Idosa, tanto para a organiza\u00e7\u00e3o da Rede de Aten\u00e7\u00e3o \u00e0 Sa\u00fade, como tamb\u00e9m para o manejo cl\u00ednico.<\/p>\n<p>Dispon\u00edvel em: <a href=\"https:\/\/wp.ufpel.edu.br\/ovejanegra\/files\/2023\/12\/Manual-de-Avaliacao-Multidimensional-da-Pessoa-Idosa-para-a-Atencao-Primaria-a-Saude.-Aplicacoes-do-IVCF-20-e-do-ICOPE-1.pdf\">Manual-de-Avaliacao-Multidimensional-da-Pessoa-Idosa-para-a-Atencao-Primaria-a-Saude.-Aplicacoes-do-IVCF-20-e-do-ICOPE-1<\/a><\/p>\n<hr \/>\n<p>9. Agenda Mais SUS: Evid\u00eancias e Caminhos para Fortalecer a Sa\u00fade P\u00fablica no Brasil. Instituto de Estudos para Pol\u00edticas de Sa\u00fade; Umane. 2023.<\/p>\n<p>Resumo: tem como objetivo de contribuir com o debate p\u00fablico eleitoral e subsidiar a pr\u00f3xima gest\u00e3o do Governo Federal a partir de diagn\u00f3sticos e propostas concretas para o aprimoramento do Sistema \u00danico de Sa\u00fade (SUS). A Agenda se destina tamb\u00e9m a gestores(as) p\u00fablicos, pesquisadores(as), organiza\u00e7\u00f5es da sociedade civil e \u00e0 toda a sociedade.<\/p>\n<p>Dispon\u00edvel em: <a href=\"https:\/\/wp.ufpel.edu.br\/ovejanegra\/files\/2023\/12\/AgendaMaisSUS-Proposta.pdf\">AgendaMaisSUS-Proposta.pdf<\/a><\/p>\n<hr \/>\n<p>10. Projetos de sa\u00fade mental &#8211; V Semestre Medicina UPTC<\/p>\n<p>&#8211; &#8220;Recolectando historias&#8221;: Los determinantes sociales, tales como territorio y clase social establecen condiciones de escasez en poblaciones, haciendo as\u00ed que su m\u00e9todo de sostenibilidad se convierta en el reciclaje, ocupaci\u00f3n que no es dignificada, reconocida ni estructurada en Colombia, llev\u00e1ndoles as\u00ed a repetir e incluso potenciar las mismas condiciones de escasez, inequidad,y falta de libertad en las que se desarrollaron. Dispon\u00edvel em <a href=\"https:\/\/wp.ufpel.edu.br\/ovejanegra\/files\/2024\/02\/Recolectando-historias.pdf\">Recolectando historias<\/a><\/p>\n<p>&#8211; &#8220;De frente a la cotidianidad&#8221;: Personas que prestaron su servicio al pa\u00eds como soldados y polic\u00edas con el objetivo de tener una vida estable y salir adelante pero que se enfrentan actualmente a la reintegraci\u00f3n a la vida civil, percepci\u00f3n y posici\u00f3n en la sociedad y incertidumbre laboral. Dispon\u00edvel em <a href=\"https:\/\/wp.ufpel.edu.br\/ovejanegra\/files\/2024\/02\/De-frente-a-la-cotidianidad.pdf\">De frente a la cotidianidad<\/a><\/p>\n<p>&#8211; Cosechas de fortaleza: explorando la salud mental de las trabajadoras de la plaza de mercado del sur de Tunja: Identificar que mujeres llegan a laborar en la plaza de mercado y por qu\u00e9 se produce alg\u00fan impacto en su salud mental. Dispon\u00edvel em <a href=\"https:\/\/wp.ufpel.edu.br\/ovejanegra\/files\/2024\/02\/Cosechas-de-fortaleza.pdf\">Cosechas de fortaleza<\/a><\/p>\n<p>V\u00eddeo completo:\u00a0<a href=\"https:\/\/drive.google.com\/file\/d\/1dfVQzOel8z_pzla9Yte_InnPIA2x5OBP\/view?usp=drive_link\">https:\/\/drive.google.com\/file\/d\/1dfVQzOel8z_pzla9Yte_InnPIA2x5OBP\/view?usp=drive_link<\/a><\/p>\n<hr \/>\n<p>11. Vergara, Martin. O trabalho territorial: desafios, estrat\u00e9gias e ferramentas.<\/p>\n<p>Resumo: Estas reflex\u00f5es\u00a0 proporcionam algunas id\u00e9ias e sugest\u00f5es para o desenvolvimento do trabalho com a popula\u00e7\u00e3o nos territ\u00f3rios, em seus lugares de vida, de conviv\u00eancia e de trabalho.<\/p>\n<p>Dispon\u00edvel em:\u00a0<a href=\"https:\/\/saludpublicayotrasdudas.wordpress.com\/2024\/09\/22\/el-trabajo-territorial-retos-estrategias-y-herramientas\/\">https:\/\/saludpublicayotrasdudas.wordpress.com\/2024\/09\/22\/el-trabajo-territorial-retos-estrategias-y-herramientas\/<\/a><\/p>\n<p>&nbsp;<\/p>\n","protected":false},"excerpt":{"rendered":"<p>Aqui tamb\u00e9m se faz ci\u00eancia de boa qualidade, veja: 1.\u00a0 Angela Mar\u00eda Guerra Cordero, Nora Edith Rodr\u00edguez Puerto, \u00d3scar Andr\u00e9s Virg\u00fcez Ramos, Iniciativas de autonom\u00eda alimentaria como escenarios para la acci\u00f3n comunitaria en salud basada en activos, Gaceta Sanitaria, Volume&#8230; <a class=\"more-link\" href=\"https:\/\/wp.ufpel.edu.br\/ovejanegra\/ciencias-ovelheiras\/\">Continue lendo &rarr;<\/a><\/p>\n","protected":false},"author":1240,"featured_media":0,"parent":0,"menu_order":1,"comment_status":"closed","ping_status":"closed","template":"","meta":{"footnotes":""},"class_list":["post-107","page","type-page","status-publish","hentry"],"jetpack-related-posts":[],"jetpack_sharing_enabled":true,"_links":{"self":[{"href":"https:\/\/wp.ufpel.edu.br\/ovejanegra\/wp-json\/wp\/v2\/pages\/107","targetHints":{"allow":["GET"]}}],"collection":[{"href":"https:\/\/wp.ufpel.edu.br\/ovejanegra\/wp-json\/wp\/v2\/pages"}],"about":[{"href":"https:\/\/wp.ufpel.edu.br\/ovejanegra\/wp-json\/wp\/v2\/types\/page"}],"author":[{"embeddable":true,"href":"https:\/\/wp.ufpel.edu.br\/ovejanegra\/wp-json\/wp\/v2\/users\/1240"}],"replies":[{"embeddable":true,"href":"https:\/\/wp.ufpel.edu.br\/ovejanegra\/wp-json\/wp\/v2\/comments?post=107"}],"version-history":[{"count":20,"href":"https:\/\/wp.ufpel.edu.br\/ovejanegra\/wp-json\/wp\/v2\/pages\/107\/revisions"}],"predecessor-version":[{"id":640,"href":"https:\/\/wp.ufpel.edu.br\/ovejanegra\/wp-json\/wp\/v2\/pages\/107\/revisions\/640"}],"wp:attachment":[{"href":"https:\/\/wp.ufpel.edu.br\/ovejanegra\/wp-json\/wp\/v2\/media?parent=107"}],"curies":[{"name":"wp","href":"https:\/\/api.w.org\/{rel}","templated":true}]}}