{"id":101,"date":"2023-07-11T18:14:44","date_gmt":"2023-07-11T21:14:44","guid":{"rendered":"https:\/\/wp.ufpel.edu.br\/ovejanegra\/?page_id=101"},"modified":"2024-09-24T12:20:04","modified_gmt":"2024-09-24T15:20:04","slug":"ciencias-ovejeras","status":"publish","type":"page","link":"https:\/\/wp.ufpel.edu.br\/ovejanegra\/es\/ciencias-ovejeras\/","title":{"rendered":"Ciencias ovejeras"},"content":{"rendered":"<p><strong>Aqu\u00ed tambi\u00e9n se hace ciencia de buena calidad, mira vos<\/strong>:<\/p>\n<p>1. Angela Mar\u00eda Guerra Cordero, Nora Edith Rodr\u00edguez Puerto, \u00d3scar Andr\u00e9s Virg\u00fcez Ramos,<br \/>\nIniciativas de autonom\u00eda alimentaria como escenarios para la acci\u00f3n comunitaria en salud basada en activos, Gaceta Sanitaria, Volume 37, 2023, 102317, ISSN 0213-9111, https:\/\/doi.org\/10.1016\/j.gaceta.2023.102317.<br \/>\n(https:\/\/www.sciencedirect.com\/science\/article\/pii\/S0213911123000316)<\/p>\n<p>Disponible en: <a href=\"https:\/\/wp.ufpel.edu.br\/ovejanegra\/files\/2023\/07\/iniciativas-de-autonomia-alimentaria.pdf\">iniciativas de autonomia alimentaria<\/a><\/p>\n<p>Resumen: Se expone el desarrollo de un proceso territorial de acci\u00f3n comunitaria para la salud basada en activos, que tuvo como objetivo generar estrategias concretas para combatir el hambre y la malnutrici\u00f3n en un barrio popular de la ciudad de Tunja (Colombia) con altas brechas de desigualdad econ\u00f3mica y fragmentaci\u00f3n social. A partir de la identificaci\u00f3n y la dinamizaci\u00f3n de diversas iniciativas de autonom\u00edas alimentarias se gener\u00f3 una red comunitaria que facilit\u00f3 la utilizaci\u00f3n colectiva de recursos, saberes y pr\u00e1cticas propias alrededor del proceso agroalimentario. Con ello se promovi\u00f3 la accesibilidad a alimentos saludables y culturalmente leg\u00edtimos, a la vez que se configur\u00f3 un espacio vincular de autonom\u00eda, organizaci\u00f3n, participaci\u00f3n y cooperaci\u00f3n solidaria entre vecinos. Esto demuestra la potencialidad salutog\u00e9nica de las acciones locales en salud y de abordar la alimentaci\u00f3n de manera participativa, hecho que se\u00f1alamos como una propuesta pol\u00edtico-popular y acad\u00e9mica para la promoci\u00f3n de la salud colectiva.<\/p>\n<p>Abstract:<\/p>\n<p>This paper presents the development of a territorial process of community action for health based on assets. Its objective was to generate concrete strategies to combat hunger and malnutrition in a working-class neighbourhood of the Colombian city of Tunja where there are significant gaps in terms of economic inequality and social fragmentation. Through the identification and dynamization of diverse initiatives of food autonomy, a community network was created which facilitated the collective use of their own resources, knowledge, and practices around the agri-food process. This promoted access to healthy and culturally accepted foods and a space where autonomy, organisation, participation, and cooperation among neighbours converged. The above shows the salutogenic potentiality of local actions in health and of approaching food in a participative way, something that we point out as a political-popular and academic proposal for the promotion of collective health.<\/p>\n<hr \/>\n<p>2. Pr\u00e1cticas de cuidado de la salud mental juvenil: experiencias desde Porto Alegre, Brasil y Medell\u00edn, Colombia; Jos\u00e9 Camilo Botero Suaza; disponible en: <a href=\"https:\/\/lume.ufrgs.br\/handle\/10183\/211419\">https:\/\/lume.ufrgs.br\/handle\/10183\/211419<\/a><\/p>\n<p><strong><em>Resumen<\/em><\/strong><\/p>\n<p>La presente disertaci\u00f3n reflexion\u00f3 sobre las violencias y la exclusi\u00f3n social que viven los j\u00f3venes en Am\u00e9rica Latina y las maneras como responden a ellas, a partir de los dispositivos de cuidado de la salud mental. El objetivo fue comprender como se configuran las pr\u00e1cticas de cuidado de la salud mental juvenil en los escenarios de las ciudades de Medell\u00edn (Colombia) y Porto Alegre (Brasil).<\/p>\n<p><strong><em>Resumo<\/em><\/strong><\/p>\n<p>A disserta\u00e7\u00e3o refletiu sobre as viol\u00eancias e a exclus\u00e3o social que vivem os jovens na Am\u00e9rica Latina e as maneiras como respondem a elas a partir de dispositivos de cuidado da sa\u00fade mental. O objetivo foi compreender como se configuram as pr\u00e1ticas de cuidado da sa\u00fade mental juvenil nos cen\u00e1rios das cidades de Medell\u00edn (Colombia) e Porto Alegre (Brasil).<\/p>\n<hr \/>\n<p>3. Filosofia das emo\u00e7\u00f5es; libro organizado por los professores Felipe Nogueira de Carvalho y<br \/>\nFl\u00e1vio Williges, del Departamento de Filosofia de UFPEL: <a href=\"https:\/\/wp.ufpel.edu.br\/ovejanegra\/files\/2023\/08\/Filosofia-das-emocoes.pdf\">Filosofia das emo\u00e7\u00f5es<\/a><\/p>\n<hr \/>\n<p>4. La raz\u00f3n de la locura y la locura de la raz\u00f3n; conferencia del Prof. Abel Martinez, sobre la experiencia del Hospital Psiquiatrico de Boyac\u00e1 &#8211; Colombia, el primer hospital de puertas abiertas en Latinoamerica (video, 58 min.):\u00a0<a href=\"https:\/\/drive.google.com\/file\/d\/1zU7RY24snocpX1W0dTsoNThXc7Y-mYXL\/view\">https:\/\/drive.google.com\/file\/d\/1zU7RY24snocpX1W0dTsoNThXc7Y-mYXL\/view<\/a><\/p>\n<hr \/>\n<p>5. Goncalves, M., Jaldo, R., Gim\u00e9nez, L., Ballester, D., Gadea, S., Garc\u00e9s, A., Vel\u00e1zquez, T., Moreno, A. y Alvarado, R. (2023). Salud mental y g\u00e9nero en el personal sanitario durante la pandemia COVID-19 en Latinoam\u00e9rica. Intervenci\u00f3n, 13(1), 34-50.<\/p>\n<p><em><strong>Resumen<\/strong><\/em><br \/>\nLa emergencia sanitaria producto de la pandemia COVID-19 gener\u00f3 afectaciones en la salud mental de la poblaci\u00f3n en general y en especial en el personal sanitario. Este estudio se basa en una encuesta realizada a personal sanitario en cinco pa\u00edses (Argentina, Brasil, Chile, Per\u00fa y Uruguay). La muestra fue de 9.820 participantes, con 79,6% de mujeres. Se construyeron modelos de regresi\u00f3n log\u00edstica m\u00faltiple para hombres y mujeres en cada pa\u00eds, identificando los factores que estaban asociados al deterioro de su salud mental. Las mujeres reportaron un mayor deterioro de su salud mental y un perfil diferente de factores asociados a esto. Estos hallazgos se relacionan con los roles tradicionales seg\u00fan g\u00e9nero, donde las mujeres tienen un mayor peso en el cuidado de los otros y valoran los aspectos relacionales por encima de los personales, a diferencia de los hombres quienes otorgan m\u00e1s importancia al \u00e1mbito p\u00fablico y al cuidado propio. Se resalta la importancia de incluir el enfoque de g\u00e9nero en el dise\u00f1o de pol\u00edticas para el personal de salud, especialmente en el cuidado de su salud mental.<\/p>\n<p>Disponible en: <a href=\"https:\/\/wp.ufpel.edu.br\/ovejanegra\/files\/2023\/10\/salud-mental-y-genero.pdf\">salud mental y g\u00e9nero<\/a><\/p>\n<hr \/>\n<p>6. Guerra Cordero, Angela Mar\u00eda. Foto &#8211; relatos para la acci\u00f3n comunitaria en salud: Una experiencia alrededor de la alimentaci\u00f3n, las comidas y las comensalidades. Ediciones Salud P\u00fablica y otras dudas (http:\/\/saludpublicayotrasdudas.wordpress.com\/). Tunja, Colombia 2023.<\/p>\n<p><em><strong>Resumen<\/strong><\/em><\/p>\n<p><em>Angela Mar\u00eda Guerra Cordero, psic\u00f3loga salubrista<\/em>\u00a0<em>y comunitaria<\/em><\/p>\n<p>Mi abuela me ense\u00f1\u00f3 que la salud est\u00e1 en lo que comemos y que podemos comer cualquier cosa, incluso la m\u00e1s humilde, siempre y cuando est\u00e9 bien cultivada y preparada. Tal vez con ella inici\u00e9 hace a\u00f1os la mezcla de saberes populares y acad\u00e9micos que hoy hacen posible la presentaci\u00f3n de este libro. En \u00e9l podr\u00e1n conocer en detalle la experiencia comunitaria para la salud que un grupo de adultas mayores de un barrio popular de la ciudad de Tunja-Colombia, llev\u00f3 a cabo en torno a la alimentaci\u00f3n, las comidas y sus comensalidades.<\/p>\n<p>El objetivo de esta experiencia fue comprender los cambios que en los \u00faltimos a\u00f1os ha experimentado su sistema agroalimentario y el impacto que esto ha tenido en su salud y en la de sus seres cercanos. A partir de los propios relatos de vida y de las sabidur\u00edas alimentarias de las participantes, esta iniciativa se propuso desvelar el amplio entramado de relaciones socio-hist\u00f3ricas que atraviesan el proceso alimentario de las clases populares urbanas y, por lo tanto, su proceso salud-enfermedad-cuidados. As\u00ed mismo, se busc\u00f3 evidenciar el potencial participativo y el saber pr\u00e1ctico que los grupos sociales populares tienen sobre el proceso alimentario y que, dadas las garant\u00edas, pueden poner en juego con acciones que inciden en los diferentes momentos del proceso agroalimentario, logrando as\u00ed mejorar el cuidado colectivo de su salud.<\/p>\n<p>El lector\/a encontrar\u00e1 que el trabajo se presenta organizado por categor\u00edas emergentes. En cada caso, se incluye un mosaico de fotograf\u00edas y relatos aportados por las participantes, seguido de un an\u00e1lisis cr\u00edtico que busc\u00f3 indagar en las ra\u00edces estructurales que determinan nuestras formas de comer.\u00a0\u00a0En este sentido, el libro puede ser le\u00eddo de dos maneras: recorriendo solamente los mosaicos o deteni\u00e9ndose en cada bloque de an\u00e1lisis estructural. Dependiendo del inter\u00e9s, el lector\/a podr\u00e1 elegir una o ambas opciones sin perder el hilo conductor que conecta los elementos problematizados.<\/p>\n<p>Espero que este trabajo constituya, en primer lugar, una devoluci\u00f3n sentipensante para las participantes del proceso y para todos los vecinos del barrio. En segundo lugar, espero que sea una contribuci\u00f3n conceptual y metodol\u00f3gica tanto para los procesos formativos como para los equipos de profesionales interesados en desarrollar trabajos territoriales desde la perspectiva de la salud comunitaria y la promoci\u00f3n de la salud. \u00a1\u00a1Buen provecho!!<\/p>\n<p>Vea m\u00e1s en el Blog &#8220;Salud P\u00fablica y otras dudas&#8221;: <a href=\"https:\/\/saludpublicayotrasdudas.wordpress.com\/2023\/10\/28\/foto-relatos-para-la-accion-comunitaria-en-salud-una-experiencia-alrededor-de-la-alimentacion-las-comidas-y-las-comensalidades-libro-de-descarga-gratuita\/\">https:\/\/saludpublicayotrasdudas.wordpress.com\/2023\/10\/28\/foto-relatos-para-la-accion-comunitaria-en-salud-una-experiencia-alrededor-de-la-alimentacion-las-comidas-y-las-comensalidades-libro-de-descarga-gratuita\/<\/a><\/p>\n<p>Texto disponible en: <a href=\"https:\/\/wp.ufpel.edu.br\/ovejanegra\/files\/2023\/10\/fotorelatos-para-la-acs-alimentacion-comidas-y-comensalidades-angela-guerra-1.pdf\">fotorelatos-para-la-acs-alimentacion-comidas-y-comensalidades-angela-guerra (1)<\/a><\/p>\n<hr \/>\n<p>7. Amanda Silva Magalh\u00e3es, Amanda Cristina de Souza Andrade, Bruno de Souza Moreira, Adalberto Aparecido dos Santos Lopes, Waleska Teixeira Caiaffa. Desorden f\u00edsico y social del vecindario en las ciudades de Am\u00e9rica Latina: revisi\u00f3n de alcance. Cad. Sa\u00fade P\u00fablica 39 (9), 2023. https:\/\/doi.org\/10.1590\/0102-311XPT038423<\/p>\n<p>Resumen: El desorden del vecindario es un aspecto importante que puede influir en la salud de los residentes en \u00e1reas urbanas. Los objetivos fueron mapear y sistematizar los m\u00e9todos de medici\u00f3n del desorden f\u00edsico y social en el vecindario en estudios realizados en ciudades de Am\u00e9rica Latina. Por medio de una revisi\u00f3n de alcance, fueron mapeados art\u00edculos publicados a partir del a\u00f1o 2000 en ingl\u00e9s, espa\u00f1ol y portugu\u00e9s, que pose\u00edan los siguientes descriptores: vecindario, desorden f\u00edsico y desorden social. Las b\u00fasquedas se realizaron en MEDLINE (PubMed), LILACS (Biblioteca Virtual en Salud), Scopus, Web of Science y Librer\u00eda Cochrane. Se extrajeron informaciones sobre la autor\u00eda, el a\u00f1o, el tipo de estudio, la ubicaci\u00f3n, la fuente de datos, la poblaci\u00f3n objetivo, el resultado, el dominio, el indicador, el m\u00e9todo, la unidad geogr\u00e1fica y la unidad de an\u00e1lisis. Las variables de los estudios relacionados con el desorden fueron extra\u00eddas y agrupadas por la similitud de los contenidos y temas. Fueron identificados 22 art\u00edculos, todos publicados entre 2012 y 2022, siendo la mayor\u00eda de Brasil (n = 16). La percepci\u00f3n del individuo fue el m\u00e9todo m\u00e1s utilizado. El tema m\u00e1s frecuente abordado en el \u00e1mbito del desorden f\u00edsico fue el de las v\u00edas p\u00fablicas (n = 20) y seguridad (n = 15), en lo social. Se detect\u00f3 una falta de consenso en la literatura en cuanto a las variables utilizadas para medir el desorden f\u00edsico y social del vecindario en ciudades de Am\u00e9rica Latina. Adem\u00e1s de la necesidad de estandarizaci\u00f3n del tema, se recomiendan estudios que verifiquen la sostenibilidad de los m\u00e9todos de medici\u00f3n propuestos, relevantes para clasificar y comparar, de forma din\u00e1mica, los vecindarios urbanos y los impactos en la salud con base en niveles de exposici\u00f3n a desorden f\u00edsico y social.<\/p>\n<p>Disponible en: <a href=\"https:\/\/wp.ufpel.edu.br\/ovejanegra\/files\/2023\/11\/desordem-fisica-e-social-em-cidades-da-AL-1.pdf\">desordem f\u00edsica e social em cidades da AL<\/a><\/p>\n<hr \/>\n<p>8. Manual de avalia\u00e7\u00e3o multidimensional da pessoa idosa para a aten\u00e7\u00e3o prim\u00e1ria \u00e0 sa\u00fade [livro eletr\u00f4nico] : aplica\u00e7\u00f5es do IVCF-20 e do ICOPE \u2013 Linha de cuidado: sa\u00fade da pessoa idosa \/ Edgar Nunes de Moraes, Priscila R.<br \/>\nRabelo Lopes. \u2013 Bras\u00edlia, DF: Conselho Nacional de Secret\u00e1rios de Sa\u00fade, 2023.<\/p>\n<p>Resumen: El <strong><a href=\"https:\/\/www.conass.org.br\/biblioteca\/manual-de-avaliacao-multidimensional-da-pessoa-idosa-para-a-atencao-primaria-a-saude\/\">Manual de Avalia\u00e7\u00e3o Multidimensional da Pessoa Idosa para a Aten\u00e7\u00e3o Prim\u00e1ria \u00e0 Sa\u00fade<\/a><\/strong> es resultado de la colaboraci\u00f3n entre el Consejo Nacional de Secretarios de Salud, el Consejo Nacional de Secretarios Municipales de Salud, la Sociedad Brasile\u00f1a de Medicina de Familia y Comunidad (SBMFC), la Sociedad Brasile\u00f1a de (SBGG), y el Ministerio de la Salud de Brasil.<\/p>\n<p>Disponible en: <a href=\"https:\/\/wp.ufpel.edu.br\/ovejanegra\/files\/2023\/12\/Manual-de-Avaliacao-Multidimensional-da-Pessoa-Idosa-para-a-Atencao-Primaria-a-Saude.-Aplicacoes-do-IVCF-20-e-do-ICOPE-1.pdf\">Manual-de-Avaliacao-Multidimensional-da-Pessoa-Idosa-para-a-Atencao-Primaria-a-Saude.-Aplicacoes-do-IVCF-20-e-do-ICOPE-1<\/a><\/p>\n<hr \/>\n<p>9. Agenda Mais SUS: Evid\u00eancias e Caminhos para Fortalecer a Sa\u00fade P\u00fablica no Brasil. Instituto de Estudos para Pol\u00edticas de Sa\u00fade; Umane. 2023.<\/p>\n<p>Resumen: busca contribuir con el debate p\u00fablico electoral y subsidiar el Gobierno Federal a partir de diagn\u00f3sticos y propuestas concretas para el perfeccionamiento del <em>Sistema \u00danico de Sa\u00fade<\/em> (SUS). Se destina tambi\u00e9n a los gestores(as) p\u00fablicos, investigadores(as), organizaciones de la sociedad civil y toda la sociedad.<\/p>\n<p>Disponible en: <a href=\"https:\/\/wp.ufpel.edu.br\/ovejanegra\/files\/2023\/12\/AgendaMaisSUS-Proposta.pdf\">AgendaMaisSUS-Proposta<\/a><\/p>\n<hr \/>\n<p>10. Proyectos de salud mental &#8211; V Semestre Medicina UPTC<\/p>\n<p>&#8211; &#8220;Recolectando historias&#8221;: Los determinantes sociales, tales como territorio y clase social establecen condiciones de escasez en poblaciones, haciendo as\u00ed que su m\u00e9todo de sostenibilidad se convierta en el reciclaje, ocupaci\u00f3n que no es dignificada, reconocida ni estructurada en Colombia, llev\u00e1ndoles as\u00ed a repetir e incluso potenciar las mismas condiciones de escasez, inequidad,y falta de libertad en las que se desarrollaron. Disponible en <a href=\"https:\/\/wp.ufpel.edu.br\/ovejanegra\/files\/2024\/02\/Recolectando-historias.pdf\">Recolectando historias<\/a><\/p>\n<p>&#8211; &#8220;De frente a la cotidianidad&#8221;: Personas que prestaron su servicio al pa\u00eds como soldados y polic\u00edas con el objetivo de tener una vida estable y salir adelante pero que se enfrentan actualmente a la reintegraci\u00f3n a la vida civil, percepci\u00f3n y posici\u00f3n en la sociedad y incertidumbre laboral. Disponible en <a href=\"https:\/\/wp.ufpel.edu.br\/ovejanegra\/files\/2024\/02\/De-frente-a-la-cotidianidad.pdf\">De frente a la cotidianidad<\/a><\/p>\n<p>&#8211; Cosechas de fortaleza: explorando la salud mental de las trabajadoras de la plaza de mercado del sur de Tunja: Identificar que mujeres llegan a laborar en la plaza de mercado y por qu\u00e9 se produce alg\u00fan impacto en su salud mental. Disponible en <a href=\"https:\/\/wp.ufpel.edu.br\/ovejanegra\/files\/2024\/02\/Cosechas-de-fortaleza.pdf\">Cosechas de fortaleza<\/a><\/p>\n<p>V\u00eddeo completo:\u00a0<a href=\"https:\/\/drive.google.com\/file\/d\/1dfVQzOel8z_pzla9Yte_InnPIA2x5OBP\/view?usp=drive_link\">https:\/\/drive.google.com\/file\/d\/1dfVQzOel8z_pzla9Yte_InnPIA2x5OBP\/view?usp=drive_link<\/a><\/p>\n<hr \/>\n<p>11. Vergara, Mart\u00edn. El trabajo territorial: retos, estrategias y herramientas.<\/p>\n<p>Resumo: Estas reflexiones pretenden aportar algunas ideas y sugerencias para el desarrollo del trabajo con la poblaci\u00f3n en los territorios, en sus lugares de vida, de convivencia y de trabajo.<\/p>\n<p>Disponible en: <a href=\"https:\/\/saludpublicayotrasdudas.wordpress.com\/2024\/09\/22\/el-trabajo-territorial-retos-estrategias-y-herramientas\/\">https:\/\/saludpublicayotrasdudas.wordpress.com\/2024\/09\/22\/el-trabajo-territorial-retos-estrategias-y-herramientas\/<\/a><\/p>\n","protected":false},"excerpt":{"rendered":"<p>Aqu\u00ed tambi\u00e9n se hace ciencia de buena calidad, mira vos: 1. Angela Mar\u00eda Guerra Cordero, Nora Edith Rodr\u00edguez Puerto, \u00d3scar Andr\u00e9s Virg\u00fcez Ramos, Iniciativas de autonom\u00eda alimentaria como escenarios para la acci\u00f3n comunitaria en salud basada en activos, Gaceta Sanitaria,&#8230; <a class=\"more-link\" href=\"https:\/\/wp.ufpel.edu.br\/ovejanegra\/es\/ciencias-ovejeras\/\">Continue lendo &rarr;<\/a><\/p>\n","protected":false},"author":1240,"featured_media":0,"parent":0,"menu_order":1,"comment_status":"closed","ping_status":"closed","template":"","meta":{"footnotes":""},"class_list":["post-101","page","type-page","status-publish","hentry"],"jetpack-related-posts":[],"jetpack_sharing_enabled":true,"_links":{"self":[{"href":"https:\/\/wp.ufpel.edu.br\/ovejanegra\/wp-json\/wp\/v2\/pages\/101","targetHints":{"allow":["GET"]}}],"collection":[{"href":"https:\/\/wp.ufpel.edu.br\/ovejanegra\/wp-json\/wp\/v2\/pages"}],"about":[{"href":"https:\/\/wp.ufpel.edu.br\/ovejanegra\/wp-json\/wp\/v2\/types\/page"}],"author":[{"embeddable":true,"href":"https:\/\/wp.ufpel.edu.br\/ovejanegra\/wp-json\/wp\/v2\/users\/1240"}],"replies":[{"embeddable":true,"href":"https:\/\/wp.ufpel.edu.br\/ovejanegra\/wp-json\/wp\/v2\/comments?post=101"}],"version-history":[{"count":21,"href":"https:\/\/wp.ufpel.edu.br\/ovejanegra\/wp-json\/wp\/v2\/pages\/101\/revisions"}],"predecessor-version":[{"id":642,"href":"https:\/\/wp.ufpel.edu.br\/ovejanegra\/wp-json\/wp\/v2\/pages\/101\/revisions\/642"}],"wp:attachment":[{"href":"https:\/\/wp.ufpel.edu.br\/ovejanegra\/wp-json\/wp\/v2\/media?parent=101"}],"curies":[{"name":"wp","href":"https:\/\/api.w.org\/{rel}","templated":true}]}}