{"id":573,"date":"2022-09-22T10:35:20","date_gmt":"2022-09-22T13:35:20","guid":{"rendered":"https:\/\/wp.ufpel.edu.br\/ouvidoria\/?page_id=573"},"modified":"2024-02-17T00:05:58","modified_gmt":"2024-02-17T03:05:58","slug":"voce-sabia","status":"publish","type":"page","link":"https:\/\/wp.ufpel.edu.br\/ouvidoria\/voce-sabia\/","title":{"rendered":"Voc\u00ea sabia?"},"content":{"rendered":"<p><span style=\"color: #ff0000;\">Ass\u00e9dio moral\/Ass\u00e9dio sexual &#8211; informe-se<\/span><\/p>\n<p><a href=\"https:\/\/www.mpf.mp.br\/sc\/arquivos\/cartilha-assedio\">https:\/\/www.mpf.mp.br\/sc\/arquivos\/cartilha-assedio<\/a><\/p>\n<p>&nbsp;<\/p>\n<p><strong>GUIA LIL\u00c1S<\/strong><\/p>\n<ul>\n<li>Orienta\u00e7\u00f5es para preven\u00e7\u00e3o e tratamento ao ass\u00e9dio moral e sexual e \u00e0 discrimina\u00e7\u00e3o no Governo Federal \u2013\u00a0<a href=\"https:\/\/wp.ufpel.edu.br\/cppad\/files\/2023\/07\/Guia_para_prevencao_assedio.pdf\">Guia_para_prevencao_assedio<\/a><\/li>\n<\/ul>\n<p>&nbsp;<\/p>\n<p><span style=\"color: #ff0000;\">#Integridade somos todos n\u00f3s (CGU)<\/span><\/p>\n<p><img src=\"https:\/\/www.gov.br\/cgu\/pt-br\/centrais-de-conteudo\/campanhas\/integridade-publica\/pecas-de-comunicacao\/governanca\/imagens\/Integridade_Governanca1.png\" \/><\/p>\n<p>&nbsp;<\/p>\n<p><img src=\"https:\/\/www.gov.br\/cgu\/pt-br\/centrais-de-conteudo\/campanhas\/integridade-publica\/pecas-de-comunicacao\/governanca\/imagens\/Integridade_Governanca2.png\" \/><\/p>\n<p>&nbsp;<\/p>\n<p><img src=\"https:\/\/www.gov.br\/cgu\/pt-br\/centrais-de-conteudo\/campanhas\/integridade-publica\/pecas-de-comunicacao\/governanca\/imagens\/Integridade_Governanca3.png\" \/><\/p>\n","protected":false},"excerpt":{"rendered":"<p>Ass\u00e9dio moral\/Ass\u00e9dio sexual &#8211; informe-se https:\/\/www.mpf.mp.br\/sc\/arquivos\/cartilha-assedio &nbsp; GUIA LIL\u00c1S Orienta\u00e7\u00f5es para preven\u00e7\u00e3o e tratamento ao ass\u00e9dio moral e sexual e \u00e0 discrimina\u00e7\u00e3o no Governo Federal \u2013\u00a0Guia_para_prevencao_assedio &nbsp; #Integridade somos todos n\u00f3s (CGU) &nbsp; &nbsp;<\/p>\n","protected":false},"author":254,"featured_media":0,"parent":0,"menu_order":0,"comment_status":"closed","ping_status":"closed","template":"","meta":{"footnotes":""},"class_list":["post-573","page","type-page","status-publish","hentry"],"_links":{"self":[{"href":"https:\/\/wp.ufpel.edu.br\/ouvidoria\/wp-json\/wp\/v2\/pages\/573","targetHints":{"allow":["GET"]}}],"collection":[{"href":"https:\/\/wp.ufpel.edu.br\/ouvidoria\/wp-json\/wp\/v2\/pages"}],"about":[{"href":"https:\/\/wp.ufpel.edu.br\/ouvidoria\/wp-json\/wp\/v2\/types\/page"}],"author":[{"embeddable":true,"href":"https:\/\/wp.ufpel.edu.br\/ouvidoria\/wp-json\/wp\/v2\/users\/254"}],"replies":[{"embeddable":true,"href":"https:\/\/wp.ufpel.edu.br\/ouvidoria\/wp-json\/wp\/v2\/comments?post=573"}],"version-history":[{"count":7,"href":"https:\/\/wp.ufpel.edu.br\/ouvidoria\/wp-json\/wp\/v2\/pages\/573\/revisions"}],"predecessor-version":[{"id":733,"href":"https:\/\/wp.ufpel.edu.br\/ouvidoria\/wp-json\/wp\/v2\/pages\/573\/revisions\/733"}],"wp:attachment":[{"href":"https:\/\/wp.ufpel.edu.br\/ouvidoria\/wp-json\/wp\/v2\/media?parent=573"}],"curies":[{"name":"wp","href":"https:\/\/api.w.org\/{rel}","templated":true}]}}