{"id":36,"date":"2013-04-05T09:21:05","date_gmt":"2013-04-05T12:21:05","guid":{"rendered":"https:\/\/wp.ufpel.edu.br\/ouvidoria\/?page_id=36"},"modified":"2024-11-11T03:42:32","modified_gmt":"2024-11-11T06:42:32","slug":"contato","status":"publish","type":"page","link":"https:\/\/wp.ufpel.edu.br\/ouvidoria\/contato\/","title":{"rendered":"Contato"},"content":{"rendered":"<blockquote><p><span style=\"font-family: arial, helvetica, sans-serif; font-size: 12pt;\"><b><a title=\"Localize no mapa\" href=\"http:\/\/goo.gl\/Boi7lb\" target=\"_blank\" rel=\"noopener noreferrer\">CAMPUS PORTO \/ ANGLO<\/a><\/b><\/span><\/p>\n<p><span style=\"font-family: arial, helvetica, sans-serif; font-size: 12pt;\"> Rua Gomes Carneiro, 01 &#8211; Centro<\/span><br \/>\n<span style=\"font-family: arial, helvetica, sans-serif; font-size: 12pt;\"> Pelotas &#8211; RS, Brasil &#8211; 96010-610<\/span><\/p>\n<p><span style=\"font-size: 12pt; font-family: arial, helvetica, sans-serif;\"><img class=\"\" src=\"https:\/\/encrypted-tbn0.gstatic.com\/images?q=tbn:ANd9GcRwJ7D154xJ6W1L2R1lRhZ5oXZrABT2G0LZPU-7tkvaoJNZ7S3dtlXqm7zKBsVLjLlv2sI&amp;usqp=CAU\" alt=\"Pin on PC, telecomunicazioni, TV, radio\" width=\"44\" height=\"44\" \/><\/span><span style=\"font-size: 12pt; font-family: arial, helvetica, sans-serif;\">(53) 3284-4098<\/span><\/p>\n<p><span style=\"font-size: 12pt;\"><img class=\"\" src=\"https:\/\/tse1.mm.bing.net\/th?id=OIP.kKBMrXmtJJoBHuGeRvXXIAAAAA&amp;pid=Api&amp;P=0&amp;w=175&amp;h=171\" width=\"30\" height=\"29\" \/><span style=\"font-family: arial, helvetica, sans-serif;\"> ouvidoria@ufpel.edu.br<\/span><\/span><\/p>\n<p><span style=\"font-size: 12pt;\"><img class=\"\" src=\"https:\/\/tse1.mm.bing.net\/th?id=OIP.kKBMrXmtJJoBHuGeRvXXIAAAAA&amp;pid=Api&amp;P=0&amp;w=175&amp;h=171\" width=\"31\" height=\"30\" \/><span style=\"font-family: arial, helvetica, sans-serif;\">ouvidoria.ufpel@gmail.com<\/span><\/span><\/p><\/blockquote>\n<p>&nbsp;<\/p>\n<p><strong>Hor\u00e1rios de atendimento:<\/strong><\/p>\n<p><strong>Presencial:<\/strong><\/p>\n<p>Segunda-feira &#8211; 15h \u00e0s 19h<\/p>\n<p>Quarta-feira &#8211; 10h \u00e0s 17h<\/p>\n<p>Sexta-feira &#8211; 15h \u00e0s 19h<\/p>\n<p><strong>Teletrabalho<\/strong><\/p>\n<p>Ter\u00e7a-feira\u00a0 e quinta-feira- Manh\u00e3 e tarde (9h-13h\/15h-19h)<\/p>\n<p><strong>Nos demais turnos\/per\u00edodos da semana, as atividades ser\u00e3o executadas em teletrabalho, nos seguintes hor\u00e1rios:\u00a0 manh\u00e3 das 9h \u00e0s 13h e \u00e0 tarde das 15h \u00e0s 19h.<\/strong><\/p>\n<p>&nbsp;<\/p>\n<p>Verifique em <span style=\"color: #ff0000;\">not\u00edcias<\/span> os afastamentos da Ouvidora e os hor\u00e1rios especiais da Ouvidoria (recesso, f\u00e9rias, viagens a servi\u00e7o&#8230;)<\/p>\n<p>&nbsp;<\/p>\n<p style=\"text-align: justify;\"><span style=\"font-size: 12pt;\"><strong><span style=\"font-family: arial, helvetica, sans-serif;\">Visite o link da <a href=\"https:\/\/wp.ufpel.edu.br\/acessoainformacao\/files\/2018\/03\/Carta-de-Servicos-ao-Cidadao.pdf\" target=\"_blank\" rel=\"noopener\">Carta de Servi\u00e7os ao Usu\u00e1rio<\/a>, documento que apresenta a Universidade e cont\u00e9m as informa\u00e7\u00f5es pertinentes aos servi\u00e7os prestados pela UFPel.\u00a0<\/span><\/strong><\/span><\/p>\n<p style=\"text-align: justify;\"><span style=\"font-family: arial, helvetica, sans-serif; font-size: 12pt;\"><strong>Registre sua manifesta\u00e7\u00e3o (solicita\u00e7\u00e3o, reclama\u00e7\u00e3o, den\u00fancia, sugest\u00e3o, elogio, pedido de simplifica\u00e7\u00e3o) ou pedido de acesso \u00e0 informa\u00e7\u00e3o na Plataforma Fala.BR clicando em <a href=\"https:\/\/falabr.cgu.gov.br\/\">https:\/\/falabr.cgu.gov.br\/<\/a><\/strong><\/span><\/p>\n<p>&nbsp;<\/p>\n","protected":false},"excerpt":{"rendered":"<p>CAMPUS PORTO \/ ANGLO Rua Gomes Carneiro, 01 &#8211; Centro Pelotas &#8211; RS, Brasil &#8211; 96010-610 (53) 3284-4098 ouvidoria@ufpel.edu.br ouvidoria.ufpel@gmail.com &nbsp; Hor\u00e1rios de atendimento: Presencial: Segunda-feira &#8211; 15h \u00e0s 19h Quarta-feira &#8211; 10h \u00e0s 17h Sexta-feira &#8211; 15h \u00e0s 19h Teletrabalho Ter\u00e7a-feira\u00a0 e quinta-feira- Manh\u00e3 e tarde (9h-13h\/15h-19h) Nos demais turnos\/per\u00edodos da semana, as atividades [&hellip;]<\/p>\n","protected":false},"author":254,"featured_media":0,"parent":0,"menu_order":7,"comment_status":"closed","ping_status":"closed","template":"","meta":{"footnotes":""},"class_list":["post-36","page","type-page","status-publish","hentry"],"_links":{"self":[{"href":"https:\/\/wp.ufpel.edu.br\/ouvidoria\/wp-json\/wp\/v2\/pages\/36","targetHints":{"allow":["GET"]}}],"collection":[{"href":"https:\/\/wp.ufpel.edu.br\/ouvidoria\/wp-json\/wp\/v2\/pages"}],"about":[{"href":"https:\/\/wp.ufpel.edu.br\/ouvidoria\/wp-json\/wp\/v2\/types\/page"}],"author":[{"embeddable":true,"href":"https:\/\/wp.ufpel.edu.br\/ouvidoria\/wp-json\/wp\/v2\/users\/254"}],"replies":[{"embeddable":true,"href":"https:\/\/wp.ufpel.edu.br\/ouvidoria\/wp-json\/wp\/v2\/comments?post=36"}],"version-history":[{"count":73,"href":"https:\/\/wp.ufpel.edu.br\/ouvidoria\/wp-json\/wp\/v2\/pages\/36\/revisions"}],"predecessor-version":[{"id":756,"href":"https:\/\/wp.ufpel.edu.br\/ouvidoria\/wp-json\/wp\/v2\/pages\/36\/revisions\/756"}],"wp:attachment":[{"href":"https:\/\/wp.ufpel.edu.br\/ouvidoria\/wp-json\/wp\/v2\/media?parent=36"}],"curies":[{"name":"wp","href":"https:\/\/api.w.org\/{rel}","templated":true}]}}