{"id":247,"date":"2016-06-28T11:46:23","date_gmt":"2016-06-28T14:46:23","guid":{"rendered":"https:\/\/wp.ufpel.edu.br\/ouvidoria\/?page_id=247"},"modified":"2026-02-20T04:03:51","modified_gmt":"2026-02-20T07:03:51","slug":"noticias","status":"publish","type":"page","link":"https:\/\/wp.ufpel.edu.br\/ouvidoria\/noticias\/","title":{"rendered":"Not\u00edcias"},"content":{"rendered":"<blockquote><p><a href=\"https:\/\/wp.ufpel.edu.br\/ouvidoria\/files\/2016\/06\/Imagem-Noticias-NAORT.jpg\"><img class=\"alignnone size-full wp-image-249\" src=\"https:\/\/wp.ufpel.edu.br\/ouvidoria\/files\/2016\/06\/Imagem-Noticias-NAORT.jpg\" alt=\"Imagem Not\u00edcias - NAORT\" width=\"117\" height=\"111\" \/><\/a><\/p><\/blockquote>\n<p><!--nextpage--><\/p>\n<p><strong>Aten\u00e7\u00e3o:<\/strong><\/p>\n<p>No per\u00edodo de 09\/2\/2026 a 28\/2\/2026, o atendimento presencial ser\u00e1 nos seguintes dias e hor\u00e1rios:<\/p>\n<p>Segunda-feira: 13:30 \u00e0s 17:30<\/p>\n<p>18:30 \u00e0s 22:30<\/p>\n<p>Ter\u00e7a-feira: 9:30 \u00e0s 13:30<\/p>\n<p>14:30 \u00e0s 18:30<\/p>\n<p>Quinta-feira: 15h \u00e0s 19h<\/p>\n<p>Sexta-feira: 9:30 \u00e0s 13:30<\/p>\n<p>&nbsp;<\/p>\n<p><strong>Aviso importante<\/strong>:<\/p>\n<p>No per\u00edodo de 22\/12\/2025 a 30\/1\/2026, o atendimento presencial\u00a0 na UFPel ser\u00e1 no turno da manh\u00e3, em virtude do recesso de final de ano\u00a0 e das f\u00e9rias acad\u00eamicas.<\/p>\n<p>&#8212;&#8212;&#8212;&#8212;&#8212;&#8212;&#8212;&#8212;&#8212;&#8212;&#8212;&#8212;&#8212;<!--nextpage--><\/p>\n<p><strong>Aviso importante<\/strong>:<\/p>\n<p>Em virtude do per\u00edodo de f\u00e9rias da Ouvidora Titular no per\u00edodo\u00a0 de 7\/4\/2025 a 23\/4\/2025, o atendimento se d<!--nextpage--><!--more--><!--nextpage-->ar\u00e1 por meio dos seguintes canais:<\/p>\n<p>Telefone (desviado para celular institucional): 3284.4098.<\/p>\n<p>E-mail: ouvidoria@ufpel.edu.br<\/p>\n<p>O atendimento presencial retornar\u00e1 a partir do dia 25\/4\/2025, o qual, caso queira, poder\u00e1 ser agendado por meio dos contatos informados.<\/p>\n<p>Caso haja alguma urg\u00eancia, procurar a Chefia de Gabinete\/UFPel.<\/p>\n<p>_________________________________<\/p>\n<p><strong>Aviso importante<\/strong>:<\/p>\n<p>Em virtude do per\u00edodo de f\u00e9rias da Ouvidora Titular no per\u00edodo\u00a0 de 03\/2\/2025 a 07\/2\/2025, o atendimento se dar\u00e1 por meio dos seguintes canais:<\/p>\n<p>Telefone (desviado para celular institucional): 3284.4098.<\/p>\n<p>E-mail: ouvidoria@ufpel.edu.br<\/p>\n<p>O atendimento presencial retornar\u00e1 a partir do dia 10\/2\/2025, o qual, caso queira, poder\u00e1 ser agendado por meio dos contatos informados.<\/p>\n<p>__________________________________<\/p>\n<p>Novembro\/2024<\/p>\n<p><strong>Hor\u00e1rio semana de 04\/11 a 08\/11\/2024<\/strong><\/p>\n<p>Segunda-feira, 04\/11\/20024 &#8211; Teletrabalho<\/p>\n<p>Ter\u00e7a e quinta-feira, 05 e 07\/11\/2024 &#8211; presencial<\/p>\n<p>Quarta-feira e sexta-feira, manh\u00e3, 06 e 08\/11\/2024 &#8211; presencial<\/p>\n<p>_____________________________________<\/p>\n<p>Setembro\/2024<\/p>\n<p><strong>No dia 30\/9\/2024<\/strong>, o atendimento ser\u00e1 por meio de teletrabalho. Caso necessite acessar a Ouvidoria, por favor, verifique nossos canais de atendimento.<\/p>\n<p><strong>Hor\u00e1rio presencial- 09\/9 a 13\/9<\/strong><\/p>\n<p>Ter\u00e7a-feira &#8211; 9h \u00e0s 17h<\/p>\n<p>Quinta-feira &#8211; 15h \u00e0s 19h<\/p>\n<p>Sexta-feira &#8211; 8:30 \u00e0s 12h<\/p>\n<p>____________________________________<!--more--><\/p>\n<p>Julho\/2024<\/p>\n<p><strong>Hor\u00e1rio presencial- 08\/7 a 12\/7\/2024<\/strong><\/p>\n<p>Segunda-feira &#8211; 8:30 \u00e0s 13h<\/p>\n<p>Quarta-feira &#8211; 8:30 \u00e0s 13h<\/p>\n<p>Sexta-feira &#8211; 15h \u00e0s 19h<\/p>\n<p>Demais dias, teletrabalho (entrar em contato por e-mail ou telefone).<\/p>\n<p>&#8212;&#8212;&#8212;&#8212;&#8212;&#8212;&#8212;&#8212;&#8212;&#8212;&#8212;&#8212;&#8212;&#8212;&#8212;<\/p>\n<p>Junho\/2024<\/p>\n<p><strong>Hor\u00e1rio presencial- 10\/6 a 14\/6\/2024<\/strong><\/p>\n<p>Segunda-feira &#8211; 8:30 \u00e0s 13h<\/p>\n<p>Sexta-feira &#8211; 15h \u00e0s 19h<\/p>\n<p>Demais dias, teletrabalho (entrar em contato por e-mail ou telefone).<\/p>\n<p>&#8212;&#8212;&#8212;&#8212;&#8212;&#8212;&#8212;&#8212;&#8212;&#8212;&#8212;&#8212;&#8212;&#8212;&#8212;<\/p>\n<p>Ma\u00e7o\/2024<\/p>\n<p><strong>Hor\u00e1rio presencial- 25\/3 a 29\/3\/2024<\/strong><\/p>\n<p>Segunda-feira &#8211; (15h \u00e0s 19h)<\/p>\n<p>Quinta-feira &#8211; (9h \u00e0s 13h)<\/p>\n<p>Sexta-feira &#8211; Feriado<\/p>\n<p>Demais dias, teletrabalho (entrar em contato por e-mail ou telefone).<\/p>\n<p>________________________________<\/p>\n<p>Fevereiro\/2024<\/p>\n<p><strong>Hor\u00e1rio presencial- 19\/2 a 23\/2\/2024<\/strong><\/p>\n<p>Segunda-feira &#8211; (15h \u00e0s 19h)<\/p>\n<p>Quarta-feira &#8211; (15h \u00e0s 19h)<\/p>\n<p>Quinta-feira &#8211; (9h \u00e0s 13h)<\/p>\n<p>Sexta-feira &#8211; (15h \u00e0s 19h)<\/p>\n<p>&#8212;&#8212;\u2010&#8212;&#8212;&#8212;&#8212;&#8212;&#8212;&#8212;&#8212;&#8212;&#8212;&#8212;&#8212;&#8212;<\/p>\n<p>Janeiro\/2024<\/p>\n<p><strong>Hor\u00e1rio presencial- 02\/1 a 26\/1\/2024<\/strong><\/p>\n<p>Segunda-feira &#8211; manh\u00e3<\/p>\n<p>Quarta-feira &#8211; manh\u00e3<\/p>\n<p>Sexta-feira &#8211; manh\u00e3<\/p>\n<p>&#8212;&#8212;\u2010&#8212;&#8212;&#8212;&#8212;&#8212;&#8212;&#8212;&#8212;&#8212;&#8212;&#8212;&#8212;&#8212;<\/p>\n<p>Dezembro\/2023<\/p>\n<p><strong>Hor\u00e1rio presencial- 18\/12 a 22\/12<\/strong><\/p>\n<p>Segunda-feira -manh\u00e3<\/p>\n<p>Quarta-feira &#8211; manh\u00e3<\/p>\n<p>Sexta-feira &#8211; manh\u00e3<\/p>\n<p>&#8212;&#8212;&#8212;&#8212;&#8212;&#8212;&#8212;&#8212;&#8212;&#8212;&#8212;&#8212;&#8212;&#8212;&#8212;-<\/p>\n<p><strong>Hor\u00e1rio presencial- 26\/12 a 29\/12<\/strong><\/p>\n<p>Ter\u00e7a-feira- manh\u00e3<\/p>\n<p>Quarta-feira- manh\u00e3<\/p>\n<p>Quinta-feira &#8211; manh\u00e3<\/p>\n<p>\u2010&#8211;\u2010&#8212;&#8212;&#8212;&#8212;&#8212;&#8212;&#8212;&#8212;&#8212;&#8212;&#8212;&#8212;&#8212;&#8212;<\/p>\n<p>Novembro\/2023<\/p>\n<p><span style=\"color: #ff0000;\">A Ouvidoria informa a altera\u00e7\u00e3o do hor\u00e1rio presencial nos dias 09 e 10\/11\/2023, em virtude de participa\u00e7\u00e3o em reuni\u00f5es.<\/span><\/p>\n<p><span style=\"color: #ff0000;\"><strong>Dia 09\/11\/2023<\/strong> &#8211; trabalho remoto (entre em contato por telefone ou e-mail);<\/span><\/p>\n<p><span style=\"color: #ff0000;\"><strong>Dia 10\/11\/2023<\/strong> &#8211; trabalho presencial no turno da manh\u00e3. \u00c0 tarde ser\u00e1 remoto (entre em contato por telefone ou e-mail).<\/span><\/p>\n<p>_______________________________________<\/p>\n<p>Set\/Outubro\/2023<\/p>\n<p><span style=\"color: #ff0000;\">De 27\/9\/2023 a 06\/10\/2023, a Ouvidora Titular estar\u00e1 em gozo de f\u00e9rias. Nesse per\u00edodo, o Ouvidor substituto estar\u00e1 \u00e0 frente da Ouvidoria., estando presencialmente no local, nos seguintes dias: ter\u00e7as e quintas-feiras(manh\u00e3 e tarde); sexta-feira no turno da manh\u00e3.<\/span><\/p>\n<p>_______________________________________<\/p>\n<p>Maio\/Junho\/2023<\/p>\n<p><span style=\"color: #ff0000;\">De 29\/5\/2023 a 09\/6\/2023, a Ouvidora Titular estar\u00e1 em gozo de f\u00e9rias. Nesse per\u00edodo, o Ouvidor substituto estar\u00e1 \u00e0 frente da Ouvidoria., estando presencialmente no local, nos seguintes dias: ter\u00e7as e quintas-feiras(manh\u00e3 e tarde); sexta-feira no turno da manh\u00e3.<\/span><\/p>\n<hr \/>\n<p><span style=\"background-color: #ffffff; color: #000000;\">Abril\/2023<\/span><\/p>\n<p><span style=\"color: #ff0000;\">No per\u00edodo de 17\/4 a 19\/4, a Titular da Ouvidoria estar\u00e1 em f\u00e9rias. Nesse tempo, o Ouvidor-Substituto, Alfredo Tillmann, estar\u00e1 \u00e0 frente da Ouvidoria, estando presencialmente no local, de segunda-feira a quarta-feira, no turno da tarde.<\/span><\/p>\n<hr \/>\n<p><span style=\"color: #000000;\">Mar\u00e7o\/2023<\/span><\/p>\n<p><span style=\"color: #ff0000;\">No per\u00edodo de 14\/ a 17\/3, a Titular da Ouvidoria estar\u00e1 em viagem a trabalho. Nesse tempo, o Ouvidor-Substituto, Alfredo Tillmann, estar\u00e1 \u00e0 frente da Ouvidoria, estando presencialmente no local, de ter\u00e7a-feira a quinta-feira, no turno da tarde e na sexta-feira, pela manh\u00e3.<\/span><\/p>\n<hr \/>\n<p>Janeiro\/2023<\/p>\n<p><span style=\"background-color: #ffffff; color: #ff0000;\">Obs.: Durante o m\u00eas de janeiro\/2023, at\u00e9 o dia 27\/1\/2023, o hor\u00e1rio de atendimento presencial ser\u00e1 pela manh\u00e3.\u00a0<\/span><\/p>\n<p>_______________________________________<\/p>\n<p><span style=\"color: #000000;\">21\/9\/2022<\/span><\/p>\n<p><span style=\"color: #ff0000;\">Informamos que hoje, no turno da tarde, a Ouvidora estar\u00e1 palestrando em Curso de Forma\u00e7\u00e3o de Gestores, o qual est\u00e1 ocorrendo nas depend\u00eancias da Escola Superior de Educa\u00e7\u00e3o F\u00edsica(ESEF\/UFPel). Caso necessite contatar-nos, por gentileza, envie e-mail para ouvidoria@ufpel.edu.br ou ligue para (53) 3284.4098.<\/span><\/p>\n<hr \/>\n<p><span style=\"color: #000000;\">29\/8\/2022<\/span><\/p>\n<p><span style=\"color: #ff0000;\">Informamos que a partir de hoje, at\u00e9 o dia 13\/9\/2022, a Ouvidora Titular, Biolange Piegas, estar\u00e1 em gozo de f\u00e9rias. Assim, durante esse per\u00edodo, favor entrar em contato pelo telefone da Ouvidoria, n\u00famero (53) 3284.4098 ou pelo e-mail do Ouvidor Substituto, Alfredo Tillmann (tillmann@ufpel.edu.br) para solicitar\/combinar atendimento presencial, caso seja necess\u00e1rio.<\/span><\/p>\n<hr \/>\n<p><span style=\"color: #000000;\">05\/8\/2022<\/span><\/p>\n<p><span style=\"color: #ff0000;\">Informamos que hoje, no turno da tarde, n\u00e3o haver\u00e1 atendimento presencial.<\/span><\/p>\n<p><span style=\"color: #ff0000;\">Dessa forma, pedimos a gentileza, caso necessite, entrar em contato com a Ouvidoria atrav\u00e9s do e-mail ouvidoria@ufpel.edu.br ou pelo telefone (53) 3284.4098<\/span>.<\/p>\n<hr \/>\n<p><span style=\"color: #000000;\">28\/7\/2022<\/span><\/p>\n<p><span style=\"color: #ff0000;\">Informamos que hoje, no turno da tarde, n\u00e3o haver\u00e1 atendimento presencial.<\/span><\/p>\n<p><span style=\"color: #ff0000;\">Motivo: a titular estar\u00e1 em consulta m\u00e9dica.<\/span><\/p>\n<hr \/>\n<p><span style=\"color: #000000;\">13\/7\/2022<\/span><\/p>\n<p><span style=\"color: #ff0000;\">Informamos que hoje, no turno da manh\u00e3, n\u00e3o haver\u00e1 atendimento presencial.<\/span><\/p>\n<p><span style=\"color: #ff0000;\">Motivo: a titular estar\u00e1 em consulta m\u00e9dica.<\/span><\/p>\n<hr \/>\n<div><span style=\"color: #000000;\">04\/7\/2022<\/span><\/div>\n<div><\/div>\n<div><span style=\"color: #ff0000;\">Informamos que, \u00e0 tarde, o atendimento ser\u00e1 por telefone (53 3284.4098) ou por meio do e-mail ouvidoria@ufpel.edu.br<\/span><\/div>\n<div><\/div>\n<div><span style=\"color: #ff0000;\">Motivo: a titular estar\u00e1 em consulta m\u00e9dica.<\/span><\/div>\n<hr \/>\n<p style=\"text-align: justify;\"><span style=\"color: #ff0000;\">Novembro\/2021<\/span><\/p>\n<div class=\"_3hi clearfix\">\n<div class=\"_1yr\"><span style=\"color: #ff0000;\">A CCS divulga informa\u00e7\u00f5es sobre a Ouvidoria da UFPel em <a style=\"color: #ff0000;\" href=\"https:\/\/ccs2.ufpel.edu.br\/wp\/2021\/11\/26\/ouvidoria-da-ufpel-recebe-manifestacoes-de-forma-online\/\">https:\/\/ccs2.ufpel.edu.br\/wp\/2021\/11\/26\/ouvidoria-da-ufpel-recebe-manifestacoes-de-forma-online\/<\/a><\/span><\/div>\n<\/div>\n<hr \/>\n<p style=\"text-align: justify;\"><span style=\"color: #000000; font-family: arial, helvetica, sans-serif;\">Agosto\/2021<\/span><\/p>\n<p style=\"text-align: justify;\"><span style=\"color: #008000; font-family: arial, helvetica, sans-serif;\">Durante o XXI Encontro do F\u00f3rum Nacional de Ouvidores Universit\u00e1rios e de Hospitais de Ensino \u2013 FNOUH (online) aconteceu o lan\u00e7amento do livro<strong> &#8220;Ouvidoria Brasileira: Cen\u00e1rios e Desafios&#8221;<\/strong>. <\/span><\/p>\n<p style=\"text-align: justify;\"><span style=\"color: #008000; font-family: arial, helvetica, sans-serif;\">A UFPel tem participa\u00e7\u00e3o <\/span><span style=\"color: #008000; font-family: arial, helvetica, sans-serif;\">por meio de artigo escrito (cap. 6, p\u00e1g. 99) pela Ouvidora,\u00a0 Biolange Oliveira Piegas.<\/span><\/p>\n<p style=\"text-align: justify;\"><span style=\"font-family: arial, helvetica, sans-serif;\"><span style=\"color: #008000;\">Visite o livro em\u00a0<\/span> <a href=\"https:\/\/livros.unb.br\/index.php\/portal\/catalog\/view\/105\/95\/497-1\">https:\/\/livros.unb.br\/index.php\/portal\/catalog\/view\/105\/95\/497-1<\/a><\/span><\/p>\n<hr \/>\n<p style=\"text-align: justify;\"><span style=\"color: #000000;\">Mar\u00e7o\/2020<\/span><\/p>\n<p style=\"text-align: justify;\"><span style=\"color: #ff0000;\">ATEN\u00c7\u00c3O:<\/span><\/p>\n<p style=\"text-align: justify;\"><span style=\"color: #ff0000; font-family: arial, helvetica, sans-serif; font-size: 12pt;\">Informamos que a Ouvidoria est\u00e1 realizando suas atividades de forma remota<em>, conforme as determina\u00e7\u00f5es constantes no <\/em><\/span><\/p>\n<p style=\"text-align: justify;\"><span style=\"color: #ff0000; font-family: arial, helvetica, sans-serif; font-size: 12pt;\"><em>Processo SEI 23110.007829\/2020-43, <\/em><\/span><span style=\"color: #ff0000; font-family: arial, helvetica, sans-serif; font-size: 12pt;\"><em>no hor\u00e1rio de segunda a sexta-feira, das 9h \u00e0s 17h.<\/em><\/span><\/p>\n","protected":false},"excerpt":{"rendered":"","protected":false},"author":254,"featured_media":0,"parent":0,"menu_order":0,"comment_status":"closed","ping_status":"closed","template":"","meta":{"footnotes":""},"class_list":["post-247","page","type-page","status-publish","hentry"],"_links":{"self":[{"href":"https:\/\/wp.ufpel.edu.br\/ouvidoria\/wp-json\/wp\/v2\/pages\/247","targetHints":{"allow":["GET"]}}],"collection":[{"href":"https:\/\/wp.ufpel.edu.br\/ouvidoria\/wp-json\/wp\/v2\/pages"}],"about":[{"href":"https:\/\/wp.ufpel.edu.br\/ouvidoria\/wp-json\/wp\/v2\/types\/page"}],"author":[{"embeddable":true,"href":"https:\/\/wp.ufpel.edu.br\/ouvidoria\/wp-json\/wp\/v2\/users\/254"}],"replies":[{"embeddable":true,"href":"https:\/\/wp.ufpel.edu.br\/ouvidoria\/wp-json\/wp\/v2\/comments?post=247"}],"version-history":[{"count":3,"href":"https:\/\/wp.ufpel.edu.br\/ouvidoria\/wp-json\/wp\/v2\/pages\/247\/revisions"}],"predecessor-version":[{"id":777,"href":"https:\/\/wp.ufpel.edu.br\/ouvidoria\/wp-json\/wp\/v2\/pages\/247\/revisions\/777"}],"wp:attachment":[{"href":"https:\/\/wp.ufpel.edu.br\/ouvidoria\/wp-json\/wp\/v2\/media?parent=247"}],"curies":[{"name":"wp","href":"https:\/\/api.w.org\/{rel}","templated":true}]}}