{"id":11,"date":"2013-04-04T13:56:38","date_gmt":"2013-04-04T16:56:38","guid":{"rendered":"https:\/\/wp.ufpel.edu.br\/ouvidoria\/?page_id=11"},"modified":"2022-05-09T20:32:34","modified_gmt":"2022-05-09T23:32:34","slug":"relatorios","status":"publish","type":"page","link":"https:\/\/wp.ufpel.edu.br\/ouvidoria\/relatorios\/","title":{"rendered":"Relat\u00f3rios"},"content":{"rendered":"<p><span style=\"font-family: arial, helvetica, sans-serif;\"><strong><span style=\"font-size: 10pt;\"><a href=\"https:\/\/wp.ufpel.edu.br\/ouvidoria\/files\/2021\/08\/Relatorio-manifestacoes.docx\">Relat\u00f3rio &#8211; manifesta\u00e7\u00f5es<\/a> &#8211; 2016\/2017<\/span><\/strong><\/span><\/p>\n<p><span style=\"font-family: arial, helvetica, sans-serif; font-size: 10pt;\"><strong><a href=\"https:\/\/wp.ufpel.edu.br\/ouvidoria\/files\/2013\/04\/Grafico-de-demandas-a-Ouvidoria-2016.docx\">Gr\u00e1fico e-mails &#8211; 2016<\/a><\/strong><\/span><\/p>\n<p><span style=\"font-family: arial, helvetica, sans-serif;\"><strong><a href=\"https:\/\/wp.ufpel.edu.br\/ouvidoria\/files\/2013\/04\/grafico-emails-2015-1.docx\"><span style=\"font-size: 10pt;\">Gr\u00e1fico e-mails 2015<\/span><\/a><\/strong><span style=\"font-size: 10pt;\">\u00a0<\/span><\/span><span style=\"font-size: 10pt;\"><strong>\u00a0<\/strong><\/span><\/p>\n<p><strong><span style=\"font-family: arial, helvetica, sans-serif; font-size: 10pt; color: #0000ff;\"><a style=\"color: #0000ff;\" href=\"https:\/\/sei.ufpel.edu.br\/sei\/controlador.php?acao=documento_download_anexo&amp;acao_origem=procedimento_visualizar&amp;id_anexo=515601&amp;infra_sistema=100000100&amp;infra_unidade_atual=110000397&amp;infra_hash=e229d616342951b7559af4449cd3b0a1e36af695b8fbef05265a3a16a6f87fcf\">Plano de trabalho &#8211; 2020<\/a><\/span><\/strong><\/p>\n<p><strong><a href=\"https:\/\/sei.ufpel.edu.br\/sei\/controlador.php?acao=documento_download_anexo&amp;acao_origem=procedimento_visualizar&amp;id_anexo=515609&amp;infra_sistema=100000100&amp;infra_unidade_atual=110000397&amp;infra_hash=4a953d7286b0a946c8ca358f960a3cc942184e1b0a1f1f01b800671159b30163\"><span style=\"font-family: arial, helvetica, sans-serif; font-size: 10pt; color: #0000ff;\">Relat\u00f3rio Gerencial &#8211; 2020<\/span><\/a><\/strong><\/p>\n<p><a href=\"https:\/\/wp.ufpel.edu.br\/ouvidoria\/files\/2022\/05\/Plano-de-Acao-Ouvidoria-2022-1.pdf\"><strong><span style=\"font-family: arial, helvetica, sans-serif; font-size: 10pt;\">Plano de A\u00e7\u00e3o &#8211; Ouvidoria &#8211; 2022<\/span><\/strong><\/a><\/p>\n<p>&nbsp;<\/p>\n<p>&nbsp;<\/p>\n<p>&nbsp;<\/p>\n<p>&nbsp;<\/p>\n<p>&nbsp;<\/p>\n<p>&nbsp;<\/p>\n<p>&nbsp;<\/p>\n<p>&nbsp;<\/p>\n<p>&nbsp;<\/p>\n<p>&nbsp;<\/p>\n<p>&nbsp;<\/p>\n<hr \/>\n<p><span style=\"font-family: arial, helvetica, sans-serif;\"><strong><a href=\"https:\/\/wp.ufpel.edu.br\/ouvidoria\/files\/2013\/04\/grafico-emails-2015-1.docx\">\u00a0<\/a><\/strong><\/span><\/p>\n","protected":false},"excerpt":{"rendered":"<p>Relat\u00f3rio &#8211; manifesta\u00e7\u00f5es &#8211; 2016\/2017 Gr\u00e1fico e-mails &#8211; 2016 Gr\u00e1fico e-mails 2015\u00a0\u00a0 Plano de trabalho &#8211; 2020 Relat\u00f3rio Gerencial &#8211; 2020 Plano de A\u00e7\u00e3o &#8211; Ouvidoria &#8211; 2022 &nbsp; &nbsp; &nbsp; &nbsp; &nbsp; &nbsp; &nbsp; &nbsp; &nbsp; &nbsp; &nbsp; \u00a0<\/p>\n","protected":false},"author":254,"featured_media":0,"parent":0,"menu_order":4,"comment_status":"closed","ping_status":"closed","template":"","meta":{"footnotes":""},"class_list":["post-11","page","type-page","status-publish","hentry"],"_links":{"self":[{"href":"https:\/\/wp.ufpel.edu.br\/ouvidoria\/wp-json\/wp\/v2\/pages\/11","targetHints":{"allow":["GET"]}}],"collection":[{"href":"https:\/\/wp.ufpel.edu.br\/ouvidoria\/wp-json\/wp\/v2\/pages"}],"about":[{"href":"https:\/\/wp.ufpel.edu.br\/ouvidoria\/wp-json\/wp\/v2\/types\/page"}],"author":[{"embeddable":true,"href":"https:\/\/wp.ufpel.edu.br\/ouvidoria\/wp-json\/wp\/v2\/users\/254"}],"replies":[{"embeddable":true,"href":"https:\/\/wp.ufpel.edu.br\/ouvidoria\/wp-json\/wp\/v2\/comments?post=11"}],"version-history":[{"count":29,"href":"https:\/\/wp.ufpel.edu.br\/ouvidoria\/wp-json\/wp\/v2\/pages\/11\/revisions"}],"predecessor-version":[{"id":535,"href":"https:\/\/wp.ufpel.edu.br\/ouvidoria\/wp-json\/wp\/v2\/pages\/11\/revisions\/535"}],"wp:attachment":[{"href":"https:\/\/wp.ufpel.edu.br\/ouvidoria\/wp-json\/wp\/v2\/media?parent=11"}],"curies":[{"name":"wp","href":"https:\/\/api.w.org\/{rel}","templated":true}]}}