{"id":2,"date":"2020-10-08T15:02:04","date_gmt":"2020-10-08T18:02:04","guid":{"rendered":"https:\/\/wp.ufpel.edu.br\/ortopediaequina\/?page_id=2"},"modified":"2020-10-08T16:08:29","modified_gmt":"2020-10-08T19:08:29","slug":"quem-somos","status":"publish","type":"page","link":"https:\/\/wp.ufpel.edu.br\/ortopediaequina\/","title":{"rendered":"Quem somos?"},"content":{"rendered":"<p><img class=\" wp-image-5 aligncenter\" src=\"https:\/\/wp.ufpel.edu.br\/ortopediaequina\/files\/2020\/10\/ICONE-400x400.png\" alt=\"\" width=\"138\" height=\"138\" srcset=\"https:\/\/wp.ufpel.edu.br\/ortopediaequina\/files\/2020\/10\/ICONE-400x400.png 400w, https:\/\/wp.ufpel.edu.br\/ortopediaequina\/files\/2020\/10\/ICONE-200x200.png 200w, https:\/\/wp.ufpel.edu.br\/ortopediaequina\/files\/2020\/10\/ICONE.png 512w\" sizes=\"(max-width: 138px) 100vw, 138px\" \/><\/p>\n<p style=\"text-align: justify\">O grupo de Ensino, Pesquisa e Extens\u00e3o em Ortopedia Equina pretende ensinar aos alunos sobre enfermidades ortop\u00e9dicas em equinos, visando a forma\u00e7\u00e3o de um M\u00e9dico Veterin\u00e1rio capacitado a entender a anatomia, biomec\u00e2nica, patofisiologia das enfermidades locomotoras em equinos, com intuito de criar possibilidades e novos caminhos de racioc\u00ednio, fortalecendo conceitos e criando bases s\u00f3lidas para o entendimento do complexo mundo do aparelho locomotor dos equinos.<\/p>\n<p style=\"text-align: justify\">Neste projeto o aluno de medicina veterin\u00e1ria aprender\u00e1 a realizar o exame cl\u00ednico do aparelho locomotor, realizar e interpretar diagn\u00f3sticos por imagem radiogr\u00e1fica e ultrassonogr\u00e1fica, com prop\u00f3sito de definir a melhor op\u00e7\u00e3o terap\u00eautica caso a caso, atrav\u00e9s de um racioc\u00ednio l\u00f3gico. Essa metodologia que ser\u00e1 ofertada aos acad\u00eamicos da Universidade Federal de Pelotas, ainda possibilitar\u00e1 o entendimento do progn\u00f3stico de distintas situa\u00e7\u00f5es cl\u00ednicas abordadas na ortopedia equina, desenvolvendo senso cr\u00edtico e postura profissional.<\/p>\n","protected":false},"excerpt":{"rendered":"<p>O grupo de Ensino, Pesquisa e Extens\u00e3o em Ortopedia Equina pretende ensinar aos alunos sobre enfermidades ortop\u00e9dicas em equinos, visando a forma\u00e7\u00e3o de um M\u00e9dico Veterin\u00e1rio capacitado a entender a anatomia, biomec\u00e2nica, patofisiologia das enfermidades locomotoras em equinos, com intuito de criar possibilidades e novos caminhos de racioc\u00ednio, fortalecendo conceitos e criando bases s\u00f3lidas para [&hellip;]<\/p>\n","protected":false},"author":1087,"featured_media":0,"parent":0,"menu_order":0,"comment_status":"closed","ping_status":"closed","template":"","meta":{"footnotes":""},"class_list":["post-2","page","type-page","status-publish","hentry"],"_links":{"self":[{"href":"https:\/\/wp.ufpel.edu.br\/ortopediaequina\/wp-json\/wp\/v2\/pages\/2","targetHints":{"allow":["GET"]}}],"collection":[{"href":"https:\/\/wp.ufpel.edu.br\/ortopediaequina\/wp-json\/wp\/v2\/pages"}],"about":[{"href":"https:\/\/wp.ufpel.edu.br\/ortopediaequina\/wp-json\/wp\/v2\/types\/page"}],"author":[{"embeddable":true,"href":"https:\/\/wp.ufpel.edu.br\/ortopediaequina\/wp-json\/wp\/v2\/users\/1087"}],"replies":[{"embeddable":true,"href":"https:\/\/wp.ufpel.edu.br\/ortopediaequina\/wp-json\/wp\/v2\/comments?post=2"}],"version-history":[{"count":3,"href":"https:\/\/wp.ufpel.edu.br\/ortopediaequina\/wp-json\/wp\/v2\/pages\/2\/revisions"}],"predecessor-version":[{"id":21,"href":"https:\/\/wp.ufpel.edu.br\/ortopediaequina\/wp-json\/wp\/v2\/pages\/2\/revisions\/21"}],"wp:attachment":[{"href":"https:\/\/wp.ufpel.edu.br\/ortopediaequina\/wp-json\/wp\/v2\/media?parent=2"}],"curies":[{"name":"wp","href":"https:\/\/api.w.org\/{rel}","templated":true}]}}