{"id":51,"date":"2021-02-10T18:07:34","date_gmt":"2021-02-10T21:07:34","guid":{"rendered":"https:\/\/wp.ufpel.edu.br\/omixlab\/?page_id=51"},"modified":"2021-02-10T18:21:10","modified_gmt":"2021-02-10T21:21:10","slug":"sobre","status":"publish","type":"page","link":"https:\/\/wp.ufpel.edu.br\/omixlab\/sobre\/","title":{"rendered":"Sobre"},"content":{"rendered":"<p>O <strong>Omixlab<\/strong> \u00e9 um grupo de pesquisa da Universidade Federal de Pelotas (UFPel) coordenado pelo professor Federico Schmitt Kremer, tendo sido iniciado em 2019. O grupo tem como foco a aplica\u00e7\u00e3o de m\u00e9todos da<strong> ci\u00eancia de dados, <\/strong>como<em> engenharia de dados<\/em> e <em>aprendizado de m\u00e1quina<\/em>,\u00a0em <strong>bioinform\u00e1tica<\/strong>, de modo a atender demandas da <strong>biotecnologia moderna. <\/strong>Atualmente o grupo est\u00e1 sediado no Laborat\u00f3rio de Bioinform\u00e1tica e Prote\u00f4mica (BioPro-Lab), coordenado pelo professor Luciano da Silva Pinto.<\/p>\n<p><strong>Coordenador:<\/strong> Dr. Frederico Schmitt Kremer<\/p>\n<p><strong>Coordenador Adjunto:<\/strong> Dr. Luciano da Silva Pinto<\/p>\n<h3>Saiba mais<\/h3>\n<p><a href=\"http:\/\/dgp.cnpq.br\/dgp\/espelhogrupo\/665547\">P\u00e1gina do Omixlab no Diret\u00f3rio dos Grupos de Pesquisa do Brasil (CNPq)<\/a><\/p>\n","protected":false},"excerpt":{"rendered":"<p>O Omixlab \u00e9 um grupo de pesquisa da Universidade Federal de Pelotas (UFPel) coordenado pelo professor Federico Schmitt Kremer, tendo sido iniciado em 2019. O grupo tem como foco a aplica\u00e7\u00e3o de m\u00e9todos da ci\u00eancia de dados, como engenharia de dados e aprendizado de m\u00e1quina,\u00a0em bioinform\u00e1tica, de modo a atender demandas da biotecnologia moderna. Atualmente [&hellip;]<\/p>\n","protected":false},"author":1112,"featured_media":0,"parent":0,"menu_order":0,"comment_status":"closed","ping_status":"closed","template":"","meta":{"footnotes":""},"class_list":["post-51","page","type-page","status-publish","hentry"],"_links":{"self":[{"href":"https:\/\/wp.ufpel.edu.br\/omixlab\/wp-json\/wp\/v2\/pages\/51","targetHints":{"allow":["GET"]}}],"collection":[{"href":"https:\/\/wp.ufpel.edu.br\/omixlab\/wp-json\/wp\/v2\/pages"}],"about":[{"href":"https:\/\/wp.ufpel.edu.br\/omixlab\/wp-json\/wp\/v2\/types\/page"}],"author":[{"embeddable":true,"href":"https:\/\/wp.ufpel.edu.br\/omixlab\/wp-json\/wp\/v2\/users\/1112"}],"replies":[{"embeddable":true,"href":"https:\/\/wp.ufpel.edu.br\/omixlab\/wp-json\/wp\/v2\/comments?post=51"}],"version-history":[{"count":5,"href":"https:\/\/wp.ufpel.edu.br\/omixlab\/wp-json\/wp\/v2\/pages\/51\/revisions"}],"predecessor-version":[{"id":58,"href":"https:\/\/wp.ufpel.edu.br\/omixlab\/wp-json\/wp\/v2\/pages\/51\/revisions\/58"}],"wp:attachment":[{"href":"https:\/\/wp.ufpel.edu.br\/omixlab\/wp-json\/wp\/v2\/media?parent=51"}],"curies":[{"name":"wp","href":"https:\/\/api.w.org\/{rel}","templated":true}]}}