{"id":44,"date":"2021-02-10T17:52:34","date_gmt":"2021-02-10T20:52:34","guid":{"rendered":"https:\/\/wp.ufpel.edu.br\/omixlab\/?page_id=44"},"modified":"2021-02-10T18:07:26","modified_gmt":"2021-02-10T21:07:26","slug":"linhas-de-pesquisa","status":"publish","type":"page","link":"https:\/\/wp.ufpel.edu.br\/omixlab\/linhas-de-pesquisa\/","title":{"rendered":"Linhas de Pesquisa"},"content":{"rendered":"<p>As pesquisas desenvolvidas pelo <strong>Omixlab<\/strong> s\u00e3o centradas na aplica\u00e7\u00e3o de t\u00e9cnicas modernas de ci\u00eancia de dados na solu\u00e7\u00e3o de problemas biol\u00f3gicas, sendo dividida nas seguintes linhas:<\/p>\n<p>&nbsp;<\/p>\n<ul>\n<li><strong>Aprendizagem de m\u00e1quina aplicada \u00e0 gen\u00f4mica e quimioinform\u00e1tica: <\/strong>aplica\u00e7\u00e3o de abordagens e cria\u00e7\u00e3o de solu\u00e7\u00f5es baseadas em aprendizagem de m\u00e1quina (<em>machine learning<\/em>) para resolver problemas pertinentes em gen\u00f4mica (bem como outras ci\u00eancias \u00f4micas) e quimioinform\u00e1tica.<\/li>\n<\/ul>\n<p>&nbsp;<\/p>\n<ul>\n<li><strong>Engenharia de dados e big data aplicada \u00e0 gen\u00f4mica e quimioinform\u00e1tica: <\/strong>cria\u00e7\u00e3o de solu\u00e7\u00f5es para extra\u00e7\u00e3o, transforma\u00e7\u00e3o, armazenamento e consulta de grandes volumes de dados biol\u00f3gicos de forma reprodut\u00edvel e escal\u00e1vel.<\/li>\n<\/ul>\n","protected":false},"excerpt":{"rendered":"<p>As pesquisas desenvolvidas pelo Omixlab s\u00e3o centradas na aplica\u00e7\u00e3o de t\u00e9cnicas modernas de ci\u00eancia de dados na solu\u00e7\u00e3o de problemas biol\u00f3gicas, sendo dividida nas seguintes linhas: &nbsp; Aprendizagem de m\u00e1quina aplicada \u00e0 gen\u00f4mica e quimioinform\u00e1tica: aplica\u00e7\u00e3o de abordagens e cria\u00e7\u00e3o de solu\u00e7\u00f5es baseadas em aprendizagem de m\u00e1quina (machine learning) para resolver problemas pertinentes em gen\u00f4mica [&hellip;]<\/p>\n","protected":false},"author":1112,"featured_media":0,"parent":0,"menu_order":0,"comment_status":"closed","ping_status":"closed","template":"","meta":{"footnotes":""},"class_list":["post-44","page","type-page","status-publish","hentry"],"_links":{"self":[{"href":"https:\/\/wp.ufpel.edu.br\/omixlab\/wp-json\/wp\/v2\/pages\/44","targetHints":{"allow":["GET"]}}],"collection":[{"href":"https:\/\/wp.ufpel.edu.br\/omixlab\/wp-json\/wp\/v2\/pages"}],"about":[{"href":"https:\/\/wp.ufpel.edu.br\/omixlab\/wp-json\/wp\/v2\/types\/page"}],"author":[{"embeddable":true,"href":"https:\/\/wp.ufpel.edu.br\/omixlab\/wp-json\/wp\/v2\/users\/1112"}],"replies":[{"embeddable":true,"href":"https:\/\/wp.ufpel.edu.br\/omixlab\/wp-json\/wp\/v2\/comments?post=44"}],"version-history":[{"count":4,"href":"https:\/\/wp.ufpel.edu.br\/omixlab\/wp-json\/wp\/v2\/pages\/44\/revisions"}],"predecessor-version":[{"id":50,"href":"https:\/\/wp.ufpel.edu.br\/omixlab\/wp-json\/wp\/v2\/pages\/44\/revisions\/50"}],"wp:attachment":[{"href":"https:\/\/wp.ufpel.edu.br\/omixlab\/wp-json\/wp\/v2\/media?parent=44"}],"curies":[{"name":"wp","href":"https:\/\/api.w.org\/{rel}","templated":true}]}}