{"id":413,"date":"2020-04-15T15:08:03","date_gmt":"2020-04-15T18:08:03","guid":{"rendered":"https:\/\/wp.ufpel.edu.br\/omega\/?page_id=413"},"modified":"2020-04-28T06:14:31","modified_gmt":"2020-04-28T09:14:31","slug":"textos","status":"publish","type":"page","link":"https:\/\/wp.ufpel.edu.br\/omega\/textos\/","title":{"rendered":"Textos"},"content":{"rendered":"<p>Aqui voc\u00ea encontra alguns dos trabalhos acad\u00eamicos que resultam das nossas investiga\u00e7\u00f5es e que\u00a0 est\u00e3o dispon\u00edveis em plataformas <em>on line<\/em>:<\/p>\n<p><a href=\"https:\/\/periodicos.sbu.unicamp.br\/ojs\/index.php\/conce\/article\/view\/8650912\" target=\"_blank\" rel=\"noopener noreferrer\">ALLEMAND, D\u00e9bora S.; CORR\u00caA, Josiane F.; HOFFMANN, Carmen A. 2% para mais ou para menos: a ordem dos fatores [dan\u00e7ados] altera o produto [improvisado]. <strong>Concei\u00e7\u00e3o\/Conception<\/strong>. Campinas, v. 7, n. 1, p. 2-16, 2018.<\/a><\/p>\n<p><a href=\"http:\/\/www.seer.fundarte.rs.gov.br\/index.php\/Anaissem\/article\/view\/611\" target=\"_blank\" rel=\"noopener noreferrer\">ALLEMAND, D\u00e9bora S.; CORR\u00caA, Josiane F. Doc\u00eancia em Dan\u00e7a na Educa\u00e7\u00e3o B\u00e1sica: corpo que n\u00e3o sabe que sabe e reflex\u00f5es sobre a forma\u00e7\u00e3o docente na Licenciatura em Dan\u00e7a. <strong>Anais do 26\u00ba Semin\u00e1rio Nacional de Arte e Educa\u00e7\u00e3o &#8220;O ensino da arte em tempos de crise&#8221;<\/strong>. Montenegro, n. 26, 2018.<\/a><\/p>\n<p><a href=\"https:\/\/issuu.com\/juanmanueldieztetamanti\/docs\/experiencias_cartogr__ficas_full\" target=\"_blank\" rel=\"noopener noreferrer\">ALLEMAND, D\u00e9bora S.; HOFFMANN, Carmen A. <strong>Por a\u00ed, por a\u00ed&#8230; experi\u00eancias corpogr\u00e1ficas na cidade de Pelotas<\/strong>. In: JUEZ TETAMANTI, Juan Manuel (Org.). Experiencias cartogr\u00e1ficas: explora\u00e7iones ey derivas. Ciudad Aut\u00f3noma de Buenos Aires: Editorial Marg\u00e9n, 2017. p. 11-22.\u00a0<\/a><\/p>\n<p><a href=\"http:\/\/www.revistas.udesc.br\/index.php\/dapesquisa\/article\/view\/1808312914242019052\" target=\"_blank\" rel=\"noopener noreferrer\">ALLEMAND, D\u00e9bora S.; LESSA, Helena T.; LOPES, Sarah Le\u00e3o; HOFFMANN, Carmen A. Saia! Vestes e contradi\u00e7\u00f5es de uma performance. <strong>DaPesquisa<\/strong>. Florian\u00f3polis, v. 14, n. 24, p. 52-67, 2019.<\/a><\/p>\n<p><a href=\"https:\/\/periodicos.ufmg.br\/index.php\/revistapos\/article\/view\/15589\" target=\"_blank\" rel=\"noopener noreferrer\">BARBOZA, M\u00f4nica C. de Borba; SANTOS, Eleonora C. da Motta; SABALLA, Viviane. Perspectivas colaborativas de forma\u00e7\u00e3o docente a partir de uma experi\u00eancia no ensino de bal\u00e9. <strong>P\u00d3S<\/strong>: Revista do Programa de P\u00f3s-gradua\u00e7\u00e3o em Artes da EBA\/UFMG. Belo Horizonte, v. 8, n. 16, p. 1-18, 2018.<\/a><\/p>\n<p><a href=\"https:\/\/seer.ufrgs.br\/cena\/article\/view\/72787\" target=\"_blank\" rel=\"noopener noreferrer\">CABRAL, Jeferson de Oliveira; SANTOS, Vera L. Bertoni. Experi\u00eancia e narra\u00e7\u00e3o: reflex\u00f5es a partir do document\u00e1rio de dan\u00e7a-teatro Sonhos em Movimento. <strong>Cena<\/strong>. Porto Alegre, n. 22, p. 158-165, 2017.<\/a><\/p>\n<p><a href=\"http:\/\/www.revistas.udesc.br\/index.php\/urdimento\/article\/view\/1414573101282017242\/6935\" target=\"_blank\" rel=\"noopener noreferrer\">CABRAL, Jeferson de Oliveira; SANTOS, Vera L. Bertoni. Uma pr\u00e1tica perform\u00e1tica na dan\u00e7a-teatro: o uso de experi\u00eancias pessoais como dramaturgia e como processo formativo. <strong>Urdimento.<\/strong> Florian\u00f3polis, v. 1, n. 28, p. 242-252, 2017.<\/a><\/p>\n<p><a href=\"http:\/\/www.revistas.udesc.br\/index.php\/urdimento\/article\/view\/1414573103332018351\" target=\"_blank\" rel=\"noopener noreferrer\">CASTRO, Daniela L.; MONTEIRO, Elisabete A. Pinheiro; SANTOS, Eleonora C. da Motta. Na vida, no palco, na cena: amadurecer dan\u00e7ando, por que n\u00e3o? <strong>Urdimento<\/strong>. Florian\u00f3polis, v. 3, n. 33, 351-362, 2018.<\/a><\/p>\n<p><a href=\"http:\/\/200.19.146.79\/index.php\/ouvirouver\/article\/view\/39902\" target=\"_blank\" rel=\"noopener noreferrer\">CORR\u00caA, Josiane F.; HOFFMANN, Carmen A.; JESUS, Thiago S. de Amorim. Considera\u00e7\u00f5es sobre doc\u00eancia, forma\u00e7\u00e3o e inser\u00e7\u00e3o da dan\u00e7a no espa\u00e7o escolar brasileiro. <strong>OuvirOUver. <\/strong>Uberl\u00e2ndia, v. 14, n. 1, p. 194-205, 2018.<\/a><\/p>\n<p><a href=\"https:\/\/seer.ufrgs.br\/presenca\/article\/view\/41528\" target=\"_blank\" rel=\"noopener noreferrer\">CORR\u00caA, Josiane F.; SANTOS, Vera L. Bertoni dos. Dan\u00e7a na Educa\u00e7\u00e3o B\u00e1sica: apropria\u00e7\u00f5es de pr\u00e1ticas contempor\u00e2neas no ensino de dan\u00e7a. <strong>Revista Brasileira de Estudos da Presen\u00e7a<\/strong>. Porto Alegre, v. 4, n. 3, p. 509-526, 2014.<\/a><\/p>\n<p><a href=\"http:\/\/revistas.udesc.br\/index.php\/dapesquisa\/article\/view\/1808312914232019034\" target=\"_blank\" rel=\"noopener noreferrer\">CORR\u00caA, Josiane F.; SANTOS, Vera L. Bertoni dos. Dan\u00e7a na Escola no Rio Grande do Sul: percursos hist\u00f3ricos e pesquisas acad\u00eamicas. <strong>DaPesquisa<\/strong>. Florian\u00f3polis, v. 14, n. 23, p. 33-48, 2019.<\/a><\/p>\n<p><a href=\"http:\/\/www.scielo.br\/scielo.php?script=sci_arttext&amp;pid=S2237-26602019000100204&amp;lng=en&amp;nrm=iso&amp;tlng=pt\" target=\"_blank\" rel=\"noopener noreferrer\">CORR\u00caA, Josiane F.; SANTOS, Vera L. Bertoni dos. Pol\u00edticas Educacionais e Pesquisas Acad\u00eamicas sobre Dan\u00e7a na Escola no Brasil: um movimento em rede. <strong>Revista Brasileira de Estudos da Presen\u00e7a<\/strong>. Porto Alegre, v. 9, n. 1, p. 1-19, 2019.<\/a><\/p>\n<p><a href=\"https:\/\/portalseer.ufba.br\/index.php\/revteatro\/article\/view\/4666\/3486\" target=\"_blank\" rel=\"noopener noreferrer\">COUTINHO, Denise; SANTOS, Eleonora C. da Motta. Epistemologias n\u00e3o-cartesianas na interface artes-humanidades. <strong>Repert\u00f3rio &#8211; Teatro e Dan\u00e7a<\/strong>. Salvador, Ano 13, n. 14, p. 65-73, 2010.<\/a><\/p>\n<p><a href=\"http:\/\/www.portalabrace.org\/viicongresso\/completos\/pesquisadanca\/Alexandra_Gon__alves_Dias_-_Procedimentos_intersticiais.pdf\" target=\"_blank\" rel=\"noopener noreferrer\">DIAS, Alexandra Gon\u00e7alves. <strong>Procedimentos intersticiais<\/strong>. In: VII Congresso da ABRACE, 2012, Porto Alegre RS. Anais (on line).<\/a><\/p>\n<p><a href=\"https:\/\/proceedings.science\/trans-in-corporados-2017\/papers\/solo-coletivo--a-criacao-solo-para-alem-do-singular\" target=\"_blank\" rel=\"noopener noreferrer\">DIAS, Alexandra. <strong>Solo-coletivo<\/strong>: A cria\u00e7\u00e3o solo para al\u00e9m do singular. In: Semin\u00e1rio Internacional Trans-in-corporados, 2, 2017, Rio de Janeiro RJ. Anais (on line).<\/a><\/p>\n<p><a href=\"https:\/\/portalseer.ufba.br\/index.php\/revteatro\/article\/view\/21648\" target=\"_blank\" rel=\"noopener noreferrer\">HOFFMANN, Carmen A.; ZANELLA, Andrisa K.; ALLEMAND, D\u00e9bora S. Os caminhos do curso de dan\u00e7a da Unicruz (1998-2010). <strong>Repert\u00f3rio &#8211; Teatro e Dan\u00e7a<\/strong>. Salvador, ano 22, n. 32, p. 321-343, 2019.<\/a><\/p>\n<p><a href=\"https:\/\/periodicos.ufrn.br\/artresearchjournal\/article\/view\/17834\" target=\"_blank\" rel=\"noopener noreferrer\">JESUS, Thiago S. de Amorim. Carnaval brasileiro: express\u00e3o da cultura popular adaptando-se aos efeitos das tecnologias contempor\u00e2neas. <strong>Art Research Journal<\/strong>.\u00a0 v. 5, n. 2, p. 1-16, 2018.<\/a><\/p>\n<p><a href=\"https:\/\/www.cocen.unicamp.br\/revistadigital\/index.php\/simposiorfc\/article\/view\/564\" target=\"_blank\" rel=\"noopener noreferrer\">LESSA, Helena T.; ALLEMAND, D\u00e9bora S. Mais do mesmo ou mais do diferente? Reflex\u00f5es sobre a aprecia\u00e7\u00e3o em dan\u00e7a na contemporaneidade.<strong> Anais Simp\u00f3sio Reflex\u00f5es C\u00eanicas Contempor\u00e2neas<\/strong>, v. 2018, p. 454, 2018.<\/a><\/p>\n<p><a href=\"https:\/\/seer.ufrgs.br\/cena\/article\/view\/58771\/36567\" target=\"_blank\" rel=\"noopener noreferrer\">LESSA, Helena T.; JESUS, Thiago S. de Amorim.; CORREA, Josiane. F. . Coreografando o corpo do espectador: aproxima\u00e7\u00f5es entre neuroest\u00e9tica e dan\u00e7a. <strong>Revista Cena<\/strong>. Porto Alegre, v. 2, p. 1-10, 2015.<\/a><\/p>\n<p><a href=\"https:\/\/www.revistas.ufg.br\/VISUAL\/article\/view\/47193\" target=\"_blank\" rel=\"noopener noreferrer\">ROCHA, Beliza G.; MANZKE, Sabrina M.; JESUS, Thiago S. de Amorim. Folguedos no Rio Grande do Sul: estudos iniciais sobre folclore de margem. <strong>Visualidades<\/strong>. Goi\u00e2nia, v. 16, n. 1, p. 169-190, 2018.<\/a><\/p>\n<p><a href=\"https:\/\/portalseer.ufba.br\/index.php\/revteatro\/article\/view\/5403\" target=\"_blank\" rel=\"noopener noreferrer\">SANTOS, Eleonora. Fran\u00e7ois Delsarte, um ponto para a dan\u00e7a. <strong>Repert\u00f3rio &#8211; Teatro e Dan\u00e7a<\/strong>. Salvador, Ano 14, n. 16, p. 181-190, 2011.\u00a0<\/a><\/p>\n<p><a href=\"https:\/\/periodicos.ufsm.br\/revislav\/article\/view\/39302\" target=\"_blank\" rel=\"noopener noreferrer\">ZANELLA, Andrisa K.; LESSA, Helena T.; CORR\u00caA, Josiane F. O est\u00e1gio no Curso de Dan\u00e7a: reflex\u00f5es sobre doc\u00eancia, forma\u00e7\u00e3o e conhecimento em dan\u00e7a. <strong>LAV &#8211; Revista Digital do Laborat\u00f3rio de Artes Visuais<\/strong>. Santa Maria, v. 12, n. 3, p. 191-209, 2019.<\/a><\/p>\n<p><a href=\"http:\/\/www.scielo.br\/scielo.php?pid=S1413-24782017000100101&amp;script=sci_arttext\" target=\"_blank\" rel=\"noopener noreferrer\">ZANELLA, Andrisa K.; PERES, L\u00facia M. Vaz. No entrecruzamento de linguagens&#8230;: a arte e o corpo para pensar a educa\u00e7\u00e3o e a forma\u00e7\u00e3o do humano. <strong>Revista Brasileira de Educa\u00e7\u00e3o<\/strong>. Rio de Janeiro, v. 22, n. 68, p. 101-121, 2017.<\/a><\/p>\n","protected":false},"excerpt":{"rendered":"<p>Aqui voc\u00ea encontra alguns dos trabalhos acad\u00eamicos que resultam das nossas investiga\u00e7\u00f5es e que\u00a0 est\u00e3o dispon\u00edveis em plataformas on line: ALLEMAND, D\u00e9bora S.; CORR\u00caA, Josiane F.; HOFFMANN, Carmen A. 2% para mais ou para menos: a ordem dos fatores [dan\u00e7ados] altera o produto [improvisado]. Concei\u00e7\u00e3o\/Conception. Campinas, v. 7, n. 1, p. 2-16, 2018. ALLEMAND, D\u00e9bora [&hellip;]<\/p>\n","protected":false},"author":772,"featured_media":0,"parent":0,"menu_order":0,"comment_status":"closed","ping_status":"closed","template":"","meta":{"footnotes":""},"class_list":["post-413","page","type-page","status-publish","hentry"],"_links":{"self":[{"href":"https:\/\/wp.ufpel.edu.br\/omega\/wp-json\/wp\/v2\/pages\/413","targetHints":{"allow":["GET"]}}],"collection":[{"href":"https:\/\/wp.ufpel.edu.br\/omega\/wp-json\/wp\/v2\/pages"}],"about":[{"href":"https:\/\/wp.ufpel.edu.br\/omega\/wp-json\/wp\/v2\/types\/page"}],"author":[{"embeddable":true,"href":"https:\/\/wp.ufpel.edu.br\/omega\/wp-json\/wp\/v2\/users\/772"}],"replies":[{"embeddable":true,"href":"https:\/\/wp.ufpel.edu.br\/omega\/wp-json\/wp\/v2\/comments?post=413"}],"version-history":[{"count":5,"href":"https:\/\/wp.ufpel.edu.br\/omega\/wp-json\/wp\/v2\/pages\/413\/revisions"}],"predecessor-version":[{"id":442,"href":"https:\/\/wp.ufpel.edu.br\/omega\/wp-json\/wp\/v2\/pages\/413\/revisions\/442"}],"wp:attachment":[{"href":"https:\/\/wp.ufpel.edu.br\/omega\/wp-json\/wp\/v2\/media?parent=413"}],"curies":[{"name":"wp","href":"https:\/\/api.w.org\/{rel}","templated":true}]}}