{"id":105,"date":"2018-06-06T11:21:56","date_gmt":"2018-06-06T14:21:56","guid":{"rendered":"https:\/\/wp.ufpel.edu.br\/omega\/?page_id=105"},"modified":"2023-05-15T18:58:07","modified_gmt":"2023-05-15T21:58:07","slug":"o-grupo","status":"publish","type":"page","link":"https:\/\/wp.ufpel.edu.br\/omega\/o-grupo\/","title":{"rendered":"O Grupo"},"content":{"rendered":"<p style=\"text-align: justify;\">O <strong>OMEGA &#8211; Observat\u00f3rio de Mem\u00f3ria, Educa\u00e7\u00e3o, Gesto e Arte<\/strong> \u00e9 um Grupo de Pesquisa (UFPel\/CNPq) que se constitui num espa\u00e7o acad\u00eamico de investiga\u00e7\u00e3o, reflex\u00e3o, produ\u00e7\u00e3o e interc\u00e2mbio de saberes\/fazeres provenientes das diferentes formas de express\u00e3o da cultura, apreendidas a partir dos mais diversos matizes e proced\u00eancias.<\/p>\n<p style=\"text-align: justify;\">Nesse sentido, s\u00e3o interesses concomitantes do grupo a articula\u00e7\u00e3o de conhecimentos entre artistas, pesquisadores, educadores e educandos, mestres da cultura popular, gestores culturais e demais agentes envolvidos com as \u00e1reas mencionadas, bem como temas da ordem contempor\u00e2nea associados \u00e0s quest\u00f5es de g\u00eanero, etnia.<\/p>\n<p style=\"text-align: justify;\">\u00c9 mister destacar que o OMEGA prioriza uma vis\u00e3o simb\u00f3lica hol\u00edstica que evidencia um olhar temporal simultaneamente sincr\u00f4nico e diacr\u00f4nico, no intuito de compreender e valorizar os saberes\/fazeres art\u00edsticos e educativos e mem\u00f3rias individuais e coletivas (exist\u00eancia singular-plural) enquanto movimento de conex\u00e3o entre passado, presente e futuro e suas possibilidades e desdobramentos.<\/p>\n<hr \/>\n<p style=\"text-align: justify;\"><strong>Linhas de Pesquisa:<\/strong><\/p>\n<p style=\"text-align: justify;\"><strong>Processos art\u00edsticos e educacionais na contemporaneidade<\/strong> &#8211; Interessa-se por estudos disciplinares, inter e transdisciplinares focados na investiga\u00e7\u00e3o, registro, difus\u00e3o, an\u00e1lise, problematiza\u00e7\u00e3o, cria\u00e7\u00e3o, frui\u00e7\u00e3o a partir de tem\u00e1ticas orientadas por um olhar reflexivo que transita entre as no\u00e7\u00f5es de artes, corpo, dan\u00e7a, cena, educa\u00e7\u00e3o, doc\u00eancia, cultura, g\u00eanero e tecnologia.<\/p>\n<p style=\"text-align: justify;\"><strong>Teoria, Mem\u00f3ria e Culturas Populares<\/strong> &#8211; Interessa-se por estudos disciplinares, inter e transdisciplinares focados na constru\u00e7\u00e3o de saberes\/fazeres que se articulam mediante processos de investiga\u00e7\u00e3o filos\u00f3ficos, est\u00e9ticos, sociais, historiogr\u00e1ficos e antropol\u00f3gicos sobre as artes, as culturas, as mem\u00f3rias, os fatos folcl\u00f3ricos, as sociedades e seus m\u00faltiplos desdobramentos.<\/p>\n<hr \/>\n<p><a href=\"https:\/\/wp.ufpel.edu.br\/omega\/projetos_do_grupo\/\" target=\"_blank\" rel=\"noopener\"><strong>CONHE\u00c7A OS PROJETOS VINCULADOS AO OMEGA CLICANDO AQUI<\/strong><\/a><\/p>\n","protected":false},"excerpt":{"rendered":"<p>O OMEGA &#8211; Observat\u00f3rio de Mem\u00f3ria, Educa\u00e7\u00e3o, Gesto e Arte \u00e9 um Grupo de Pesquisa (UFPel\/CNPq) que se constitui num espa\u00e7o acad\u00eamico de investiga\u00e7\u00e3o, reflex\u00e3o, produ\u00e7\u00e3o e interc\u00e2mbio de saberes\/fazeres provenientes das diferentes formas de express\u00e3o da cultura, apreendidas a partir dos mais diversos matizes e proced\u00eancias. Nesse sentido, s\u00e3o interesses concomitantes do grupo a [&hellip;]<\/p>\n","protected":false},"author":772,"featured_media":0,"parent":0,"menu_order":0,"comment_status":"closed","ping_status":"closed","template":"","meta":{"footnotes":""},"class_list":["post-105","page","type-page","status-publish","hentry"],"_links":{"self":[{"href":"https:\/\/wp.ufpel.edu.br\/omega\/wp-json\/wp\/v2\/pages\/105","targetHints":{"allow":["GET"]}}],"collection":[{"href":"https:\/\/wp.ufpel.edu.br\/omega\/wp-json\/wp\/v2\/pages"}],"about":[{"href":"https:\/\/wp.ufpel.edu.br\/omega\/wp-json\/wp\/v2\/types\/page"}],"author":[{"embeddable":true,"href":"https:\/\/wp.ufpel.edu.br\/omega\/wp-json\/wp\/v2\/users\/772"}],"replies":[{"embeddable":true,"href":"https:\/\/wp.ufpel.edu.br\/omega\/wp-json\/wp\/v2\/comments?post=105"}],"version-history":[{"count":8,"href":"https:\/\/wp.ufpel.edu.br\/omega\/wp-json\/wp\/v2\/pages\/105\/revisions"}],"predecessor-version":[{"id":516,"href":"https:\/\/wp.ufpel.edu.br\/omega\/wp-json\/wp\/v2\/pages\/105\/revisions\/516"}],"wp:attachment":[{"href":"https:\/\/wp.ufpel.edu.br\/omega\/wp-json\/wp\/v2\/media?parent=105"}],"curies":[{"name":"wp","href":"https:\/\/api.w.org\/{rel}","templated":true}]}}