{"id":70,"date":"2023-08-17T23:26:28","date_gmt":"2023-08-18T02:26:28","guid":{"rendered":"https:\/\/wp.ufpel.edu.br\/olharesdetarsila\/?page_id=70"},"modified":"2023-11-03T16:06:41","modified_gmt":"2023-11-03T19:06:41","slug":"biografia","status":"publish","type":"page","link":"https:\/\/wp.ufpel.edu.br\/olharesdetarsila\/biografia\/","title":{"rendered":"Biografia"},"content":{"rendered":"<p style=\"text-align: left;\"><img loading=\"lazy\" decoding=\"async\" class=\" wp-image-147 alignleft\" src=\"https:\/\/wp.ufpel.edu.br\/olharesdetarsila\/files\/2023\/11\/tarsila-do-amaral-1554419161395_v2_800x1125-284x400.jpg\" alt=\"\" width=\"146\" height=\"206\" srcset=\"https:\/\/wp.ufpel.edu.br\/olharesdetarsila\/files\/2023\/11\/tarsila-do-amaral-1554419161395_v2_800x1125-284x400.jpg 284w, https:\/\/wp.ufpel.edu.br\/olharesdetarsila\/files\/2023\/11\/tarsila-do-amaral-1554419161395_v2_800x1125-728x1024.jpg 728w, https:\/\/wp.ufpel.edu.br\/olharesdetarsila\/files\/2023\/11\/tarsila-do-amaral-1554419161395_v2_800x1125-768x1080.jpg 768w, https:\/\/wp.ufpel.edu.br\/olharesdetarsila\/files\/2023\/11\/tarsila-do-amaral-1554419161395_v2_800x1125.jpg 800w\" sizes=\"auto, (max-width: 146px) 100vw, 146px\" \/>Tarsila do Amaral nasceu em 1 de setembro de 1886, no Munic\u00edpio de Capivari, interior do Estado de S\u00e3o Paulo. Filha do fazendeiro Jos\u00e9 Estanislau do Amaral e de Lydia Dias de Aguiar do Amaral, passou a inf\u00e2ncia nas fazendas de seu pai. Estudou em S\u00e3o Paulo, no Col\u00e9gio Sion e depois em Barcelona, na Espanha, onde no ano de 1904, criou sua primeira obra de arte, intitulada &#8216;Sagrado Cora\u00e7\u00e3o de Jesus&#8217;. em 1904. Em 1920, foi estudar em Paris, na Acad\u00e9mie Julien e com \u00c9mile Renard. Ficou l\u00e1 at\u00e9 junho de 1922. Quando voltou ao Brasil, foi introduzida ao grupo modernista e Tarsila come\u00e7ou a namorar o escritor Oswald de Andrade. Formaram o grupo dos cinco: Tarsila, Anita, Oswald, e os escritores M\u00e1rio de Andrade e Menotti Del Picchia. Tarsila disse que entrou em contato com a arte moderna em S\u00e3o Paulo, pois antes ela s\u00f3 havia feito estudos acad\u00eamicos.<\/p>\n<h4><strong>Tarsila e o Movimento Antropof\u00e1gico<\/strong><\/h4>\n<p>Em janeiro de 1928, Tarsila queria dar um presente de anivers\u00e1rio ao seu marido, Oswald de Andrade. Pintou o \u2018Abaporu\u2019. Quando Oswald viu, ficou impressionado e disse que era o melhor quadro que Tarsila j\u00e1 havia feito. Batizou-se o quadro de Abaporu, que significa homem que come carne humana, o antrop\u00f3fago. E Oswald escreveu o Manifesto Antrop\u00f3fago e fundaram o Movimento Antropof\u00e1gico. A figura do Abaporu simbolizou o Movimento que queria engolir, a cultura europ\u00e9ia, que era a cultura vigente na \u00e9poca, e transform\u00e1-la em algo bem brasileiro. Valorizando o nosso pa\u00eds.<\/p>\n<p>Outros exemplos de quadros desta fase dita Antropof\u00e1gica s\u00e3o: \u2018Sol Poente\u2019, \u2018A Lua\u2019, \u2018Cart\u00e3o Postal\u2019, \u2018O Lago\u2019, \u2018Antropofagia\u2019, etc. Nesta fase ela usou bichos e paisagens imagin\u00e1rias, al\u00e9m das cores fortes.<\/p>\n<p>A artista contou que o Abaporu era fruto de imagens do seu inconsciente, e tinha a ver com as hist\u00f3rias que as negras contavam para ela em sua inf\u00e2ncia. Em 1929 Tarsila fez sua primeira Exposi\u00e7\u00e3o Individual no Brasil, e a cr\u00edtica dividiu-se, pois ainda muitas pessoas n\u00e3o entendiam sua arte. Neste ano de 1929, teve a crise da bolsa de Nova Iorque e a crise do caf\u00e9 no Brasil, e assim a realidade de Tarsila mudou. Seu pai perdeu muito dinheiro, teve as fazendas hipotecadas e ela teve que trabalhar. Separou-se de Oswald, pois este a traiu com a estudante de 18 anos Patr\u00edcia Galv\u00e3o, conhecida como Pagu.<\/p>\n<p>Tarsila disse que foi em Minas que ela viu as cores que gostava desde sua inf\u00e2ncia, mas que seus mestres diziam que eram caipiras e ela n\u00e3o devia usar em seus quadros. E essas cores tornaram-se uma das marcas da sua obra, assim como a tem\u00e1tica brasileira, com as paisagens rurais e urbanas do nosso pa\u00eds, al\u00e9m da nossa fauna, flora, folclore e do nosso povo. Ela dizia que queria ser a pintora do Brasil.<\/p>\n","protected":false},"excerpt":{"rendered":"<p>Tarsila do Amaral nasceu em 1 de setembro de 1886, no Munic\u00edpio de Capivari, interior do Estado de S\u00e3o Paulo. Filha do fazendeiro Jos\u00e9 Estanislau do Amaral e de Lydia Dias de Aguiar do Amaral, passou a inf\u00e2ncia nas fazendas de seu pai. Estudou em S\u00e3o Paulo, no Col\u00e9gio Sion e depois em Barcelona, na [&hellip;]<\/p>\n","protected":false},"author":1319,"featured_media":0,"parent":0,"menu_order":0,"comment_status":"closed","ping_status":"closed","template":"","meta":{"footnotes":""},"class_list":["post-70","page","type-page","status-publish","hentry","post"],"_links":{"self":[{"href":"https:\/\/wp.ufpel.edu.br\/olharesdetarsila\/wp-json\/wp\/v2\/pages\/70","targetHints":{"allow":["GET"]}}],"collection":[{"href":"https:\/\/wp.ufpel.edu.br\/olharesdetarsila\/wp-json\/wp\/v2\/pages"}],"about":[{"href":"https:\/\/wp.ufpel.edu.br\/olharesdetarsila\/wp-json\/wp\/v2\/types\/page"}],"author":[{"embeddable":true,"href":"https:\/\/wp.ufpel.edu.br\/olharesdetarsila\/wp-json\/wp\/v2\/users\/1319"}],"replies":[{"embeddable":true,"href":"https:\/\/wp.ufpel.edu.br\/olharesdetarsila\/wp-json\/wp\/v2\/comments?post=70"}],"version-history":[{"count":10,"href":"https:\/\/wp.ufpel.edu.br\/olharesdetarsila\/wp-json\/wp\/v2\/pages\/70\/revisions"}],"predecessor-version":[{"id":172,"href":"https:\/\/wp.ufpel.edu.br\/olharesdetarsila\/wp-json\/wp\/v2\/pages\/70\/revisions\/172"}],"wp:attachment":[{"href":"https:\/\/wp.ufpel.edu.br\/olharesdetarsila\/wp-json\/wp\/v2\/media?parent=70"}],"curies":[{"name":"wp","href":"https:\/\/api.w.org\/{rel}","templated":true}]}}