{"id":31,"date":"2018-07-17T09:41:23","date_gmt":"2018-07-17T12:41:23","guid":{"rendered":"https:\/\/wp.ufpel.edu.br\/ofm\/?page_id=31"},"modified":"2018-07-17T09:51:39","modified_gmt":"2018-07-17T12:51:39","slug":"com-o-que-trabalhamos","status":"publish","type":"page","link":"https:\/\/wp.ufpel.edu.br\/ofm\/com-o-que-trabalhamos\/","title":{"rendered":"Com o qu\u00ea trabalhamos?"},"content":{"rendered":"<p>A disciplina de Modelagem Urbana traz uma vis\u00e3o introdut\u00f3ria ao uso de modelos urbanos, utilizados como modo de produ\u00e7\u00e3o de conhecimento sobre as cidades, particularmente no campo da morfologia e do planejamento urbano. S\u00e3o utilizados modelos baseados em aut\u00f4matos celulares, grafos e question\u00e1rios virtuais baseados em grids.<\/p>\n<p>A plataforma CityCell (dispon\u00edvel em <a href=\"https:\/\/wp.ufpel.edu.br\/citycell\/\" target=\"_blank\" rel=\"noopener\">https:\/\/wp.ufpel.edu.br\/citycell\/<\/a>) opera com diversos modelos baseados em aut\u00f4mato celular, integrando fatores urbanos, naturais e institucionais. Cada modelo est\u00e1 implementado como uma regra para o crescimento urbano, representando teorias aplicadas a entender processos de produ\u00e7\u00e3o do espa\u00e7o urbano, de modifica\u00e7\u00e3o e preserva\u00e7\u00e3o do ambiente natural e de implica\u00e7\u00e3o de planos e projetos urbanos.<\/p>\n<p>O software UrbanMetrics (dispon\u00edvel em <a href=\"https:\/\/wp.ufpel.edu.br\/urbanmetrics\/\" target=\"_blank\" rel=\"noopener\">https:\/\/wp.ufpel.edu.br\/urbanmetrics\/<\/a>) trabalha com medidas de centralidade e acessibilidade e medi\u00e7\u00f5es utilizando grafos, podendo representar a cidade por pontos, linhas e \u00e1reas e suas conex\u00f5es. Permite alocar uso do solo, infraestrutura urbana e modos de transportes, assim como processar utilizando medidas topol\u00f3gicas ou geom\u00e9tricas.<\/p>\n<p>A plataforma PeopleGrid (dispon\u00edvel em <a href=\"http:\/\/www.peoplegrid.com.br\/\" target=\"_blank\" rel=\"noopener\">http:\/\/www.peoplegrid.com.br\/<\/a>) consiste num instrumento para realizar question\u00e1rios virtuais baseados em grids, em mapeamento coletivo pela internet. Permite a integra\u00e7\u00e3o com pesquisadores e comunidade, sendo que os pesquisadores podem elaborar suas pr\u00f3prias pesquisas e a comunidade pode apontar suas demandas e prioridades, mediante localiza\u00e7\u00e3o no mapa. O PeopleGrid est\u00e1 integrado ao GoogleMaps, com acesso a todas as cidades do mundo.<\/p>\n","protected":false},"excerpt":{"rendered":"<p>A disciplina de Modelagem Urbana traz uma vis\u00e3o introdut\u00f3ria ao uso de modelos urbanos, utilizados como modo de produ\u00e7\u00e3o de conhecimento sobre as cidades, particularmente no campo da morfologia e do planejamento urbano. S\u00e3o utilizados modelos baseados em aut\u00f4matos celulares, &hellip; <a href=\"https:\/\/wp.ufpel.edu.br\/ofm\/com-o-que-trabalhamos\/\">Continue lendo <span class=\"meta-nav\">&rarr;<\/span><\/a><\/p>\n","protected":false},"author":420,"featured_media":0,"parent":0,"menu_order":2,"comment_status":"closed","ping_status":"closed","template":"","meta":{"footnotes":""},"class_list":["post-31","page","type-page","status-publish","hentry"],"_links":{"self":[{"href":"https:\/\/wp.ufpel.edu.br\/ofm\/wp-json\/wp\/v2\/pages\/31","targetHints":{"allow":["GET"]}}],"collection":[{"href":"https:\/\/wp.ufpel.edu.br\/ofm\/wp-json\/wp\/v2\/pages"}],"about":[{"href":"https:\/\/wp.ufpel.edu.br\/ofm\/wp-json\/wp\/v2\/types\/page"}],"author":[{"embeddable":true,"href":"https:\/\/wp.ufpel.edu.br\/ofm\/wp-json\/wp\/v2\/users\/420"}],"replies":[{"embeddable":true,"href":"https:\/\/wp.ufpel.edu.br\/ofm\/wp-json\/wp\/v2\/comments?post=31"}],"version-history":[{"count":5,"href":"https:\/\/wp.ufpel.edu.br\/ofm\/wp-json\/wp\/v2\/pages\/31\/revisions"}],"predecessor-version":[{"id":38,"href":"https:\/\/wp.ufpel.edu.br\/ofm\/wp-json\/wp\/v2\/pages\/31\/revisions\/38"}],"wp:attachment":[{"href":"https:\/\/wp.ufpel.edu.br\/ofm\/wp-json\/wp\/v2\/media?parent=31"}],"curies":[{"name":"wp","href":"https:\/\/api.w.org\/{rel}","templated":true}]}}