{"id":2,"date":"2018-06-21T08:22:06","date_gmt":"2018-06-21T11:22:06","guid":{"rendered":"https:\/\/wp.ufpel.edu.br\/ofm\/?page_id=2"},"modified":"2021-06-29T17:55:16","modified_gmt":"2021-06-29T20:55:16","slug":"pagina-exemplo","status":"publish","type":"page","link":"https:\/\/wp.ufpel.edu.br\/ofm\/","title":{"rendered":"Sobre o Site"},"content":{"rendered":"<p>Bem-vindo ao site!<br \/>\nAqui voc\u00ea encontrar\u00e1 as atividades desenvolvidas na disciplina de Oficina de Modelagem Urbana II, ministrada pelo professor Dr. Maur\u00edcio Couto Polidori, no Programa de P\u00f3s-gradua\u00e7\u00e3o em Arquitetura e Urbanismo da Universidade Federal de Pelotas \u2013 PROGRAU.<\/p>\n<p>(trabalhos anteriores podem ser encontrados em http:\/\/modelagemurbana.blogspot.com.br\/)<\/p>\n<div class=\"limpa\"><\/div>\n","protected":false},"excerpt":{"rendered":"<p>Bem-vindo ao site! Aqui voc\u00ea encontrar\u00e1 as atividades desenvolvidas na disciplina de Oficina de Modelagem Urbana II, ministrada pelo professor Dr. Maur\u00edcio Couto Polidori, no Programa de P\u00f3s-gradua\u00e7\u00e3o em Arquitetura e Urbanismo da Universidade Federal de Pelotas \u2013 PROGRAU. (trabalhos &hellip; <a href=\"https:\/\/wp.ufpel.edu.br\/ofm\/\">Continue lendo <span class=\"meta-nav\">&rarr;<\/span><\/a><\/p>\n","protected":false},"author":420,"featured_media":0,"parent":0,"menu_order":1,"comment_status":"closed","ping_status":"closed","template":"","meta":{"footnotes":""},"class_list":["post-2","page","type-page","status-publish","hentry"],"_links":{"self":[{"href":"https:\/\/wp.ufpel.edu.br\/ofm\/wp-json\/wp\/v2\/pages\/2","targetHints":{"allow":["GET"]}}],"collection":[{"href":"https:\/\/wp.ufpel.edu.br\/ofm\/wp-json\/wp\/v2\/pages"}],"about":[{"href":"https:\/\/wp.ufpel.edu.br\/ofm\/wp-json\/wp\/v2\/types\/page"}],"author":[{"embeddable":true,"href":"https:\/\/wp.ufpel.edu.br\/ofm\/wp-json\/wp\/v2\/users\/420"}],"replies":[{"embeddable":true,"href":"https:\/\/wp.ufpel.edu.br\/ofm\/wp-json\/wp\/v2\/comments?post=2"}],"version-history":[{"count":5,"href":"https:\/\/wp.ufpel.edu.br\/ofm\/wp-json\/wp\/v2\/pages\/2\/revisions"}],"predecessor-version":[{"id":557,"href":"https:\/\/wp.ufpel.edu.br\/ofm\/wp-json\/wp\/v2\/pages\/2\/revisions\/557"}],"wp:attachment":[{"href":"https:\/\/wp.ufpel.edu.br\/ofm\/wp-json\/wp\/v2\/media?parent=2"}],"curies":[{"name":"wp","href":"https:\/\/api.w.org\/{rel}","templated":true}]}}