{"id":696,"date":"2020-04-18T21:11:27","date_gmt":"2020-04-19T00:11:27","guid":{"rendered":"https:\/\/wp.ufpel.edu.br\/oficinas\/?page_id=696"},"modified":"2020-04-19T16:49:16","modified_gmt":"2020-04-19T19:49:16","slug":"modelagem-de-curvas-e-superficies-curvas-a-partir-do-3d-max","status":"publish","type":"page","link":"https:\/\/wp.ufpel.edu.br\/oficinas\/modelagem-de-curvas-e-superficies-curvas-a-partir-do-3d-max\/","title":{"rendered":"Modelagem de Curvas e Superf\u00edcies curvas a partir do 3D MAX"},"content":{"rendered":"<h3 style=\"text-align: center\"><span style=\"font-size: 18pt;margin: 3pt\"><img class=\"aligncenter wp-image-754 size-medium\" src=\"https:\/\/wp.ufpel.edu.br\/oficinas\/files\/2020\/04\/capa_3d_max-282x400.jpg\" alt=\"\" width=\"282\" height=\"400\" srcset=\"https:\/\/wp.ufpel.edu.br\/oficinas\/files\/2020\/04\/capa_3d_max-282x400.jpg 282w, https:\/\/wp.ufpel.edu.br\/oficinas\/files\/2020\/04\/capa_3d_max-722x1024.jpg 722w, https:\/\/wp.ufpel.edu.br\/oficinas\/files\/2020\/04\/capa_3d_max-768x1089.jpg 768w, https:\/\/wp.ufpel.edu.br\/oficinas\/files\/2020\/04\/capa_3d_max-1083x1536.jpg 1083w, https:\/\/wp.ufpel.edu.br\/oficinas\/files\/2020\/04\/capa_3d_max.jpg 1123w\" sizes=\"(max-width: 282px) 100vw, 282px\" \/>Detalhes<\/span><span style=\"font-size: 18pt;margin: 3pt\">da oficina<\/span><\/h3>\n<p align=\"justify\">Esta oficina objetiva reconhecer processos de modelagem geom\u00e9trica por t\u00e9cnicas de transforma\u00e7\u00e3o de superf\u00edcies curvas, abarcando a classe de superf\u00edcies abordadas por Gaspar Monge na Geometria Descritiva.<\/p>\n<p align=\"justify\">CARGA HOR\u00c1RIA TOTAL: 16 horas.<\/p>\n<h3><span style=\"font-size: 18pt\">Objetivo<\/span><\/h3>\n<ul>\n<li><span style=\"font-size: 12pt\">Agilizar a compreens\u00e3o sobre os tipos de superf\u00edcies curvas.<\/span><\/li>\n<\/ul>\n<h3><span style=\"font-size: 18pt\">Hist\u00f3rico da Oficina<\/span><\/h3>\n<p align=\"justify\">Esta oficina foi desenvolvida com intuito de apoiar as atividades did\u00e1ticas da disciplina de Geometria Gr\u00e1fica e Digital 3 (atual GGD 2) da Faculdade de Arquitetura e Urbanismo da Universidade Federal de Pelotas. Sua primeira aplica\u00e7\u00e3o foi no evento ALFA GAIVOTA, ocorrido no ano de 2013 no Instituto Federal de Educa\u00e7\u00e3o Tecnol\u00f3gica de Pelotas. Tal evento integrou a reuni\u00e3o de um projeto com o mesmo nome, desenvolvido em parceria do GEGRADI com a Uni\u00e3o Europeia. Parte deste material tem sido aplicado desde o ano de 2013 na disciplina de Geometria Gr\u00e1fica e Digital 2 da Faculdade de Arquitetura e Urbanismo da Universidade Federal de Pelotas.<\/p>\n<h3><span style=\"font-size: 18pt\">Material para download<\/span><\/h3>\n<ul>\n<li><a href=\"https:\/\/wp.ufpel.edu.br\/oficinas\/files\/2020\/04\/Modelagem-de-superf\u00edcies-propriamente-curvas.pdf\">Modelagem de Superf\u00edcies Propriamente Curvas;<\/a><\/li>\n<li><a href=\"https:\/\/wp.ufpel.edu.br\/oficinas\/files\/2020\/04\/Modelagem-de-superf\u00edcies-retil\u00edneas-desenvolv\u00edveis.pdf\">Modelagem de Superf\u00edcies Retil\u00edneas Desenvolv\u00edveis<\/a>;<\/li>\n<li><a href=\"https:\/\/wp.ufpel.edu.br\/oficinas\/files\/2020\/04\/Modelagem-de-superf\u00edcies-retil\u00edneas-n\u00e3o-desenvolv\u00edveis.pdf\">Modelagem de Superf\u00edcies Retil\u00edneas N\u00e3o Desenvolv\u00edveis;<\/a><\/li>\n<li><a href=\"https:\/\/wp.ufpel.edu.br\/oficinas\/files\/2020\/04\/T\u00e9cnicas-de-modelagem-de-Superf\u00edcies-Curvas.pdf\">T\u00e9cnicas de Modelagem de Superf\u00edcies Curvas;<\/a><\/li>\n<li><a href=\"https:\/\/wp.ufpel.edu.br\/oficinas\/files\/2020\/04\/Tarefa-para-conclus\u00e3o-da-Oficina-Modelagem-de-Curvas-e-Superf\u00edcies-curvas-a-partir-do-3D-MAX-janicesemmarcacao.pdf\">Tarefa para conclus\u00e3o EAD.<\/a><\/li>\n<\/ul>\n<h3><span style=\"font-size: 18pt\">Fotos<\/span><\/h3>\n\n\t\t<style type=\"text\/css\">\n\t\t\t#gallery-1 {\n\t\t\t\tmargin: auto;\n\t\t\t}\n\t\t\t#gallery-1 .gallery-item {\n\t\t\t\tfloat: left;\n\t\t\t\tmargin-top: 10px;\n\t\t\t\ttext-align: center;\n\t\t\t\twidth: 50%;\n\t\t\t}\n\t\t\t#gallery-1 img {\n\t\t\t\tborder: 2px solid #cfcfcf;\n\t\t\t}\n\t\t\t#gallery-1 .gallery-caption {\n\t\t\t\tmargin-left: 0;\n\t\t\t}\n\t\t\t\/* see gallery_shortcode() in wp-includes\/media.php *\/\n\t\t<\/style>\n\t\t<div id='gallery-1' class='gallery galleryid-696 gallery-columns-2 gallery-size-medium'><dl class='gallery-item'>\n\t\t\t<dt class='gallery-icon landscape'>\n\t\t\t\t<img width=\"400\" height=\"363\" src=\"https:\/\/wp.ufpel.edu.br\/oficinas\/files\/2020\/04\/Curvas_e_superficies_3dmax_4-400x363.jpg\" class=\"attachment-medium size-medium\" alt=\"\" srcset=\"https:\/\/wp.ufpel.edu.br\/oficinas\/files\/2020\/04\/Curvas_e_superficies_3dmax_4-400x363.jpg 400w, https:\/\/wp.ufpel.edu.br\/oficinas\/files\/2020\/04\/Curvas_e_superficies_3dmax_4-1024x928.jpg 1024w, https:\/\/wp.ufpel.edu.br\/oficinas\/files\/2020\/04\/Curvas_e_superficies_3dmax_4-768x696.jpg 768w, https:\/\/wp.ufpel.edu.br\/oficinas\/files\/2020\/04\/Curvas_e_superficies_3dmax_4.jpg 1337w\" sizes=\"(max-width: 400px) 100vw, 400px\" \/>\n\t\t\t<\/dt><\/dl><dl class='gallery-item'>\n\t\t\t<dt class='gallery-icon landscape'>\n\t\t\t\t<img width=\"400\" height=\"261\" src=\"https:\/\/wp.ufpel.edu.br\/oficinas\/files\/2020\/04\/Curvas_e_superficies_3dmax_3-400x261.jpg\" class=\"attachment-medium size-medium\" alt=\"\" srcset=\"https:\/\/wp.ufpel.edu.br\/oficinas\/files\/2020\/04\/Curvas_e_superficies_3dmax_3-400x261.jpg 400w, https:\/\/wp.ufpel.edu.br\/oficinas\/files\/2020\/04\/Curvas_e_superficies_3dmax_3-1024x668.jpg 1024w, https:\/\/wp.ufpel.edu.br\/oficinas\/files\/2020\/04\/Curvas_e_superficies_3dmax_3-768x501.jpg 768w, https:\/\/wp.ufpel.edu.br\/oficinas\/files\/2020\/04\/Curvas_e_superficies_3dmax_3-1536x1002.jpg 1536w, https:\/\/wp.ufpel.edu.br\/oficinas\/files\/2020\/04\/Curvas_e_superficies_3dmax_3.jpg 1811w\" sizes=\"(max-width: 400px) 100vw, 400px\" \/>\n\t\t\t<\/dt><\/dl><br style=\"clear: both\" \/><dl class='gallery-item'>\n\t\t\t<dt class='gallery-icon landscape'>\n\t\t\t\t<img width=\"400\" height=\"251\" src=\"https:\/\/wp.ufpel.edu.br\/oficinas\/files\/2020\/04\/Curvas_e_superficies_3dmax_2-400x251.jpg\" class=\"attachment-medium size-medium\" alt=\"\" srcset=\"https:\/\/wp.ufpel.edu.br\/oficinas\/files\/2020\/04\/Curvas_e_superficies_3dmax_2-400x251.jpg 400w, https:\/\/wp.ufpel.edu.br\/oficinas\/files\/2020\/04\/Curvas_e_superficies_3dmax_2-1024x644.jpg 1024w, https:\/\/wp.ufpel.edu.br\/oficinas\/files\/2020\/04\/Curvas_e_superficies_3dmax_2-768x483.jpg 768w, https:\/\/wp.ufpel.edu.br\/oficinas\/files\/2020\/04\/Curvas_e_superficies_3dmax_2-1536x965.jpg 1536w, https:\/\/wp.ufpel.edu.br\/oficinas\/files\/2020\/04\/Curvas_e_superficies_3dmax_2.jpg 1785w\" sizes=\"(max-width: 400px) 100vw, 400px\" \/>\n\t\t\t<\/dt><\/dl>\n\t\t\t<br style='clear: both' \/>\n\t\t<\/div>\n\n<p>&nbsp;<\/p>\n<h3><span style=\"font-size: 18pt\">Produ\u00e7\u00e3o acad\u00eamica<\/span><\/h3>\n<p><span style=\"font-weight: 400\">PIRES, Janice de Freitas; Nunes, Cristiane dos S.; SILVA, Adriane Borda Almeida da; HEIDRICH, Felipe. PROCESSOS DE ENSINO APRENDIZAGEM DA GEOMETRIA DE SUPERF\u00cdCIES CURVAS EM ARQUITETURA E DESIGN. In: XXI Simp\u00f3sio Nacional de Geometria Descritiva e Desenho T\u00e9cnico e X International Conference on Graphics Engineering for Arts and Design., 2013, Florian\u00f3polis. XXI Simp\u00f3sio Nacional de Geometria Descritiva e Desenho T\u00e9cnico e X International Conference on Graphics Engineering for Arts and Design. Florian\u00f3polis: UFSC, 2013. v. 01. p. 01-13.\u00a0<\/span><\/p>\n<h3><span style=\"font-size: 18pt\">Participe desta a\u00e7\u00e3o<\/span><\/h3>\n<p>Voc\u00ea pode participar desta a\u00e7\u00e3o \u00e0 dist\u00e2ncia. Para isso, baixe o material de aula, e a tarefa para conclus\u00e3o a dist\u00e2ncia. Para a confe\u00e7\u00e3o de certificado, \u00e9 necess\u00e1rio um dado n\u00famero de concluintes, ent\u00e3o pode demorar um pouco. Solicite inscri\u00e7\u00e3o na modalidade a dist\u00e2ncia, ou registre interesse em participar de turmas quando abertas <span style=\"color: #000000\"><a style=\"color: #000000\" href=\"https:\/\/wp.ufpel.edu.br\/oficinas\/contato\/\"><strong>CLICANDO AQUI.<\/strong><\/a><\/span><\/p>\n<p>&nbsp;<\/p>\n","protected":false},"excerpt":{"rendered":"<p>Detalhesda oficina Esta oficina objetiva reconhecer processos de modelagem geom\u00e9trica por t\u00e9cnicas de transforma\u00e7\u00e3o de superf\u00edcies curvas, abarcando a classe de superf\u00edcies abordadas por Gaspar Monge na Geometria Descritiva. CARGA HOR\u00c1RIA TOTAL: 16 horas. Objetivo Agilizar a compreens\u00e3o sobre os tipos de superf\u00edcies curvas. Hist\u00f3rico da Oficina Esta oficina foi desenvolvida com intuito de apoiar [&hellip;]<\/p>\n","protected":false},"author":390,"featured_media":0,"parent":0,"menu_order":0,"comment_status":"closed","ping_status":"closed","template":"","meta":{"footnotes":""},"class_list":["post-696","page","type-page","status-publish","hentry"],"jetpack_sharing_enabled":true,"_links":{"self":[{"href":"https:\/\/wp.ufpel.edu.br\/oficinas\/wp-json\/wp\/v2\/pages\/696","targetHints":{"allow":["GET"]}}],"collection":[{"href":"https:\/\/wp.ufpel.edu.br\/oficinas\/wp-json\/wp\/v2\/pages"}],"about":[{"href":"https:\/\/wp.ufpel.edu.br\/oficinas\/wp-json\/wp\/v2\/types\/page"}],"author":[{"embeddable":true,"href":"https:\/\/wp.ufpel.edu.br\/oficinas\/wp-json\/wp\/v2\/users\/390"}],"replies":[{"embeddable":true,"href":"https:\/\/wp.ufpel.edu.br\/oficinas\/wp-json\/wp\/v2\/comments?post=696"}],"version-history":[{"count":7,"href":"https:\/\/wp.ufpel.edu.br\/oficinas\/wp-json\/wp\/v2\/pages\/696\/revisions"}],"predecessor-version":[{"id":765,"href":"https:\/\/wp.ufpel.edu.br\/oficinas\/wp-json\/wp\/v2\/pages\/696\/revisions\/765"}],"wp:attachment":[{"href":"https:\/\/wp.ufpel.edu.br\/oficinas\/wp-json\/wp\/v2\/media?parent=696"}],"curies":[{"name":"wp","href":"https:\/\/api.w.org\/{rel}","templated":true}]}}