{"id":555,"date":"2020-04-29T11:19:35","date_gmt":"2020-04-29T14:19:35","guid":{"rendered":"https:\/\/wp.ufpel.edu.br\/oficinas\/?page_id=555"},"modified":"2020-04-29T11:54:58","modified_gmt":"2020-04-29T14:54:58","slug":"atividade-ludica-na-universidade-para-o-aprendizado-da-geometria","status":"publish","type":"page","link":"https:\/\/wp.ufpel.edu.br\/oficinas\/atividade-ludica-na-universidade-para-o-aprendizado-da-geometria\/","title":{"rendered":"Atividade l\u00fadica na universidade para o aprendizado da geometria"},"content":{"rendered":"<p><img class=\"aligncenter wp-image-566 size-medium\" src=\"https:\/\/wp.ufpel.edu.br\/oficinas\/files\/2020\/04\/atividade_geometria_universidade_3-424x318.jpg\" alt=\"\" width=\"424\" height=\"318\" srcset=\"https:\/\/wp.ufpel.edu.br\/oficinas\/files\/2020\/04\/atividade_geometria_universidade_3-424x318.jpg 424w, https:\/\/wp.ufpel.edu.br\/oficinas\/files\/2020\/04\/atividade_geometria_universidade_3-212x159.jpg 212w, https:\/\/wp.ufpel.edu.br\/oficinas\/files\/2020\/04\/atividade_geometria_universidade_3-768x576.jpg 768w, https:\/\/wp.ufpel.edu.br\/oficinas\/files\/2020\/04\/atividade_geometria_universidade_3.jpg 1040w\" sizes=\"(max-width: 424px) 100vw, 424px\" \/><\/p>\n<h3 style=\"text-align: center\"><span style=\"font-size: 18pt;margin: 3pt\">Atividade l\u00fadica na universidade para o aprendizado da geometria<\/span><\/h3>\n<p align=\"justify\"><span style=\"color: #050505;font-family: georgia, palatino, serif;font-size: 12pt\">A a\u00e7\u00e3o contou com a recep\u00e7\u00e3o dos Estudantes do Col\u00e9gio Estadual F\u00e9lix da Cunha na Faculdade de Arquitetura e Urbanismo &#8211; FAURB, apresentando o Grupo de Estudos de Geometria Gr\u00e1fica e Digital &#8211; GEGRADI. <\/span><\/p>\n<p align=\"justify\"><span style=\"color: #050505;font-family: georgia, palatino, serif;font-size: 12pt\">No primeiro momento da visita, eles conheceram a sala de estudos do laborat\u00f3rio, onde analisaram alguns trabalhos desenvolvidos pelo grupo, bem como, as maquetes dos pr\u00e9dios hist\u00f3ricos de Pelotas e prot\u00f3tipos de an\u00e1lises geom\u00e9tricas relacionadas a Arquitetura. Compreenderam e observaram de perto os processos de Impress\u00e3o 3D e visualizaram os procedimentos para a realiza\u00e7\u00e3o do corte a laser na Maquetaria da Faculdade.<\/span><\/p>\n<p align=\"justify\"><span style=\"color: #050505;font-family: georgia, palatino, serif;font-size: 12pt\">No segundo momento, os estudantes participaram da extens\u00e3o da disciplina de Geometria Gr\u00e1fica e Digital I (GGDI), onde jogaram os jogos desenvolvidos pelos acad\u00eamicos de 2019\/1, aplicados pela turma de calouros 2019\/2. A turma estudou os jogos j\u00e1 desenvolvidos e quando necess\u00e1rio aperfei\u00e7oaram as regras, desenvolvendo banners explicativos para estes jogos. Nesta atividade os estudantes da escola reconheceram e assimilaram os s\u00f3lidos Plat\u00f4nicos e Arquimedianos, atrav\u00e9s da forma l\u00fadica que o jogo proporciona.<\/span><\/p>\n<p>&nbsp;<\/p>\n<h3><span style=\"font-size: 18pt\">Fotos<\/span><\/h3>\n\n\t\t<style type=\"text\/css\">\n\t\t\t#gallery-1 {\n\t\t\t\tmargin: auto;\n\t\t\t}\n\t\t\t#gallery-1 .gallery-item {\n\t\t\t\tfloat: left;\n\t\t\t\tmargin-top: 10px;\n\t\t\t\ttext-align: center;\n\t\t\t\twidth: 33%;\n\t\t\t}\n\t\t\t#gallery-1 img {\n\t\t\t\tborder: 2px solid #cfcfcf;\n\t\t\t}\n\t\t\t#gallery-1 .gallery-caption {\n\t\t\t\tmargin-left: 0;\n\t\t\t}\n\t\t\t\/* see gallery_shortcode() in wp-includes\/media.php *\/\n\t\t<\/style>\n\t\t<div id='gallery-1' class='gallery galleryid-555 gallery-columns-3 gallery-size-thumbnail'><dl class='gallery-item'>\n\t\t\t<dt class='gallery-icon landscape'>\n\t\t\t\t<a href='https:\/\/wp.ufpel.edu.br\/oficinas\/atividade_geometria_universidade_11\/'><img width=\"200\" height=\"150\" src=\"https:\/\/wp.ufpel.edu.br\/oficinas\/files\/2020\/04\/atividade_geometria_universidade_11-212x159.jpg\" class=\"attachment-thumbnail size-thumbnail\" alt=\"\" aria-describedby=\"gallery-1-574\" srcset=\"https:\/\/wp.ufpel.edu.br\/oficinas\/files\/2020\/04\/atividade_geometria_universidade_11-212x159.jpg 212w, https:\/\/wp.ufpel.edu.br\/oficinas\/files\/2020\/04\/atividade_geometria_universidade_11-424x318.jpg 424w, https:\/\/wp.ufpel.edu.br\/oficinas\/files\/2020\/04\/atividade_geometria_universidade_11-768x576.jpg 768w, https:\/\/wp.ufpel.edu.br\/oficinas\/files\/2020\/04\/atividade_geometria_universidade_11-1536x1152.jpg 1536w, https:\/\/wp.ufpel.edu.br\/oficinas\/files\/2020\/04\/atividade_geometria_universidade_11-2048x1536.jpg 2048w\" sizes=\"(max-width: 200px) 100vw, 200px\" \/><\/a>\n\t\t\t<\/dt>\n\t\t\t\t<dd class='wp-caption-text gallery-caption' id='gallery-1-574'>\n\t\t\t\tFotos de 2019\/2\n\t\t\t\t<\/dd><\/dl><dl class='gallery-item'>\n\t\t\t<dt class='gallery-icon landscape'>\n\t\t\t\t<a href='https:\/\/wp.ufpel.edu.br\/oficinas\/atividade_geometria_universidade_10\/'><img width=\"200\" height=\"150\" src=\"https:\/\/wp.ufpel.edu.br\/oficinas\/files\/2020\/04\/atividade_geometria_universidade_10-212x159.jpg\" class=\"attachment-thumbnail size-thumbnail\" alt=\"\" aria-describedby=\"gallery-1-573\" srcset=\"https:\/\/wp.ufpel.edu.br\/oficinas\/files\/2020\/04\/atividade_geometria_universidade_10-212x159.jpg 212w, https:\/\/wp.ufpel.edu.br\/oficinas\/files\/2020\/04\/atividade_geometria_universidade_10-424x318.jpg 424w, https:\/\/wp.ufpel.edu.br\/oficinas\/files\/2020\/04\/atividade_geometria_universidade_10-768x576.jpg 768w, https:\/\/wp.ufpel.edu.br\/oficinas\/files\/2020\/04\/atividade_geometria_universidade_10-1536x1152.jpg 1536w, https:\/\/wp.ufpel.edu.br\/oficinas\/files\/2020\/04\/atividade_geometria_universidade_10-2048x1536.jpg 2048w\" sizes=\"(max-width: 200px) 100vw, 200px\" \/><\/a>\n\t\t\t<\/dt>\n\t\t\t\t<dd class='wp-caption-text gallery-caption' id='gallery-1-573'>\n\t\t\t\tFotos de 2019\/2\n\t\t\t\t<\/dd><\/dl><dl class='gallery-item'>\n\t\t\t<dt class='gallery-icon landscape'>\n\t\t\t\t<a href='https:\/\/wp.ufpel.edu.br\/oficinas\/atividade_geometria_universidade_9\/'><img width=\"200\" height=\"150\" src=\"https:\/\/wp.ufpel.edu.br\/oficinas\/files\/2020\/04\/atividade_geometria_universidade_9-212x159.jpg\" class=\"attachment-thumbnail size-thumbnail\" alt=\"\" aria-describedby=\"gallery-1-572\" srcset=\"https:\/\/wp.ufpel.edu.br\/oficinas\/files\/2020\/04\/atividade_geometria_universidade_9-212x159.jpg 212w, https:\/\/wp.ufpel.edu.br\/oficinas\/files\/2020\/04\/atividade_geometria_universidade_9-424x318.jpg 424w, https:\/\/wp.ufpel.edu.br\/oficinas\/files\/2020\/04\/atividade_geometria_universidade_9-768x576.jpg 768w, https:\/\/wp.ufpel.edu.br\/oficinas\/files\/2020\/04\/atividade_geometria_universidade_9-1536x1152.jpg 1536w, https:\/\/wp.ufpel.edu.br\/oficinas\/files\/2020\/04\/atividade_geometria_universidade_9-2048x1536.jpg 2048w\" sizes=\"(max-width: 200px) 100vw, 200px\" \/><\/a>\n\t\t\t<\/dt>\n\t\t\t\t<dd class='wp-caption-text gallery-caption' id='gallery-1-572'>\n\t\t\t\tFotos de 2019\/2\n\t\t\t\t<\/dd><\/dl><br style=\"clear: both\" \/><dl class='gallery-item'>\n\t\t\t<dt class='gallery-icon landscape'>\n\t\t\t\t<a href='https:\/\/wp.ufpel.edu.br\/oficinas\/atividade_geometria_universidade_8\/'><img width=\"200\" height=\"150\" src=\"https:\/\/wp.ufpel.edu.br\/oficinas\/files\/2020\/04\/atividade_geometria_universidade_8-212x159.jpg\" class=\"attachment-thumbnail size-thumbnail\" alt=\"\" aria-describedby=\"gallery-1-571\" srcset=\"https:\/\/wp.ufpel.edu.br\/oficinas\/files\/2020\/04\/atividade_geometria_universidade_8-212x159.jpg 212w, https:\/\/wp.ufpel.edu.br\/oficinas\/files\/2020\/04\/atividade_geometria_universidade_8-424x318.jpg 424w, https:\/\/wp.ufpel.edu.br\/oficinas\/files\/2020\/04\/atividade_geometria_universidade_8-768x576.jpg 768w, https:\/\/wp.ufpel.edu.br\/oficinas\/files\/2020\/04\/atividade_geometria_universidade_8-1536x1152.jpg 1536w, https:\/\/wp.ufpel.edu.br\/oficinas\/files\/2020\/04\/atividade_geometria_universidade_8-2048x1536.jpg 2048w\" sizes=\"(max-width: 200px) 100vw, 200px\" \/><\/a>\n\t\t\t<\/dt>\n\t\t\t\t<dd class='wp-caption-text gallery-caption' id='gallery-1-571'>\n\t\t\t\tFotos de 2019\/2\n\t\t\t\t<\/dd><\/dl><dl class='gallery-item'>\n\t\t\t<dt class='gallery-icon landscape'>\n\t\t\t\t<a href='https:\/\/wp.ufpel.edu.br\/oficinas\/atividade_geometria_universidade_7\/'><img width=\"200\" height=\"150\" src=\"https:\/\/wp.ufpel.edu.br\/oficinas\/files\/2020\/04\/atividade_geometria_universidade_7-212x159.jpg\" class=\"attachment-thumbnail size-thumbnail\" alt=\"\" aria-describedby=\"gallery-1-570\" srcset=\"https:\/\/wp.ufpel.edu.br\/oficinas\/files\/2020\/04\/atividade_geometria_universidade_7-212x159.jpg 212w, https:\/\/wp.ufpel.edu.br\/oficinas\/files\/2020\/04\/atividade_geometria_universidade_7-424x318.jpg 424w, https:\/\/wp.ufpel.edu.br\/oficinas\/files\/2020\/04\/atividade_geometria_universidade_7-768x576.jpg 768w, https:\/\/wp.ufpel.edu.br\/oficinas\/files\/2020\/04\/atividade_geometria_universidade_7-1536x1152.jpg 1536w, https:\/\/wp.ufpel.edu.br\/oficinas\/files\/2020\/04\/atividade_geometria_universidade_7-2048x1536.jpg 2048w\" sizes=\"(max-width: 200px) 100vw, 200px\" \/><\/a>\n\t\t\t<\/dt>\n\t\t\t\t<dd class='wp-caption-text gallery-caption' id='gallery-1-570'>\n\t\t\t\tFotos de 2019\/2\n\t\t\t\t<\/dd><\/dl><dl class='gallery-item'>\n\t\t\t<dt class='gallery-icon landscape'>\n\t\t\t\t<a href='https:\/\/wp.ufpel.edu.br\/oficinas\/atividade_geometria_universidade_6\/'><img width=\"200\" height=\"150\" src=\"https:\/\/wp.ufpel.edu.br\/oficinas\/files\/2020\/04\/atividade_geometria_universidade_6-212x159.jpg\" class=\"attachment-thumbnail size-thumbnail\" alt=\"\" aria-describedby=\"gallery-1-569\" srcset=\"https:\/\/wp.ufpel.edu.br\/oficinas\/files\/2020\/04\/atividade_geometria_universidade_6-212x159.jpg 212w, https:\/\/wp.ufpel.edu.br\/oficinas\/files\/2020\/04\/atividade_geometria_universidade_6-424x318.jpg 424w, https:\/\/wp.ufpel.edu.br\/oficinas\/files\/2020\/04\/atividade_geometria_universidade_6-768x576.jpg 768w, https:\/\/wp.ufpel.edu.br\/oficinas\/files\/2020\/04\/atividade_geometria_universidade_6-1536x1152.jpg 1536w, https:\/\/wp.ufpel.edu.br\/oficinas\/files\/2020\/04\/atividade_geometria_universidade_6-2048x1536.jpg 2048w\" sizes=\"(max-width: 200px) 100vw, 200px\" \/><\/a>\n\t\t\t<\/dt>\n\t\t\t\t<dd class='wp-caption-text gallery-caption' id='gallery-1-569'>\n\t\t\t\tFotos de 2019\/2\n\t\t\t\t<\/dd><\/dl><br style=\"clear: both\" \/><dl class='gallery-item'>\n\t\t\t<dt class='gallery-icon landscape'>\n\t\t\t\t<a href='https:\/\/wp.ufpel.edu.br\/oficinas\/atividade_geometria_universidade_5\/'><img width=\"200\" height=\"150\" src=\"https:\/\/wp.ufpel.edu.br\/oficinas\/files\/2020\/04\/atividade_geometria_universidade_5-212x159.jpg\" class=\"attachment-thumbnail size-thumbnail\" alt=\"\" aria-describedby=\"gallery-1-568\" srcset=\"https:\/\/wp.ufpel.edu.br\/oficinas\/files\/2020\/04\/atividade_geometria_universidade_5-212x159.jpg 212w, https:\/\/wp.ufpel.edu.br\/oficinas\/files\/2020\/04\/atividade_geometria_universidade_5-424x318.jpg 424w, https:\/\/wp.ufpel.edu.br\/oficinas\/files\/2020\/04\/atividade_geometria_universidade_5-768x576.jpg 768w, https:\/\/wp.ufpel.edu.br\/oficinas\/files\/2020\/04\/atividade_geometria_universidade_5-1536x1152.jpg 1536w, https:\/\/wp.ufpel.edu.br\/oficinas\/files\/2020\/04\/atividade_geometria_universidade_5-2048x1536.jpg 2048w\" sizes=\"(max-width: 200px) 100vw, 200px\" \/><\/a>\n\t\t\t<\/dt>\n\t\t\t\t<dd class='wp-caption-text gallery-caption' id='gallery-1-568'>\n\t\t\t\tFotos de 2019\/2\n\t\t\t\t<\/dd><\/dl><dl class='gallery-item'>\n\t\t\t<dt class='gallery-icon landscape'>\n\t\t\t\t<a href='https:\/\/wp.ufpel.edu.br\/oficinas\/atividade_geometria_universidade_4\/'><img width=\"200\" height=\"150\" src=\"https:\/\/wp.ufpel.edu.br\/oficinas\/files\/2020\/04\/atividade_geometria_universidade_4-212x159.jpg\" class=\"attachment-thumbnail size-thumbnail\" alt=\"\" aria-describedby=\"gallery-1-567\" srcset=\"https:\/\/wp.ufpel.edu.br\/oficinas\/files\/2020\/04\/atividade_geometria_universidade_4-212x159.jpg 212w, https:\/\/wp.ufpel.edu.br\/oficinas\/files\/2020\/04\/atividade_geometria_universidade_4-424x318.jpg 424w, https:\/\/wp.ufpel.edu.br\/oficinas\/files\/2020\/04\/atividade_geometria_universidade_4-768x576.jpg 768w, https:\/\/wp.ufpel.edu.br\/oficinas\/files\/2020\/04\/atividade_geometria_universidade_4-1536x1152.jpg 1536w, https:\/\/wp.ufpel.edu.br\/oficinas\/files\/2020\/04\/atividade_geometria_universidade_4-2048x1536.jpg 2048w\" sizes=\"(max-width: 200px) 100vw, 200px\" \/><\/a>\n\t\t\t<\/dt>\n\t\t\t\t<dd class='wp-caption-text gallery-caption' id='gallery-1-567'>\n\t\t\t\tFotos de 2019\/2\n\t\t\t\t<\/dd><\/dl><dl class='gallery-item'>\n\t\t\t<dt class='gallery-icon landscape'>\n\t\t\t\t<a href='https:\/\/wp.ufpel.edu.br\/oficinas\/atividade_geometria_universidade_1\/'><img width=\"200\" height=\"150\" src=\"https:\/\/wp.ufpel.edu.br\/oficinas\/files\/2020\/04\/atividade_geometria_universidade_1-212x159.png\" class=\"attachment-thumbnail size-thumbnail\" alt=\"\" aria-describedby=\"gallery-1-564\" srcset=\"https:\/\/wp.ufpel.edu.br\/oficinas\/files\/2020\/04\/atividade_geometria_universidade_1-212x159.png 212w, https:\/\/wp.ufpel.edu.br\/oficinas\/files\/2020\/04\/atividade_geometria_universidade_1-424x318.png 424w, https:\/\/wp.ufpel.edu.br\/oficinas\/files\/2020\/04\/atividade_geometria_universidade_1-768x576.png 768w, https:\/\/wp.ufpel.edu.br\/oficinas\/files\/2020\/04\/atividade_geometria_universidade_1.png 1040w\" sizes=\"(max-width: 200px) 100vw, 200px\" \/><\/a>\n\t\t\t<\/dt>\n\t\t\t\t<dd class='wp-caption-text gallery-caption' id='gallery-1-564'>\n\t\t\t\tFotos de 2019\/2\n\t\t\t\t<\/dd><\/dl><br style=\"clear: both\" \/>\n\t\t<\/div>\n\n<h3><span style=\"font-size: 18pt\">Participe desta a\u00e7\u00e3o<\/span><\/h3>\n<p>Se interessou por esta a\u00e7\u00e3o e deseja que ela seja realizada em sua institui\u00e7\u00e3o ? Entre em contato\u00a0 <span style=\"color: #000000\"><a style=\"color: #000000\" href=\"https:\/\/wp.ufpel.edu.br\/oficinas\/contato\/\"><strong>CLICANDO AQUI.<\/strong><\/a><\/span><\/p>\n<p>&nbsp;<\/p>\n","protected":false},"excerpt":{"rendered":"<p>Atividade l\u00fadica na universidade para o aprendizado da geometria A a\u00e7\u00e3o contou com a recep\u00e7\u00e3o dos Estudantes do Col\u00e9gio Estadual F\u00e9lix da Cunha na Faculdade de Arquitetura e Urbanismo &#8211; FAURB, apresentando o Grupo de Estudos de Geometria Gr\u00e1fica e Digital &#8211; GEGRADI. No primeiro momento da visita, eles conheceram a sala de estudos do [&hellip;]<\/p>\n","protected":false},"author":390,"featured_media":0,"parent":0,"menu_order":0,"comment_status":"closed","ping_status":"closed","template":"","meta":{"footnotes":""},"class_list":["post-555","page","type-page","status-publish","hentry"],"jetpack_sharing_enabled":true,"_links":{"self":[{"href":"https:\/\/wp.ufpel.edu.br\/oficinas\/wp-json\/wp\/v2\/pages\/555","targetHints":{"allow":["GET"]}}],"collection":[{"href":"https:\/\/wp.ufpel.edu.br\/oficinas\/wp-json\/wp\/v2\/pages"}],"about":[{"href":"https:\/\/wp.ufpel.edu.br\/oficinas\/wp-json\/wp\/v2\/types\/page"}],"author":[{"embeddable":true,"href":"https:\/\/wp.ufpel.edu.br\/oficinas\/wp-json\/wp\/v2\/users\/390"}],"replies":[{"embeddable":true,"href":"https:\/\/wp.ufpel.edu.br\/oficinas\/wp-json\/wp\/v2\/comments?post=555"}],"version-history":[{"count":3,"href":"https:\/\/wp.ufpel.edu.br\/oficinas\/wp-json\/wp\/v2\/pages\/555\/revisions"}],"predecessor-version":[{"id":791,"href":"https:\/\/wp.ufpel.edu.br\/oficinas\/wp-json\/wp\/v2\/pages\/555\/revisions\/791"}],"wp:attachment":[{"href":"https:\/\/wp.ufpel.edu.br\/oficinas\/wp-json\/wp\/v2\/media?parent=555"}],"curies":[{"name":"wp","href":"https:\/\/api.w.org\/{rel}","templated":true}]}}