{"id":457,"date":"2020-04-29T11:17:52","date_gmt":"2020-04-29T14:17:52","guid":{"rendered":"https:\/\/wp.ufpel.edu.br\/oficinas\/?page_id=457"},"modified":"2020-04-29T11:56:52","modified_gmt":"2020-04-29T14:56:52","slug":"universitarios-tecnicos-incentivando-estudantes-de-escola-publica","status":"publish","type":"page","link":"https:\/\/wp.ufpel.edu.br\/oficinas\/universitarios-tecnicos-incentivando-estudantes-de-escola-publica\/","title":{"rendered":"Universit\u00e1rios \/ T\u00e9cnicos incentivando estudantes de Escola P\u00fablica"},"content":{"rendered":"<p><img class=\"aligncenter wp-image-441 size-medium\" src=\"https:\/\/wp.ufpel.edu.br\/oficinas\/files\/2020\/04\/universitarios_tecnicos_inventivo_escola_publica_3-424x245.jpg\" alt=\"\" width=\"424\" height=\"245\" srcset=\"https:\/\/wp.ufpel.edu.br\/oficinas\/files\/2020\/04\/universitarios_tecnicos_inventivo_escola_publica_3-424x245.jpg 424w, https:\/\/wp.ufpel.edu.br\/oficinas\/files\/2020\/04\/universitarios_tecnicos_inventivo_escola_publica_3-212x122.jpg 212w, https:\/\/wp.ufpel.edu.br\/oficinas\/files\/2020\/04\/universitarios_tecnicos_inventivo_escola_publica_3-768x443.jpg 768w, https:\/\/wp.ufpel.edu.br\/oficinas\/files\/2020\/04\/universitarios_tecnicos_inventivo_escola_publica_3.jpg 1262w\" sizes=\"(max-width: 424px) 100vw, 424px\" \/><\/p>\n<h3 style=\"text-align: center\"><span style=\"font-size: 18pt;margin: 3pt\">Universit\u00e1rios \/ T\u00e9cnicos incentivando estudantes de Escola P\u00fablica<\/span><\/h3>\n<p align=\"justify\"><span style=\"font-family: georgia, palatino, serif;font-size: 12pt\"><span style=\"color: #050505\"><span style=\"color: #333333\">A\u00e7\u00e3o de extens\u00e3o foi realizada na Escola Ant\u00f4nio Joaquim Dias, em Pelotas. A a\u00e7\u00e3o contou com alunos do IFSUL, FURG e UFPeL. <\/span><\/span><span style=\"color: #333333\">O grupo que realizou a atividade contava com cinco integrantes: Samanta Quevedo (acad\u00eamica em Arquitetura e Urbanismo na UFPeL e Bolsista no projeto de extens\u00e3o sobre oficinas de ensino\/aprendizagem do GEGRADI-Faurb), Alexandre Berneira (T\u00e9cnico em Edifica\u00e7\u00f5es do IFSul, acad\u00eamico em Arquitetura e Urbanismo na UFPeL e Bolsista no projeto Pro Acorda do Gegradi-Faurb), Bruna Fick (T\u00e9cnica em Edifica\u00e7\u00f5es do IFSul e acad\u00eamica em engenharia civil na FURG), Luiza Voss (T\u00e9cnica em de Edifica\u00e7\u00f5es no IFSul e acad\u00eamica em engenharia civil na UFPeL) e Adriano Saldanha (aluno de Edifica\u00e7\u00f5es no IFSul e membro da gest\u00e3o do Gr\u00eamio Estudantil IFSul Campus). <\/span><\/span><\/p>\n<p align=\"justify\"><span style=\"font-family: georgia, palatino, serif;font-size: 12pt;color: #333333\">A atividade foi um pedido dos pr\u00f3prios alunos da escola, j\u00e1 que a mesma fez um levantamento para entender que tipo de din\u00e2mica seria mais atrativa para eles no decorrer aulas. O objetivo da a\u00e7\u00e3o, foi levar um pouco de conhecimento das universidades e do ensino t\u00e9cnico pra dentro de uma escola p\u00fablica, atrav\u00e9s de uma roda de conversa, com a apresenta\u00e7\u00e3o de jogos de Arquitetura e a exposi\u00e7\u00e3o de trabalhos realizados pelos alunos do IFSul. Em prol do incentivo a seguir uma carreira profissional e que todos tem o direito de ingressar em qualquer curso que desejam. <\/span><\/p>\n<p>&nbsp;<\/p>\n<h3><span style=\"font-size: 18pt\">Fotos<\/span><\/h3>\n\n\t\t<style type=\"text\/css\">\n\t\t\t#gallery-1 {\n\t\t\t\tmargin: auto;\n\t\t\t}\n\t\t\t#gallery-1 .gallery-item {\n\t\t\t\tfloat: left;\n\t\t\t\tmargin-top: 10px;\n\t\t\t\ttext-align: center;\n\t\t\t\twidth: 33%;\n\t\t\t}\n\t\t\t#gallery-1 img {\n\t\t\t\tborder: 2px solid #cfcfcf;\n\t\t\t}\n\t\t\t#gallery-1 .gallery-caption {\n\t\t\t\tmargin-left: 0;\n\t\t\t}\n\t\t\t\/* see gallery_shortcode() in wp-includes\/media.php *\/\n\t\t<\/style>\n\t\t<div id='gallery-1' class='gallery galleryid-457 gallery-columns-3 gallery-size-thumbnail'><dl class='gallery-item'>\n\t\t\t<dt class='gallery-icon landscape'>\n\t\t\t\t<a href='https:\/\/wp.ufpel.edu.br\/oficinas\/universitarios_tecnicos_inventivo_escola_publica_7\/'><img width=\"200\" height=\"150\" src=\"https:\/\/wp.ufpel.edu.br\/oficinas\/files\/2020\/04\/universitarios_tecnicos_inventivo_escola_publica_7-212x159.jpg\" class=\"attachment-thumbnail size-thumbnail\" alt=\"\" aria-describedby=\"gallery-1-445\" srcset=\"https:\/\/wp.ufpel.edu.br\/oficinas\/files\/2020\/04\/universitarios_tecnicos_inventivo_escola_publica_7-212x159.jpg 212w, https:\/\/wp.ufpel.edu.br\/oficinas\/files\/2020\/04\/universitarios_tecnicos_inventivo_escola_publica_7-424x318.jpg 424w, https:\/\/wp.ufpel.edu.br\/oficinas\/files\/2020\/04\/universitarios_tecnicos_inventivo_escola_publica_7-768x576.jpg 768w, https:\/\/wp.ufpel.edu.br\/oficinas\/files\/2020\/04\/universitarios_tecnicos_inventivo_escola_publica_7.jpg 1032w\" sizes=\"(max-width: 200px) 100vw, 200px\" \/><\/a>\n\t\t\t<\/dt>\n\t\t\t\t<dd class='wp-caption-text gallery-caption' id='gallery-1-445'>\n\t\t\t\tImagem de 2019\n\t\t\t\t<\/dd><\/dl><dl class='gallery-item'>\n\t\t\t<dt class='gallery-icon portrait'>\n\t\t\t\t<a href='https:\/\/wp.ufpel.edu.br\/oficinas\/universitarios_tecnicos_inventivo_escola_publica_6\/'><img width=\"119\" height=\"159\" src=\"https:\/\/wp.ufpel.edu.br\/oficinas\/files\/2020\/04\/universitarios_tecnicos_inventivo_escola_publica_6-119x159.jpg\" class=\"attachment-thumbnail size-thumbnail\" alt=\"\" aria-describedby=\"gallery-1-444\" srcset=\"https:\/\/wp.ufpel.edu.br\/oficinas\/files\/2020\/04\/universitarios_tecnicos_inventivo_escola_publica_6-119x159.jpg 119w, https:\/\/wp.ufpel.edu.br\/oficinas\/files\/2020\/04\/universitarios_tecnicos_inventivo_escola_publica_6-239x318.jpg 239w, https:\/\/wp.ufpel.edu.br\/oficinas\/files\/2020\/04\/universitarios_tecnicos_inventivo_escola_publica_6-768x1024.jpg 768w, https:\/\/wp.ufpel.edu.br\/oficinas\/files\/2020\/04\/universitarios_tecnicos_inventivo_escola_publica_6.jpg 774w\" sizes=\"(max-width: 119px) 100vw, 119px\" \/><\/a>\n\t\t\t<\/dt>\n\t\t\t\t<dd class='wp-caption-text gallery-caption' id='gallery-1-444'>\n\t\t\t\tImagem de 2019\n\t\t\t\t<\/dd><\/dl><dl class='gallery-item'>\n\t\t\t<dt class='gallery-icon landscape'>\n\t\t\t\t<a href='https:\/\/wp.ufpel.edu.br\/oficinas\/universitarios_tecnicos_inventivo_escola_publica_5\/'><img width=\"200\" height=\"150\" src=\"https:\/\/wp.ufpel.edu.br\/oficinas\/files\/2020\/04\/universitarios_tecnicos_inventivo_escola_publica_5-212x159.jpg\" class=\"attachment-thumbnail size-thumbnail\" alt=\"\" aria-describedby=\"gallery-1-443\" srcset=\"https:\/\/wp.ufpel.edu.br\/oficinas\/files\/2020\/04\/universitarios_tecnicos_inventivo_escola_publica_5-212x159.jpg 212w, https:\/\/wp.ufpel.edu.br\/oficinas\/files\/2020\/04\/universitarios_tecnicos_inventivo_escola_publica_5-424x318.jpg 424w, https:\/\/wp.ufpel.edu.br\/oficinas\/files\/2020\/04\/universitarios_tecnicos_inventivo_escola_publica_5-768x576.jpg 768w, https:\/\/wp.ufpel.edu.br\/oficinas\/files\/2020\/04\/universitarios_tecnicos_inventivo_escola_publica_5.jpg 1032w\" sizes=\"(max-width: 200px) 100vw, 200px\" \/><\/a>\n\t\t\t<\/dt>\n\t\t\t\t<dd class='wp-caption-text gallery-caption' id='gallery-1-443'>\n\t\t\t\tImagem de 2019\n\t\t\t\t<\/dd><\/dl><br style=\"clear: both\" \/><dl class='gallery-item'>\n\t\t\t<dt class='gallery-icon landscape'>\n\t\t\t\t<a href='https:\/\/wp.ufpel.edu.br\/oficinas\/universitarios_tecnicos_inventivo_escola_publica_4\/'><img width=\"200\" height=\"150\" src=\"https:\/\/wp.ufpel.edu.br\/oficinas\/files\/2020\/04\/universitarios_tecnicos_inventivo_escola_publica_4-212x159.jpg\" class=\"attachment-thumbnail size-thumbnail\" alt=\"\" aria-describedby=\"gallery-1-442\" srcset=\"https:\/\/wp.ufpel.edu.br\/oficinas\/files\/2020\/04\/universitarios_tecnicos_inventivo_escola_publica_4-212x159.jpg 212w, https:\/\/wp.ufpel.edu.br\/oficinas\/files\/2020\/04\/universitarios_tecnicos_inventivo_escola_publica_4-424x318.jpg 424w, https:\/\/wp.ufpel.edu.br\/oficinas\/files\/2020\/04\/universitarios_tecnicos_inventivo_escola_publica_4-768x576.jpg 768w, https:\/\/wp.ufpel.edu.br\/oficinas\/files\/2020\/04\/universitarios_tecnicos_inventivo_escola_publica_4.jpg 1280w\" sizes=\"(max-width: 200px) 100vw, 200px\" \/><\/a>\n\t\t\t<\/dt>\n\t\t\t\t<dd class='wp-caption-text gallery-caption' id='gallery-1-442'>\n\t\t\t\tImagem de 2019\n\t\t\t\t<\/dd><\/dl><dl class='gallery-item'>\n\t\t\t<dt class='gallery-icon landscape'>\n\t\t\t\t<a href='https:\/\/wp.ufpel.edu.br\/oficinas\/universitarios_tecnicos_inventivo_escola_publica_2\/'><img width=\"200\" height=\"150\" src=\"https:\/\/wp.ufpel.edu.br\/oficinas\/files\/2020\/04\/universitarios_tecnicos_inventivo_escola_publica_2-212x159.jpg\" class=\"attachment-thumbnail size-thumbnail\" alt=\"\" aria-describedby=\"gallery-1-440\" srcset=\"https:\/\/wp.ufpel.edu.br\/oficinas\/files\/2020\/04\/universitarios_tecnicos_inventivo_escola_publica_2-212x159.jpg 212w, https:\/\/wp.ufpel.edu.br\/oficinas\/files\/2020\/04\/universitarios_tecnicos_inventivo_escola_publica_2-424x318.jpg 424w, https:\/\/wp.ufpel.edu.br\/oficinas\/files\/2020\/04\/universitarios_tecnicos_inventivo_escola_publica_2-768x576.jpg 768w, https:\/\/wp.ufpel.edu.br\/oficinas\/files\/2020\/04\/universitarios_tecnicos_inventivo_escola_publica_2.jpg 1280w\" sizes=\"(max-width: 200px) 100vw, 200px\" \/><\/a>\n\t\t\t<\/dt>\n\t\t\t\t<dd class='wp-caption-text gallery-caption' id='gallery-1-440'>\n\t\t\t\tImagem de 2019\n\t\t\t\t<\/dd><\/dl><dl class='gallery-item'>\n\t\t\t<dt class='gallery-icon portrait'>\n\t\t\t\t<a href='https:\/\/wp.ufpel.edu.br\/oficinas\/universitarios_tecnicos_inventivo_escola_publica_1\/'><img width=\"119\" height=\"159\" src=\"https:\/\/wp.ufpel.edu.br\/oficinas\/files\/2020\/04\/universitarios_tecnicos_inventivo_escola_publica_1-119x159.jpg\" class=\"attachment-thumbnail size-thumbnail\" alt=\"\" aria-describedby=\"gallery-1-439\" srcset=\"https:\/\/wp.ufpel.edu.br\/oficinas\/files\/2020\/04\/universitarios_tecnicos_inventivo_escola_publica_1-119x159.jpg 119w, https:\/\/wp.ufpel.edu.br\/oficinas\/files\/2020\/04\/universitarios_tecnicos_inventivo_escola_publica_1-239x318.jpg 239w, https:\/\/wp.ufpel.edu.br\/oficinas\/files\/2020\/04\/universitarios_tecnicos_inventivo_escola_publica_1-768x1024.jpg 768w, https:\/\/wp.ufpel.edu.br\/oficinas\/files\/2020\/04\/universitarios_tecnicos_inventivo_escola_publica_1.jpg 960w\" sizes=\"(max-width: 119px) 100vw, 119px\" \/><\/a>\n\t\t\t<\/dt>\n\t\t\t\t<dd class='wp-caption-text gallery-caption' id='gallery-1-439'>\n\t\t\t\tImagem de 2019\n\t\t\t\t<\/dd><\/dl><br style=\"clear: both\" \/>\n\t\t<\/div>\n\n<h3><span style=\"font-size: 18pt\">Participe desta a\u00e7\u00e3o<\/span><\/h3>\n<p>Se interessou por esta a\u00e7\u00e3o e deseja que ela seja realizada em sua institui\u00e7\u00e3o? Entre em contato\u00a0 <span style=\"color: #000000\"><a style=\"color: #000000\" href=\"https:\/\/wp.ufpel.edu.br\/oficinas\/contato\/\"><strong>CLICANDO AQUI.<\/strong><\/a><\/span><\/p>\n","protected":false},"excerpt":{"rendered":"<p>Universit\u00e1rios \/ T\u00e9cnicos incentivando estudantes de Escola P\u00fablica A\u00e7\u00e3o de extens\u00e3o foi realizada na Escola Ant\u00f4nio Joaquim Dias, em Pelotas. A a\u00e7\u00e3o contou com alunos do IFSUL, FURG e UFPeL. O grupo que realizou a atividade contava com cinco integrantes: Samanta Quevedo (acad\u00eamica em Arquitetura e Urbanismo na UFPeL e Bolsista no projeto de extens\u00e3o [&hellip;]<\/p>\n","protected":false},"author":390,"featured_media":0,"parent":0,"menu_order":0,"comment_status":"closed","ping_status":"closed","template":"","meta":{"footnotes":""},"class_list":["post-457","page","type-page","status-publish","hentry"],"jetpack_sharing_enabled":true,"_links":{"self":[{"href":"https:\/\/wp.ufpel.edu.br\/oficinas\/wp-json\/wp\/v2\/pages\/457","targetHints":{"allow":["GET"]}}],"collection":[{"href":"https:\/\/wp.ufpel.edu.br\/oficinas\/wp-json\/wp\/v2\/pages"}],"about":[{"href":"https:\/\/wp.ufpel.edu.br\/oficinas\/wp-json\/wp\/v2\/types\/page"}],"author":[{"embeddable":true,"href":"https:\/\/wp.ufpel.edu.br\/oficinas\/wp-json\/wp\/v2\/users\/390"}],"replies":[{"embeddable":true,"href":"https:\/\/wp.ufpel.edu.br\/oficinas\/wp-json\/wp\/v2\/comments?post=457"}],"version-history":[{"count":4,"href":"https:\/\/wp.ufpel.edu.br\/oficinas\/wp-json\/wp\/v2\/pages\/457\/revisions"}],"predecessor-version":[{"id":795,"href":"https:\/\/wp.ufpel.edu.br\/oficinas\/wp-json\/wp\/v2\/pages\/457\/revisions\/795"}],"wp:attachment":[{"href":"https:\/\/wp.ufpel.edu.br\/oficinas\/wp-json\/wp\/v2\/media?parent=457"}],"curies":[{"name":"wp","href":"https:\/\/api.w.org\/{rel}","templated":true}]}}