{"id":452,"date":"2020-04-29T11:22:37","date_gmt":"2020-04-29T14:22:37","guid":{"rendered":"https:\/\/wp.ufpel.edu.br\/oficinas\/?page_id=452"},"modified":"2020-09-25T10:41:08","modified_gmt":"2020-09-25T13:41:08","slug":"producao-e-disponibilizacao-de-maquetes-e-mapas-tateis-e-portateis-da-edificacao-que-abriga-o-museu-do-doce-ufpel","status":"publish","type":"page","link":"https:\/\/wp.ufpel.edu.br\/oficinas\/producao-e-disponibilizacao-de-maquetes-e-mapas-tateis-e-portateis-da-edificacao-que-abriga-o-museu-do-doce-ufpel\/","title":{"rendered":"Produ\u00e7\u00e3o e Disponibiliza\u00e7\u00e3o de maquetes e mapas t\u00e1teis e port\u00e1teis da edifica\u00e7\u00e3o que abriga o Museu do Doce\/UFPel"},"content":{"rendered":"<p><img class=\"aligncenter wp-image-455 size-medium\" src=\"https:\/\/wp.ufpel.edu.br\/oficinas\/files\/2020\/04\/maquetes_mapas_tateis_1-1-386x318.png\" alt=\"\" width=\"386\" height=\"318\" srcset=\"https:\/\/wp.ufpel.edu.br\/oficinas\/files\/2020\/04\/maquetes_mapas_tateis_1-1-386x318.png 386w, https:\/\/wp.ufpel.edu.br\/oficinas\/files\/2020\/04\/maquetes_mapas_tateis_1-1-193x159.png 193w, https:\/\/wp.ufpel.edu.br\/oficinas\/files\/2020\/04\/maquetes_mapas_tateis_1-1.png 543w\" sizes=\"(max-width: 386px) 100vw, 386px\" \/><\/p>\n<h3 style=\"text-align: center\"><span style=\"font-size: 18pt;margin: 3pt\">Produ\u00e7\u00e3o e Disponibiliza\u00e7\u00e3o de maquetes e mapas t\u00e1teis e port\u00e1teis da edifica\u00e7\u00e3o que abriga o Museu do Doce\/UFPel<\/span><\/h3>\n<p align=\"justify\">A a\u00e7\u00e3o faz parte da Disciplina de Requisitos Curriculares de Extens\u00e3o, do curso de Arquitetura e Urbanismo-UFPEL, na qual os acad\u00eamicos iniciaram o desenvolvimento de uma maquete t\u00e1til do Casar\u00e3o 8 (Museu do Doce-Pelotas-RS), por fabrica\u00e7\u00e3o digital a partir do corte \u00e0 laser.<\/p>\n<p align=\"justify\">Dentre os resultados desta extens\u00e3o, temos a forma\u00e7\u00e3o de acad\u00eamicos para a produ\u00e7\u00e3o de modelos t\u00e1teis a partir de fabrica\u00e7\u00e3o digital por corte a laser; Forma\u00e7\u00e3o para a a\u00e7\u00e3o extensionista na \u00e1rea de representa\u00e7\u00e3o de arquitetura; Contribui\u00e7\u00e3o para a gera\u00e7\u00e3o de infraestrutura do Museu do Doce em rela\u00e7\u00e3o ao prop\u00f3sito de disponibilizar uma comunica\u00e7\u00e3o acess\u00edvel.<\/p>\n<h3><span style=\"font-size: 18pt\">Objetivos<\/span><\/h3>\n<ul>\n<li>\n<p align=\"justify\">Produzir e disponibilizar maquetes e mapas t\u00e1teis port\u00e1teis a partir de diferentes demandas, conforme o tipo de p\u00fablico (deficientes visuais, deficientes cognitivos, crian\u00e7as e p\u00fablico em geral);<\/p>\n<\/li>\n<li>\n<p align=\"justify\">Validar as representa\u00e7\u00f5es geradas com os diferentes p\u00fablicos;<\/p>\n<\/li>\n<li>\n<p align=\"justify\">Formar para a produ\u00e7\u00e3o de modelos a partir de fabrica\u00e7\u00e3o digital por corte a laser;<\/p>\n<\/li>\n<li>\n<p align=\"justify\">Formar para a a\u00e7\u00e3o extensionista na \u00e1rea de representa\u00e7\u00e3o de arquitetura;<\/p>\n<\/li>\n<li>\n<p align=\"justify\">Contribuir para a infraestrutura do Museu do Doce em rela\u00e7\u00e3o ao prop\u00f3sito de disponibilizar uma comunica\u00e7\u00e3o acess\u00edvel.<\/p>\n<\/li>\n<\/ul>\n<h4>Assista ao v\u00eddeo de prepara\u00e7\u00e3o de arquivo pro corte a laser, que visa mostrar como \u00e9 feita a aplica\u00e7\u00e3o de layeres (ou camadas), escala, unidade de medida, linha dupla, limpeza do arquivo e como salvar no formato correto, usando o autocad\u00a0 clicando <a href=\"https:\/\/drive.google.com\/file\/d\/1Z5gAU62tcavIcVlYHKxJ6OZykwdh4Rmu\/view?usp=sharing\" target=\"_blank\" rel=\"noopener noreferrer\"><em><span style=\"color: #000080\">aqui.<\/span><\/em><\/a><\/h4>\n<h3><span style=\"font-size: 18pt\">Fotos<\/span><\/h3>\n\n\t\t<style type=\"text\/css\">\n\t\t\t#gallery-1 {\n\t\t\t\tmargin: auto;\n\t\t\t}\n\t\t\t#gallery-1 .gallery-item {\n\t\t\t\tfloat: left;\n\t\t\t\tmargin-top: 10px;\n\t\t\t\ttext-align: center;\n\t\t\t\twidth: 33%;\n\t\t\t}\n\t\t\t#gallery-1 img {\n\t\t\t\tborder: 2px solid #cfcfcf;\n\t\t\t}\n\t\t\t#gallery-1 .gallery-caption {\n\t\t\t\tmargin-left: 0;\n\t\t\t}\n\t\t\t\/* see gallery_shortcode() in wp-includes\/media.php *\/\n\t\t<\/style>\n\t\t<div id='gallery-1' class='gallery galleryid-452 gallery-columns-3 gallery-size-thumbnail'><dl class='gallery-item'>\n\t\t\t<dt class='gallery-icon landscape'>\n\t\t\t\t<a href='https:\/\/wp.ufpel.edu.br\/oficinas\/maquetes_mapas_tateis_7\/'><img width=\"200\" height=\"127\" src=\"https:\/\/wp.ufpel.edu.br\/oficinas\/files\/2020\/04\/maquetes_mapas_tateis_7-212x135.png\" class=\"attachment-thumbnail size-thumbnail\" alt=\"\" aria-describedby=\"gallery-1-438\" srcset=\"https:\/\/wp.ufpel.edu.br\/oficinas\/files\/2020\/04\/maquetes_mapas_tateis_7-212x135.png 212w, https:\/\/wp.ufpel.edu.br\/oficinas\/files\/2020\/04\/maquetes_mapas_tateis_7-424x271.png 424w, https:\/\/wp.ufpel.edu.br\/oficinas\/files\/2020\/04\/maquetes_mapas_tateis_7.png 606w\" sizes=\"(max-width: 200px) 100vw, 200px\" \/><\/a>\n\t\t\t<\/dt>\n\t\t\t\t<dd class='wp-caption-text gallery-caption' id='gallery-1-438'>\n\t\t\t\tImagens de 2019\/2\n\t\t\t\t<\/dd><\/dl><dl class='gallery-item'>\n\t\t\t<dt class='gallery-icon landscape'>\n\t\t\t\t<a href='https:\/\/wp.ufpel.edu.br\/oficinas\/maquetes_mapas_tateis_6\/'><img width=\"200\" height=\"150\" src=\"https:\/\/wp.ufpel.edu.br\/oficinas\/files\/2020\/04\/maquetes_mapas_tateis_6-212x159.jpeg\" class=\"attachment-thumbnail size-thumbnail\" alt=\"\" aria-describedby=\"gallery-1-437\" srcset=\"https:\/\/wp.ufpel.edu.br\/oficinas\/files\/2020\/04\/maquetes_mapas_tateis_6-212x159.jpeg 212w, https:\/\/wp.ufpel.edu.br\/oficinas\/files\/2020\/04\/maquetes_mapas_tateis_6-424x318.jpeg 424w, https:\/\/wp.ufpel.edu.br\/oficinas\/files\/2020\/04\/maquetes_mapas_tateis_6-768x576.jpeg 768w, https:\/\/wp.ufpel.edu.br\/oficinas\/files\/2020\/04\/maquetes_mapas_tateis_6.jpeg 1040w\" sizes=\"(max-width: 200px) 100vw, 200px\" \/><\/a>\n\t\t\t<\/dt>\n\t\t\t\t<dd class='wp-caption-text gallery-caption' id='gallery-1-437'>\n\t\t\t\tImagens de 2019\/2\n\t\t\t\t<\/dd><\/dl><dl class='gallery-item'>\n\t\t\t<dt class='gallery-icon landscape'>\n\t\t\t\t<a href='https:\/\/wp.ufpel.edu.br\/oficinas\/maquetes_mapas_tateis_4\/'><img width=\"200\" height=\"111\" src=\"https:\/\/wp.ufpel.edu.br\/oficinas\/files\/2020\/04\/maquetes_mapas_tateis_4-212x118.jpeg\" class=\"attachment-thumbnail size-thumbnail\" alt=\"\" aria-describedby=\"gallery-1-435\" srcset=\"https:\/\/wp.ufpel.edu.br\/oficinas\/files\/2020\/04\/maquetes_mapas_tateis_4-212x118.jpeg 212w, https:\/\/wp.ufpel.edu.br\/oficinas\/files\/2020\/04\/maquetes_mapas_tateis_4-424x236.jpeg 424w, https:\/\/wp.ufpel.edu.br\/oficinas\/files\/2020\/04\/maquetes_mapas_tateis_4-768x428.jpeg 768w, https:\/\/wp.ufpel.edu.br\/oficinas\/files\/2020\/04\/maquetes_mapas_tateis_4.jpeg 997w\" sizes=\"(max-width: 200px) 100vw, 200px\" \/><\/a>\n\t\t\t<\/dt>\n\t\t\t\t<dd class='wp-caption-text gallery-caption' id='gallery-1-435'>\n\t\t\t\tImagens de 2019\/2\n\t\t\t\t<\/dd><\/dl><br style=\"clear: both\" \/><dl class='gallery-item'>\n\t\t\t<dt class='gallery-icon portrait'>\n\t\t\t\t<a href='https:\/\/wp.ufpel.edu.br\/oficinas\/maquetes_mapas_tateis_5\/'><img width=\"119\" height=\"159\" src=\"https:\/\/wp.ufpel.edu.br\/oficinas\/files\/2020\/04\/maquetes_mapas_tateis_5-119x159.jpeg\" class=\"attachment-thumbnail size-thumbnail\" alt=\"\" aria-describedby=\"gallery-1-436\" srcset=\"https:\/\/wp.ufpel.edu.br\/oficinas\/files\/2020\/04\/maquetes_mapas_tateis_5-119x159.jpeg 119w, https:\/\/wp.ufpel.edu.br\/oficinas\/files\/2020\/04\/maquetes_mapas_tateis_5-239x318.jpeg 239w, https:\/\/wp.ufpel.edu.br\/oficinas\/files\/2020\/04\/maquetes_mapas_tateis_5-768x1024.jpeg 768w, https:\/\/wp.ufpel.edu.br\/oficinas\/files\/2020\/04\/maquetes_mapas_tateis_5.jpeg 780w\" sizes=\"(max-width: 119px) 100vw, 119px\" \/><\/a>\n\t\t\t<\/dt>\n\t\t\t\t<dd class='wp-caption-text gallery-caption' id='gallery-1-436'>\n\t\t\t\tImagens de 2019\/2\n\t\t\t\t<\/dd><\/dl><dl class='gallery-item'>\n\t\t\t<dt class='gallery-icon portrait'>\n\t\t\t\t<a href='https:\/\/wp.ufpel.edu.br\/oficinas\/maquetes_mapas_tateis_3\/'><img width=\"119\" height=\"159\" src=\"https:\/\/wp.ufpel.edu.br\/oficinas\/files\/2020\/04\/maquetes_mapas_tateis_3-119x159.jpeg\" class=\"attachment-thumbnail size-thumbnail\" alt=\"\" aria-describedby=\"gallery-1-434\" srcset=\"https:\/\/wp.ufpel.edu.br\/oficinas\/files\/2020\/04\/maquetes_mapas_tateis_3-119x159.jpeg 119w, https:\/\/wp.ufpel.edu.br\/oficinas\/files\/2020\/04\/maquetes_mapas_tateis_3-239x318.jpeg 239w, https:\/\/wp.ufpel.edu.br\/oficinas\/files\/2020\/04\/maquetes_mapas_tateis_3-768x1024.jpeg 768w, https:\/\/wp.ufpel.edu.br\/oficinas\/files\/2020\/04\/maquetes_mapas_tateis_3.jpeg 780w\" sizes=\"(max-width: 119px) 100vw, 119px\" \/><\/a>\n\t\t\t<\/dt>\n\t\t\t\t<dd class='wp-caption-text gallery-caption' id='gallery-1-434'>\n\t\t\t\tImagens de 2019\/2\n\t\t\t\t<\/dd><\/dl><dl class='gallery-item'>\n\t\t\t<dt class='gallery-icon portrait'>\n\t\t\t\t<a href='https:\/\/wp.ufpel.edu.br\/oficinas\/maquetes_mapas_tateis_2\/'><img width=\"119\" height=\"159\" src=\"https:\/\/wp.ufpel.edu.br\/oficinas\/files\/2020\/04\/maquetes_mapas_tateis_2-119x159.jpeg\" class=\"attachment-thumbnail size-thumbnail\" alt=\"\" aria-describedby=\"gallery-1-433\" srcset=\"https:\/\/wp.ufpel.edu.br\/oficinas\/files\/2020\/04\/maquetes_mapas_tateis_2-119x159.jpeg 119w, https:\/\/wp.ufpel.edu.br\/oficinas\/files\/2020\/04\/maquetes_mapas_tateis_2-239x318.jpeg 239w, https:\/\/wp.ufpel.edu.br\/oficinas\/files\/2020\/04\/maquetes_mapas_tateis_2-768x1024.jpeg 768w, https:\/\/wp.ufpel.edu.br\/oficinas\/files\/2020\/04\/maquetes_mapas_tateis_2.jpeg 780w\" sizes=\"(max-width: 119px) 100vw, 119px\" \/><\/a>\n\t\t\t<\/dt>\n\t\t\t\t<dd class='wp-caption-text gallery-caption' id='gallery-1-433'>\n\t\t\t\tImagens de 2019\/2\n\t\t\t\t<\/dd><\/dl><br style=\"clear: both\" \/>\n\t\t<\/div>\n\n<p>&nbsp;<\/p>\n<h3><span style=\"font-size: 18pt\">Produ\u00e7\u00e3o acad\u00eamica<\/span><\/h3>\n<p align=\"justify\">SILVA, S. Q.; ENKE, M. S.; ORTIZ, B. F.; FRANCO, E. M.; BORDA, A.B.A.S. Maquete do Museu do Doce (Casar\u00e3o 8) na escala 1:100, 2019 (Maquete)<\/p>\n<h3><span style=\"font-size: 18pt\">Participe desta a\u00e7\u00e3o<\/span><\/h3>\n<p>Se interessou por esta a\u00e7\u00e3o e deseja que ela seja realizada em sua institui\u00e7\u00e3o, ou quer saber mais sobre?. Entre em contato\u00a0 <span style=\"color: #000000\"><a style=\"color: #000000\" href=\"https:\/\/wp.ufpel.edu.br\/oficinas\/contato\/\"><strong>CLICANDO AQUI.<\/strong><\/a><\/span><\/p>\n","protected":false},"excerpt":{"rendered":"<p>Produ\u00e7\u00e3o e Disponibiliza\u00e7\u00e3o de maquetes e mapas t\u00e1teis e port\u00e1teis da edifica\u00e7\u00e3o que abriga o Museu do Doce\/UFPel A a\u00e7\u00e3o faz parte da Disciplina de Requisitos Curriculares de Extens\u00e3o, do curso de Arquitetura e Urbanismo-UFPEL, na qual os acad\u00eamicos iniciaram o desenvolvimento de uma maquete t\u00e1til do Casar\u00e3o 8 (Museu do Doce-Pelotas-RS), por fabrica\u00e7\u00e3o digital [&hellip;]<\/p>\n","protected":false},"author":390,"featured_media":0,"parent":0,"menu_order":0,"comment_status":"closed","ping_status":"closed","template":"","meta":{"footnotes":""},"class_list":["post-452","page","type-page","status-publish","hentry"],"jetpack_sharing_enabled":true,"_links":{"self":[{"href":"https:\/\/wp.ufpel.edu.br\/oficinas\/wp-json\/wp\/v2\/pages\/452","targetHints":{"allow":["GET"]}}],"collection":[{"href":"https:\/\/wp.ufpel.edu.br\/oficinas\/wp-json\/wp\/v2\/pages"}],"about":[{"href":"https:\/\/wp.ufpel.edu.br\/oficinas\/wp-json\/wp\/v2\/types\/page"}],"author":[{"embeddable":true,"href":"https:\/\/wp.ufpel.edu.br\/oficinas\/wp-json\/wp\/v2\/users\/390"}],"replies":[{"embeddable":true,"href":"https:\/\/wp.ufpel.edu.br\/oficinas\/wp-json\/wp\/v2\/comments?post=452"}],"version-history":[{"count":6,"href":"https:\/\/wp.ufpel.edu.br\/oficinas\/wp-json\/wp\/v2\/pages\/452\/revisions"}],"predecessor-version":[{"id":893,"href":"https:\/\/wp.ufpel.edu.br\/oficinas\/wp-json\/wp\/v2\/pages\/452\/revisions\/893"}],"wp:attachment":[{"href":"https:\/\/wp.ufpel.edu.br\/oficinas\/wp-json\/wp\/v2\/media?parent=452"}],"curies":[{"name":"wp","href":"https:\/\/api.w.org\/{rel}","templated":true}]}}