{"id":248,"date":"2020-03-31T11:20:46","date_gmt":"2020-03-31T14:20:46","guid":{"rendered":"https:\/\/wp.ufpel.edu.br\/oficinas\/?page_id=248"},"modified":"2020-05-21T16:56:16","modified_gmt":"2020-05-21T19:56:16","slug":"utilizacao-de-leds-em-maquetes-arquitetonicas","status":"publish","type":"page","link":"https:\/\/wp.ufpel.edu.br\/oficinas\/utilizacao-de-leds-em-maquetes-arquitetonicas\/","title":{"rendered":"Utiliza\u00e7\u00e3o de LEDs em Maquetes Arquitet\u00f4nicas"},"content":{"rendered":"<p><img class=\"aligncenter size-full wp-image-286\" src=\"https:\/\/wp.ufpel.edu.br\/oficinas\/files\/2020\/03\/leds1.png\" alt=\"\" width=\"200\" height=\"200\" srcset=\"https:\/\/wp.ufpel.edu.br\/oficinas\/files\/2020\/03\/leds1.png 200w, https:\/\/wp.ufpel.edu.br\/oficinas\/files\/2020\/03\/leds1-159x159.png 159w\" sizes=\"(max-width: 200px) 100vw, 200px\" \/><\/p>\n<h3 style=\"text-align: center\">Detalhes da a\u00e7\u0101o<\/h3>\n<p style=\"text-align: justify\"><span style=\"font-size: 12pt\">Oficina desenvolvida e aplicada por Let\u00edcia Pegoraro Garcez, graduanda do curso de Engenharia da Computa\u00e7\u00e3o, UFPel. Esta a\u00e7\u00e3o baseia-se em uma oficina com um conte\u00fado introdut\u00f3rio ao campo da eletr\u00f4nica, mais especificamente aos LEDs, onde foram trabalhados conceitos te\u00f3ricos e pr\u00e1ticos acerca do funcionamento de LEDs e outros componentes, como potenci\u00f4metros, resistores, chaves liga\/desliga, LEDs RBG, entre outros.<\/span><\/p>\n<p style=\"text-align: justify\"><span style=\"font-size: 12pt\">Diversos exemplos utilizando os componentes citados acima e alguns outros s\u00e3o trabalhados no desenvolvimento da oficina, e ap\u00f3s a apresenta\u00e7\u00e3o de um novo componente, h\u00e1 uma descri\u00e7\u00e3o de montagem de um circuito exemplo, e um momento de atividade pr\u00e1tica onde o mesmo \u00e9 montado. A oficina tamb\u00e9m trabalha com exibi\u00e7\u00e3o de maquetes que em sua maioria n\u00e3o procuravam exemplificar modelos arquitet\u00f4nicos, mas sim t\u00e9cnicas de ilumina\u00e7\u00e3o.<\/span><\/p>\n<p style=\"text-align: justify\">Carga hor\u00e1ria : 2h<\/p>\n<h3 style=\"text-align: justify\"><span style=\"font-size: 18pt\">Objetivos<\/span><\/h3>\n<ul>\n<li>Reconhecer a Tecnologia de LEDs;<\/li>\n<li>Desenvolver circuitos simples com a utiliza\u00e7\u00e3o de LEDs;<\/li>\n<li>Incrementar estes circuitos com componentes de controle;<\/li>\n<li>Aplicar os conhecimentos adquiridos na ilumina\u00e7\u00e3o de maquetes de arquitetura.<\/li>\n<\/ul>\n<h3><span style=\"font-size: 18pt\">Material para download<\/span><\/h3>\n<ul>\n<li><span style=\"text-decoration: underline\"><span style=\"color: #000000;text-decoration: underline\"><a style=\"color: #000000;text-decoration: underline\" href=\"https:\/\/wp.ufpel.edu.br\/oficinas\/files\/2020\/04\/Utilizacao_de_leds_em_maquetes_arquitetonicas_2019_2.pdf\"><span style=\"font-size: 12pt\">Material de Aula 2019\/2<\/span><\/a><\/span><\/span><\/li>\n<li><span style=\"text-decoration: underline\"><a href=\"https:\/\/wp.ufpel.edu.br\/oficinas\/files\/2020\/04\/Tarefa_EAD_LEDs.pdf\"><span style=\"font-size: 12pt\"><span style=\"color: #000000;text-decoration: underline\">Tarefa para obten\u00e7\u00e3o do certificado<\/span><\/span><\/a><\/span><\/li>\n<\/ul>\n<h3><span style=\"font-size: 18pt\">Fotos<\/span><\/h3>\n\n\t\t<style type=\"text\/css\">\n\t\t\t#gallery-1 {\n\t\t\t\tmargin: auto;\n\t\t\t}\n\t\t\t#gallery-1 .gallery-item {\n\t\t\t\tfloat: left;\n\t\t\t\tmargin-top: 10px;\n\t\t\t\ttext-align: center;\n\t\t\t\twidth: 25%;\n\t\t\t}\n\t\t\t#gallery-1 img {\n\t\t\t\tborder: 2px solid #cfcfcf;\n\t\t\t}\n\t\t\t#gallery-1 .gallery-caption {\n\t\t\t\tmargin-left: 0;\n\t\t\t}\n\t\t\t\/* see gallery_shortcode() in wp-includes\/media.php *\/\n\t\t<\/style>\n\t\t<div id='gallery-1' class='gallery galleryid-248 gallery-columns-4 gallery-size-thumbnail'><dl class='gallery-item'>\n\t\t\t<dt class='gallery-icon landscape'>\n\t\t\t\t<img width=\"200\" height=\"150\" src=\"https:\/\/wp.ufpel.edu.br\/oficinas\/files\/2020\/03\/Oficina_leds_7-212x159.jpeg\" class=\"attachment-thumbnail size-thumbnail\" alt=\"\" aria-describedby=\"gallery-1-353\" srcset=\"https:\/\/wp.ufpel.edu.br\/oficinas\/files\/2020\/03\/Oficina_leds_7-212x159.jpeg 212w, https:\/\/wp.ufpel.edu.br\/oficinas\/files\/2020\/03\/Oficina_leds_7-424x318.jpeg 424w, https:\/\/wp.ufpel.edu.br\/oficinas\/files\/2020\/03\/Oficina_leds_7-768x576.jpeg 768w, https:\/\/wp.ufpel.edu.br\/oficinas\/files\/2020\/03\/Oficina_leds_7.jpeg 1040w\" sizes=\"(max-width: 200px) 100vw, 200px\" \/>\n\t\t\t<\/dt>\n\t\t\t\t<dd class='wp-caption-text gallery-caption' id='gallery-1-353'>\n\t\t\t\tAtividade realizada em 2019\/2\n\t\t\t\t<\/dd><\/dl><dl class='gallery-item'>\n\t\t\t<dt class='gallery-icon portrait'>\n\t\t\t\t<img width=\"119\" height=\"159\" src=\"https:\/\/wp.ufpel.edu.br\/oficinas\/files\/2020\/03\/Oficina_leds_1-119x159.jpeg\" class=\"attachment-thumbnail size-thumbnail\" alt=\"\" aria-describedby=\"gallery-1-347\" srcset=\"https:\/\/wp.ufpel.edu.br\/oficinas\/files\/2020\/03\/Oficina_leds_1-119x159.jpeg 119w, https:\/\/wp.ufpel.edu.br\/oficinas\/files\/2020\/03\/Oficina_leds_1-239x318.jpeg 239w, https:\/\/wp.ufpel.edu.br\/oficinas\/files\/2020\/03\/Oficina_leds_1.jpeg 720w\" sizes=\"(max-width: 119px) 100vw, 119px\" \/>\n\t\t\t<\/dt>\n\t\t\t\t<dd class='wp-caption-text gallery-caption' id='gallery-1-347'>\n\t\t\t\tAtividade realizada em 2019\/2\n\t\t\t\t<\/dd><\/dl><dl class='gallery-item'>\n\t\t\t<dt class='gallery-icon portrait'>\n\t\t\t\t<img width=\"119\" height=\"159\" src=\"https:\/\/wp.ufpel.edu.br\/oficinas\/files\/2020\/03\/Oficina_leds_2-119x159.png\" class=\"attachment-thumbnail size-thumbnail\" alt=\"\" aria-describedby=\"gallery-1-348\" srcset=\"https:\/\/wp.ufpel.edu.br\/oficinas\/files\/2020\/03\/Oficina_leds_2-119x159.png 119w, https:\/\/wp.ufpel.edu.br\/oficinas\/files\/2020\/03\/Oficina_leds_2-239x318.png 239w, https:\/\/wp.ufpel.edu.br\/oficinas\/files\/2020\/03\/Oficina_leds_2.png 720w\" sizes=\"(max-width: 119px) 100vw, 119px\" \/>\n\t\t\t<\/dt>\n\t\t\t\t<dd class='wp-caption-text gallery-caption' id='gallery-1-348'>\n\t\t\t\tAtividade realizada em 2019\/2\n\t\t\t\t<\/dd><\/dl><dl class='gallery-item'>\n\t\t\t<dt class='gallery-icon landscape'>\n\t\t\t\t<img width=\"200\" height=\"150\" src=\"https:\/\/wp.ufpel.edu.br\/oficinas\/files\/2020\/03\/Oficina_leds_5-212x159.jpeg\" class=\"attachment-thumbnail size-thumbnail\" alt=\"\" aria-describedby=\"gallery-1-351\" srcset=\"https:\/\/wp.ufpel.edu.br\/oficinas\/files\/2020\/03\/Oficina_leds_5-212x159.jpeg 212w, https:\/\/wp.ufpel.edu.br\/oficinas\/files\/2020\/03\/Oficina_leds_5-424x318.jpeg 424w, https:\/\/wp.ufpel.edu.br\/oficinas\/files\/2020\/03\/Oficina_leds_5-768x576.jpeg 768w, https:\/\/wp.ufpel.edu.br\/oficinas\/files\/2020\/03\/Oficina_leds_5.jpeg 1040w\" sizes=\"(max-width: 200px) 100vw, 200px\" \/>\n\t\t\t<\/dt>\n\t\t\t\t<dd class='wp-caption-text gallery-caption' id='gallery-1-351'>\n\t\t\t\tAtividade realizada em 2019\/2\n\t\t\t\t<\/dd><\/dl><br style=\"clear: both\" \/><dl class='gallery-item'>\n\t\t\t<dt class='gallery-icon portrait'>\n\t\t\t\t<img width=\"119\" height=\"159\" src=\"https:\/\/wp.ufpel.edu.br\/oficinas\/files\/2020\/03\/Oficina_leds_6-119x159.jpeg\" class=\"attachment-thumbnail size-thumbnail\" alt=\"\" aria-describedby=\"gallery-1-352\" srcset=\"https:\/\/wp.ufpel.edu.br\/oficinas\/files\/2020\/03\/Oficina_leds_6-119x159.jpeg 119w, https:\/\/wp.ufpel.edu.br\/oficinas\/files\/2020\/03\/Oficina_leds_6-239x318.jpeg 239w, https:\/\/wp.ufpel.edu.br\/oficinas\/files\/2020\/03\/Oficina_leds_6.jpeg 720w\" sizes=\"(max-width: 119px) 100vw, 119px\" \/>\n\t\t\t<\/dt>\n\t\t\t\t<dd class='wp-caption-text gallery-caption' id='gallery-1-352'>\n\t\t\t\tAtividade realizada em 2019\/2\n\t\t\t\t<\/dd><\/dl><dl class='gallery-item'>\n\t\t\t<dt class='gallery-icon landscape'>\n\t\t\t\t<img width=\"200\" height=\"150\" src=\"https:\/\/wp.ufpel.edu.br\/oficinas\/files\/2020\/03\/Oficina_leds_3-212x159.png\" class=\"attachment-thumbnail size-thumbnail\" alt=\"\" aria-describedby=\"gallery-1-349\" srcset=\"https:\/\/wp.ufpel.edu.br\/oficinas\/files\/2020\/03\/Oficina_leds_3-212x159.png 212w, https:\/\/wp.ufpel.edu.br\/oficinas\/files\/2020\/03\/Oficina_leds_3-424x318.png 424w, https:\/\/wp.ufpel.edu.br\/oficinas\/files\/2020\/03\/Oficina_leds_3-768x576.png 768w, https:\/\/wp.ufpel.edu.br\/oficinas\/files\/2020\/03\/Oficina_leds_3.png 1040w\" sizes=\"(max-width: 200px) 100vw, 200px\" \/>\n\t\t\t<\/dt>\n\t\t\t\t<dd class='wp-caption-text gallery-caption' id='gallery-1-349'>\n\t\t\t\tAtividade realizada em 2019\/2\n\t\t\t\t<\/dd><\/dl><dl class='gallery-item'>\n\t\t\t<dt class='gallery-icon portrait'>\n\t\t\t\t<img width=\"119\" height=\"159\" src=\"https:\/\/wp.ufpel.edu.br\/oficinas\/files\/2020\/03\/Oficina_leds_8-119x159.jpeg\" class=\"attachment-thumbnail size-thumbnail\" alt=\"\" aria-describedby=\"gallery-1-354\" srcset=\"https:\/\/wp.ufpel.edu.br\/oficinas\/files\/2020\/03\/Oficina_leds_8-119x159.jpeg 119w, https:\/\/wp.ufpel.edu.br\/oficinas\/files\/2020\/03\/Oficina_leds_8-239x318.jpeg 239w, https:\/\/wp.ufpel.edu.br\/oficinas\/files\/2020\/03\/Oficina_leds_8.jpeg 720w\" sizes=\"(max-width: 119px) 100vw, 119px\" \/>\n\t\t\t<\/dt>\n\t\t\t\t<dd class='wp-caption-text gallery-caption' id='gallery-1-354'>\n\t\t\t\tAtividade realizada em 2019\/2\n\t\t\t\t<\/dd><\/dl><dl class='gallery-item'>\n\t\t\t<dt class='gallery-icon portrait'>\n\t\t\t\t<img width=\"119\" height=\"159\" src=\"https:\/\/wp.ufpel.edu.br\/oficinas\/files\/2020\/03\/Oficina_leds_4-119x159.jpeg\" class=\"attachment-thumbnail size-thumbnail\" alt=\"\" aria-describedby=\"gallery-1-350\" srcset=\"https:\/\/wp.ufpel.edu.br\/oficinas\/files\/2020\/03\/Oficina_leds_4-119x159.jpeg 119w, https:\/\/wp.ufpel.edu.br\/oficinas\/files\/2020\/03\/Oficina_leds_4-239x318.jpeg 239w, https:\/\/wp.ufpel.edu.br\/oficinas\/files\/2020\/03\/Oficina_leds_4.jpeg 720w\" sizes=\"(max-width: 119px) 100vw, 119px\" \/>\n\t\t\t<\/dt>\n\t\t\t\t<dd class='wp-caption-text gallery-caption' id='gallery-1-350'>\n\t\t\t\tAtividade realizada em 2019\/2\n\t\t\t\t<\/dd><\/dl><br style=\"clear: both\" \/>\n\t\t<\/div>\n\n<h3><span style=\"font-size: 18pt\">Participe desta a\u00e7\u00e3o<\/span><\/h3>\n<p>Voc\u00ea pode participar desta a\u00e7\u00e3o \u00e0 dist\u00e2ncia. Para isso, baixe o material de aula, e a tarefa para conclus\u00e3o a dist\u00e2ncia. Para a confe\u00e7\u00e3o de certificado, \u00e9 necess\u00e1rio um dado n\u00famero de concluintes, ent\u00e3o pode demorar um pouco, dependendo da demanda.<\/p>\n<p>Solicite inscri\u00e7\u00e3o na modalidade a dist\u00e2ncia, registre interesse em participar de turmas quando as mesmas forem abertas <a href=\"https:\/\/wp.ufpel.edu.br\/oficinas\/contato\/\"><strong>CLICANDO AQUI.<\/strong><\/a><\/p>\n","protected":false},"excerpt":{"rendered":"<p>Detalhes da a\u00e7\u0101o Oficina desenvolvida e aplicada por Let\u00edcia Pegoraro Garcez, graduanda do curso de Engenharia da Computa\u00e7\u00e3o, UFPel. Esta a\u00e7\u00e3o baseia-se em uma oficina com um conte\u00fado introdut\u00f3rio ao campo da eletr\u00f4nica, mais especificamente aos LEDs, onde foram trabalhados conceitos te\u00f3ricos e pr\u00e1ticos acerca do funcionamento de LEDs e outros componentes, como potenci\u00f4metros, resistores, [&hellip;]<\/p>\n","protected":false},"author":390,"featured_media":0,"parent":0,"menu_order":0,"comment_status":"closed","ping_status":"closed","template":"","meta":{"footnotes":""},"class_list":["post-248","page","type-page","status-publish","hentry"],"jetpack_sharing_enabled":true,"_links":{"self":[{"href":"https:\/\/wp.ufpel.edu.br\/oficinas\/wp-json\/wp\/v2\/pages\/248","targetHints":{"allow":["GET"]}}],"collection":[{"href":"https:\/\/wp.ufpel.edu.br\/oficinas\/wp-json\/wp\/v2\/pages"}],"about":[{"href":"https:\/\/wp.ufpel.edu.br\/oficinas\/wp-json\/wp\/v2\/types\/page"}],"author":[{"embeddable":true,"href":"https:\/\/wp.ufpel.edu.br\/oficinas\/wp-json\/wp\/v2\/users\/390"}],"replies":[{"embeddable":true,"href":"https:\/\/wp.ufpel.edu.br\/oficinas\/wp-json\/wp\/v2\/comments?post=248"}],"version-history":[{"count":33,"href":"https:\/\/wp.ufpel.edu.br\/oficinas\/wp-json\/wp\/v2\/pages\/248\/revisions"}],"predecessor-version":[{"id":853,"href":"https:\/\/wp.ufpel.edu.br\/oficinas\/wp-json\/wp\/v2\/pages\/248\/revisions\/853"}],"wp:attachment":[{"href":"https:\/\/wp.ufpel.edu.br\/oficinas\/wp-json\/wp\/v2\/media?parent=248"}],"curies":[{"name":"wp","href":"https:\/\/api.w.org\/{rel}","templated":true}]}}