{"id":20,"date":"2014-07-03T17:14:51","date_gmt":"2014-07-03T20:14:51","guid":{"rendered":"https:\/\/wp.ufpel.edu.br\/oficinas\/?page_id=20"},"modified":"2020-03-31T09:29:31","modified_gmt":"2020-03-31T12:29:31","slug":"oficinas-2013","status":"publish","type":"page","link":"https:\/\/wp.ufpel.edu.br\/oficinas\/oficinas-2013\/","title":{"rendered":"Antigo Oficinas"},"content":{"rendered":"<p>Oficinas j\u00e1 ofertadas pelo projeto<\/p>\n<table class=\"aligncenter\" dir=\"ltr\" cellspacing=\"2\" align=\"center\">\n<tbody>\n<tr>\n<td>\u00a0<a href=\"https:\/\/wp.ufpel.edu.br\/gegradi\/files\/2014\/04\/oficina-analise-da-forma.jpg\"><img class=\"alignnone wp-image-1481 size-thumbnail\" src=\"https:\/\/wp.ufpel.edu.br\/gegradi\/files\/2014\/04\/oficina-analise-da-forma-106x150.jpg\" alt=\"oficina analise da forma\" width=\"106\" height=\"150\" \/><\/a><\/td>\n<td>AN\u00c1LISE DA FORMA A PARTIR DE REALIDADE AUMENTADA<\/td>\n<td>\u00a0<a href=\"https:\/\/wp.ufpel.edu.br\/gegradi\/files\/2014\/04\/oficina-anamorfose.jpg\"><img class=\"alignnone wp-image-1482 size-thumbnail\" src=\"https:\/\/wp.ufpel.edu.br\/gegradi\/files\/2014\/04\/oficina-anamorfose-106x150.jpg\" alt=\"oficina anamorfose\" width=\"106\" height=\"150\" \/><\/a><\/td>\n<td>ANAMORFOSE<\/td>\n<\/tr>\n<tr>\n<td>\u00a0<a href=\"https:\/\/wp.ufpel.edu.br\/gegradi\/files\/2014\/04\/oficina-desenho-parametrico.jpg\"><img class=\"alignnone size-thumbnail wp-image-1483\" src=\"https:\/\/wp.ufpel.edu.br\/gegradi\/files\/2014\/04\/oficina-desenho-parametrico-106x150.jpg\" alt=\"oficina desenho parametrico\" width=\"106\" height=\"150\" \/><\/a><\/td>\n<td>DESENHO PARAM\u00c9TRICO<\/td>\n<td>\u00a0<a href=\"https:\/\/wp.ufpel.edu.br\/gegradi\/files\/2014\/04\/oficina-edicao-fotografia.jpg\"><img class=\"alignnone wp-image-1484 size-thumbnail\" src=\"https:\/\/wp.ufpel.edu.br\/gegradi\/files\/2014\/04\/oficina-edicao-fotografia-106x150.jpg\" alt=\"oficina edicao fotografia\" width=\"106\" height=\"150\" \/><\/a><\/td>\n<td>EDI\u00c7\u00c3O DE FOTOGRAFIA PARA A PRODU\u00c7\u00c3O DE TEXTURAS<\/td>\n<\/tr>\n<tr>\n<td>\u00a0<a href=\"https:\/\/wp.ufpel.edu.br\/gegradi\/files\/2014\/04\/oficina-impressao-3D.jpg\"><img class=\"alignnone size-thumbnail wp-image-1486\" src=\"https:\/\/wp.ufpel.edu.br\/gegradi\/files\/2014\/04\/oficina-impressao-3D-106x150.jpg\" alt=\"oficina impressao 3D\" width=\"106\" height=\"150\" \/><\/a><\/td>\n<td>IMPRESS\u00c3O 3D<\/td>\n<td>\u00a0<a href=\"https:\/\/wp.ufpel.edu.br\/gegradi\/files\/2014\/04\/oficina-modelagem-3D.jpg\"><img class=\"alignnone size-thumbnail wp-image-1487\" src=\"https:\/\/wp.ufpel.edu.br\/gegradi\/files\/2014\/04\/oficina-modelagem-3D-106x150.jpg\" alt=\"oficina modelagem 3D\" width=\"106\" height=\"150\" \/><\/a><\/td>\n<td>MODELAGEM 3D<\/td>\n<\/tr>\n<tr>\n<td>\u00a0<a href=\"https:\/\/wp.ufpel.edu.br\/gegradi\/files\/2014\/04\/oficina-fotogrametria.jpg\"><img class=\"alignnone size-thumbnail wp-image-1485\" src=\"https:\/\/wp.ufpel.edu.br\/gegradi\/files\/2014\/04\/oficina-fotogrametria-106x150.jpg\" alt=\"oficina fotogrametria\" width=\"106\" height=\"150\" \/><\/a><\/td>\n<td>MODELAGEM A PARTIR DE FOTOGRAFIA (FOTOGRAMETRIA)<\/td>\n<td>\u00a0<a href=\"https:\/\/wp.ufpel.edu.br\/gegradi\/files\/2014\/04\/oficina-planificacao.jpg\"><img class=\"alignnone size-thumbnail wp-image-1488\" src=\"https:\/\/wp.ufpel.edu.br\/gegradi\/files\/2014\/04\/oficina-planificacao-106x150.jpg\" alt=\"oficina planificacao\" width=\"106\" height=\"150\" \/><\/a><\/td>\n<td>PLANIFICA\u00c7\u00c3O<\/td>\n<\/tr>\n<tr>\n<td>\u00a0<a href=\"https:\/\/wp.ufpel.edu.br\/gegradi\/files\/2014\/04\/oficina-analise-da-forma.jpg\"><img class=\"alignnone size-thumbnail wp-image-1481\" src=\"https:\/\/wp.ufpel.edu.br\/gegradi\/files\/2014\/04\/oficina-analise-da-forma-106x150.jpg\" alt=\"oficina analise da forma\" width=\"106\" height=\"150\" \/><\/a><\/td>\n<td>PROCESSOS COMPOSITIVOS ATRAV\u00c9S DA<br \/>\nGRAM\u00c1TICA DA FORMA PARA ARQUITETURA E DESIGN<\/td>\n<td>\u00a0<a href=\"https:\/\/wp.ufpel.edu.br\/gegradi\/files\/2014\/04\/oficina-publicacao.jpg\"><img class=\"alignnone size-thumbnail wp-image-1490\" src=\"https:\/\/wp.ufpel.edu.br\/gegradi\/files\/2014\/04\/oficina-publicacao-106x150.jpg\" alt=\"oficina publicacao\" width=\"106\" height=\"150\" \/><\/a><\/td>\n<td>PUBLICA\u00c7\u00c3O DE MODELOS 3D<\/td>\n<\/tr>\n<tr>\n<td>\u00a0<a href=\"https:\/\/wp.ufpel.edu.br\/gegradi\/files\/2014\/04\/oficina-realidade-aumentada.jpg\"><img class=\"alignnone size-thumbnail wp-image-1491\" src=\"https:\/\/wp.ufpel.edu.br\/gegradi\/files\/2014\/04\/oficina-realidade-aumentada-106x150.jpg\" alt=\"oficina realidade aumentada\" width=\"106\" height=\"150\" \/><\/a><\/td>\n<td>REALIDADE AUMENTADA<\/td>\n<td>\u00a0<a href=\"https:\/\/wp.ufpel.edu.br\/gegradi\/files\/2014\/04\/oficina-recursao.jpg\"><img class=\"alignnone size-thumbnail wp-image-1492\" src=\"https:\/\/wp.ufpel.edu.br\/gegradi\/files\/2014\/04\/oficina-recursao-106x150.jpg\" alt=\"oficina recursao\" width=\"106\" height=\"150\" \/><\/a><\/td>\n<td>RECURS\u00c3O<\/td>\n<\/tr>\n<tr>\n<td>\u00a0<a href=\"https:\/\/wp.ufpel.edu.br\/gegradi\/files\/2014\/04\/oficina-simetrias.jpg\"><img class=\"alignnone size-thumbnail wp-image-1493\" src=\"https:\/\/wp.ufpel.edu.br\/gegradi\/files\/2014\/04\/oficina-simetrias-106x150.jpg\" alt=\"oficina simetrias\" width=\"106\" height=\"150\" \/><\/a><\/td>\n<td>SIMETRIAS<\/td>\n<td>\u00a0<a href=\"https:\/\/wp.ufpel.edu.br\/gegradi\/files\/2014\/04\/oficina-superficies-curvas.jpg\"><img class=\"alignnone size-thumbnail wp-image-1494\" src=\"https:\/\/wp.ufpel.edu.br\/gegradi\/files\/2014\/04\/oficina-superficies-curvas-106x150.jpg\" alt=\"oficina superficies curvas\" width=\"106\" height=\"150\" \/><\/a><\/td>\n<td>T\u00c9CNICAS DIGITAIS DE MODELAGEM DE SUPERF\u00cdCIES CURVAS<\/td>\n<\/tr>\n<tr>\n<td>\u00a0<a href=\"https:\/\/wp.ufpel.edu.br\/gegradi\/files\/2014\/04\/oficina-vetorizacao-de-fotografia.jpg\"><img class=\"alignnone size-thumbnail wp-image-1495\" src=\"https:\/\/wp.ufpel.edu.br\/gegradi\/files\/2014\/04\/oficina-vetorizacao-de-fotografia-106x150.jpg\" alt=\"oficina vetorizacao de fotografia\" width=\"106\" height=\"150\" \/><\/a><\/td>\n<td>VETORIZA\u00c7\u00c3O DE FOTOGRAFIA<\/td>\n<td><\/td>\n<td><\/td>\n<\/tr>\n<\/tbody>\n<\/table>\n<p>&nbsp;<\/p>\n","protected":false},"excerpt":{"rendered":"<p>Oficinas j\u00e1 ofertadas pelo projeto \u00a0 AN\u00c1LISE DA FORMA A PARTIR DE REALIDADE AUMENTADA \u00a0 ANAMORFOSE \u00a0 DESENHO PARAM\u00c9TRICO \u00a0 EDI\u00c7\u00c3O DE FOTOGRAFIA PARA A PRODU\u00c7\u00c3O DE TEXTURAS \u00a0 IMPRESS\u00c3O 3D \u00a0 MODELAGEM 3D \u00a0 MODELAGEM A PARTIR DE FOTOGRAFIA (FOTOGRAMETRIA) \u00a0 PLANIFICA\u00c7\u00c3O \u00a0 PROCESSOS COMPOSITIVOS ATRAV\u00c9S DA GRAM\u00c1TICA DA FORMA PARA ARQUITETURA E DESIGN [&hellip;]<\/p>\n","protected":false},"author":390,"featured_media":0,"parent":0,"menu_order":0,"comment_status":"closed","ping_status":"closed","template":"","meta":{"footnotes":""},"class_list":["post-20","page","type-page","status-publish","hentry"],"jetpack_sharing_enabled":true,"_links":{"self":[{"href":"https:\/\/wp.ufpel.edu.br\/oficinas\/wp-json\/wp\/v2\/pages\/20","targetHints":{"allow":["GET"]}}],"collection":[{"href":"https:\/\/wp.ufpel.edu.br\/oficinas\/wp-json\/wp\/v2\/pages"}],"about":[{"href":"https:\/\/wp.ufpel.edu.br\/oficinas\/wp-json\/wp\/v2\/types\/page"}],"author":[{"embeddable":true,"href":"https:\/\/wp.ufpel.edu.br\/oficinas\/wp-json\/wp\/v2\/users\/390"}],"replies":[{"embeddable":true,"href":"https:\/\/wp.ufpel.edu.br\/oficinas\/wp-json\/wp\/v2\/comments?post=20"}],"version-history":[{"count":5,"href":"https:\/\/wp.ufpel.edu.br\/oficinas\/wp-json\/wp\/v2\/pages\/20\/revisions"}],"predecessor-version":[{"id":266,"href":"https:\/\/wp.ufpel.edu.br\/oficinas\/wp-json\/wp\/v2\/pages\/20\/revisions\/266"}],"wp:attachment":[{"href":"https:\/\/wp.ufpel.edu.br\/oficinas\/wp-json\/wp\/v2\/media?parent=20"}],"curies":[{"name":"wp","href":"https:\/\/api.w.org\/{rel}","templated":true}]}}