{"id":172,"date":"2020-04-08T19:16:00","date_gmt":"2020-04-08T22:16:00","guid":{"rendered":"https:\/\/wp.ufpel.edu.br\/oficinas\/?page_id=172"},"modified":"2020-04-14T17:23:29","modified_gmt":"2020-04-14T20:23:29","slug":"ao-ministrante","status":"publish","type":"page","link":"https:\/\/wp.ufpel.edu.br\/oficinas\/ao-ministrante\/","title":{"rendered":"Ao gegradiano"},"content":{"rendered":"<p><span style=\"font-size: 12pt;font-family: georgia, palatino, serif;color: #000000\">Orienta\u00e7\u00f5es para o ministrante de oficinas.\u00a0<\/span><\/p>\n<h3><span style=\"color: #000000\">Organiza\u00e7\u00e3o das oficinas<\/span><\/h3>\n<ol>\n<li class=\"western\"><span style=\"font-family: georgia, palatino, serif;font-size: 12pt;color: #000000\">Preparar um material sobre o assunto ou utilizar o que j\u00e1 existe no Ambiente Ava do Projeto Oficinas:<\/span><\/li>\n<\/ol>\n<ul>\n<li style=\"list-style-type: none\">\n<ul>\n<li class=\"western\"><span style=\"font-family: georgia, palatino, serif;font-size: 12pt;color: #000000\">Ter a aprova\u00e7\u00e3o do material desenvolvido se for o caso, com prazo de an\u00e1lise de 15 dias, enviado para o e-mail <a style=\"color: #000000\" href=\"mailto:janicefpires@hotmail.com\">janicefpires@hotmail.com<\/a>;<\/span><\/li>\n<li class=\"western\"><span style=\"font-family: georgia, palatino, serif;font-size: 12pt;color: #000000\">No material deve conter todos os objetivos da oficina e a relev\u00e2ncia para a sociedade.<\/span><\/li>\n<\/ul>\n<\/li>\n<\/ul>\n<ol start=\"2\">\n<li>\n<p class=\"western\" align=\"justify\"><span style=\"font-family: georgia, palatino, serif;font-size: 12pt;color: #000000\">Divulga\u00e7\u00e3o das Oficinas (Encaminhar com 7 dias de anteced\u00eancia para o e-mail: <a style=\"color: #000000\" href=\"mailto:gegradi@gmail.com\">gegradi@gmail.com<\/a>). Deve conter no e-mail:<\/span><\/p>\n<\/li>\n<\/ol>\n<ul>\n<li style=\"list-style-type: none\">\n<ul>\n<li>\n<p class=\"western\" align=\"justify\"><span style=\"font-family: georgia, palatino, serif;font-size: 12pt;color: #000000\">O nome da Oficina;<\/span><\/p>\n<\/li>\n<li>\n<p class=\"western\" align=\"justify\"><span style=\"font-family: georgia, palatino, serif;font-size: 12pt;color: #000000\">Data, hor\u00e1rio, local e sala;<\/span><\/p>\n<\/li>\n<li>\n<p class=\"western\" align=\"justify\"><span style=\"font-family: georgia, palatino, serif;font-size: 12pt;color: #000000\">Carga Hor\u00e1ria da Oficina;<\/span><\/p>\n<\/li>\n<li>\n<p class=\"western\" align=\"justify\"><span style=\"font-family: georgia, palatino, serif;font-size: 12pt;color: #000000\">Nome do (os) ministrante (s);<\/span><\/p>\n<\/li>\n<li>\n<p class=\"western\" align=\"justify\"><span style=\"font-family: georgia, palatino, serif;font-size: 12pt;color: #000000\">N\u00famero de vagas por turma;<\/span><\/p>\n<\/li>\n<li>\n<p class=\"western\" align=\"justify\"><span style=\"font-family: georgia, palatino, serif;font-size: 12pt;color: #000000\">Resumo\/objetivo da Oficina;<\/span><\/p>\n<\/li>\n<li>\n<p class=\"western\" align=\"justify\"><span style=\"font-family: georgia, palatino, serif;font-size: 12pt;color: #000000\">Imagem ilustrativa com refer\u00eancia ao assunto.<\/span><\/p>\n<\/li>\n<\/ul>\n<\/li>\n<\/ul>\n<ol start=\"3\">\n<li>\n<p class=\"western\" align=\"justify\"><span style=\"font-family: georgia, palatino, serif;font-size: 12pt;color: #000000\">As inscri\u00e7\u00f5es ser\u00e3o realizadas pelo GEGRADI via Google Forms.<\/span><\/p>\n<\/li>\n<li>\n<p class=\"western\" align=\"justify\"><span style=\"font-family: georgia, palatino, serif;font-size: 12pt;color: #000000\">Pegar a lista de chamada no GEGRADI (ter a responsabilidade de entregar preenchida ap\u00f3s a realiza\u00e7\u00e3o da Oficina, com todos os dados necess\u00e1rios que constam no documento, para a confec\u00e7\u00e3o dos certificados).<\/span><\/p>\n<\/li>\n<li>\n<p class=\"western\" align=\"justify\"><span style=\"font-size: 12pt;font-family: georgia, palatino, serif;color: #000000\"><a style=\"color: #000000\" name=\"_GoBack\"><\/a> No dia da Oficina deve ser feito pelo ministrante o registro com fotos\/v\u00eddeo da mesma, sendo necess\u00e1rio enviar para o e-mail <a style=\"color: #000000\" href=\"mailto:gegradi@gmail.com\">gegradi@gmail.com<\/a>, para divulga\u00e7\u00e3o na p\u00e1gina do GEGRADI;<\/span><\/p>\n<\/li>\n<li>\n<p class=\"western\" align=\"justify\"><span style=\"font-family: georgia, palatino, serif;font-size: 12pt;color: #000000\">Entregar um relat\u00f3rio constando o seguinte:<\/span><\/p>\n<\/li>\n<\/ol>\n<ul>\n<li style=\"list-style-type: none\">\n<ul>\n<li>\n<p class=\"western\" align=\"justify\"><span style=\"font-family: georgia, palatino, serif;font-size: 12pt;color: #000000\">Resultados e objetivos alcan\u00e7ados nas oficinas;<\/span><\/p>\n<\/li>\n<li>\n<p class=\"western\" align=\"justify\"><span style=\"font-family: georgia, palatino, serif;font-size: 12pt;color: #000000\">Registro com fotos;<\/span><\/p>\n<\/li>\n<\/ul>\n<\/li>\n<\/ul>\n<p class=\"western\" align=\"justify\"><span style=\"font-size: 12pt;font-family: georgia, palatino, serif\">Ob<span style=\"color: #000000\">s. O relat\u00f3rio pode ser entregue ao final de cada semestre (ao final da realiza\u00e7\u00e3o das oficinas). <\/span><\/span><\/p>\n<p class=\"western\" align=\"justify\"><span style=\"color: #111111;font-size: 12pt;font-family: georgia, palatino, serif\">A emiss\u00e3o dos certificados dependem da aprova\u00e7\u00e3o do relat\u00f3rio pela Pr\u00f3-Reitoria de Extens\u00e3o, e devido \u00e0 burocracia, podem demorar um pouco.<\/span><\/p>\n<ol start=\"7\">\n<li>\n<p class=\"western\" align=\"justify\"><span style=\"color: #111111;font-size: 12pt;font-family: georgia, palatino, serif\">Quando os certificados estiverem liberados no Cobalto, ser\u00e1 divulgado no Site\/Facebook do GEGRADI e da FAURB.<\/span><\/p>\n<\/li>\n<\/ol>\n","protected":false},"excerpt":{"rendered":"<p>Orienta\u00e7\u00f5es para o ministrante de oficinas.\u00a0 Organiza\u00e7\u00e3o das oficinas Preparar um material sobre o assunto ou utilizar o que j\u00e1 existe no Ambiente Ava do Projeto Oficinas: Ter a aprova\u00e7\u00e3o do material desenvolvido se for o caso, com prazo de an\u00e1lise de 15 dias, enviado para o e-mail janicefpires@hotmail.com; No material deve conter todos os [&hellip;]<\/p>\n","protected":false},"author":390,"featured_media":0,"parent":0,"menu_order":0,"comment_status":"closed","ping_status":"closed","template":"","meta":{"footnotes":""},"class_list":["post-172","page","type-page","status-publish","hentry"],"jetpack_sharing_enabled":true,"_links":{"self":[{"href":"https:\/\/wp.ufpel.edu.br\/oficinas\/wp-json\/wp\/v2\/pages\/172","targetHints":{"allow":["GET"]}}],"collection":[{"href":"https:\/\/wp.ufpel.edu.br\/oficinas\/wp-json\/wp\/v2\/pages"}],"about":[{"href":"https:\/\/wp.ufpel.edu.br\/oficinas\/wp-json\/wp\/v2\/types\/page"}],"author":[{"embeddable":true,"href":"https:\/\/wp.ufpel.edu.br\/oficinas\/wp-json\/wp\/v2\/users\/390"}],"replies":[{"embeddable":true,"href":"https:\/\/wp.ufpel.edu.br\/oficinas\/wp-json\/wp\/v2\/comments?post=172"}],"version-history":[{"count":5,"href":"https:\/\/wp.ufpel.edu.br\/oficinas\/wp-json\/wp\/v2\/pages\/172\/revisions"}],"predecessor-version":[{"id":644,"href":"https:\/\/wp.ufpel.edu.br\/oficinas\/wp-json\/wp\/v2\/pages\/172\/revisions\/644"}],"wp:attachment":[{"href":"https:\/\/wp.ufpel.edu.br\/oficinas\/wp-json\/wp\/v2\/media?parent=172"}],"curies":[{"name":"wp","href":"https:\/\/api.w.org\/{rel}","templated":true}]}}