{"id":917,"date":"2019-04-23T10:06:55","date_gmt":"2019-04-23T13:06:55","guid":{"rendered":"https:\/\/wp.ufpel.edu.br\/odontologia\/?page_id=917"},"modified":"2022-05-20T09:18:31","modified_gmt":"2022-05-20T12:18:31","slug":"comissoes-nucleos","status":"publish","type":"page","link":"https:\/\/wp.ufpel.edu.br\/odontologia\/institucional\/comissoes-nucleos\/","title":{"rendered":"Comiss\u00f5es\/N\u00facleos"},"content":{"rendered":"<p style=\"text-align: center;\"><strong><span style=\"color: #800000; font-size: 18pt;\">Comiss\u00f5es\/N\u00facleos<\/span><\/strong><\/p>\n<p><span style=\"font-size: 14pt;\"><a href=\"https:\/\/wp.me\/PaUn96-cp\"><strong>Comiss\u00e3o de Biosseguran\u00e7a <\/strong><strong> (COMBIOS-FO\/UFPel)<\/strong><\/a><\/span><\/p>\n<p><span style=\"font-size: 14pt;\"><a href=\"https:\/\/wp.me\/PaUn96-gC\"><strong>Comit\u00ea de \u00c9tica em Pesquisa<\/strong><\/a><\/span><\/p>\n<p><a href=\"https:\/\/wp.me\/PaUn96-eM\"><strong><span style=\"font-size: 14pt;\">N\u00facleo Docente Estruturante (NDE)<\/span><\/strong><\/a><\/p>\n<p>&nbsp;<\/p>\n","protected":false},"excerpt":{"rendered":"<p>Comiss\u00f5es\/N\u00facleos Comiss\u00e3o de Biosseguran\u00e7a (COMBIOS-FO\/UFPel) Comit\u00ea de \u00c9tica em Pesquisa N\u00facleo Docente Estruturante (NDE) &nbsp;<\/p>\n","protected":false},"author":511,"featured_media":0,"parent":5,"menu_order":0,"comment_status":"closed","ping_status":"closed","template":"","meta":{"jetpack_post_was_ever_published":false,"footnotes":""},"class_list":["post-917","page","type-page","status-publish","hentry","post"],"jetpack_sharing_enabled":true,"jetpack_shortlink":"https:\/\/wp.me\/PaUn96-eN","jetpack-related-posts":[],"_links":{"self":[{"href":"https:\/\/wp.ufpel.edu.br\/odontologia\/wp-json\/wp\/v2\/pages\/917","targetHints":{"allow":["GET"]}}],"collection":[{"href":"https:\/\/wp.ufpel.edu.br\/odontologia\/wp-json\/wp\/v2\/pages"}],"about":[{"href":"https:\/\/wp.ufpel.edu.br\/odontologia\/wp-json\/wp\/v2\/types\/page"}],"author":[{"embeddable":true,"href":"https:\/\/wp.ufpel.edu.br\/odontologia\/wp-json\/wp\/v2\/users\/511"}],"replies":[{"embeddable":true,"href":"https:\/\/wp.ufpel.edu.br\/odontologia\/wp-json\/wp\/v2\/comments?post=917"}],"version-history":[{"count":5,"href":"https:\/\/wp.ufpel.edu.br\/odontologia\/wp-json\/wp\/v2\/pages\/917\/revisions"}],"predecessor-version":[{"id":2126,"href":"https:\/\/wp.ufpel.edu.br\/odontologia\/wp-json\/wp\/v2\/pages\/917\/revisions\/2126"}],"up":[{"embeddable":true,"href":"https:\/\/wp.ufpel.edu.br\/odontologia\/wp-json\/wp\/v2\/pages\/5"}],"wp:attachment":[{"href":"https:\/\/wp.ufpel.edu.br\/odontologia\/wp-json\/wp\/v2\/media?parent=917"}],"curies":[{"name":"wp","href":"https:\/\/api.w.org\/{rel}","templated":true}]}}