{"id":916,"date":"2019-04-23T10:07:42","date_gmt":"2019-04-23T13:07:42","guid":{"rendered":"https:\/\/wp.ufpel.edu.br\/odontologia\/?page_id=916"},"modified":"2023-05-22T14:47:08","modified_gmt":"2023-05-22T17:47:08","slug":"nucleo-docente-estruturante-nde","status":"publish","type":"page","link":"https:\/\/wp.ufpel.edu.br\/odontologia\/institucional\/comissoes-nucleos\/nucleo-docente-estruturante-nde\/","title":{"rendered":"N\u00facleo Docente Estruturante (NDE)"},"content":{"rendered":"<div id=\"pl-916\"  class=\"panel-layout\" ><div id=\"pg-916-0\"  class=\"panel-grid panel-no-style\" ><div id=\"pgc-916-0-0\"  class=\"panel-grid-cell\" ><div id=\"panel-916-0-0-0\" class=\"so-panel widget widget_sow-editor panel-first-child panel-last-child\" data-index=\"0\" ><div\n\t\t\t\n\t\t\tclass=\"so-widget-sow-editor so-widget-sow-editor-base\"\n\t\t\t\n\t\t>\n<div class=\"siteorigin-widget-tinymce textwidget\">\n\t<p style=\"text-align: center;\"><span style=\"color: #800000; font-size: 18pt;\"><strong>N\u00facleo Docente Estruturante (NDE)<\/strong><\/span><\/p>\n<p style=\"text-align: justify;\"><span style=\"font-size: 14pt;\">O N\u00facleo Docente Estruturante (NDE) da Faculdade de Odontologia \u00e9 composto por 11 membros do corpo docente, sendo a coordenadora do curso a presidente e um membro titular e um suplente de cada n\u00facleo de especialidade odontol\u00f3gica. A composi\u00e7\u00e3o do NDE foi aprovada em reuni\u00e3o do Colegiado de Curso e est\u00e1 de acordo com a\u00a0 Resolu\u00e7\u00e3o CONAES n. 01 de 17 de junho de 2010 e Resolu\u00e7\u00e3o n\u00ba 22, de 19 de julho de 2018 que define no artigo 2\u00ba, a seguir, suas atribui\u00e7\u00f5es.<\/span><\/p>\n<p style=\"text-align: justify;\"><span style=\"font-size: 14pt;\">\u201cArt. 2\u00ba S\u00e3o atribui\u00e7\u00f5es do NDE:<\/span><\/p>\n<ol style=\"text-align: justify;\">\n<li><span style=\"font-size: 14pt;\">Propor, organizar e encaminhar, em regime de colabora\u00e7\u00e3o, a elabora\u00e7\u00e3o, reestrutura\u00e7\u00e3o e atualiza\u00e7\u00e3o do Projeto Pedag\u00f3gico do Curso (PPC), definindo concep\u00e7\u00f5es e fundamentos;<\/span><\/li>\n<li><span style=\"font-size: 14pt;\">Promover melhorias no Curr\u00edculo do Curso tendo em vista a sua flexibiliza\u00e7\u00e3o e a promo\u00e7\u00e3o<\/span><\/li>\n<\/ol>\n<p style=\"text-align: justify;\"><span style=\"font-size: 14pt;\">de pol\u00edticas que visem sua efetividade;<\/span><\/p>\n<p style=\"text-align: justify;\"><span style=\"font-size: 14pt;\">III. Contribuir para consolida\u00e7\u00e3o do perfil profissional do egresso e melhora geral da qualidade do Curso ao qual se vincula, realizando estudos e atualiza\u00e7\u00f5es peri\u00f3dicas do PPC, verificando o impacto do sistema de avalia\u00e7\u00e3o de aprendizagem na forma\u00e7\u00e3o do estudante e an\u00e1lise da adequa\u00e7\u00e3o do perfil do egresso, considerando as Diretrizes Curriculares Nacionais e as novas demandas do mundo do trabalho e da sociedade;<\/span><\/p>\n<ol style=\"text-align: justify;\">\n<li><span style=\"font-size: 14pt;\">Acompanhar o desenvolvimento do PPC, referendando, por meio de relat\u00f3rio redigido e assinado por todos os seus membros, a adequa\u00e7\u00e3o das bibliografias b\u00e1sicas e complementares do curso, de modo a garantir compatibilidade, em cada bibliografia b\u00e1sica e complementar da unidade curricular, entre n\u00famero de vagas autorizadas (do pr\u00f3prio curso e de outros cursos que utilizem os t\u00edtulos) e a quantidade de exemplares por t\u00edtulo (ou assinatura de acesso) dispon\u00edvel no acervo, seja f\u00edsico ou virtual;<\/span><\/li>\n<li><span style=\"font-size: 14pt;\">Zelar pelo cumprimento das Diretrizes Nacionais para os cursos de gradua\u00e7\u00e3o e demais legisla\u00e7\u00f5es relacionadas;<\/span><\/li>\n<li><span style=\"font-size: 14pt;\">Acompanhar e apoiar o cumprimento das normas de gradua\u00e7\u00e3o da UFPel e demais normas institucionais aplic\u00e1veis;<\/span><\/li>\n<\/ol>\n<p style=\"text-align: justify;\"><span style=\"font-size: 14pt;\">VII. Estudar pol\u00edticas que visem \u00e0 integra\u00e7\u00e3o do ensino de gradua\u00e7\u00e3o, da pesquisa e p\u00f3s-gradua\u00e7\u00e3o e da extens\u00e3o, considerando o aprimoramento da \u00e1rea de conhecimento do curso;<\/span><\/p>\n<p style=\"text-align: justify;\"><span style=\"font-size: 14pt;\">VIII. Encaminhar \u00e0 Dire\u00e7\u00e3o da Unidade as demandas referentes \u00e0 aquisi\u00e7\u00e3o de t\u00edtulos virtuais ou f\u00edsicos, para adequa\u00e7\u00e3o das refer\u00eancias bibliogr\u00e1ficas ao PPC do Curso;<\/span><\/p>\n<ol style=\"text-align: justify;\">\n<li><span style=\"font-size: 14pt;\">Disponibilizar o relat\u00f3rio referendado de bibliografias aos avaliadores do INEP\/MEC, durante as visitas in loco para fins de autoriza\u00e7\u00e3o, reconhecimento, renova\u00e7\u00e3o de reconhecimento de curso ou recredenciamento institucional;<\/span><\/li>\n<li><span style=\"font-size: 14pt;\">Acompanhar e apoiar os processos de avalia\u00e7\u00e3o e regula\u00e7\u00e3o do Curso.\u201d<\/span><\/li>\n<\/ol>\n<p>&nbsp;<\/p>\n<p><strong><span style=\"font-size: 18pt; color: #800000;\"><a style=\"color: #800000;\" href=\"https:\/\/wp.ufpel.edu.br\/odontologia\/a-faculdade-de-odontologia\/direcao\/\">COMPOSI\u00c7\u00c3O DO NDE<\/a><\/span><\/strong><\/p>\n<p>&nbsp;<\/p>\n<p style=\"text-align: justify;\"><span style=\"font-size: 14pt;\"><a href=\"https:\/\/wp.ufpel.edu.br\/odontologia\/files\/2021\/04\/Regimento-do-NDE.pdf\">Regimento do NDE<\/a><\/span><\/p>\n<\/div>\n<\/div><\/div><\/div><\/div><\/div>","protected":false},"excerpt":{"rendered":"<p>N\u00facleo Docente Estruturante (NDE) O N\u00facleo Docente Estruturante (NDE) da Faculdade de Odontologia \u00e9 composto por 11 membros do corpo docente, sendo a coordenadora do curso a presidente e um membro titular e um suplente de cada n\u00facleo de especialidade odontol\u00f3gica. A composi\u00e7\u00e3o do NDE foi aprovada em reuni\u00e3o do Colegiado de Curso e est\u00e1 [&hellip;]<\/p>\n","protected":false},"author":511,"featured_media":0,"parent":917,"menu_order":0,"comment_status":"closed","ping_status":"closed","template":"","meta":{"jetpack_post_was_ever_published":false,"footnotes":""},"class_list":["post-916","page","type-page","status-publish","hentry","post"],"jetpack_sharing_enabled":true,"jetpack_shortlink":"https:\/\/wp.me\/PaUn96-eM","jetpack-related-posts":[],"_links":{"self":[{"href":"https:\/\/wp.ufpel.edu.br\/odontologia\/wp-json\/wp\/v2\/pages\/916","targetHints":{"allow":["GET"]}}],"collection":[{"href":"https:\/\/wp.ufpel.edu.br\/odontologia\/wp-json\/wp\/v2\/pages"}],"about":[{"href":"https:\/\/wp.ufpel.edu.br\/odontologia\/wp-json\/wp\/v2\/types\/page"}],"author":[{"embeddable":true,"href":"https:\/\/wp.ufpel.edu.br\/odontologia\/wp-json\/wp\/v2\/users\/511"}],"replies":[{"embeddable":true,"href":"https:\/\/wp.ufpel.edu.br\/odontologia\/wp-json\/wp\/v2\/comments?post=916"}],"version-history":[{"count":12,"href":"https:\/\/wp.ufpel.edu.br\/odontologia\/wp-json\/wp\/v2\/pages\/916\/revisions"}],"predecessor-version":[{"id":2791,"href":"https:\/\/wp.ufpel.edu.br\/odontologia\/wp-json\/wp\/v2\/pages\/916\/revisions\/2791"}],"up":[{"embeddable":true,"href":"https:\/\/wp.ufpel.edu.br\/odontologia\/wp-json\/wp\/v2\/pages\/917"}],"wp:attachment":[{"href":"https:\/\/wp.ufpel.edu.br\/odontologia\/wp-json\/wp\/v2\/media?parent=916"}],"curies":[{"name":"wp","href":"https:\/\/api.w.org\/{rel}","templated":true}]}}