{"id":876,"date":"2019-04-23T08:57:29","date_gmt":"2019-04-23T11:57:29","guid":{"rendered":"https:\/\/wp.ufpel.edu.br\/odontologia\/?page_id=876"},"modified":"2025-10-13T18:50:28","modified_gmt":"2025-10-13T21:50:28","slug":"intranet","status":"publish","type":"page","link":"https:\/\/wp.ufpel.edu.br\/odontologia\/intranet\/","title":{"rendered":"Setores"},"content":{"rendered":"<div id=\"pl-876\"  class=\"panel-layout\" ><div id=\"pg-876-0\"  class=\"panel-grid panel-no-style\" ><div id=\"pgc-876-0-0\"  class=\"panel-grid-cell\" ><div id=\"panel-876-0-0-0\" class=\"so-panel widget widget_sow-editor panel-first-child panel-last-child\" data-index=\"0\" ><div\n\t\t\t\n\t\t\tclass=\"so-widget-sow-editor so-widget-sow-editor-base\"\n\t\t\t\n\t\t>\n<div class=\"siteorigin-widget-tinymce textwidget\">\n\t<p><strong><span style=\"font-size: 18pt; color: #800000;\">Interno<\/span><\/strong><\/p>\n<p><a href=\"https:\/\/wp.ufpel.edu.br\/odontologia\/a-faculdade-de-odontologia\/envio-de-noticias\/\"><span style=\"font-size: 14pt;\">Envio de not\u00edcias<\/span><\/a><\/p>\n<p><span style=\"font-size: 14pt;\"><a href=\"https:\/\/wp.ufpel.edu.br\/odontologia\/a-faculdade-de-odontologia\/agendamento-de-salas\/\">Agendamento de salas de aulas e laborat\u00f3rios pr\u00e9-cl\u00ednica<\/a><\/span><\/p>\n<p><span style=\"font-size: 14pt;\"><a href=\"https:\/\/wp.ufpel.edu.br\/odontologia\/a-faculdade-de-odontologia\/agendamento-clinicas\/\">Agendamento de Cl\u00ednicas<\/a><\/span><\/p>\n<p><span style=\"font-size: 14pt;\"><a href=\"https:\/\/wp.ufpel.edu.br\/odontologia\/intranet\/manutencao\/\">Manuten\u00e7\u00e3o - Equipamentos<\/a><\/span><\/p>\n<p><span style=\"font-size: 14pt;\"><a href=\"https:\/\/wp.ufpel.edu.br\/odontologia\/intranet\/almoxarifado\/\">Almoxarifado<\/a><\/span><\/p>\n<p><span style=\"font-size: 14pt;\"><a href=\"https:\/\/wp.ufpel.edu.br\/odontologia\/intranet\/telefonia\/\">Telefonia<\/a><\/span><\/p>\n<p><span style=\"font-size: 14pt;\"><a href=\"https:\/\/wp.ufpel.edu.br\/odontologia\/coordenacao-clinica\/\">Coordena\u00e7\u00e3o Cl\u00ednica<\/a><\/span><\/p>\n<\/div>\n<\/div><\/div><\/div><\/div><\/div>","protected":false},"excerpt":{"rendered":"<p>Interno Envio de not\u00edcias Agendamento de salas de aulas e laborat\u00f3rios pr\u00e9-cl\u00ednica Agendamento de Cl\u00ednicas Manuten\u00e7\u00e3o &#8211; Equipamentos Almoxarifado Telefonia Coordena\u00e7\u00e3o Cl\u00ednica<\/p>\n","protected":false},"author":511,"featured_media":0,"parent":0,"menu_order":0,"comment_status":"closed","ping_status":"closed","template":"","meta":{"jetpack_post_was_ever_published":false,"footnotes":""},"class_list":["post-876","page","type-page","status-publish","hentry","post"],"jetpack_sharing_enabled":true,"jetpack_shortlink":"https:\/\/wp.me\/PaUn96-e8","jetpack-related-posts":[],"_links":{"self":[{"href":"https:\/\/wp.ufpel.edu.br\/odontologia\/wp-json\/wp\/v2\/pages\/876","targetHints":{"allow":["GET"]}}],"collection":[{"href":"https:\/\/wp.ufpel.edu.br\/odontologia\/wp-json\/wp\/v2\/pages"}],"about":[{"href":"https:\/\/wp.ufpel.edu.br\/odontologia\/wp-json\/wp\/v2\/types\/page"}],"author":[{"embeddable":true,"href":"https:\/\/wp.ufpel.edu.br\/odontologia\/wp-json\/wp\/v2\/users\/511"}],"replies":[{"embeddable":true,"href":"https:\/\/wp.ufpel.edu.br\/odontologia\/wp-json\/wp\/v2\/comments?post=876"}],"version-history":[{"count":4,"href":"https:\/\/wp.ufpel.edu.br\/odontologia\/wp-json\/wp\/v2\/pages\/876\/revisions"}],"predecessor-version":[{"id":3527,"href":"https:\/\/wp.ufpel.edu.br\/odontologia\/wp-json\/wp\/v2\/pages\/876\/revisions\/3527"}],"wp:attachment":[{"href":"https:\/\/wp.ufpel.edu.br\/odontologia\/wp-json\/wp\/v2\/media?parent=876"}],"curies":[{"name":"wp","href":"https:\/\/api.w.org\/{rel}","templated":true}]}}