{"id":870,"date":"2019-04-23T08:52:59","date_gmt":"2019-04-23T11:52:59","guid":{"rendered":"https:\/\/wp.ufpel.edu.br\/odontologia\/?page_id=870"},"modified":"2022-05-25T13:57:45","modified_gmt":"2022-05-25T16:57:45","slug":"almoxarifado","status":"publish","type":"page","link":"https:\/\/wp.ufpel.edu.br\/odontologia\/intranet\/almoxarifado\/","title":{"rendered":"Almoxarifado"},"content":{"rendered":"<div id=\"pl-870\" class=\"panel-layout\">\n<div id=\"pg-870-0\" class=\"panel-grid panel-no-style\">\n<div id=\"pgc-870-0-0\" class=\"panel-grid-cell\" data-weight=\"1\">\n<div id=\"panel-870-0-0-0\" class=\"so-panel widget widget_sow-editor panel-first-child\" data-index=\"0\" data-style=\"{&quot;background_image_attachment&quot;:false,&quot;background_display&quot;:&quot;tile&quot;}\">\n<div class=\"so-widget-sow-editor so-widget-sow-editor-base\">\n<div class=\"siteorigin-widget-tinymce textwidget\">\n<p style=\"text-align: center;\"><strong><span style=\"font-size: 18pt; color: #800000;\">Almoxarifado Central &#8211; Odontologia<\/span><\/strong><\/p>\n<p><span style=\"font-size: 14pt;\"><span style=\"font-family: georgia, palatino, serif;\"><strong>Almoxarife: <\/strong><\/span><span style=\"font-family: georgia, palatino, serif;\"><span class=\"yiv0308255547ydp3f4857edApple-style-span\">Alessandra Lemes Morae<\/span>s<\/span><\/span><\/p>\n<div><span style=\"font-size: 14pt;\"><strong><span style=\"font-family: georgia, palatino, serif;\">Telefone: <\/span><\/strong><span style=\"font-family: georgia, palatino, serif;\">\u00a0(53) 3260-2805<\/span><\/span><\/div>\n<p><span style=\"font-size: 14pt;\"><strong>Email:<\/strong> odonto.pelotas@yahoo.com.br<\/span><\/p>\n<\/div>\n<\/div>\n<\/div>\n<div id=\"panel-870-0-0-1\" class=\"so-panel widget widget_sow-editor\" data-index=\"1\" data-style=\"{&quot;background_image_attachment&quot;:false,&quot;background_display&quot;:&quot;tile&quot;}\">\n<div class=\"so-widget-sow-editor so-widget-sow-editor-base\">\n<div class=\"siteorigin-widget-tinymce textwidget\">\n<p>&nbsp;<\/p>\n<hr \/>\n<p style=\"text-align: center;\"><span style=\"font-size: 14pt; color: #800000;\"><strong>Instru\u00e7\u00f5es para solicita\u00e7\u00e3o de material<\/strong><\/span><\/p>\n<p><span style=\"font-size: 14pt;\">As solicita\u00e7\u00f5es de material para o Almoxarifado devem respeitar a agenda semanal de pedido de material. Os pedidos devem ser feitos preenchedo-se formul\u00e1rio espec\u00edfico (<span style=\"color: #0000ff;\"><a style=\"color: #0000ff;\" href=\"https:\/\/wp.ufpel.edu.br\/odontologia\/files\/2019\/04\/Formulario-de-Pedido-de-Material-10-itens-2015.docx\">Pedido de material &#8211; 10 itens<\/a><\/span>; <span style=\"color: #0000ff;\"><a style=\"color: #0000ff;\" href=\"https:\/\/wp.ufpel.edu.br\/odontologia\/files\/2019\/04\/Formulario-de-Pedido-de-Material-35-itens-2015.docx\">Pedido de material &#8211; 35 itens<\/a><\/span>) que dever\u00e3o ser enviados para a almoxarife atrav\u00e9s do formul\u00e1rio eletr\u00f4nico abaixo.<\/span><\/p>\n<p>&nbsp;<\/p>\n<p><span style=\"font-size: 14pt;\">O material solicitado ser\u00e1 separado e <strong>entregue no dia seguinte<\/strong> das <strong>09hs<\/strong> as <strong>11hs<\/strong> e das <strong>14hs<\/strong> as <strong>17:30hs<\/strong>.<\/span><\/p>\n<p>&nbsp;<\/p>\n<\/div>\n<\/div>\n<\/div>\n<div id=\"panel-870-0-0-2\" class=\"so-panel widget widget_sow-editor\" data-index=\"2\" data-style=\"{&quot;background_image_attachment&quot;:false,&quot;background_display&quot;:&quot;tile&quot;}\">\n<div class=\"so-widget-sow-editor so-widget-sow-editor-base\">\n<div class=\"siteorigin-widget-tinymce textwidget\">\n<p style=\"text-align: center;\"><strong><span style=\"font-size: 18pt; color: #800000;\">Formul\u00e1rio para solicita\u00e7\u00e3o de materiais ao almoxarifado<\/span><\/strong><\/p>\n<p><span style=\"font-size: 14pt;\">\n<div class=\"wpcf7 no-js\" id=\"wpcf7-f2046-o1\" lang=\"pt-BR\" dir=\"ltr\" data-wpcf7-id=\"2046\">\n<div class=\"screen-reader-response\"><p role=\"status\" aria-live=\"polite\" aria-atomic=\"true\"><\/p> <ul><\/ul><\/div>\n<form action=\"\/odontologia\/wp-json\/wp\/v2\/pages\/870#wpcf7-f2046-o1\" method=\"post\" class=\"wpcf7-form init\" aria-label=\"Formul\u00e1rios de contato\" enctype=\"multipart\/form-data\" novalidate=\"novalidate\" data-status=\"init\">\n<fieldset class=\"hidden-fields-container\"><input type=\"hidden\" name=\"_wpcf7\" value=\"2046\" \/><input type=\"hidden\" name=\"_wpcf7_version\" value=\"6.1.4\" \/><input type=\"hidden\" name=\"_wpcf7_locale\" value=\"pt_BR\" \/><input type=\"hidden\" name=\"_wpcf7_unit_tag\" value=\"wpcf7-f2046-o1\" \/><input type=\"hidden\" name=\"_wpcf7_container_post\" value=\"0\" \/><input type=\"hidden\" name=\"_wpcf7_posted_data_hash\" value=\"\" \/><input type=\"hidden\" name=\"_wpcf7cf_hidden_group_fields\" value=\"[]\" \/><input type=\"hidden\" name=\"_wpcf7cf_hidden_groups\" value=\"[]\" \/><input type=\"hidden\" name=\"_wpcf7cf_visible_groups\" value=\"[]\" \/><input type=\"hidden\" name=\"_wpcf7cf_repeaters\" value=\"[]\" \/><input type=\"hidden\" name=\"_wpcf7cf_steps\" value=\"{}\" \/><input type=\"hidden\" name=\"_wpcf7cf_options\" value=\"{&quot;form_id&quot;:2046,&quot;conditions&quot;:[],&quot;settings&quot;:{&quot;animation&quot;:&quot;yes&quot;,&quot;animation_intime&quot;:200,&quot;animation_outtime&quot;:200,&quot;conditions_ui&quot;:&quot;normal&quot;,&quot;notice_dismissed&quot;:false}}\" \/>\n<\/fieldset>\n<p><label> <strong> Nome:<\/strong> (obrigat\u00f3rio)<br \/>\n<span class=\"wpcf7-form-control-wrap\" data-name=\"your-name\"><input size=\"40\" maxlength=\"400\" class=\"wpcf7-form-control wpcf7-text wpcf7-validates-as-required\" aria-required=\"true\" aria-invalid=\"false\" value=\"\" type=\"text\" name=\"your-name\" \/><\/span> <\/label>\n<\/p>\n<p><label> <strong> E-mail:<\/strong> (obrigat\u00f3rio)<br \/>\n<span class=\"wpcf7-form-control-wrap\" data-name=\"your-email\"><input size=\"40\" maxlength=\"400\" class=\"wpcf7-form-control wpcf7-email wpcf7-validates-as-required wpcf7-text wpcf7-validates-as-email\" aria-required=\"true\" aria-invalid=\"false\" value=\"\" type=\"email\" name=\"your-email\" \/><\/span> <\/label>\n<\/p>\n<p><label> <strong> Setor da solicita\u00e7\u00e3o:<\/strong> (obrigat\u00f3rio) <\/label><br \/>\n<span class=\"wpcf7-form-control-wrap\" data-name=\"your-local\"><input size=\"40\" maxlength=\"400\" class=\"wpcf7-form-control wpcf7-text wpcf7-validates-as-required\" aria-required=\"true\" aria-invalid=\"false\" value=\"\" type=\"text\" name=\"your-local\" \/><\/span>\n<\/p>\n<p><label> <strong> Anexar arquivo:<\/strong> (obrigat\u00f3rio) <\/label><br \/>\n<span class=\"wpcf7-form-control-wrap\" data-name=\"file-165\"><input size=\"40\" class=\"wpcf7-form-control wpcf7-file wpcf7-validates-as-required\" accept=\".doc,.docx\" aria-required=\"true\" aria-invalid=\"false\" type=\"file\" name=\"file-165\" \/><\/span>\n<\/p>\n<p><input class=\"wpcf7-form-control wpcf7-submit has-spinner\" type=\"submit\" value=\"Enviar\" \/>\n<\/p><p style=\"display: none !important;\" class=\"akismet-fields-container\" data-prefix=\"_wpcf7_ak_\"><label>&#916;<textarea name=\"_wpcf7_ak_hp_textarea\" cols=\"45\" rows=\"8\" maxlength=\"100\"><\/textarea><\/label><input type=\"hidden\" id=\"ak_js_1\" name=\"_wpcf7_ak_js\" value=\"164\"\/><script>document.getElementById( \"ak_js_1\" ).setAttribute( \"value\", ( new Date() ).getTime() );<\/script><\/p><div class=\"wpcf7-response-output\" aria-hidden=\"true\"><\/div>\n<\/form>\n<\/div>\n<\/span><\/p>\n<\/div>\n<\/div>\n<\/div>\n<div id=\"panel-870-0-0-3\" class=\"so-panel widget widget_sow-editor\" data-index=\"3\" data-style=\"{&quot;background_image_attachment&quot;:false,&quot;background_display&quot;:&quot;tile&quot;}\">\n<div class=\"so-widget-sow-editor so-widget-sow-editor-base\">\n<div class=\"siteorigin-widget-tinymce textwidget\">\n<p>&nbsp;<\/p>\n<hr \/>\n<p style=\"text-align: center;\"><span style=\"font-size: 14pt; color: #800000;\"><strong>Agenda de compras\/preg\u00f5es UFPEL<\/strong><\/span><\/p>\n<p><span style=\"font-size: 14pt;\">As compras do Almoxarifado da Faculdade de Odontologia s\u00e3o regidas pelo calend\u00e1rio definido pela Adminsitra\u00e7\u00e3o Geral da UFPel, que pode ser consultado neste <a href=\"https:\/\/wp.ufpel.edu.br\/odontologia\/files\/2019\/04\/Agenda_de_compras_2019_GERAL_rev01.pdf\"><span style=\"color: #0000ff;\">link.<\/span><\/a><\/span><\/p>\n<p>&nbsp;<\/p>\n<hr \/>\n<p>&nbsp;<\/p>\n<\/div>\n<\/div>\n<\/div>\n<div id=\"panel-870-0-0-4\" class=\"so-panel widget widget_sow-editor panel-last-child\" data-index=\"4\" data-style=\"{&quot;background_image_attachment&quot;:false,&quot;background_display&quot;:&quot;tile&quot;}\">\n<div class=\"so-widget-sow-editor so-widget-sow-editor-base\">\n<div class=\"siteorigin-widget-tinymce textwidget\">\n<h2 style=\"text-align: center;\"><span style=\"color: #800000;\">Rela\u00e7\u00e3o de Preg\u00f5es de Licita\u00e7\u00f5es<\/span><\/h2>\n<p style=\"text-align: center;\"><div class=\"dados-cobalto cobalto-lista-pregoes\"><form id=\"formLicitacoes\" method=\"get\"><p>Selecione o ano: <select name=\"pregoesAno\" onchange=\"javascript:formLicitacoes.submit();\"><option>2026<\/option><option>2025<\/option><option>2024<\/option><option>2023<\/option><option selected>2022<\/option><option>2021<\/option><\/select><\/p><\/form><table class=\"tabela-pregoes\"><tr><th>Preg\u00e3o<\/th><th>Modalidade<\/th><th>Objeto<\/th><th>Data Vig\u00eancia<\/th><th>Processo<\/th><\/tr><tr><td>02\/2022<\/td><td>SRP<\/td><td>Aquisi\u00e7\u00e3o de ferros, a\u00e7os e materiais diversos de serralheria<\/td><td>18\/03\/2023<\/td><td class=\"nowrap\">23110.040825\/2021-58<\/td><\/tr><tr><td>01\/2022<\/td><td>SRP<\/td><td>Aquisi\u00e7\u00e3o de material permanente para Faculdade de Odontologia.<\/td><td>18\/04\/2023<\/td><td class=\"nowrap\">23110.040196\/2021-66<\/td><\/tr><tr><td>03\/2022<\/td><td>SRP<\/td><td>Aquisi\u00e7\u00e3o de material para manuten\u00e7\u00e3o de equipamentos odontol\u00f3gicos<\/td><td>12\/04\/2023<\/td><td class=\"nowrap\">23110.040197\/2021-19<\/td><\/tr><tr><td>06\/2022<\/td><td>SRP<\/td><td>AQUISI\u00c7\u00c3O DE GATEWAYS VOIP (PERMANENTE)<\/td><td>08\/04\/2023<\/td><td class=\"nowrap\">23110.004120\/2022-58<\/td><\/tr><tr><td>05\/2022<\/td><td>SRP<\/td><td>AQUISI\u00c7\u00c3O  MATERIAIS DE TELEFONIA - CONSUMO<\/td><td>20\/04\/2023<\/td><td class=\"nowrap\">23110.003686\/2022-62<\/td><\/tr><tr><td>09\/2022<\/td><td>Tradicional<\/td><td>AQUISI\u00c7\u00c3O DE BOMBONAS DE PEAD 100L<\/td><td><div style=\"text-align: center;\">&mdash;<\/div><\/td><td class=\"nowrap\">23110.004289\/2022-16<\/td><\/tr><tr><td>08\/2022<\/td><td>SRP<\/td><td>Aquisi\u00e7\u00e3o de materiais para instala\u00e7\u00f5es hidrossanit\u00e1rias<\/td><td>19\/04\/2023<\/td><td class=\"nowrap\">23110.003125\/2022-63<\/td><\/tr><tr><td>07\/2022<\/td><td>SRP<\/td><td>AQUISI\u00c7\u00c3O DE MATERIAIS DE TELEFONIA - PERMANENTE<\/td><td>28\/04\/2023<\/td><td class=\"nowrap\">23110.003668\/2022-81<\/td><\/tr><tr><td>11\/2022<\/td><td>SRP<\/td><td>Aquisi\u00e7\u00e3o de materiais diversos para instala\u00e7\u00e3o\/manuten\u00e7\u00e3o de condicionadores de ar<\/td><td>28\/04\/2023<\/td><td class=\"nowrap\">23110.006799\/2022-10<\/td><\/tr><tr><td>12\/2022<\/td><td>SRP<\/td><td>Aquisi\u00e7\u00e3o de Mobili\u00e1rio<\/td><td>03\/11\/2022<\/td><td class=\"nowrap\">23110.002502\/2022-47<\/td><\/tr><tr><td>13\/2022<\/td><td>SRP<\/td><td>AQUISI\u00c7\u00c3O DE MARAVALHA<\/td><td>18\/04\/2023<\/td><td class=\"nowrap\">23110.007531\/2022-03<\/td><\/tr><tr><td>14\/2022<\/td><td>SRP<\/td><td>Aquisi\u00e7\u00e3o de ra\u00e7\u00e3o peletizada para animais de laborat\u00f3rio<\/td><td>25\/04\/2023<\/td><td class=\"nowrap\">23110.008225\/2022-86<\/td><\/tr><tr><td>16\/2022<\/td><td>SRP<\/td><td>Aquisi\u00e7\u00e3o de ra\u00e7\u00f5es para manuten\u00e7\u00e3o dos animais silvestres atendidos no NURFS-CETAS-UFPEL<\/td><td>12\/05\/2023<\/td><td class=\"nowrap\">23110.007502\/2022-33<\/td><\/tr><tr><td>15\/2022<\/td><td>SRP<\/td><td>Aquisi\u00e7\u00e3o de medicamentos e insumos de uso veterin\u00e1rio<\/td><td>06\/06\/2023<\/td><td class=\"nowrap\">23110.007296\/2022-61<\/td><\/tr><tr><td>17\/2022<\/td><td>SRP<\/td><td>Aquisi\u00e7\u00e3o de material e insumos hospitalares para uso veterin\u00e1rio<\/td><td>26\/05\/2023<\/td><td class=\"nowrap\">23110.007557\/2022-43<\/td><\/tr><tr><td>19\/2022<\/td><td>SRP<\/td><td>Aquisi\u00e7\u00e3o de eletrodom\u00e9sticos para a Casa do Estudante<\/td><td>19\/05\/2023<\/td><td class=\"nowrap\">23110.011348\/2022-02<\/td><\/tr><tr><td>20\/2022<\/td><td>SRP<\/td><td>Aquisi\u00e7\u00e3o de mobili\u00e1rio para a Casa do Estudante<\/td><td>17\/05\/2023<\/td><td class=\"nowrap\">23110.011649\/2022-28<\/td><\/tr><tr><td>25\/2022<\/td><td>SRP<\/td><td>Aquisi\u00e7\u00e3o de Material El\u00e9trico<\/td><td>12\/01\/2024<\/td><td class=\"nowrap\">23110.008886\/2022-10<\/td><\/tr><tr><td>26\/2022<\/td><td>SRP<\/td><td>Aquisi\u00e7\u00e3o de Esquadrias em  Alum\u00ednio<\/td><td>13\/06\/2023<\/td><td class=\"nowrap\">23110.009598\/2022-74<\/td><\/tr><tr><td>22\/2022<\/td><td>SRP<\/td><td> Aquisi\u00e7\u00e3o de material de consumo para a Casa do Estudante<\/td><td>01\/06\/2023<\/td><td class=\"nowrap\">23110.011491\/2022-96<\/td><\/tr><tr><td>31\/2022<\/td><td>SRP<\/td><td>Aquisi\u00e7\u00e3o de equipamentos para amplia\u00e7\u00e3o e manuten\u00e7\u00e3o de centrais telef\u00f4nicas<\/td><td>06\/07\/2023<\/td><td class=\"nowrap\">23110.005548\/2022-18<\/td><\/tr><tr><td>30\/2022<\/td><td>SRP<\/td><td> Aquisi\u00e7\u00e3o de condicionadores de ar - PROPLAN 2022<\/td><td>21\/06\/2023<\/td><td class=\"nowrap\">23110.012801\/2022-90<\/td><\/tr><tr><td>33\/2022<\/td><td>SRP<\/td><td>Aquisi\u00e7\u00e3o de material hospitalar Faculdade de odontologia<\/td><td>21\/07\/2023<\/td><td class=\"nowrap\">23110.012139\/2022-78<\/td><\/tr><tr><td>29\/2022<\/td><td>SRP<\/td><td>CONTRATA\u00c7\u00c3O DE EMPRESA ESPECIALIZADA NA PRESTA\u00c7\u00c3O DOS SERVI\u00c7OS DE CONTROLE DE VETORES E PRAGAS URBANAS<\/td><td>14\/06\/2023<\/td><td class=\"nowrap\">23110.014103\/2022-29<\/td><\/tr><tr><td>35\/2022<\/td><td>SRP<\/td><td>Aquisi\u00e7\u00e3o de produtos adaptados para atender a demanda de pessoas com defici\u00eancia (PcD) de diversos cursos da UFPel<\/td><td>09\/06\/2023<\/td><td class=\"nowrap\">23110.012912\/2022-04<\/td><\/tr><tr><td>36\/2022<\/td><td>SRP<\/td><td>Aquisi\u00e7\u00e3o de bebedouros<\/td><td>01\/07\/2023<\/td><td class=\"nowrap\">23110.015266\/2022-29<\/td><\/tr><tr><td>37\/2022<\/td><td>SRP<\/td><td>Produ\u00e7\u00e3o, grava\u00e7\u00e3o e organiza\u00e7\u00e3o de conte\u00fado digital<\/td><td>07\/06\/2023<\/td><td class=\"nowrap\">23110.012906\/2022-49<\/td><\/tr><tr><td>39\/2022<\/td><td>SRP<\/td><td>Aquisi\u00e7\u00e3o de ventiladores de parede<\/td><td>30\/06\/2023<\/td><td class=\"nowrap\">23110.015332\/2022-61<\/td><\/tr><tr><td>41\/2022<\/td><td>SRP<\/td><td>Aquisi\u00e7\u00e3o de cortinas e persianas com instala\u00e7\u00e3o<\/td><td>25\/07\/2023<\/td><td class=\"nowrap\">23110.015474\/2022-28<\/td><\/tr><tr><td>34\/2022<\/td><td>SRP<\/td><td>Aquisi\u00e7\u00e3o de Equipamentos de Laborat\u00f3rio - COMPRAS CONJUNTAS<\/td><td>08\/08\/2023<\/td><td class=\"nowrap\">23110.011444\/2022-42<\/td><\/tr><tr><td>24\/2022<\/td><td>SRP<\/td><td>Aquisi\u00e7\u00e3o de Equipamentos de Laborat\u00f3rio - COMPRA INDIVIDUAL<\/td><td>05\/08\/2023<\/td><td class=\"nowrap\">23110.011977\/2022-24<\/td><\/tr><tr><td>43\/2022<\/td><td>SRP<\/td><td>Aquisi\u00e7\u00e3o de Eletrodom\u00e9sticos das unidades<\/td><td>22\/07\/2023<\/td><td class=\"nowrap\">23110.016207\/2022-78<\/td><\/tr><tr><td>44\/2022<\/td><td>SRP<\/td><td>CONTRATA\u00c7\u00c3O DE EMPRESA ESPECIALIZADA EM SERVI\u00c7O DE HIDROJATEAMENTO DE ALTA PRESS\u00c3O E SUC\u00c7\u00c3O POR ALTO V\u00c1CUO EM REDES DE ESGOTO, CAIXAS DE GORDURA, FOSSAS S\u00c9PTICAS, TUBULA\u00c7\u00d5ES E BUEIROS<\/td><td>24\/06\/2023<\/td><td class=\"nowrap\">23110.013471\/2022-50<\/td><\/tr><tr><td>45\/2022<\/td><td>SRP<\/td><td>Aquisi\u00e7\u00e3o de material de marcenaria<\/td><td>22\/07\/2023<\/td><td class=\"nowrap\">23110.017231\/2022-24<\/td><\/tr><tr><td>47\/2022<\/td><td>SRP<\/td><td>Aquisi\u00e7\u00e3o de ativos de rede<\/td><td>19\/08\/2023<\/td><td class=\"nowrap\">23110.009671\/2022-16<\/td><\/tr><tr><td>50\/2022<\/td><td>SRP<\/td><td> Aq. de recipientes e embalagens para acondicionamento correto de res\u00edduos perigosos<\/td><td>22\/07\/2023<\/td><td class=\"nowrap\">23110.021237\/2022-04<\/td><\/tr><tr><td>51\/2022<\/td><td>SRP<\/td><td>Aquisi\u00e7\u00e3o de Bombas e motobombas<\/td><td>10\/08\/2023<\/td><td class=\"nowrap\">23110.020748\/2022-09<\/td><\/tr><tr><td>53\/2022<\/td><td>SRP<\/td><td>Aquisi\u00e7\u00e3o com instala\u00e7\u00e3o de forro modulado em isopor texturizado<\/td><td>22\/07\/2023<\/td><td class=\"nowrap\">23110.019755\/2022-50<\/td><\/tr><tr><td>55\/2022<\/td><td>SRP<\/td><td>Aquisi\u00e7\u00e3o de materiais de consumo para uso dos Laborat\u00f3rios  do Centro de Engenharias<\/td><td>27\/07\/2023<\/td><td class=\"nowrap\">23110.018982\/2022-68<\/td><\/tr><tr><td>57\/2022<\/td><td>Tradicional<\/td><td>Aquisi\u00e7\u00e3o de equipamentos de \u00e1udio e v\u00eddeo<\/td><td><div style=\"text-align: center;\">&mdash;<\/div><\/td><td class=\"nowrap\">23110.018136\/2022-48<\/td><\/tr><tr><td>58\/2022<\/td><td>SRP<\/td><td>23110.019812\/2022-09<\/td><td>22\/08\/2023<\/td><td class=\"nowrap\">23110.019812\/2022-09<\/td><\/tr><tr><td>60\/2022<\/td><td>SRP<\/td><td>Aquisi\u00e7\u00e3o de material laboratorial  - COMPRA INDIVIDUAL<\/td><td>22\/09\/2023<\/td><td class=\"nowrap\">23110.020814\/2022-32<\/td><\/tr><tr><td>59\/2022<\/td><td>SRP<\/td><td>Aquisi\u00e7\u00e3o de ra\u00e7\u00e3o para o Centro Agropecu\u00e1rio da Palma<\/td><td>02\/08\/2023<\/td><td class=\"nowrap\">23110.025129\/2022-01<\/td><\/tr><tr><td>65\/2022<\/td><td>SRP<\/td><td>Aquisi\u00e7\u00e3o de caixas com grade e bebedouro para ratos e camundongos<\/td><td>08\/08\/2023<\/td><td class=\"nowrap\">23110.025692\/2022-71<\/td><\/tr><tr><td>64\/2022<\/td><td>SRP<\/td><td>AQUISI\u00c7\u00c3O DE MATERIAL ESPORTIVO<\/td><td>04\/11\/2023<\/td><td class=\"nowrap\">23110.025146\/2022-30<\/td><\/tr><tr><td>52\/2022<\/td><td>SRP<\/td><td>AQUISI\u00c7\u00c3O DE ALIMENTOS PARA ATENDER ANIMAIS SILVESTRES<\/td><td>21\/07\/2023<\/td><td class=\"nowrap\">23110.018278\/2022-13<\/td><\/tr><tr><td>67\/2022<\/td><td>SRP<\/td><td>AQUISI\u00c7\u00c3O DE M\u00c1QUINAS, EQUIPAMENTOS E FERRAMENTAS EL\u00c9TRICAS<\/td><td>23\/11\/2023<\/td><td class=\"nowrap\">23110.027217\/2022-39<\/td><\/tr><tr><td>62\/2022<\/td><td>SRP<\/td><td>Aquisi\u00e7\u00e3o de materiais sanit\u00e1rios e de biosseguran\u00e7a para o Centro de Artes<\/td><td>15\/08\/2023<\/td><td class=\"nowrap\">23110.024961\/2022-81<\/td><\/tr><tr><td>61\/2022<\/td><td>SRP<\/td><td>AQUISI\u00c7\u00c3O DE PRODUTOS PARA TRATAMENTO DE \u00c1GUA e CORRELATOS<\/td><td>04\/10\/2023<\/td><td class=\"nowrap\">23110.025337\/2022-00<\/td><\/tr><tr><td>69\/2022<\/td><td>SRP<\/td><td>Aquisi\u00e7\u00e3o de material de higiene e limpeza<\/td><td>07\/10\/2023<\/td><td class=\"nowrap\">23110.024750\/2022-49<\/td><\/tr><tr><td>70\/2022<\/td><td>SRP<\/td><td>Aquisi\u00e7\u00e3o de materiais diversos para instala\u00e7\u00e3o\/manuten\u00e7\u00e3o de ar condicionado<\/td><td>18\/10\/2023<\/td><td class=\"nowrap\">23110.028246\/2022-18<\/td><\/tr><tr><td>56\/2022<\/td><td>SRP<\/td><td> Aquisi\u00e7\u00e3o de material laboratorial  - COMPRA COLETIVA<\/td><td>06\/09\/2023<\/td><td class=\"nowrap\">23110.020813\/2022-98<\/td><\/tr><tr><td>71\/2022<\/td><td>SRP<\/td><td>Aquisi\u00e7\u00e3o de projetores e de suporte para projetores<\/td><td>19\/10\/2023<\/td><td class=\"nowrap\">23110.030823\/2022-31<\/td><\/tr><tr><td>63\/2022<\/td><td>SRP<\/td><td>Aquisi\u00e7\u00e3o de Materiais de Ferragem e Ferramentas<\/td><td>29\/09\/2023<\/td><td class=\"nowrap\">23110.028185\/2022-99<\/td><\/tr><tr><td>73\/2022<\/td><td>SRP<\/td><td>Aquisi\u00e7\u00e3o de cartuchos, toners e cilindros<\/td><td>25\/10\/2023<\/td><td class=\"nowrap\">23110.024775\/2022-42<\/td><\/tr><tr><td>72\/2022<\/td><td>SRP<\/td><td> Aquisi\u00e7\u00e3o de Material Odontol\u00f3gico<\/td><td>19\/10\/2023<\/td><td class=\"nowrap\">23110.025924\/2022-91<\/td><\/tr><tr><td>74\/2022<\/td><td>SRP<\/td><td>Aquisi\u00e7\u00e3o de sistema digital para detec\u00e7\u00e3o de imagens radiol\u00f3gicas e aparelho de raio-x<\/td><td>04\/10\/2023<\/td><td class=\"nowrap\">23110.028397\/2022-76<\/td><\/tr><tr><td>76\/2022<\/td><td>Tradicional<\/td><td> Aquisi\u00e7\u00e3o de APs 2022: IN-01 (Instru\u00e7\u00e3o Normativa 01 de 04 de abril de 2019 do ME)<\/td><td><div style=\"text-align: center;\">&mdash;<\/div><\/td><td class=\"nowrap\">23110.030592\/2021-85<\/td><\/tr><tr><td>80\/2022<\/td><td>SRP<\/td><td>Aquisi\u00e7\u00e3o de pedras basalto e granito<\/td><td>11\/10\/2023<\/td><td class=\"nowrap\">23110.035133\/2022-79<\/td><\/tr><tr><td>78\/2022<\/td><td>Tradicional<\/td><td>Aquisi\u00e7\u00e3o de equipamentos de \u00e1udio e v\u00eddeo para os est\u00fadios de grava\u00e7\u00e3o de aulas dos cursos \u00e0 dist\u00e2ncia da UAB\/UFPel<\/td><td><div style=\"text-align: center;\">&mdash;<\/div><\/td><td class=\"nowrap\">23110.034137\/2022-30<\/td><\/tr><tr><td>82\/2022<\/td><td>SRP<\/td><td>AQ. MATERIAIS PARA INSTALA\u00c7\u00d5ES EL\u00c9TRICAS<\/td><td>24\/01\/2024<\/td><td class=\"nowrap\">23110.034399\/2022-02<\/td><\/tr><tr><td>81\/2022<\/td><td>SRP<\/td><td>Aquisi\u00e7\u00e3o de marcadores para quadro branco recarreg\u00e1veis e de refil para os marcadores<\/td><td>17\/11\/2023<\/td><td class=\"nowrap\">23110.035570\/2022-92<\/td><\/tr><tr><td>84\/2022<\/td><td>SRP<\/td><td>Aquisi\u00e7\u00e3o de Material de Foto, V\u00eddeo e Som <\/td><td>24\/01\/2024<\/td><td class=\"nowrap\">23110.034262\/2022-40<\/td><\/tr><tr><td>85\/2022<\/td><td>Tradicional<\/td><td>Aquisi\u00e7\u00e3o de m\u00f3veis e eletrodom\u00e9sticos para Casa do Estudante Ind\u00edgena e Quilombola<\/td><td><div style=\"text-align: center;\">&mdash;<\/div><\/td><td class=\"nowrap\">23110.034721\/2022-95<\/td><\/tr><tr><td>86\/2022<\/td><td>SRP<\/td><td>Aquisi\u00e7\u00e3o de equipamentos m\u00e9dico-hospitalares para o Hospital de Cl\u00ednicas Veterin\u00e1rias<\/td><td>08\/12\/2023<\/td><td class=\"nowrap\">23110.038924\/2022-51<\/td><\/tr><tr><td>87\/2022<\/td><td>SRP<\/td><td>Aquisi\u00e7\u00e3o de material odontol\u00f3gico<\/td><td>21\/12\/2023<\/td><td class=\"nowrap\">23110.039718\/2022-68<\/td><\/tr><tr><td>88\/2022<\/td><td>SRP<\/td><td>Aquisi\u00e7\u00e3o de divis\u00f3rias com coloca\u00e7\u00e3o de perfis met\u00e1licos de suporte, portas e vidros, incluindo sua instala\u00e7\u00e3o\/substitui\u00e7\u00e3o<\/td><td>23\/11\/2023<\/td><td class=\"nowrap\">23110.038838\/2022-48<\/td><\/tr><tr><td>90\/2022<\/td><td>SRP<\/td><td>Aquisi\u00e7\u00e3o de ferramentas manuais, equipamentos e materiais diversos para execu\u00e7\u00e3o de servi\u00e7os de manuten\u00e7\u00e3o<\/td><td>24\/01\/2024<\/td><td class=\"nowrap\">23110.033745\/2022-27<\/td><\/tr><tr><td>83\/2022<\/td><td>SRP<\/td><td>AQUISI\u00c7\u00c3O DE MOBILI\u00c1RIO<\/td><td>16\/02\/2024<\/td><td class=\"nowrap\">23110.036165\/2022-91<\/td><\/tr><tr><td>92\/2022<\/td><td>SRP<\/td><td>Aquisi\u00e7\u00e3o de calhas, rufos e algerosas met\u00e1licas<\/td><td>16\/12\/2023<\/td><td class=\"nowrap\">23110.041471\/2022-40<\/td><\/tr><tr><td>08\/2022<\/td><td>SRP<\/td><td>Ades\u00e3o a Preg\u00e3o SRP 08\/2022 de esta\u00e7\u00f5es de trabalho (desktops) conforme processo SEI 23110.012683\/2022-10<\/td><td>24\/10\/2023<\/td><td class=\"nowrap\">23110.012683\/2022-10<\/td><\/tr><tr><td>95\/2022<\/td><td>SRP<\/td><td>AQUISI\u00c7\u00c3O DE TELHAS GALVALUME (ONDULADAS, TRAPEZOIDAIS, SANDU\u00cdCHE)<\/td><td>21\/12\/2023<\/td><td class=\"nowrap\">23110.043298\/2022-14<\/td><\/tr><tr><td>97\/2022<\/td><td>Tradicional<\/td><td>Aquisi\u00e7\u00e3o de moveis para Casa do Estudante Ind\u00edgena e Quilombola<\/td><td><div style=\"text-align: center;\">&mdash;<\/div><\/td><td class=\"nowrap\">23110.044398\/2022-68<\/td><\/tr><tr><td>94\/2022<\/td><td>SRP<\/td><td>AQUISI\u00c7\u00c3O DE CARGAS EM EXTINTORES DE INC\u00caNDIO, SINALIZA\u00c7\u00c3O DE SEGURAN\u00c7A, EPCs E EPI's PARA TRABALHOS EM REDES DE M\u00c9DIA TENS\u00c3O<\/td><td>14\/02\/2024<\/td><td class=\"nowrap\">23110.040165\/2022-96<\/td><\/tr><tr><td>99\/2022<\/td><td>SRP<\/td><td>Aquisi\u00e7\u00e3o de artefatos de concreto: tubos, mour\u00f5es, meio-fio e blocos de pavimenta\u00e7\u00e3o<\/td><td>11\/01\/2024<\/td><td class=\"nowrap\">23110.046116\/2022-67<\/td><\/tr><tr><td>100\/2022<\/td><td>SRP<\/td><td>Aquisi\u00e7\u00e3o de material de expediente<\/td><td>10\/02\/2024<\/td><td class=\"nowrap\">23110.039703\/2022-08<\/td><\/tr><tr><td>101\/2022<\/td><td>SRP<\/td><td>Aquisi\u00e7\u00e3o de pisos, laminados, porcelanatos, argamassas, rejuntes e outros materiais afins<\/td><td>01\/02\/2024<\/td><td class=\"nowrap\">23110.047050\/2022-22<\/td><\/tr><tr><td>102\/2022<\/td><td>SRP<\/td><td>Aquisi\u00e7\u00e3o de material de expediente espec\u00edficos das unidades da Ufpel<\/td><td>23\/02\/2024<\/td><td class=\"nowrap\">23110.046977\/2022-45<\/td><\/tr><tr><td>103\/2022<\/td><td>SRP<\/td><td>Aquisi\u00e7\u00e3o de G\u00eaneros Aliment\u00edcios do Almoxarifado Central<\/td><td>18\/01\/2024<\/td><td class=\"nowrap\">23110.045493\/2022-89<\/td><\/tr><tr><td>104\/2022<\/td><td>SRP<\/td><td>AQUISI\u00c7\u00c3O DE INSTRUMENTAIS E MATERIAIS PARA A FACULDADE DE ODONTOLOGIA<\/td><td>28\/04\/2024<\/td><td class=\"nowrap\">23110.046717\/2022-70<\/td><\/tr><\/table><\/div>\n<\/div>\n<\/div>\n<\/div>\n<\/div>\n<\/div>\n<\/div>\n","protected":false},"excerpt":{"rendered":"<p>Almoxarifado Central &#8211; Odontologia Almoxarife: Alessandra Lemes Moraes Telefone: \u00a0(53) 3260-2805 Email: odonto.pelotas@yahoo.com.br &nbsp; Instru\u00e7\u00f5es para solicita\u00e7\u00e3o de material As solicita\u00e7\u00f5es de material para o Almoxarifado devem respeitar a agenda semanal de pedido de material. Os pedidos devem ser feitos preenchedo-se formul\u00e1rio espec\u00edfico (Pedido de material &#8211; 10 itens; Pedido de material &#8211; 35 itens) [&hellip;]<\/p>\n","protected":false},"author":511,"featured_media":0,"parent":876,"menu_order":0,"comment_status":"closed","ping_status":"closed","template":"","meta":{"jetpack_post_was_ever_published":false,"footnotes":""},"class_list":["post-870","page","type-page","status-publish","hentry","post"],"jetpack_sharing_enabled":true,"jetpack_shortlink":"https:\/\/wp.me\/PaUn96-e2","jetpack-related-posts":[],"_links":{"self":[{"href":"https:\/\/wp.ufpel.edu.br\/odontologia\/wp-json\/wp\/v2\/pages\/870","targetHints":{"allow":["GET"]}}],"collection":[{"href":"https:\/\/wp.ufpel.edu.br\/odontologia\/wp-json\/wp\/v2\/pages"}],"about":[{"href":"https:\/\/wp.ufpel.edu.br\/odontologia\/wp-json\/wp\/v2\/types\/page"}],"author":[{"embeddable":true,"href":"https:\/\/wp.ufpel.edu.br\/odontologia\/wp-json\/wp\/v2\/users\/511"}],"replies":[{"embeddable":true,"href":"https:\/\/wp.ufpel.edu.br\/odontologia\/wp-json\/wp\/v2\/comments?post=870"}],"version-history":[{"count":23,"href":"https:\/\/wp.ufpel.edu.br\/odontologia\/wp-json\/wp\/v2\/pages\/870\/revisions"}],"predecessor-version":[{"id":2187,"href":"https:\/\/wp.ufpel.edu.br\/odontologia\/wp-json\/wp\/v2\/pages\/870\/revisions\/2187"}],"up":[{"embeddable":true,"href":"https:\/\/wp.ufpel.edu.br\/odontologia\/wp-json\/wp\/v2\/pages\/876"}],"wp:attachment":[{"href":"https:\/\/wp.ufpel.edu.br\/odontologia\/wp-json\/wp\/v2\/media?parent=870"}],"curies":[{"name":"wp","href":"https:\/\/api.w.org\/{rel}","templated":true}]}}