{"id":847,"date":"2019-04-18T14:05:35","date_gmt":"2019-04-18T17:05:35","guid":{"rendered":"https:\/\/wp.ufpel.edu.br\/odontologia\/?page_id=847"},"modified":"2023-04-05T17:34:55","modified_gmt":"2023-04-05T20:34:55","slug":"projetos","status":"publish","type":"page","link":"https:\/\/wp.ufpel.edu.br\/odontologia\/extensao\/projetos\/","title":{"rendered":"Projetos"},"content":{"rendered":"<div id=\"pl-847\"  class=\"panel-layout\" ><div id=\"pg-847-0\"  class=\"panel-grid panel-no-style\" ><div id=\"pgc-847-0-0\"  class=\"panel-grid-cell\" ><div id=\"panel-847-0-0-0\" class=\"so-panel widget widget_sow-editor panel-first-child\" data-index=\"0\" ><div\n\t\t\t\n\t\t\tclass=\"so-widget-sow-editor so-widget-sow-editor-base\"\n\t\t\t\n\t\t>\n<div class=\"siteorigin-widget-tinymce textwidget\">\n\t<p style=\"text-align: center;\"><strong><span style=\"font-size: 18pt; color: #800000;\">Projetos Unificados com \u00eanfase de extens\u00e3o ofertados pela FO-UFPel<\/span><\/strong><\/p>\n<p style=\"text-align: center;\"><strong><span style=\"font-size: 18pt; color: #800000;\">\u00a0<\/span><\/strong><\/p>\n<p><span style=\"font-size: 14pt;\"><script>\n\tconst pluginURL  = 'https:\/\/wp.ufpel.edu.br\/odontologia\/wp-content\/plugins\/dados-cobalto\/lib\/..\/js',\n\t\t  lang       = 'pt',\n\t\t  ativaBusca = '';\n<\/script>\n<script src=\"https:\/\/wp.ufpel.edu.br\/odontologia\/wp-content\/plugins\/dados-cobalto\/lib\/..\/js\/datatables\/datatables.min.js\"><\/script>\n<script src=\"https:\/\/wp.ufpel.edu.br\/odontologia\/wp-content\/plugins\/dados-cobalto\/lib\/..\/js\/projetos.js\"><\/script><div class=\"dados-cobalto cobalto-lista-projetos\"><table id=\"cobalto-tabela-projetos-1\" class=\"cobalto-tabela-projetos\"><thead><tr><th>T\u00edtulo<\/th><th>In\u00edcio<\/th><th>Fim<\/th><\/tr><\/thead><tbody><tr><td><a href=\"https:\/\/institucional.ufpel.edu.br\/projetos\/id\/u159\" target=\"_blank\">Aten\u00e7\u00e3o Odontol\u00f3gica Materno-Infantil<\/a><\/td><td data-order=\"2017-03-06\">06\/03\/2017<\/td><td data-order=\"2026-12-11\">11\/12\/2026<\/td><\/tr><tr><td><a href=\"https:\/\/institucional.ufpel.edu.br\/projetos\/id\/u303\" target=\"_blank\">Centro de Diagn\u00f3stico das Doen\u00e7as da Boca<\/a><\/td><td data-order=\"2017-04-10\">10\/04\/2017<\/td><td data-order=\"2032-01-17\">17\/01\/2032<\/td><\/tr><tr><td><a href=\"https:\/\/institucional.ufpel.edu.br\/projetos\/id\/u415\" target=\"_blank\">GEPETO - Gerontologia: Ensino, Pesquisa e Extens\u00e3o no Tratamento Odontol\u00f3gico<\/a><\/td><td data-order=\"2017-02-06\">06\/02\/2017<\/td><td data-order=\"2028-08-08\">08\/08\/2028<\/td><\/tr><tr><td><a href=\"https:\/\/institucional.ufpel.edu.br\/projetos\/id\/u1005\" target=\"_blank\">Servi\u00e7o Central de Radiologia<\/a><\/td><td data-order=\"2018-01-01\">01\/01\/2018<\/td><td data-order=\"2029-12-31\">31\/12\/2029<\/td><\/tr><tr><td><a href=\"https:\/\/institucional.ufpel.edu.br\/projetos\/id\/u1030\" target=\"_blank\">Centro de Estudos, Tratamento e Acompanhamento de Traumatismos em Dentes Permanentes - CETAT<\/a><\/td><td data-order=\"2018-02-20\">20\/02\/2018<\/td><td data-order=\"2028-03-01\">01\/03\/2028<\/td><\/tr><tr><td><a href=\"https:\/\/institucional.ufpel.edu.br\/projetos\/id\/u1378\" target=\"_blank\">Implantodontia para Acad\u00eamicos de Odontologia<\/a><\/td><td data-order=\"2019-03-05\">05\/03\/2019<\/td><td data-order=\"2030-09-07\">07\/09\/2030<\/td><\/tr><tr><td><a href=\"https:\/\/institucional.ufpel.edu.br\/projetos\/id\/u1459\" target=\"_blank\">SOS Sa\u00fade Coletiva - Servi\u00e7os Odontol\u00f3gicos em Sa\u00fade Coletiva II<\/a><\/td><td data-order=\"2019-02-08\">08\/02\/2019<\/td><td data-order=\"2028-10-28\">28\/10\/2028<\/td><\/tr><tr><td><a href=\"https:\/\/institucional.ufpel.edu.br\/projetos\/id\/u2245\" target=\"_blank\">Endo Z<\/a><\/td><td data-order=\"2020-03-09\">09\/03\/2020<\/td><td data-order=\"2026-12-18\">18\/12\/2026<\/td><\/tr><tr><td><a href=\"https:\/\/institucional.ufpel.edu.br\/projetos\/id\/u3330\" target=\"_blank\">WebSa\u00fade: Extens\u00e3o tecnol\u00f3gica, empreendedorismo e inova\u00e7\u00e3o em sa\u00fade<\/a><\/td><td data-order=\"2021-03-01\">01\/03\/2021<\/td><td data-order=\"2028-08-01\">01\/08\/2028<\/td><\/tr><tr><td><a href=\"https:\/\/institucional.ufpel.edu.br\/projetos\/id\/u3920\" target=\"_blank\">Atendimento Especial de Pacientes com Desordens Temporomandibulares - ADITEME<\/a><\/td><td data-order=\"2021-03-12\">12\/03\/2021<\/td><td data-order=\"2026-12-15\">15\/12\/2026<\/td><\/tr><tr><td><a href=\"https:\/\/institucional.ufpel.edu.br\/projetos\/id\/u4178\" target=\"_blank\">Projeto Acolhendo Sorrisos Especiais: aten\u00e7\u00e3o odontol\u00f3gica ambulatorial e sob anestesia geral<\/a><\/td><td data-order=\"2021-03-19\">19\/03\/2021<\/td><td data-order=\"2028-10-09\">09\/10\/2028<\/td><\/tr><tr><td><a href=\"https:\/\/institucional.ufpel.edu.br\/projetos\/id\/u4205\" target=\"_blank\">Extens\u00e3o inovadora para adensamento tecnol\u00f3gico e promo\u00e7\u00e3o da competitividade para materiais biom\u00e9dicos<\/a><\/td><td data-order=\"2021-09-06\">06\/09\/2021<\/td><td data-order=\"2029-08-30\">30\/08\/2029<\/td><\/tr><tr><td><a href=\"https:\/\/institucional.ufpel.edu.br\/projetos\/id\/u4272\" target=\"_blank\">Plataforma de Ensino Continuado de Odontologia e Sa\u00fade (PECOS)<\/a><\/td><td data-order=\"2021-05-10\">10\/05\/2021<\/td><td data-order=\"2029-05-10\">10\/05\/2029<\/td><\/tr><tr><td><a href=\"https:\/\/institucional.ufpel.edu.br\/projetos\/id\/u5339\" target=\"_blank\">Centro de Tratamento de Patologias e Deformidades da Face (CETAPE)<\/a><\/td><td data-order=\"2024-04-03\">03\/04\/2024<\/td><td data-order=\"2029-04-03\">03\/04\/2029<\/td><\/tr><tr><td><a href=\"https:\/\/institucional.ufpel.edu.br\/projetos\/id\/u5461\" target=\"_blank\">N\u00facleo de Estudos e Tratamento dos Traumatismos Alvelodent\u00e1rios na Denti\u00e7\u00e3o Dec\u00eddua- NETRAD<\/a><\/td><td data-order=\"2022-04-18\">18\/04\/2022<\/td><td data-order=\"2029-12-31\">31\/12\/2029<\/td><\/tr><tr><td><a href=\"https:\/\/institucional.ufpel.edu.br\/projetos\/id\/u6414\" target=\"_blank\">Servi\u00e7o de Acompanhamento e Manuten\u00e7\u00e3o de Pr\u00f3teses Totais<\/a><\/td><td data-order=\"2023-02-13\">13\/02\/2023<\/td><td data-order=\"2027-02-12\">12\/02\/2027<\/td><\/tr><tr><td><a href=\"https:\/\/institucional.ufpel.edu.br\/projetos\/id\/u6533\" target=\"_blank\">OI Filantropia - Odontologia e Institui\u00e7\u00f5es Filantr\u00f3picas<\/a><\/td><td data-order=\"2023-04-19\">19\/04\/2023<\/td><td data-order=\"2028-12-11\">11\/12\/2028<\/td><\/tr><tr><td><a href=\"https:\/\/institucional.ufpel.edu.br\/projetos\/id\/u6700\" target=\"_blank\">Rodas de conversas: Ortodontia e Sa\u00fade da Crian\u00e7a<\/a><\/td><td data-order=\"2023-05-30\">30\/05\/2023<\/td><td data-order=\"2027-05-30\">30\/05\/2027<\/td><\/tr><tr><td><a href=\"https:\/\/institucional.ufpel.edu.br\/projetos\/id\/u6794\" target=\"_blank\">Centro de Extens\u00e3o Cl\u00ednica em Odontologia Restauradora (CECOR)<\/a><\/td><td data-order=\"2023-08-10\">10\/08\/2023<\/td><td data-order=\"2027-03-01\">01\/03\/2027<\/td><\/tr><tr><td><a href=\"https:\/\/institucional.ufpel.edu.br\/projetos\/id\/u7840\" target=\"_blank\">Servi\u00e7os Especializados de Sa\u00fade Bucal<\/a><\/td><td data-order=\"2024-03-04\">04\/03\/2024<\/td><td data-order=\"2028-02-04\">04\/02\/2028<\/td><\/tr><tr><td><a href=\"https:\/\/institucional.ufpel.edu.br\/projetos\/id\/u8070\" target=\"_blank\">Programa Sentinela<\/a><\/td><td data-order=\"2024-06-17\">17\/06\/2024<\/td><td data-order=\"2030-12-18\">18\/12\/2030<\/td><\/tr><tr><td><a href=\"https:\/\/institucional.ufpel.edu.br\/projetos\/id\/u8716\" target=\"_blank\">LAPE (Liga acad\u00eamica de Periodontia)<\/a><\/td><td data-order=\"2024-11-11\">11\/11\/2024<\/td><td data-order=\"2028-05-01\">01\/05\/2028<\/td><\/tr><tr><td><a href=\"https:\/\/institucional.ufpel.edu.br\/projetos\/id\/u9091\" target=\"_blank\">Laborat\u00f3rio de Estudos e Pesquisas em Aten\u00e7\u00e3o Prim\u00e1ria \u00e0 Sa\u00fade (LEPAPS)<\/a><\/td><td data-order=\"2025-03-03\">03\/03\/2025<\/td><td data-order=\"2029-03-03\">03\/03\/2029<\/td><\/tr><tr><td><a href=\"https:\/\/institucional.ufpel.edu.br\/projetos\/id\/u9378\" target=\"_blank\">Laborat\u00f3rio de Pr\u00f3tese Dent\u00e1ria: ferramenta importante para o atendimento, servi\u00e7o e ensino de Pr\u00f3tese na FO<\/a><\/td><td data-order=\"2025-08-01\">01\/08\/2025<\/td><td data-order=\"2029-06-01\">01\/06\/2029<\/td><\/tr><tr><td><a href=\"https:\/\/institucional.ufpel.edu.br\/projetos\/id\/u10186\" target=\"_blank\">Liga Acad\u00eamica de Cirurgia e Traumatologia Buco-Maxilo-Facial<\/a><\/td><td data-order=\"2025-10-15\">15\/10\/2025<\/td><td data-order=\"2029-09-30\">30\/09\/2029<\/td><\/tr><tr><td><a href=\"https:\/\/institucional.ufpel.edu.br\/projetos\/id\/u10377\" target=\"_blank\">Laborat\u00f3rio de Odontologia Digital e Aplica\u00e7\u00f5es em Sa\u00fade<\/a><\/td><td data-order=\"2026-01-12\">12\/01\/2026<\/td><td data-order=\"2030-01-10\">10\/01\/2030<\/td><\/tr><\/tbody><\/table><\/div><\/span><\/p>\n<p>&nbsp;<\/p>\n<p>&nbsp;<\/p>\n<\/div>\n<\/div><\/div><div id=\"panel-847-0-0-1\" class=\"so-panel widget widget_sow-editor panel-last-child\" data-index=\"1\" ><div\n\t\t\t\n\t\t\tclass=\"so-widget-sow-editor so-widget-sow-editor-base\"\n\t\t\t\n\t\t>\n<div class=\"siteorigin-widget-tinymce textwidget\">\n\t<p style=\"text-align: center;\"><strong><span style=\"font-size: 18pt; color: #800000;\">Projetos de Extens\u00e3o separados por Departamentos<\/span><\/strong><\/p>\n<p>&nbsp;<\/p>\n\n<!-- iframe plugin v.6.0 wordpress.org\/plugins\/iframe\/ -->\n<iframe loading=\"lazy\" width=\"675\" height=\"500\" src=\"https:\/\/prezi.com\/view\/stZX03d0ztZ3EG8GM4kT\/embed\" webkitallowfullscreen=\"1\" mozallowfullscreen=\"1\" 0=\"allowfullscreen=&quot;1&quot;&amp;gt;&amp;lt;\/iframe\" scrolling=\"yes\" class=\"iframe-class\" frameborder=\"0\"><\/iframe>\n\n<p>&nbsp;<\/p>\n<\/div>\n<\/div><\/div><\/div><\/div><\/div>","protected":false},"excerpt":{"rendered":"<p>Projetos Unificados com \u00eanfase de extens\u00e3o ofertados pela FO-UFPel \u00a0 &nbsp; &nbsp; Projetos de Extens\u00e3o separados por Departamentos &nbsp; &nbsp;<\/p>\n","protected":false},"author":511,"featured_media":0,"parent":13,"menu_order":0,"comment_status":"closed","ping_status":"closed","template":"","meta":{"jetpack_post_was_ever_published":false,"footnotes":""},"class_list":["post-847","page","type-page","status-publish","hentry","post"],"jetpack_sharing_enabled":true,"jetpack_shortlink":"https:\/\/wp.me\/PaUn96-dF","jetpack-related-posts":[],"_links":{"self":[{"href":"https:\/\/wp.ufpel.edu.br\/odontologia\/wp-json\/wp\/v2\/pages\/847","targetHints":{"allow":["GET"]}}],"collection":[{"href":"https:\/\/wp.ufpel.edu.br\/odontologia\/wp-json\/wp\/v2\/pages"}],"about":[{"href":"https:\/\/wp.ufpel.edu.br\/odontologia\/wp-json\/wp\/v2\/types\/page"}],"author":[{"embeddable":true,"href":"https:\/\/wp.ufpel.edu.br\/odontologia\/wp-json\/wp\/v2\/users\/511"}],"replies":[{"embeddable":true,"href":"https:\/\/wp.ufpel.edu.br\/odontologia\/wp-json\/wp\/v2\/comments?post=847"}],"version-history":[{"count":7,"href":"https:\/\/wp.ufpel.edu.br\/odontologia\/wp-json\/wp\/v2\/pages\/847\/revisions"}],"predecessor-version":[{"id":2733,"href":"https:\/\/wp.ufpel.edu.br\/odontologia\/wp-json\/wp\/v2\/pages\/847\/revisions\/2733"}],"up":[{"embeddable":true,"href":"https:\/\/wp.ufpel.edu.br\/odontologia\/wp-json\/wp\/v2\/pages\/13"}],"wp:attachment":[{"href":"https:\/\/wp.ufpel.edu.br\/odontologia\/wp-json\/wp\/v2\/media?parent=847"}],"curies":[{"name":"wp","href":"https:\/\/api.w.org\/{rel}","templated":true}]}}