{"id":839,"date":"2019-04-18T14:01:29","date_gmt":"2019-04-18T17:01:29","guid":{"rendered":"https:\/\/wp.ufpel.edu.br\/odontologia\/?page_id=839"},"modified":"2022-05-20T09:05:45","modified_gmt":"2022-05-20T12:05:45","slug":"microbiologia-oral","status":"publish","type":"page","link":"https:\/\/wp.ufpel.edu.br\/odontologia\/institucional\/laboratorios\/microbiologia-oral\/","title":{"rendered":"Laborat\u00f3rio de Microbiologia Oral"},"content":{"rendered":"<div id=\"pl-839\"  class=\"panel-layout\" ><div id=\"pg-839-0\"  class=\"panel-grid panel-no-style\" ><div id=\"pgc-839-0-0\"  class=\"panel-grid-cell\" ><div id=\"panel-839-0-0-0\" class=\"so-panel widget widget_sow-editor panel-first-child panel-last-child\" data-index=\"0\" ><div\n\t\t\t\n\t\t\tclass=\"so-widget-sow-editor so-widget-sow-editor-base\"\n\t\t\t\n\t\t>\n<div class=\"siteorigin-widget-tinymce textwidget\">\n\t<h1 class=\"entry-title\" style=\"text-align: center;\"><span style=\"color: #800000; font-size: 18pt;\"><strong><span style=\"font-family: georgia, palatino, serif;\">Laborat\u00f3rio de Microbiologia Oral<\/span><\/strong><\/span><\/h1>\n<div id=\"pgc-374-0-0\" class=\"panel-grid-cell\">\n<div id=\"panel-374-0-0-0\" class=\"so-panel widget widget_sow-editor panel-first-child panel-last-child\" data-index=\"0\">\n<div class=\"so-widget-sow-editor so-widget-sow-editor-base\">\n<div class=\"siteorigin-widget-tinymce textwidget\"><\/div>\n<\/div>\n<\/div>\n<\/div>\n<div id=\"pgc-374-0-1\" class=\"panel-grid-cell\">\n<div class=\"sow-image-container\" style=\"text-align: justify;\"><\/div>\n<\/div>\n<\/div>\n<\/div><\/div><\/div><\/div><div id=\"pg-839-1\"  class=\"panel-grid panel-no-style\" ><div id=\"pgc-839-1-0\"  class=\"panel-grid-cell\" ><div id=\"panel-839-1-0-0\" class=\"so-panel widget widget_sow-editor panel-first-child panel-last-child\" data-index=\"1\" ><div\n\t\t\t\n\t\t\tclass=\"so-widget-sow-editor so-widget-sow-editor-base\"\n\t\t\t\n\t\t>\n<div class=\"siteorigin-widget-tinymce textwidget\">\n\t<div id=\"pgc-374-0-0\" class=\"panel-grid-cell\">\n<div id=\"panel-374-0-0-0\" class=\"so-panel widget widget_sow-editor panel-first-child panel-last-child\" data-index=\"0\">\n<div class=\"so-widget-sow-editor so-widget-sow-editor-base\">\n<div class=\"siteorigin-widget-tinymce textwidget\">\n<p style=\"text-align: justify;\"><span style=\"font-size: 14pt;\">O laborat\u00f3rio de Microbiologia\u00a0foi reestruturado nos \u00faltimos anos com recursos de projetos de pesquisa. Ganhou tamb\u00e9m nova sede com a reforma do pr\u00e9dio da Faculdade. Dentre os equipamentos dispon\u00edveis, podem ser ressaltados: agitadores magn\u00e9ticos, agitadores tipo vortex, autoclaves, balan\u00e7a anal\u00edtica de precis\u00e3o, banho-maria, capela de fluxo laminar, centr\u00edfuga refrigerada, desruptor de c\u00e9lulas, destilador e deionizador de \u00e1gua, espetrofot\u00f4metro, forno de micro-ondas, freezer, homogeneizador de amostras, incubadoras, jarras de anerobiose, lupas estereosc\u00f3picas, microsc\u00f3pio de luz, pHmetro, pipetas autom\u00e1ticas, sonicador e identificador de microrganismos, adquirido em conjunto com outros PPGs via edital CT-INFRA\/Finep.<\/span><\/p>\n<\/div>\n<\/div>\n<\/div>\n<\/div>\n<div><\/div>\n<div><\/div>\n<div>\n<hr \/>\n<\/div>\n<div><\/div>\n<div><\/div>\n<div id=\"pgc-374-0-1\" class=\"panel-grid-cell\">\n<div class=\"sow-image-container\" style=\"text-align: justify;\"><a href=\"https:\/\/wp.ufpel.edu.br\/odontologia\/files\/2021\/06\/Equipamentos-do-laboratorio-de-Microbiologia.pdf\">Equipamentos do laborat\u00f3rio de Microbiologia<\/a><\/div>\n<div class=\"sow-image-container\" style=\"text-align: justify;\"><a href=\"https:\/\/wp.ufpel.edu.br\/odontologia\/files\/2021\/06\/LAMICRO_Lab-Microbiologia_FOUFPEL.pdf\">LAMICRO_Lab Microbiologia_FOUFPEL<\/a><\/div>\n<\/div>\n<\/div>\n<\/div><\/div><\/div><div id=\"pgc-839-1-1\"  class=\"panel-grid-cell\" ><div id=\"panel-839-1-1-0\" class=\"so-panel widget widget_sow-image panel-first-child\" data-index=\"2\" ><div\n\t\t\t\n\t\t\tclass=\"so-widget-sow-image so-widget-sow-image-default-8b5b6f678277-839\"\n\t\t\t\n\t\t>\n<div class=\"sow-image-container\">\n\t\t<img \n\tsrc=\"https:\/\/i0.wp.com\/wp.ufpel.edu.br\/odontologia\/files\/2019\/04\/IMG_2040_1.jpg?fit=490%2C331&amp;ssl=1\" width=\"490\" height=\"331\" srcset=\"https:\/\/i0.wp.com\/wp.ufpel.edu.br\/odontologia\/files\/2019\/04\/IMG_2040_1.jpg?w=490&amp;ssl=1 490w, https:\/\/i0.wp.com\/wp.ufpel.edu.br\/odontologia\/files\/2019\/04\/IMG_2040_1.jpg?resize=400%2C270&amp;ssl=1 400w\" alt=\"\" \t\tclass=\"so-widget-image\"\/>\n\t<\/div>\n\n<\/div><\/div><div id=\"panel-839-1-1-1\" class=\"so-panel widget widget_sow-image panel-last-child\" data-index=\"3\" ><div\n\t\t\t\n\t\t\tclass=\"so-widget-sow-image so-widget-sow-image-default-8b5b6f678277-839\"\n\t\t\t\n\t\t>\n<div class=\"sow-image-container\">\n\t\t<img \n\tsrc=\"https:\/\/i0.wp.com\/wp.ufpel.edu.br\/odontologia\/files\/2019\/04\/IMG_2038_1.jpg?fit=588%2C331&amp;ssl=1\" width=\"588\" height=\"331\" srcset=\"https:\/\/i0.wp.com\/wp.ufpel.edu.br\/odontologia\/files\/2019\/04\/IMG_2038_1.jpg?w=588&amp;ssl=1 588w, https:\/\/i0.wp.com\/wp.ufpel.edu.br\/odontologia\/files\/2019\/04\/IMG_2038_1.jpg?resize=400%2C225&amp;ssl=1 400w\" alt=\"\" \t\tclass=\"so-widget-image\"\/>\n\t<\/div>\n\n<\/div><\/div><\/div><\/div><\/div>","protected":false},"excerpt":{"rendered":"<p>Laborat\u00f3rio de Microbiologia Oral O laborat\u00f3rio de Microbiologia\u00a0foi reestruturado nos \u00faltimos anos com recursos de projetos de pesquisa. Ganhou tamb\u00e9m nova sede com a reforma do pr\u00e9dio da Faculdade. Dentre os equipamentos dispon\u00edveis, podem ser ressaltados: agitadores magn\u00e9ticos, agitadores tipo vortex, autoclaves, balan\u00e7a anal\u00edtica de precis\u00e3o, banho-maria, capela de fluxo laminar, centr\u00edfuga refrigerada, desruptor de [&hellip;]<\/p>\n","protected":false},"author":511,"featured_media":0,"parent":678,"menu_order":0,"comment_status":"closed","ping_status":"closed","template":"","meta":{"jetpack_post_was_ever_published":false,"footnotes":""},"class_list":["post-839","page","type-page","status-publish","hentry","post"],"jetpack_sharing_enabled":true,"jetpack_shortlink":"https:\/\/wp.me\/PaUn96-dx","jetpack-related-posts":[],"_links":{"self":[{"href":"https:\/\/wp.ufpel.edu.br\/odontologia\/wp-json\/wp\/v2\/pages\/839","targetHints":{"allow":["GET"]}}],"collection":[{"href":"https:\/\/wp.ufpel.edu.br\/odontologia\/wp-json\/wp\/v2\/pages"}],"about":[{"href":"https:\/\/wp.ufpel.edu.br\/odontologia\/wp-json\/wp\/v2\/types\/page"}],"author":[{"embeddable":true,"href":"https:\/\/wp.ufpel.edu.br\/odontologia\/wp-json\/wp\/v2\/users\/511"}],"replies":[{"embeddable":true,"href":"https:\/\/wp.ufpel.edu.br\/odontologia\/wp-json\/wp\/v2\/comments?post=839"}],"version-history":[{"count":12,"href":"https:\/\/wp.ufpel.edu.br\/odontologia\/wp-json\/wp\/v2\/pages\/839\/revisions"}],"predecessor-version":[{"id":2109,"href":"https:\/\/wp.ufpel.edu.br\/odontologia\/wp-json\/wp\/v2\/pages\/839\/revisions\/2109"}],"up":[{"embeddable":true,"href":"https:\/\/wp.ufpel.edu.br\/odontologia\/wp-json\/wp\/v2\/pages\/678"}],"wp:attachment":[{"href":"https:\/\/wp.ufpel.edu.br\/odontologia\/wp-json\/wp\/v2\/media?parent=839"}],"curies":[{"name":"wp","href":"https:\/\/api.w.org\/{rel}","templated":true}]}}