{"id":834,"date":"2019-04-18T13:57:37","date_gmt":"2019-04-18T16:57:37","guid":{"rendered":"https:\/\/wp.ufpel.edu.br\/odontologia\/?page_id=834"},"modified":"2022-05-20T09:12:59","modified_gmt":"2022-05-20T12:12:59","slug":"nucleo-de-biologia-celular-e-tecidual-nct-bio","status":"publish","type":"page","link":"https:\/\/wp.ufpel.edu.br\/odontologia\/institucional\/laboratorios\/nucleo-de-biologia-celular-e-tecidual-nct-bio\/","title":{"rendered":"N\u00facleo de Biologia Celular e Tecidual (NCT-Bio)"},"content":{"rendered":"<div id=\"pl-834\"  class=\"panel-layout\" ><div id=\"pg-834-0\"  class=\"panel-grid panel-no-style\" ><div id=\"pgc-834-0-0\"  class=\"panel-grid-cell\" ><div id=\"panel-834-0-0-0\" class=\"so-panel widget widget_sow-editor panel-first-child panel-last-child\" data-index=\"0\" ><div\n\t\t\t\n\t\t\tclass=\"so-widget-sow-editor so-widget-sow-editor-base\"\n\t\t\t\n\t\t>\n<div class=\"siteorigin-widget-tinymce textwidget\">\n\t<h1 class=\"entry-title\" style=\"text-align: center;\"><span style=\"font-family: georgia, palatino, serif; font-size: 18pt; color: #800000;\">N\u00facleo de Biologia Celular e Tecidual (NCT-Bio)<\/span><\/h1>\n<\/div>\n<\/div><\/div><\/div><\/div><div id=\"pg-834-1\"  class=\"panel-grid panel-no-style\" ><div id=\"pgc-834-1-0\"  class=\"panel-grid-cell\" ><div id=\"panel-834-1-0-0\" class=\"so-panel widget widget_sow-editor panel-first-child panel-last-child\" data-index=\"1\" ><div\n\t\t\t\n\t\t\tclass=\"so-widget-sow-editor so-widget-sow-editor-base\"\n\t\t\t\n\t\t>\n<div class=\"siteorigin-widget-tinymce textwidget\">\n\t<p style=\"text-align: justify;\"><span style=\"font-family: georgia, palatino, serif; font-size: 14pt;\"> O laborat\u00f3rio NTC-Bio agrupa diferentes subunidades de pesquisa: Laborat\u00f3rio de Histologia, Laborat\u00f3rio do Imunoistoqu\u00edmica, Laborat\u00f3rio de Cultivo Celular e Laborat\u00f3rio de Biologia Molecular. Estes laborat\u00f3rios possuem novas instala\u00e7\u00f5es com a reforma dos pavimentos da Faculdade.<\/span><\/p>\n<\/div>\n<\/div><\/div><\/div><div id=\"pgc-834-1-1\"  class=\"panel-grid-cell\" ><div id=\"panel-834-1-1-0\" class=\"so-panel widget widget_sow-image panel-first-child panel-last-child\" data-index=\"2\" ><div\n\t\t\t\n\t\t\tclass=\"so-widget-sow-image so-widget-sow-image-default-8b5b6f678277-834\"\n\t\t\t\n\t\t>\n<div class=\"sow-image-container\">\n\t\t<img \n\tsrc=\"https:\/\/i0.wp.com\/wp.ufpel.edu.br\/odontologia\/files\/2019\/04\/imagem.jpg?fit=567%2C425&amp;ssl=1\" width=\"567\" height=\"425\" srcset=\"https:\/\/i0.wp.com\/wp.ufpel.edu.br\/odontologia\/files\/2019\/04\/imagem.jpg?w=567&amp;ssl=1 567w, https:\/\/i0.wp.com\/wp.ufpel.edu.br\/odontologia\/files\/2019\/04\/imagem.jpg?resize=400%2C300&amp;ssl=1 400w\" alt=\"\" \t\tclass=\"so-widget-image\"\/>\n\t<\/div>\n\n<\/div><\/div><\/div><\/div><div id=\"pg-834-2\"  class=\"panel-grid panel-no-style\" ><div id=\"pgc-834-2-0\"  class=\"panel-grid-cell\" ><div id=\"panel-834-2-0-0\" class=\"so-panel widget widget_sow-editor panel-first-child panel-last-child\" data-index=\"3\" ><div\n\t\t\t\n\t\t\tclass=\"so-widget-sow-editor so-widget-sow-editor-base\"\n\t\t\t\n\t\t>\n<div class=\"siteorigin-widget-tinymce textwidget\">\n\t<p style=\"text-align: justify;\"><span style=\"font-family: georgia, palatino, serif; font-size: 14pt;\"> Dentre os equipamentos dispon\u00edveis, podem ser ressaltados: agitadores multifuncionais, aparelhos para aspira\u00e7\u00e3o, autoclaves, balan\u00e7as anal\u00edticas, capela de fluxo laminar, capela de fluxo unidirecional vertical, centr\u00edfugas, cubas para eletroforese, espectrofot\u00f4metro, estufas de CO2, leitora autom\u00e1tica de microplacas, microsc\u00f3pio \u00f3tico de luz invertida, termociclador, transiluminador, ultrafreezer, esta\u00e7\u00f5es de trabalho de DNA, moinho de criog\u00eania, entre outros.<\/span><\/p>\n<\/div>\n<\/div><\/div><\/div><\/div><div id=\"pg-834-3\"  class=\"panel-grid panel-no-style\" ><div id=\"pgc-834-3-0\"  class=\"panel-grid-cell\" ><div id=\"panel-834-3-0-0\" class=\"so-panel widget widget_sow-image panel-first-child panel-last-child\" data-index=\"4\" ><div\n\t\t\t\n\t\t\tclass=\"so-widget-sow-image so-widget-sow-image-default-8b5b6f678277-834\"\n\t\t\t\n\t\t>\n<div class=\"sow-image-container\">\n\t\t<img \n\tsrc=\"https:\/\/i0.wp.com\/wp.ufpel.edu.br\/odontologia\/files\/2019\/04\/DSCN0435.jpg?fit=3456%2C4608&amp;ssl=1\" width=\"3456\" height=\"4608\" srcset=\"https:\/\/i0.wp.com\/wp.ufpel.edu.br\/odontologia\/files\/2019\/04\/DSCN0435.jpg?w=3456&amp;ssl=1 3456w, https:\/\/i0.wp.com\/wp.ufpel.edu.br\/odontologia\/files\/2019\/04\/DSCN0435.jpg?resize=300%2C400&amp;ssl=1 300w, https:\/\/i0.wp.com\/wp.ufpel.edu.br\/odontologia\/files\/2019\/04\/DSCN0435.jpg?resize=768%2C1024&amp;ssl=1 768w, https:\/\/i0.wp.com\/wp.ufpel.edu.br\/odontologia\/files\/2019\/04\/DSCN0435.jpg?w=1440&amp;ssl=1 1440w, https:\/\/i0.wp.com\/wp.ufpel.edu.br\/odontologia\/files\/2019\/04\/DSCN0435.jpg?w=2160&amp;ssl=1 2160w\" alt=\"\" \t\tclass=\"so-widget-image\"\/>\n\t<\/div>\n\n<\/div><\/div><\/div><div id=\"pgc-834-3-1\"  class=\"panel-grid-cell\" ><div id=\"panel-834-3-1-0\" class=\"so-panel widget widget_sow-editor panel-first-child panel-last-child\" data-index=\"5\" ><div\n\t\t\t\n\t\t\tclass=\"so-widget-sow-editor so-widget-sow-editor-base\"\n\t\t\t\n\t\t>\n<div class=\"siteorigin-widget-tinymce textwidget\">\n\t<p style=\"text-align: justify;\"><span style=\"font-size: 14pt;\">O NCT-Bio exerce forte atua\u00e7\u00e3o em linhas de pesquisa de fronteira de conheciemto\u00a0 como aquelas relacionadas a engenharia tecidual, biocompatibilidade e investiga\u00e7\u00e3o de materiais bioativos e sua influ\u00eancia sobre c\u00e9lulas-tronco, normais ou doentes. Dentre as atividades de pesquisa temos a inclus\u00e3o de p\u00f3s-graduandos e alunos ligados \u00e0 inicia\u00e7\u00e3o cient\u00edfica. O laborat\u00f3rio tamb\u00e9m exerce parcerias em atividades de pesquisa com o Programa de P\u00f3s-Gradua\u00e7\u00e3o em\u00a0 Bioqu\u00edmica e Bioprospec\u00e7\u00e3o da UFPel e do programa de P\u00f3s-gradua\u00e7\u00e3o em Odontologia da Universidade de Cuiab\u00e1, al\u00e9m de outros estudos espec\u00edficos.<\/span><\/p>\n<\/div>\n<\/div><\/div><\/div><\/div><div id=\"pg-834-4\"  class=\"panel-grid panel-no-style\" ><div id=\"pgc-834-4-0\"  class=\"panel-grid-cell\" ><div id=\"panel-834-4-0-0\" class=\"so-panel widget widget_sow-editor panel-first-child panel-last-child\" data-index=\"6\" ><div\n\t\t\t\n\t\t\tclass=\"so-widget-sow-editor so-widget-sow-editor-base\"\n\t\t\t\n\t\t>\n<div class=\"siteorigin-widget-tinymce textwidget\">\n\t<hr \/>\n<p><span style=\"font-size: 12pt;\"><strong>Telefone para contato:<\/strong> (53) 3260-2835 ramal 2832<\/span><\/p>\n<p><span style=\"font-size: 12pt;\"><strong>Localiza\u00e7\u00e3o:<\/strong> Salas 605 e 606 da FO-UFPel.<\/span><\/p>\n<\/div>\n<\/div><\/div><\/div><\/div><\/div>","protected":false},"excerpt":{"rendered":"<p>N\u00facleo de Biologia Celular e Tecidual (NCT-Bio) O laborat\u00f3rio NTC-Bio agrupa diferentes subunidades de pesquisa: Laborat\u00f3rio de Histologia, Laborat\u00f3rio do Imunoistoqu\u00edmica, Laborat\u00f3rio de Cultivo Celular e Laborat\u00f3rio de Biologia Molecular. Estes laborat\u00f3rios possuem novas instala\u00e7\u00f5es com a reforma dos pavimentos da Faculdade.<\/p>\n","protected":false},"author":511,"featured_media":0,"parent":678,"menu_order":0,"comment_status":"closed","ping_status":"closed","template":"","meta":{"jetpack_post_was_ever_published":false,"footnotes":""},"class_list":["post-834","page","type-page","status-publish","hentry","post"],"jetpack_sharing_enabled":true,"jetpack_shortlink":"https:\/\/wp.me\/PaUn96-ds","jetpack-related-posts":[],"_links":{"self":[{"href":"https:\/\/wp.ufpel.edu.br\/odontologia\/wp-json\/wp\/v2\/pages\/834","targetHints":{"allow":["GET"]}}],"collection":[{"href":"https:\/\/wp.ufpel.edu.br\/odontologia\/wp-json\/wp\/v2\/pages"}],"about":[{"href":"https:\/\/wp.ufpel.edu.br\/odontologia\/wp-json\/wp\/v2\/types\/page"}],"author":[{"embeddable":true,"href":"https:\/\/wp.ufpel.edu.br\/odontologia\/wp-json\/wp\/v2\/users\/511"}],"replies":[{"embeddable":true,"href":"https:\/\/wp.ufpel.edu.br\/odontologia\/wp-json\/wp\/v2\/comments?post=834"}],"version-history":[{"count":6,"href":"https:\/\/wp.ufpel.edu.br\/odontologia\/wp-json\/wp\/v2\/pages\/834\/revisions"}],"predecessor-version":[{"id":2115,"href":"https:\/\/wp.ufpel.edu.br\/odontologia\/wp-json\/wp\/v2\/pages\/834\/revisions\/2115"}],"up":[{"embeddable":true,"href":"https:\/\/wp.ufpel.edu.br\/odontologia\/wp-json\/wp\/v2\/pages\/678"}],"wp:attachment":[{"href":"https:\/\/wp.ufpel.edu.br\/odontologia\/wp-json\/wp\/v2\/media?parent=834"}],"curies":[{"name":"wp","href":"https:\/\/api.w.org\/{rel}","templated":true}]}}