{"id":813,"date":"2019-04-18T13:49:37","date_gmt":"2019-04-18T16:49:37","guid":{"rendered":"https:\/\/wp.ufpel.edu.br\/odontologia\/?page_id=813"},"modified":"2022-05-20T09:01:58","modified_gmt":"2022-05-20T12:01:58","slug":"813-2","status":"publish","type":"page","link":"https:\/\/wp.ufpel.edu.br\/odontologia\/institucional\/laboratorios\/813-2\/","title":{"rendered":"Laborat\u00f3rio de Epidemiologia (Epibucal)"},"content":{"rendered":"<div id=\"pl-813\"  class=\"panel-layout\" ><div id=\"pg-813-0\"  class=\"panel-grid panel-no-style\" ><div id=\"pgc-813-0-0\"  class=\"panel-grid-cell\" ><div id=\"panel-813-0-0-0\" class=\"so-panel widget widget_sow-editor panel-first-child panel-last-child\" data-index=\"0\" ><div\n\t\t\t\n\t\t\tclass=\"so-widget-sow-editor so-widget-sow-editor-base\"\n\t\t\t\n\t\t>\n<div class=\"siteorigin-widget-tinymce textwidget\">\n\t<h1 class=\"entry-title\" style=\"text-align: center;\"><strong><span style=\"font-size: 18pt; font-family: georgia, palatino, serif; color: #800000;\">Laborat\u00f3rio de Epidemiologia (Epibucal)<\/span><\/strong><\/h1>\n<p>&nbsp;<\/p>\n<\/div>\n<\/div><\/div><\/div><\/div><div id=\"pg-813-1\"  class=\"panel-grid panel-no-style\" ><div id=\"pgc-813-1-0\"  class=\"panel-grid-cell\" ><div id=\"panel-813-1-0-0\" class=\"so-panel widget widget_sow-image panel-first-child panel-last-child\" data-index=\"1\" ><div\n\t\t\t\n\t\t\tclass=\"so-widget-sow-image so-widget-sow-image-default-8b5b6f678277-813\"\n\t\t\t\n\t\t>\n<div class=\"sow-image-container\">\n\t\t<img \n\tsrc=\"https:\/\/i0.wp.com\/wp.ufpel.edu.br\/odontologia\/files\/2019\/04\/EPIBUCAL1.jpg?fit=1280%2C960&amp;ssl=1\" width=\"1280\" height=\"960\" srcset=\"https:\/\/i0.wp.com\/wp.ufpel.edu.br\/odontologia\/files\/2019\/04\/EPIBUCAL1.jpg?w=1280&amp;ssl=1 1280w, https:\/\/i0.wp.com\/wp.ufpel.edu.br\/odontologia\/files\/2019\/04\/EPIBUCAL1.jpg?resize=400%2C300&amp;ssl=1 400w, https:\/\/i0.wp.com\/wp.ufpel.edu.br\/odontologia\/files\/2019\/04\/EPIBUCAL1.jpg?resize=768%2C576&amp;ssl=1 768w, https:\/\/i0.wp.com\/wp.ufpel.edu.br\/odontologia\/files\/2019\/04\/EPIBUCAL1.jpg?resize=1024%2C768&amp;ssl=1 1024w\" alt=\"\" \t\tclass=\"so-widget-image\"\/>\n\t<\/div>\n\n<\/div><\/div><\/div><div id=\"pgc-813-1-1\"  class=\"panel-grid-cell\" ><div id=\"panel-813-1-1-0\" class=\"so-panel widget widget_sow-editor panel-first-child panel-last-child\" data-index=\"2\" ><div\n\t\t\t\n\t\t\tclass=\"so-widget-sow-editor so-widget-sow-editor-base\"\n\t\t\t\n\t\t>\n<div class=\"siteorigin-widget-tinymce textwidget\">\n\t<p style=\"text-align: justify;\"><span style=\"font-size: 14pt;\">O Grupo de Estudos em Epidemiologia da Sa\u00fade Bucal (EpiBucal) constitui-se em um Laborat\u00f3rio de Pesquisa e Extens\u00e3o em Epidemiologia vinculado ao Programa de P\u00f3s-Gradua\u00e7\u00e3o em Odontologia (PPGO), situado no 5o. andar, sala 501, da FO da UFPel.<\/span><\/p>\n<\/div>\n<\/div><\/div><\/div><\/div><div id=\"pg-813-2\"  class=\"panel-grid panel-no-style\" ><div id=\"pgc-813-2-0\"  class=\"panel-grid-cell\" ><div id=\"panel-813-2-0-0\" class=\"so-panel widget widget_sow-editor panel-first-child panel-last-child\" data-index=\"3\" ><div\n\t\t\t\n\t\t\tclass=\"so-widget-sow-editor so-widget-sow-editor-base\"\n\t\t\t\n\t\t>\n<div class=\"siteorigin-widget-tinymce textwidget\">\n\t<p style=\"text-align: justify;\"><span style=\"font-size: 14pt;\">O objetivo do EpiBucal \u00e9 contribuir para o desenvolvimento da pesquisa e inicia\u00e7\u00e3o cient\u00edfica na institui\u00e7\u00e3o, por meio de atividades de pesquisa e extens\u00e3o relacionadas \u00e0 Epidemiologia da Sa\u00fade Bucal, em todas as fases do ciclo cient\u00edfico: (a) concep\u00e7\u00e3o e projeto; (b) desenvolvimento; (c) organiza\u00e7\u00e3o e an\u00e1lise de dados; e (d) escrita cient\u00edfica. Apresenta infraestrutura adequada para o desenvolvimento das atividades, bem como equipamentos e materiais necess\u00e1rios para o preparo e organiza\u00e7\u00e3o de pesquisas de campo.<\/span><\/p>\n<\/div>\n<\/div><\/div><\/div><\/div><div id=\"pg-813-3\"  class=\"panel-grid panel-no-style\" ><div id=\"pgc-813-3-0\"  class=\"panel-grid-cell\" ><div id=\"panel-813-3-0-0\" class=\"so-panel widget widget_sow-editor panel-first-child panel-last-child\" data-index=\"4\" ><div\n\t\t\t\n\t\t\tclass=\"so-widget-sow-editor so-widget-sow-editor-base\"\n\t\t\t\n\t\t>\n<div class=\"siteorigin-widget-tinymce textwidget\">\n\t<p style=\"text-align: justify;\"><span style=\"font-size: 14pt;\">O EpiBucal tem participado ativamente no desenvolvimento de atividades de pesquisa, extens\u00e3o e ensino com a inclus\u00e3o de alunos \u00e0 inicia\u00e7\u00e3o cient\u00edfica e o aprimoramento dos discentes de p\u00f3s-gradua\u00e7\u00e3o, com destaque para os Levantamentos em Sa\u00fade Bucal nas Coortes de Nascimentos de Pelotas (1982, 1993, 2004 e 2015) realizados em parceria com o Programa de P\u00f3s-Gradua\u00e7\u00e3o em Epidemiologia da UFPel.<\/span><\/p>\n<\/div>\n<\/div><\/div><\/div><div id=\"pgc-813-3-1\"  class=\"panel-grid-cell\" ><div id=\"panel-813-3-1-0\" class=\"so-panel widget widget_sow-image panel-first-child panel-last-child\" data-index=\"5\" ><div\n\t\t\t\n\t\t\tclass=\"so-widget-sow-image so-widget-sow-image-default-8b5b6f678277-813\"\n\t\t\t\n\t\t>\n<div class=\"sow-image-container\">\n\t\t<img \n\tsrc=\"https:\/\/i0.wp.com\/wp.ufpel.edu.br\/odontologia\/files\/2019\/04\/EPIBUCAL2.jpg?fit=1280%2C960&amp;ssl=1\" width=\"1280\" height=\"960\" srcset=\"https:\/\/i0.wp.com\/wp.ufpel.edu.br\/odontologia\/files\/2019\/04\/EPIBUCAL2.jpg?w=1280&amp;ssl=1 1280w, https:\/\/i0.wp.com\/wp.ufpel.edu.br\/odontologia\/files\/2019\/04\/EPIBUCAL2.jpg?resize=400%2C300&amp;ssl=1 400w, https:\/\/i0.wp.com\/wp.ufpel.edu.br\/odontologia\/files\/2019\/04\/EPIBUCAL2.jpg?resize=768%2C576&amp;ssl=1 768w, https:\/\/i0.wp.com\/wp.ufpel.edu.br\/odontologia\/files\/2019\/04\/EPIBUCAL2.jpg?resize=1024%2C768&amp;ssl=1 1024w\" alt=\"\" \t\tclass=\"so-widget-image\"\/>\n\t<\/div>\n\n<\/div><\/div><\/div><\/div><div id=\"pg-813-4\"  class=\"panel-grid panel-no-style\" ><div id=\"pgc-813-4-0\"  class=\"panel-grid-cell\" ><div id=\"panel-813-4-0-0\" class=\"so-panel widget widget_sow-editor panel-first-child panel-last-child\" data-index=\"6\" ><div\n\t\t\t\n\t\t\tclass=\"so-widget-sow-editor so-widget-sow-editor-base\"\n\t\t\t\n\t\t>\n<div class=\"siteorigin-widget-tinymce textwidget\">\n\t<hr \/>\n<p><span style=\"font-size: 14pt;\">Confira o Regimento do Laborat\u00f3rio:<\/span><\/p>\n<p><span style=\"font-size: 14pt;\"><a href=\"https:\/\/wp.ufpel.edu.br\/odontologia\/files\/2021\/04\/Regimento-Final-Laboratorio-de-Epidemiologia-epibucal.pdf\">Regimento Final - Laborat\u00f3rio de Epidemiologia epibucal<\/a><\/span><\/p>\n<\/div>\n<\/div><\/div><\/div><\/div><\/div>","protected":false},"excerpt":{"rendered":"<p>Laborat\u00f3rio de Epidemiologia (Epibucal) &nbsp; O Grupo de Estudos em Epidemiologia da Sa\u00fade Bucal (EpiBucal) constitui-se em um Laborat\u00f3rio de Pesquisa e Extens\u00e3o em Epidemiologia vinculado ao Programa de P\u00f3s-Gradua\u00e7\u00e3o em Odontologia (PPGO), situado no 5o. andar, sala 501, da FO da UFPel.<\/p>\n","protected":false},"author":511,"featured_media":0,"parent":678,"menu_order":0,"comment_status":"closed","ping_status":"closed","template":"","meta":{"jetpack_post_was_ever_published":false,"footnotes":""},"class_list":["post-813","page","type-page","status-publish","hentry","post"],"jetpack_sharing_enabled":true,"jetpack_shortlink":"https:\/\/wp.me\/PaUn96-d7","jetpack-related-posts":[],"_links":{"self":[{"href":"https:\/\/wp.ufpel.edu.br\/odontologia\/wp-json\/wp\/v2\/pages\/813","targetHints":{"allow":["GET"]}}],"collection":[{"href":"https:\/\/wp.ufpel.edu.br\/odontologia\/wp-json\/wp\/v2\/pages"}],"about":[{"href":"https:\/\/wp.ufpel.edu.br\/odontologia\/wp-json\/wp\/v2\/types\/page"}],"author":[{"embeddable":true,"href":"https:\/\/wp.ufpel.edu.br\/odontologia\/wp-json\/wp\/v2\/users\/511"}],"replies":[{"embeddable":true,"href":"https:\/\/wp.ufpel.edu.br\/odontologia\/wp-json\/wp\/v2\/comments?post=813"}],"version-history":[{"count":13,"href":"https:\/\/wp.ufpel.edu.br\/odontologia\/wp-json\/wp\/v2\/pages\/813\/revisions"}],"predecessor-version":[{"id":2106,"href":"https:\/\/wp.ufpel.edu.br\/odontologia\/wp-json\/wp\/v2\/pages\/813\/revisions\/2106"}],"up":[{"embeddable":true,"href":"https:\/\/wp.ufpel.edu.br\/odontologia\/wp-json\/wp\/v2\/pages\/678"}],"wp:attachment":[{"href":"https:\/\/wp.ufpel.edu.br\/odontologia\/wp-json\/wp\/v2\/media?parent=813"}],"curies":[{"name":"wp","href":"https:\/\/api.w.org\/{rel}","templated":true}]}}