{"id":785,"date":"2019-04-18T12:14:58","date_gmt":"2019-04-18T15:14:58","guid":{"rendered":"https:\/\/wp.ufpel.edu.br\/odontologia\/?page_id=785"},"modified":"2022-05-20T09:02:43","modified_gmt":"2022-05-20T12:02:43","slug":"centro-de-desenvolvimento-e-controle-de-biomateriais-cdc-bio","status":"publish","type":"page","link":"https:\/\/wp.ufpel.edu.br\/odontologia\/institucional\/laboratorios\/centro-de-desenvolvimento-e-controle-de-biomateriais-cdc-bio\/","title":{"rendered":"Centro de Desenvolvimento e Controle de Biomateriais (CDC-Bio)"},"content":{"rendered":"<p style=\"text-align: center;\"><strong><span style=\"color: #800000; font-size: 18pt;\">Centro de Desenvolvimento e Controle de Biomateriais (CDC-Bio)<\/span><\/strong><\/p>\n<p>&nbsp;<\/p>\n<p style=\"text-align: justify;\"><a href=\"https:\/\/i0.wp.com\/wp.ufpel.edu.br\/odontologia\/files\/2019\/04\/DSCN0440.jpg?ssl=1\"><img data-recalc-dims=\"1\" loading=\"lazy\" decoding=\"async\" data-attachment-id=\"786\" data-permalink=\"https:\/\/wp.ufpel.edu.br\/odontologia\/institucional\/laboratorios\/centro-de-desenvolvimento-e-controle-de-biomateriais-cdc-bio\/dscn0440\/#main\" data-orig-file=\"https:\/\/i0.wp.com\/wp.ufpel.edu.br\/odontologia\/files\/2019\/04\/DSCN0440.jpg?fit=4401%2C3098&amp;ssl=1\" data-orig-size=\"4401,3098\" data-comments-opened=\"0\" data-image-meta=\"{&quot;aperture&quot;:&quot;3&quot;,&quot;credit&quot;:&quot;Picasa&quot;,&quot;camera&quot;:&quot;COOLPIX L820&quot;,&quot;caption&quot;:&quot;&quot;,&quot;created_timestamp&quot;:&quot;1438083018&quot;,&quot;copyright&quot;:&quot;&quot;,&quot;focal_length&quot;:&quot;4&quot;,&quot;iso&quot;:&quot;320&quot;,&quot;shutter_speed&quot;:&quot;0.033333333333333&quot;,&quot;title&quot;:&quot;&quot;,&quot;orientation&quot;:&quot;0&quot;}\" data-image-title=\"DSCN0440\" data-image-description=\"\" data-image-caption=\"\" data-medium-file=\"https:\/\/i0.wp.com\/wp.ufpel.edu.br\/odontologia\/files\/2019\/04\/DSCN0440.jpg?fit=400%2C282&amp;ssl=1\" data-large-file=\"https:\/\/i0.wp.com\/wp.ufpel.edu.br\/odontologia\/files\/2019\/04\/DSCN0440.jpg?fit=720%2C507&amp;ssl=1\" class=\" wp-image-786 alignright\" src=\"https:\/\/i0.wp.com\/wp.ufpel.edu.br\/odontologia\/files\/2019\/04\/DSCN0440.jpg?resize=319%2C224&#038;ssl=1\" alt=\"\" width=\"319\" height=\"224\" srcset=\"https:\/\/i0.wp.com\/wp.ufpel.edu.br\/odontologia\/files\/2019\/04\/DSCN0440.jpg?w=4401&amp;ssl=1 4401w, https:\/\/i0.wp.com\/wp.ufpel.edu.br\/odontologia\/files\/2019\/04\/DSCN0440.jpg?resize=400%2C282&amp;ssl=1 400w, https:\/\/i0.wp.com\/wp.ufpel.edu.br\/odontologia\/files\/2019\/04\/DSCN0440.jpg?resize=768%2C541&amp;ssl=1 768w, https:\/\/i0.wp.com\/wp.ufpel.edu.br\/odontologia\/files\/2019\/04\/DSCN0440.jpg?resize=1024%2C721&amp;ssl=1 1024w, https:\/\/i0.wp.com\/wp.ufpel.edu.br\/odontologia\/files\/2019\/04\/DSCN0440.jpg?w=1440&amp;ssl=1 1440w, https:\/\/i0.wp.com\/wp.ufpel.edu.br\/odontologia\/files\/2019\/04\/DSCN0440.jpg?w=2160&amp;ssl=1 2160w\" sizes=\"auto, (max-width: 319px) 100vw, 319px\" \/><\/a><\/p>\n<p style=\"text-align: justify;\"><span style=\"font-size: 14pt;\">O Centro de Desenvolvimento e Controle de Biomateriais conta com equipamentos adquiridos com recursos de pesquisa, em editais diversos incluindo de pesquisa e intera\u00e7\u00e3o com empresas. Est\u00e1 instalado em espa\u00e7o anexo \u00e0 Faculdade de Odontologia, reformado tamb\u00e9m durante as obras de renova\u00e7\u00e3o dos pavimentos do pr\u00e9dio da Faculdade. Neste laborat\u00f3rio encontram-se equipamentos para an\u00e1lises de propriedades f\u00edsico-mec\u00e2nicas de materiais comercialmente dispon\u00edveis no mercado, bem como aqueles que est\u00e3o sendo desenvolvidos no CDC-Bio em parceria com empresas do ramo odontol\u00f3gico.<\/span><\/p>\n<p>&nbsp;<\/p>\n<p>&nbsp;<\/p>\n<p style=\"text-align: justify;\"><a href=\"https:\/\/i0.wp.com\/wp.ufpel.edu.br\/odontologia\/files\/2019\/04\/DSCN0437-e1555600456365.jpg?ssl=1\"><img data-recalc-dims=\"1\" loading=\"lazy\" decoding=\"async\" data-attachment-id=\"787\" data-permalink=\"https:\/\/wp.ufpel.edu.br\/odontologia\/institucional\/laboratorios\/centro-de-desenvolvimento-e-controle-de-biomateriais-cdc-bio\/dscn0437\/#main\" data-orig-file=\"https:\/\/i0.wp.com\/wp.ufpel.edu.br\/odontologia\/files\/2019\/04\/DSCN0437-e1555600456365.jpg?fit=3250%2C2250&amp;ssl=1\" data-orig-size=\"3250,2250\" data-comments-opened=\"0\" data-image-meta=\"{&quot;aperture&quot;:&quot;3&quot;,&quot;credit&quot;:&quot;Picasa&quot;,&quot;camera&quot;:&quot;COOLPIX L820&quot;,&quot;caption&quot;:&quot;&quot;,&quot;created_timestamp&quot;:&quot;1438082892&quot;,&quot;copyright&quot;:&quot;&quot;,&quot;focal_length&quot;:&quot;4&quot;,&quot;iso&quot;:&quot;200&quot;,&quot;shutter_speed&quot;:&quot;0.033333333333333&quot;,&quot;title&quot;:&quot;&quot;,&quot;orientation&quot;:&quot;0&quot;}\" data-image-title=\"DSCN0437\" data-image-description=\"\" data-image-caption=\"\" data-medium-file=\"https:\/\/i0.wp.com\/wp.ufpel.edu.br\/odontologia\/files\/2019\/04\/DSCN0437-e1555600456365.jpg?fit=400%2C277&amp;ssl=1\" data-large-file=\"https:\/\/i0.wp.com\/wp.ufpel.edu.br\/odontologia\/files\/2019\/04\/DSCN0437-e1555600456365.jpg?fit=720%2C499&amp;ssl=1\" class=\"wp-image-787 alignleft\" src=\"https:\/\/i0.wp.com\/wp.ufpel.edu.br\/odontologia\/files\/2019\/04\/DSCN0437-e1555600456365.jpg?resize=432%2C299&#038;ssl=1\" alt=\"\" width=\"432\" height=\"299\" srcset=\"https:\/\/i0.wp.com\/wp.ufpel.edu.br\/odontologia\/files\/2019\/04\/DSCN0437-e1555600456365.jpg?w=3250&amp;ssl=1 3250w, https:\/\/i0.wp.com\/wp.ufpel.edu.br\/odontologia\/files\/2019\/04\/DSCN0437-e1555600456365.jpg?resize=400%2C277&amp;ssl=1 400w, https:\/\/i0.wp.com\/wp.ufpel.edu.br\/odontologia\/files\/2019\/04\/DSCN0437-e1555600456365.jpg?resize=768%2C532&amp;ssl=1 768w, https:\/\/i0.wp.com\/wp.ufpel.edu.br\/odontologia\/files\/2019\/04\/DSCN0437-e1555600456365.jpg?resize=1024%2C709&amp;ssl=1 1024w, https:\/\/i0.wp.com\/wp.ufpel.edu.br\/odontologia\/files\/2019\/04\/DSCN0437-e1555600456365.jpg?w=1440&amp;ssl=1 1440w, https:\/\/i0.wp.com\/wp.ufpel.edu.br\/odontologia\/files\/2019\/04\/DSCN0437-e1555600456365.jpg?w=2160&amp;ssl=1 2160w\" sizes=\"auto, (max-width: 432px) 100vw, 432px\" \/><\/a><span style=\"font-size: 14pt;\">Dentre os equipamentos dispon\u00edveis, podem ser ressaltados: balan\u00e7as de precis\u00e3o, cortadeira de precis\u00e3o, dur\u00f4metro, espectrofot\u00f4metro infravermelho com dispositivo de reflet\u00e2ncia total atenuada, um novo FTIR com detector de infravermelho pr\u00f3ximo, estereomicrosc\u00f3pio, fluor\u00edmetro, m\u00e1quina de ensaios mec\u00e2nicos, pHmetro, politrizesmetalogr\u00e1ficas, rugos\u00edmetro digital, medidor de pot\u00eancia, viscos\u00edmetros oscilat\u00f3rios, m\u00e1quinas de ciclagem mec\u00e2nica. Destaca-se a recente aquisi\u00e7\u00e3o de m\u00e1quina de ensaios din\u00e2micos (InstronEletropuls), goni\u00f4metro (analisador de \u00e2ngulo de contato), misturador de alta frequ\u00eancia (Speedmixer), e re\u00f4metro. H\u00e1, ainda, crescente utiliza\u00e7\u00e3o do microsc\u00f3pio eletr\u00f4nico de varredura com analisador de energia dispersiva de raios-X, que est\u00e1 instalado na Faculdade.<\/span><\/p>\n","protected":false},"excerpt":{"rendered":"<p>Centro de Desenvolvimento e Controle de Biomateriais (CDC-Bio) &nbsp; O Centro de Desenvolvimento e Controle de Biomateriais conta com equipamentos adquiridos com recursos de pesquisa, em editais diversos incluindo de pesquisa e intera\u00e7\u00e3o com empresas. Est\u00e1 instalado em espa\u00e7o anexo \u00e0 Faculdade de Odontologia, reformado tamb\u00e9m durante as obras de renova\u00e7\u00e3o dos pavimentos do pr\u00e9dio [&hellip;]<\/p>\n","protected":false},"author":511,"featured_media":0,"parent":678,"menu_order":0,"comment_status":"closed","ping_status":"closed","template":"","meta":{"jetpack_post_was_ever_published":false,"footnotes":""},"class_list":["post-785","page","type-page","status-publish","hentry","post"],"jetpack_sharing_enabled":true,"jetpack_shortlink":"https:\/\/wp.me\/PaUn96-cF","jetpack-related-posts":[],"_links":{"self":[{"href":"https:\/\/wp.ufpel.edu.br\/odontologia\/wp-json\/wp\/v2\/pages\/785","targetHints":{"allow":["GET"]}}],"collection":[{"href":"https:\/\/wp.ufpel.edu.br\/odontologia\/wp-json\/wp\/v2\/pages"}],"about":[{"href":"https:\/\/wp.ufpel.edu.br\/odontologia\/wp-json\/wp\/v2\/types\/page"}],"author":[{"embeddable":true,"href":"https:\/\/wp.ufpel.edu.br\/odontologia\/wp-json\/wp\/v2\/users\/511"}],"replies":[{"embeddable":true,"href":"https:\/\/wp.ufpel.edu.br\/odontologia\/wp-json\/wp\/v2\/comments?post=785"}],"version-history":[{"count":5,"href":"https:\/\/wp.ufpel.edu.br\/odontologia\/wp-json\/wp\/v2\/pages\/785\/revisions"}],"predecessor-version":[{"id":2107,"href":"https:\/\/wp.ufpel.edu.br\/odontologia\/wp-json\/wp\/v2\/pages\/785\/revisions\/2107"}],"up":[{"embeddable":true,"href":"https:\/\/wp.ufpel.edu.br\/odontologia\/wp-json\/wp\/v2\/pages\/678"}],"wp:attachment":[{"href":"https:\/\/wp.ufpel.edu.br\/odontologia\/wp-json\/wp\/v2\/media?parent=785"}],"curies":[{"name":"wp","href":"https:\/\/api.w.org\/{rel}","templated":true}]}}