{"id":781,"date":"2019-04-18T12:01:44","date_gmt":"2019-04-18T15:01:44","guid":{"rendered":"https:\/\/wp.ufpel.edu.br\/odontologia\/?page_id=781"},"modified":"2022-05-20T08:50:23","modified_gmt":"2022-05-20T11:50:23","slug":"informacoes-para-pacientes","status":"publish","type":"page","link":"https:\/\/wp.ufpel.edu.br\/odontologia\/informacoes-para-pacientes\/","title":{"rendered":"Informa\u00e7\u00f5es para pacientes"},"content":{"rendered":"<div id=\"pl-781\"  class=\"panel-layout\" ><div id=\"pg-781-0\"  class=\"panel-grid panel-no-style\" ><div id=\"pgc-781-0-0\"  class=\"panel-grid-cell\" ><div id=\"panel-781-0-0-0\" class=\"so-panel widget widget_sow-editor panel-first-child panel-last-child\" data-index=\"0\" ><div\n\t\t\t\n\t\t\tclass=\"so-widget-sow-editor so-widget-sow-editor-base\"\n\t\t\t\n\t\t>\n<div class=\"siteorigin-widget-tinymce textwidget\">\n\t<p style=\"text-align: center;\"><span style=\"color: #800000; font-size: 18pt;\"><strong>Como fa\u00e7o para ser atendido na Faculdade de Odontologia?<\/strong><\/span><\/p>\n<p><span style=\"font-size: 14pt;\"><strong>Se voc\u00ea procura algum destes tipo de atendimento entre em contato com:<\/strong><\/span><\/p>\n<p><span style=\"font-size: 14pt;\"><strong>Crian\u00e7as (Odontopediatria): <\/strong>3260-2825<\/span><\/p>\n<p><span style=\"font-size: 14pt;\"><strong>Patologia Bucal e Estomatologia:<\/strong> 3260-2835<\/span><\/p>\n<p style=\"text-align: justify;\"><span style=\"font-size: 14pt;\">Para ser atendido na Faculdade de Odontologia, os pacientes <strong>devem ser encaminhados via indica\u00e7\u00e3o das Unidades B\u00e1sicas de Sa\u00fade<\/strong>, \u00e0 partir da\u00ed a Prefeitura da Cidade de Pelotas regula a indica\u00e7\u00e3o entre o Centro de Especialidade Odontol\u00f3gicas (CEO) da pr\u00f3pria Prefeitura ou o CEO Jequitib\u00e1, que proporciona atendimento dentro da Faculdade de Odontologia; ou encaminha os pacientes para atendimento especializado dentro das diferentes disciplinas que a Faculdade oferece.<\/span><\/p>\n<p><span style=\"font-size: 14pt;\"><a href=\"https:\/\/i0.wp.com\/wp.ufpel.edu.br\/odontologia\/files\/2019\/04\/Triagem-como-funciona.jpg?ssl=1\"><img data-attachment-id=\"1016\" data-permalink=\"https:\/\/wp.ufpel.edu.br\/odontologia\/informacoes-para-pacientes\/triagem-como-funciona\/#main\" data-orig-file=\"https:\/\/i0.wp.com\/wp.ufpel.edu.br\/odontologia\/files\/2019\/04\/Triagem-como-funciona.jpg?fit=1280%2C720&amp;ssl=1\" data-orig-size=\"1280,720\" data-comments-opened=\"0\" data-image-meta=\"{&quot;aperture&quot;:&quot;0&quot;,&quot;credit&quot;:&quot;&quot;,&quot;camera&quot;:&quot;&quot;,&quot;caption&quot;:&quot;&quot;,&quot;created_timestamp&quot;:&quot;0&quot;,&quot;copyright&quot;:&quot;&quot;,&quot;focal_length&quot;:&quot;0&quot;,&quot;iso&quot;:&quot;0&quot;,&quot;shutter_speed&quot;:&quot;0&quot;,&quot;title&quot;:&quot;&quot;,&quot;orientation&quot;:&quot;0&quot;}\" data-image-title=\"Triagem &amp;#8211; como funciona\" data-image-description=\"\" data-image-caption=\"\" data-medium-file=\"https:\/\/i0.wp.com\/wp.ufpel.edu.br\/odontologia\/files\/2019\/04\/Triagem-como-funciona.jpg?fit=400%2C225&amp;ssl=1\" data-large-file=\"https:\/\/i0.wp.com\/wp.ufpel.edu.br\/odontologia\/files\/2019\/04\/Triagem-como-funciona.jpg?fit=720%2C405&amp;ssl=1\" data-recalc-dims=\"1\" loading=\"lazy\" decoding=\"async\" class=\"alignnone size-full wp-image-1016\" src=\"https:\/\/i0.wp.com\/wp.ufpel.edu.br\/odontologia\/files\/2019\/04\/Triagem-como-funciona.jpg?resize=720%2C405&#038;ssl=1\" alt=\"\" width=\"720\" height=\"405\" srcset=\"https:\/\/i0.wp.com\/wp.ufpel.edu.br\/odontologia\/files\/2019\/04\/Triagem-como-funciona.jpg?w=1280&amp;ssl=1 1280w, https:\/\/i0.wp.com\/wp.ufpel.edu.br\/odontologia\/files\/2019\/04\/Triagem-como-funciona.jpg?resize=400%2C225&amp;ssl=1 400w, https:\/\/i0.wp.com\/wp.ufpel.edu.br\/odontologia\/files\/2019\/04\/Triagem-como-funciona.jpg?resize=768%2C432&amp;ssl=1 768w, https:\/\/i0.wp.com\/wp.ufpel.edu.br\/odontologia\/files\/2019\/04\/Triagem-como-funciona.jpg?resize=1024%2C576&amp;ssl=1 1024w\" sizes=\"auto, (max-width: 720px) 100vw, 720px\" \/><\/a><\/span><\/p>\n<p>&nbsp;<\/p>\n<p style=\"text-align: center;\"><span style=\"font-size: 18pt; color: #800000;\"><strong>Que tipos de atendimento s\u00e3o prestado \u00e0 popula\u00e7\u00e3o?<\/strong><\/span><\/p>\n<p style=\"text-align: justify;\"><span style=\"font-size: 14pt;\">A Faculdade de Odontologia presta os mais variados servi\u00e7os \u00e0 popula\u00e7\u00e3o da Cidade de Pelotas. Os atendimentos proporcionados incluem atendimento \u00e0 beb\u00eas e suas m\u00e3es, crian\u00e7as (odontopediatria), ortodontia (aparelhos) preventiva em crian\u00e7as, tratamentos odontol\u00f3gicos em popula\u00e7\u00e3o adulta que incluem limpezas (profilaxia e raspagem), restaura\u00e7\u00f5es, tratamento de canal, extra\u00e7\u00e3o dent\u00e1ria,\u00a0 e confec\u00e7\u00e3o de pr\u00f3teses dent\u00e1rias unit\u00e1rias e m\u00faltiplas, bem como atendimento \u00e0 pacientes com necessidades especiais (PNE) e tamb\u00e9m no Pronto Socorro da Cidade de Pelotas atrav\u00e9s, da Resid\u00eancia em Cirurgia e Traumatologia Buco-Maxilo-Facial.<\/span><\/p>\n<\/div>\n<\/div><\/div><\/div><\/div><\/div>","protected":false},"excerpt":{"rendered":"<p>Como fa\u00e7o para ser atendido na Faculdade de Odontologia? Se voc\u00ea procura algum destes tipo de atendimento entre em contato com: Crian\u00e7as (Odontopediatria): 3260-2825 Patologia Bucal e Estomatologia: 3260-2835 Para ser atendido na Faculdade de Odontologia, os pacientes devem ser encaminhados via indica\u00e7\u00e3o das Unidades B\u00e1sicas de Sa\u00fade, \u00e0 partir da\u00ed a Prefeitura da Cidade [&hellip;]<\/p>\n","protected":false},"author":511,"featured_media":0,"parent":0,"menu_order":0,"comment_status":"closed","ping_status":"closed","template":"","meta":{"jetpack_post_was_ever_published":false,"footnotes":""},"class_list":["post-781","page","type-page","status-publish","hentry","post"],"jetpack_sharing_enabled":true,"jetpack_shortlink":"https:\/\/wp.me\/PaUn96-cB","jetpack-related-posts":[],"_links":{"self":[{"href":"https:\/\/wp.ufpel.edu.br\/odontologia\/wp-json\/wp\/v2\/pages\/781","targetHints":{"allow":["GET"]}}],"collection":[{"href":"https:\/\/wp.ufpel.edu.br\/odontologia\/wp-json\/wp\/v2\/pages"}],"about":[{"href":"https:\/\/wp.ufpel.edu.br\/odontologia\/wp-json\/wp\/v2\/types\/page"}],"author":[{"embeddable":true,"href":"https:\/\/wp.ufpel.edu.br\/odontologia\/wp-json\/wp\/v2\/users\/511"}],"replies":[{"embeddable":true,"href":"https:\/\/wp.ufpel.edu.br\/odontologia\/wp-json\/wp\/v2\/comments?post=781"}],"version-history":[{"count":10,"href":"https:\/\/wp.ufpel.edu.br\/odontologia\/wp-json\/wp\/v2\/pages\/781\/revisions"}],"predecessor-version":[{"id":2096,"href":"https:\/\/wp.ufpel.edu.br\/odontologia\/wp-json\/wp\/v2\/pages\/781\/revisions\/2096"}],"wp:attachment":[{"href":"https:\/\/wp.ufpel.edu.br\/odontologia\/wp-json\/wp\/v2\/media?parent=781"}],"curies":[{"name":"wp","href":"https:\/\/api.w.org\/{rel}","templated":true}]}}