{"id":678,"date":"2017-03-30T12:23:56","date_gmt":"2017-03-30T15:23:56","guid":{"rendered":"https:\/\/wp.ufpel.edu.br\/odontologia\/?page_id=678"},"modified":"2022-05-20T08:51:16","modified_gmt":"2022-05-20T11:51:16","slug":"laboratorios","status":"publish","type":"page","link":"https:\/\/wp.ufpel.edu.br\/odontologia\/institucional\/laboratorios\/","title":{"rendered":"Laborat\u00f3rios"},"content":{"rendered":"<div id=\"pl-678\"  class=\"panel-layout\" ><div id=\"pg-678-0\"  class=\"panel-grid panel-no-style\" ><div id=\"pgc-678-0-0\"  class=\"panel-grid-cell\" ><div id=\"panel-678-0-0-0\" class=\"so-panel widget widget_sow-editor panel-first-child panel-last-child\" data-index=\"0\" ><div\n\t\t\t\n\t\t\tclass=\"so-widget-sow-editor so-widget-sow-editor-base\"\n\t\t\t\n\t\t>\n<div class=\"siteorigin-widget-tinymce textwidget\">\n\t<p style=\"text-align: center;\"><span style=\"font-size: 18pt; color: #800000;\"><strong>LABORAT\u00d3RIOS<\/strong><\/span><\/p>\n<p><span style=\"font-size: 14pt;\">A Faculdade de Odontologia da UFPEl conta com diversos laborat\u00f3rios em sua infraestrutura.<\/span><\/p>\n<p><span style=\"font-size: 14pt;\">Clicando nos links abaixo voc\u00ea pode conhecer um pouco sobre cada um deles:<\/span><\/p>\n<ul>\n<li><span style=\"font-size: 14pt;\">Laborat\u00f3rio de Audiovisual<\/span><\/li>\n<li><span style=\"font-size: 14pt;\"><a href=\"https:\/\/wp.ufpel.edu.br\/odontologia\/institucional\/laboratorios\/813-2\/\">Laborat\u00f3rio de Epidemiologia Bucal (EPIBUCAL)<\/a><\/span><\/li>\n<li><span style=\"font-size: 14pt;\"><a href=\"https:\/\/wp.ufpel.edu.br\/odontologia\/institucional\/laboratorios\/centro-de-desenvolvimento-e-controle-de-biomateriais-cdc-bio\/\">Centro de Desenvolvimento e Controle de Biomateriais (CDC-Bio)<\/a><\/span><\/li>\n<li><span style=\"font-size: 14pt;\"><a href=\"https:\/\/wp.ufpel.edu.br\/odontologia\/institucional\/laboratorios\/microbiologia-oral\/\">Laborat\u00f3rio de Microbiologia Oral<\/a><\/span><\/li>\n<li><span style=\"font-size: 14pt;\">Laborat\u00f3rio de Patologia<\/span><\/li>\n<li><span style=\"font-size: 14pt;\">Laborat\u00f3rio de Pr\u00e9-Cl\u00ednica<\/span><\/li>\n<li><span style=\"font-size: 14pt;\"><a href=\"https:\/\/wp.ufpel.edu.br\/odontologia\/institucional\/laboratorios\/nucleo-de-biologia-celular-e-tecidual-nct-bio\/\">N\u00facleo de Biologia Celular e Tecidual (NCT-Bio)<\/a><\/span><\/li>\n<\/ul>\n<\/div>\n<\/div><\/div><\/div><\/div><\/div>","protected":false},"excerpt":{"rendered":"<p>LABORAT\u00d3RIOS A Faculdade de Odontologia da UFPEl conta com diversos laborat\u00f3rios em sua infraestrutura. Clicando nos links abaixo voc\u00ea pode conhecer um pouco sobre cada um deles: Laborat\u00f3rio de Audiovisual Laborat\u00f3rio de Epidemiologia Bucal (EPIBUCAL) Centro de Desenvolvimento e Controle de Biomateriais (CDC-Bio) Laborat\u00f3rio de Microbiologia Oral Laborat\u00f3rio de Patologia Laborat\u00f3rio de Pr\u00e9-Cl\u00ednica N\u00facleo de [&hellip;]<\/p>\n","protected":false},"author":511,"featured_media":0,"parent":5,"menu_order":4,"comment_status":"closed","ping_status":"closed","template":"","meta":{"jetpack_post_was_ever_published":false,"footnotes":""},"class_list":["post-678","page","type-page","status-publish","hentry","post"],"jetpack_sharing_enabled":true,"jetpack_shortlink":"https:\/\/wp.me\/PaUn96-aW","jetpack-related-posts":[],"_links":{"self":[{"href":"https:\/\/wp.ufpel.edu.br\/odontologia\/wp-json\/wp\/v2\/pages\/678","targetHints":{"allow":["GET"]}}],"collection":[{"href":"https:\/\/wp.ufpel.edu.br\/odontologia\/wp-json\/wp\/v2\/pages"}],"about":[{"href":"https:\/\/wp.ufpel.edu.br\/odontologia\/wp-json\/wp\/v2\/types\/page"}],"author":[{"embeddable":true,"href":"https:\/\/wp.ufpel.edu.br\/odontologia\/wp-json\/wp\/v2\/users\/511"}],"replies":[{"embeddable":true,"href":"https:\/\/wp.ufpel.edu.br\/odontologia\/wp-json\/wp\/v2\/comments?post=678"}],"version-history":[{"count":7,"href":"https:\/\/wp.ufpel.edu.br\/odontologia\/wp-json\/wp\/v2\/pages\/678\/revisions"}],"predecessor-version":[{"id":2098,"href":"https:\/\/wp.ufpel.edu.br\/odontologia\/wp-json\/wp\/v2\/pages\/678\/revisions\/2098"}],"up":[{"embeddable":true,"href":"https:\/\/wp.ufpel.edu.br\/odontologia\/wp-json\/wp\/v2\/pages\/5"}],"wp:attachment":[{"href":"https:\/\/wp.ufpel.edu.br\/odontologia\/wp-json\/wp\/v2\/media?parent=678"}],"curies":[{"name":"wp","href":"https:\/\/api.w.org\/{rel}","templated":true}]}}