{"id":49,"date":"2015-04-07T11:28:31","date_gmt":"2015-04-07T14:28:31","guid":{"rendered":"https:\/\/wp.ufpel.edu.br\/odontologia\/?page_id=49"},"modified":"2023-05-22T14:28:07","modified_gmt":"2023-05-22T17:28:07","slug":"direcao","status":"publish","type":"page","link":"https:\/\/wp.ufpel.edu.br\/odontologia\/a-faculdade-de-odontologia\/direcao\/","title":{"rendered":"Dire\u00e7\u00e3o"},"content":{"rendered":"<div id=\"pl-49\"  class=\"panel-layout\" ><div id=\"pg-49-0\"  class=\"panel-grid panel-no-style\" ><div id=\"pgc-49-0-0\"  class=\"panel-grid-cell\" ><div id=\"panel-49-0-0-0\" class=\"so-panel widget widget_sow-editor panel-first-child\" data-index=\"0\" ><div\n\t\t\t\n\t\t\tclass=\"so-widget-sow-editor so-widget-sow-editor-base\"\n\t\t\t\n\t\t>\n<div class=\"siteorigin-widget-tinymce textwidget\">\n\t<p>&nbsp;<\/p>\n<p style=\"text-align: center;\"><strong><span style=\"color: #800000; font-size: 18pt; font-family: georgia, palatino, serif;\">ADMINISTRA\u00c7\u00c3O<\/span><\/strong><\/p>\n<p><strong><span style=\"color: #800000; font-size: 14pt;\">DIRE\u00c7\u00c3O<\/span><\/strong><\/p>\n<ul class=\"dados-cobalto cobalto-chefias-unidade\"><li><span class=\"cobalto-label\">Diretor<\/span><a href=\"https:\/\/institucional.ufpel.edu.br\/servidores\/id\/169930\">OTAVIO PEREIRA D AVILA<\/a><\/li><li><span class=\"cobalto-label\">Vice-Diretora<\/span><a href=\"https:\/\/institucional.ufpel.edu.br\/servidores\/id\/144320\">NATALIA MARCUMINI POLA<\/a><\/li><\/ul>\n<p>&nbsp;<\/p>\n<p><span style=\"font-size: 14pt;\"><strong><span style=\"color: #800000;\">N\u00daCLEO ADMINISTRATIVO<\/span><\/strong><\/span><\/p>\n<ul class=\"dados-cobalto cobalto-chefias-unidade\"><li><span class=\"cobalto-label\">Chefe<\/span><a href=\"https:\/\/institucional.ufpel.edu.br\/servidores\/id\/176289\">JOAO GABRIEL DIAS NUNES<\/a><\/li><\/ul>\n<p>&nbsp;<\/p>\n<p>&nbsp;<\/p>\n<hr \/>\n<p>&nbsp;<\/p>\n<\/div>\n<\/div><\/div><div id=\"panel-49-0-0-1\" class=\"so-panel widget widget_sow-editor\" data-index=\"1\" ><div\n\t\t\t\n\t\t\tclass=\"so-widget-sow-editor so-widget-sow-editor-base\"\n\t\t\t\n\t\t>\n<div class=\"siteorigin-widget-tinymce textwidget\">\n\t<p>&nbsp;<\/p>\n<p style=\"text-align: center;\"><strong><span style=\"color: #800000; font-size: 18pt; font-family: georgia, palatino, serif;\">DEPARTAMENTOS<\/span><\/strong><\/p>\n<p><span style=\"font-size: 14pt;\"><strong><span style=\"color: #800000;\">Departamento de Semiologia e Cl\u00ednica (DSC)<\/span><br \/>\n<\/strong><\/span><\/p>\n<p><span style=\"font-size: 14pt;\"><ul class=\"dados-cobalto cobalto-chefias-unidade\"><li><span class=\"cobalto-label\">Chefe de Departamento<\/span><a href=\"https:\/\/institucional.ufpel.edu.br\/servidores\/id\/34959\">FERNANDA GERALDO PAPPEN<\/a><\/li><li><span class=\"cobalto-label\">Chefe de departamento Substituto<\/span><a href=\"https:\/\/institucional.ufpel.edu.br\/servidores\/id\/2138\">KATERINE JAHNECKE PILOWNIC<\/a><\/li><\/ul><\/span><\/p>\n<p>&nbsp;<\/p>\n<p><span style=\"font-size: 14pt;\"><strong><span style=\"color: #800000;\">Departamento de Odontologia Social e Preventiva (DOSP)<\/span><br \/>\n<\/strong><\/span><\/p>\n<p><span style=\"font-size: 14pt;\"><ul class=\"dados-cobalto cobalto-chefias-unidade\"><li><span class=\"cobalto-label\">Chefe de Departamento<\/span><a href=\"https:\/\/institucional.ufpel.edu.br\/servidores\/id\/31431\">EDUARDO DICKIE DE CASTILHOS<\/a><\/li><li><span class=\"cobalto-label\">Chefe de departamento Substituto<\/span><a href=\"https:\/\/institucional.ufpel.edu.br\/servidores\/id\/36689\">CATIARA TERRA DA COSTA<\/a><\/li><\/ul><\/span><\/p>\n<p>&nbsp;<\/p>\n<p><span style=\"font-size: 14pt;\"><strong><span style=\"color: #800000;\">Departamento de Odontologia Restauradora (DOR)<\/span><br \/>\n<\/strong><\/span><\/p>\n<p><span style=\"font-size: 14pt;\"><ul class=\"dados-cobalto cobalto-chefias-unidade\"><li><span class=\"cobalto-label\">Chefe de Departamento<\/span><a href=\"https:\/\/institucional.ufpel.edu.br\/servidores\/id\/34670\">FRANCOISE HELENE VAN DE SANDE LEITE<\/a><\/li><li><span class=\"cobalto-label\">Chefe de departamento Substituto<\/span><a href=\"https:\/\/institucional.ufpel.edu.br\/servidores\/id\/12638\">KAU\u00ca FARIAS COLLARES<\/a><\/li><\/ul><\/span><\/p>\n<p>&nbsp;<\/p>\n<p><span style=\"font-size: 14pt;\"><strong><span style=\"color: #800000;\">Departamento de Cirurgia Traumatologia Pr\u00f3tese Buco-Maxilo-Facial (DCTBMF)<\/span><br \/>\n<\/strong><\/span><\/p>\n<p><span style=\"font-size: 14pt;\"><ul class=\"dados-cobalto cobalto-chefias-unidade\"><li><span class=\"cobalto-label\">Chefe de Departamento<\/span><a href=\"https:\/\/institucional.ufpel.edu.br\/servidores\/id\/33705\">CRISTINA BRAGA XAVIER<\/a><\/li><li><span class=\"cobalto-label\">Chefe de departamento Substituto<\/span><a href=\"https:\/\/institucional.ufpel.edu.br\/servidores\/id\/34140\">LETICIA KIRST POST<\/a><\/li><\/ul><\/span><\/p>\n<\/div>\n<\/div><\/div><div id=\"panel-49-0-0-2\" class=\"so-panel widget widget_sow-editor panel-last-child\" data-index=\"2\" ><div\n\t\t\t\n\t\t\tclass=\"so-widget-sow-editor so-widget-sow-editor-base\"\n\t\t\t\n\t\t>\n<div class=\"siteorigin-widget-tinymce textwidget\">\n\t<p>&nbsp;<\/p>\n<p style=\"text-align: center;\"><strong><span style=\"color: #800000; font-size: 18pt; font-family: georgia, palatino, serif;\">Membros de Comiss\u00f5es institu\u00eddas por portaria - FO\/UFPel<\/span><\/strong><\/p>\n\n<!-- iframe plugin v.6.0 wordpress.org\/plugins\/iframe\/ -->\n<iframe loading=\"lazy\" src=\"https:\/\/docs.google.com\/spreadsheets\/d\/e\/2PACX-1vQTqirxWNdT1EISs3PRh_wNXE-9yv09ZguR2NHur6ksF7bgpL6JzSDWwDwNKaLng1ePZ9Uh_R1MSa1d\/pubhtml?gid=0&#038;amp;single=true&#038;amp;widget=true&#038;amp;headers=false\" width=\"100%\" height=\"500\" scrolling=\"yes\" class=\"iframe-class\" frameborder=\"0\"><\/iframe>\n\n<\/div>\n<\/div><\/div><\/div><\/div><\/div>","protected":false},"excerpt":{"rendered":"<p>&nbsp; ADMINISTRA\u00c7\u00c3O DIRE\u00c7\u00c3O &nbsp; N\u00daCLEO ADMINISTRATIVO &nbsp; &nbsp; &nbsp; &nbsp; DEPARTAMENTOS Departamento de Semiologia e Cl\u00ednica (DSC) &nbsp; Departamento de Odontologia Social e Preventiva (DOSP) &nbsp; Departamento de Odontologia Restauradora (DOR) &nbsp; Departamento de Cirurgia Traumatologia Pr\u00f3tese Buco-Maxilo-Facial (DCTBMF) &nbsp; Membros de Comiss\u00f5es institu\u00eddas por portaria &#8211; FO\/UFPel<\/p>\n","protected":false},"author":511,"featured_media":0,"parent":29,"menu_order":1,"comment_status":"closed","ping_status":"closed","template":"","meta":{"jetpack_post_was_ever_published":false,"footnotes":""},"class_list":["post-49","page","type-page","status-publish","hentry","post"],"jetpack_sharing_enabled":true,"jetpack_shortlink":"https:\/\/wp.me\/PaUn96-N","jetpack-related-posts":[],"_links":{"self":[{"href":"https:\/\/wp.ufpel.edu.br\/odontologia\/wp-json\/wp\/v2\/pages\/49","targetHints":{"allow":["GET"]}}],"collection":[{"href":"https:\/\/wp.ufpel.edu.br\/odontologia\/wp-json\/wp\/v2\/pages"}],"about":[{"href":"https:\/\/wp.ufpel.edu.br\/odontologia\/wp-json\/wp\/v2\/types\/page"}],"author":[{"embeddable":true,"href":"https:\/\/wp.ufpel.edu.br\/odontologia\/wp-json\/wp\/v2\/users\/511"}],"replies":[{"embeddable":true,"href":"https:\/\/wp.ufpel.edu.br\/odontologia\/wp-json\/wp\/v2\/comments?post=49"}],"version-history":[{"count":14,"href":"https:\/\/wp.ufpel.edu.br\/odontologia\/wp-json\/wp\/v2\/pages\/49\/revisions"}],"predecessor-version":[{"id":2787,"href":"https:\/\/wp.ufpel.edu.br\/odontologia\/wp-json\/wp\/v2\/pages\/49\/revisions\/2787"}],"up":[{"embeddable":true,"href":"https:\/\/wp.ufpel.edu.br\/odontologia\/wp-json\/wp\/v2\/pages\/29"}],"wp:attachment":[{"href":"https:\/\/wp.ufpel.edu.br\/odontologia\/wp-json\/wp\/v2\/media?parent=49"}],"curies":[{"name":"wp","href":"https:\/\/api.w.org\/{rel}","templated":true}]}}